{"id":17613,"date":"2024-06-29T23:37:19","date_gmt":"2024-06-29T15:37:19","guid":{"rendered":"https:\/\/www.vapeswholesaler.com\/?post_type=product&#038;p=17613"},"modified":"2025-02-26T12:49:40","modified_gmt":"2025-02-26T04:49:40","slug":"mayorista-poco-bl-original-10000-puffs-vape-desechable","status":"publish","type":"product","link":"https:\/\/www.vapeswholesaler.com\/es\/producto\/mayorista-poco-bl-original-10000-puffs-vape-desechable","title":{"rendered":"Mayorista Original POCO BL 10000 Puffs Vape desechable"},"content":{"rendered":"<p>POCO BL 10000 PUFFS, que es uno de los mayores cigarrillos electr\u00f3nicos en el mundo. muy adecuado para los principiantes y los fumadores empedernidos. POCO BL 10000 PUFFS equipo tiene una bobina de malla, pre-llenado de l\u00edquido electr\u00f3nico de alta calidad que se puede utilizar para 10000 veces.<\/p>\n<p>POCO BL 10000 PUFFS puede proporcionar 10000 caladas. Bater\u00eda recargable de 650 mAh y una concentraci\u00f3n de nicotina sal 2% 5%, por lo que es perfecto para los fumadores experimentados.<\/p>\n<h2><strong><a href=\"https:\/\/www.vapeswholesaler.com\/es\/marca_producto\/poco\/\">POCO<\/a> BL 10000 PUFFS Caracter\u00edsticas:<\/strong><\/h2>\n<ol>\n<li>2% 5% Sal de nicotina.<\/li>\n<li>20ML de E-l\u00edquido.<\/li>\n<li>10000 inhalaciones por dispositivo.<\/li>\n<li>Luz RGB de 6 colores<\/li>\n<li>650 mAh Recargable<\/li>\n<li>15 sabores disponibles.<\/li>\n<\/ol>\n<h2><strong>Sabores:<\/strong><\/h2>\n<ol>\n<li>Mango Naranja Pomelo<\/li>\n<li>Caramelo blando de melocot\u00f3n y mora<\/li>\n<li>Menta fresca<\/li>\n<li>Aloe Uva<\/li>\n<li>Fresa Mango<\/li>\n<li>Fruta de la pasi\u00f3n Kiwi Guayaba<\/li>\n<li>Sand\u00eda con fresa<\/li>\n<li>Manzana Melocot\u00f3n<\/li>\n<li>Buleberry Frambuesa<\/li>\n<li>Gaseosa de uva y grosella negra<\/li>\n<li>Fresa Kiwi<\/li>\n<li>Cola de ar\u00e1ndanos y cerezas<\/li>\n<li>Black ice fruta del drag\u00f3n fresa<\/li>\n<li>Sand\u00eda con frambuesa<\/li>\n<li>Fresa pl\u00e1tano<\/li>\n<\/ol>\n<h2>Lista de embalaje:<\/h2>\n<p>10 unidades en caja expositora.<br \/>\n200 unidades por caja.<\/p>\n<p><img loading=\"lazy\" decoding=\"async\" class=\"alignnone wp-image-17612 size-full\" title=\"Mayorista Original POCO BL 10000 Puffs Vape desechable\" src=\"https:\/\/www.vapeswholesaler.com\/wp-content\/uploads\/2024\/06\/Wholesale-Original-POCO-BL-10000-Puffs-disposable-Vape-scaled.webp\" alt=\"Mayorista Original POCO BL 10000 Puffs Vape desechable\" width=\"1380\" height=\"2560\" srcset=\"https:\/\/www.vapeswholesaler.com\/wp-content\/uploads\/2024\/06\/Wholesale-Original-POCO-BL-10000-Puffs-disposable-Vape-scaled.webp 1380w, https:\/\/www.vapeswholesaler.com\/wp-content\/uploads\/2024\/06\/Wholesale-Original-POCO-BL-10000-Puffs-disposable-Vape-162x300.webp 162w, https:\/\/www.vapeswholesaler.com\/wp-content\/uploads\/2024\/06\/Wholesale-Original-POCO-BL-10000-Puffs-disposable-Vape-552x1024.webp 552w, https:\/\/www.vapeswholesaler.com\/wp-content\/uploads\/2024\/06\/Wholesale-Original-POCO-BL-10000-Puffs-disposable-Vape-768x1424.webp 768w, https:\/\/www.vapeswholesaler.com\/wp-content\/uploads\/2024\/06\/Wholesale-Original-POCO-BL-10000-Puffs-disposable-Vape-828x1536.webp 828w, https:\/\/www.vapeswholesaler.com\/wp-content\/uploads\/2024\/06\/Wholesale-Original-POCO-BL-10000-Puffs-disposable-Vape-1104x2048.webp 1104w, https:\/\/www.vapeswholesaler.com\/wp-content\/uploads\/2024\/06\/Wholesale-Original-POCO-BL-10000-Puffs-disposable-Vape-6x12.webp 6w, https:\/\/www.vapeswholesaler.com\/wp-content\/uploads\/2024\/06\/Wholesale-Original-POCO-BL-10000-Puffs-disposable-Vape-510x946.webp 510w\" sizes=\"auto, (max-width: 1380px) 100vw, 1380px\" \/><\/p>","protected":false},"excerpt":{"rendered":"<p>Cantidad m\u00ednima de pedido: <strong>100 UNIDADES<\/strong>\u00a0(Mezcla de sabores)\u00a0\u00a0<strong>Env\u00edo gratuito<\/strong><\/p>\n<p>(<strong>2%, 5% Nic<\/strong>) Almac\u00e9n UE Plazo de env\u00edo 5-6 d\u00edas laborables<\/p>","protected":false},"featured_media":17592,"comment_status":"open","ping_status":"closed","template":"","meta":[],"product_cat":[15],"product_tag":[],"class_list":{"0":"post-17613","1":"product","2":"type-product","3":"status-publish","4":"has-post-thumbnail","6":"product_cat-disposable-vape","7":"product_brand-poco","9":"first","10":"instock","11":"shipping-taxable","12":"purchasable","13":"product-type-variable","14":"has-default-attributes"},"aioseo_notices":[],"_links":{"self":[{"href":"https:\/\/www.vapeswholesaler.com\/es\/wp-json\/wp\/v2\/product\/17613","targetHints":{"allow":["GET"]}}],"collection":[{"href":"https:\/\/www.vapeswholesaler.com\/es\/wp-json\/wp\/v2\/product"}],"about":[{"href":"https:\/\/www.vapeswholesaler.com\/es\/wp-json\/wp\/v2\/types\/product"}],"replies":[{"embeddable":true,"href":"https:\/\/www.vapeswholesaler.com\/es\/wp-json\/wp\/v2\/comments?post=17613"}],"wp:featuredmedia":[{"embeddable":true,"href":"https:\/\/www.vapeswholesaler.com\/es\/wp-json\/wp\/v2\/media\/17592"}],"wp:attachment":[{"href":"https:\/\/www.vapeswholesaler.com\/es\/wp-json\/wp\/v2\/media?parent=17613"}],"wp:term":[{"taxonomy":"product_cat","embeddable":true,"href":"https:\/\/www.vapeswholesaler.com\/es\/wp-json\/wp\/v2\/product_cat?post=17613"},{"taxonomy":"product_tag","embeddable":true,"href":"https:\/\/www.vapeswholesaler.com\/es\/wp-json\/wp\/v2\/product_tag?post=17613"}],"curies":[{"name":"wp","href":"https:\/\/api.w.org\/{rel}","templated":true}]}}