{"id":17449,"date":"2024-06-28T17:38:15","date_gmt":"2024-06-28T09:38:15","guid":{"rendered":"https:\/\/www.vapeswholesaler.com\/?post_type=product&#038;p=17449"},"modified":"2025-11-10T18:15:27","modified_gmt":"2025-11-10T10:15:27","slug":"mayorista-bang-pulse-18000-bocanadas-vape-desechable","status":"publish","type":"product","link":"https:\/\/www.vapeswholesaler.com\/es\/producto\/mayorista-bang-pulse-18000-bocanadas-vape-desechable","title":{"rendered":"Mayorista Bang Pulse 18000 Puffs Vape desechable"},"content":{"rendered":"<p><a href=\"https:\/\/www.vapeswholesaler.com\/es\/marca_producto\/bang\/\">Bang<\/a> Pulse 18000 Puffs Led Display E-Cigarrillos desechables, un dispositivo de alto rendimiento dise\u00f1ado para vapers que buscan calidad y comodidad. Con una impresionante capacidad de 18000 caladas, este cigarrillo electr\u00f3nico desechable garantiza un disfrute prolongado sin reemplazos frecuentes.<\/p>\n<p>Nuestro producto con una avanzada bobina de malla de 1,0 ohmios, cada calada proporciona un vapor suave y sabroso. La generosa capacidad de 26 ml de e-l\u00edquido permite sesiones de vapeo prolongadas, d\u00e1ndole una amplia oportunidad de saborear sus sabores favoritos.<\/p>\n<p>La pantalla LED integrada proporciona informaci\u00f3n en tiempo real sobre los ajustes de vapeo y la duraci\u00f3n de la bater\u00eda, garantizando una experiencia de vapeo fluida e informada. Con un peso de unos 100 g, este cigarrillo electr\u00f3nico es ligero y port\u00e1til, por lo que es perfecto para vapear durante el viaje.<\/p>\n<p>Experimente este cigarrillo electr\u00f3nico desechable con pantalla LED y eleve su viaje de vapeo con su excepcional rendimiento, comodidad y caracter\u00edsticas personalizables. Disfrute de la combinaci\u00f3n perfecta de tecnolog\u00eda y sabor con este innovador cigarrillo electr\u00f3nico desechable.<\/p>\n<h2><strong><a href=\"https:\/\/www.facebook.com\/fred.luo.58\/\">Bang<\/a> Pulse 18000 Puffs Caracter\u00edsticas:<\/strong><\/h2>\n<ul>\n<li>Puffs: HASTA 18000 Puffs<\/li>\n<li>L\u00edquido: 26 ml precargado<\/li>\n<li>Nicotina: 0% 2% 3% 5%<\/li>\n<li>N\u00facleo: Bobina de malla 1.0 ohm<\/li>\n<li>Bater\u00eda: 650 mAh<\/li>\n<li>Recargable tipo-c<\/li>\n<li>Forma de entrega: DHL<\/li>\n<\/ul>\n<h2><strong>Sabores:<\/strong><\/h2>\n<ol>\n<li>Hielo Razz Azul<\/li>\n<li>Bomba de cereza<\/li>\n<li>Hielo de uva<\/li>\n<li>Helado de melocot\u00f3n jugoso<\/li>\n<li>Melocot\u00f3n Mango<\/li>\n<li>Hielo de manzana \u00e1cida<\/li>\n<li>Fresa Pl\u00e1tano<\/li>\n<li>Fresa Mango<\/li>\n<li>Sand\u00eda con fresa<\/li>\n<li>Hielo triple de bayas<\/li>\n<li>Frutas tropicales<\/li>\n<li>Hielo de sand\u00eda<\/li>\n<\/ol>\n<h2><strong>Lista de embalaje:<\/strong><\/h2>\n<p>1unidad cada caja peque\u00f1a<br \/>\n5 unidades cada caja central<br \/>\n200 unidades por caja<\/p>\n<figure id=\"attachment_17485\" aria-describedby=\"caption-attachment-17485\" style=\"width: 800px\" class=\"wp-caption alignnone\"><img loading=\"lazy\" decoding=\"async\" class=\"wp-image-17485 size-full\" title=\"Mayorista Bank Pulse 18000 Puffs desechables Vape Packing\" src=\"https:\/\/www.vapeswholesaler.com\/wp-content\/uploads\/2024\/06\/Wholesale-Bank-Pulse-18000-Puffs-disposable-Vape-Packing.jpg\" alt=\"Mayorista Bank Pulse 18000 Puffs desechables Vape Packing\" width=\"800\" height=\"481\" srcset=\"https:\/\/www.vapeswholesaler.com\/wp-content\/uploads\/2024\/06\/Wholesale-Bank-Pulse-18000-Puffs-disposable-Vape-Packing.jpg 800w, https:\/\/www.vapeswholesaler.com\/wp-content\/uploads\/2024\/06\/Wholesale-Bank-Pulse-18000-Puffs-disposable-Vape-Packing-300x180.jpg 300w, https:\/\/www.vapeswholesaler.com\/wp-content\/uploads\/2024\/06\/Wholesale-Bank-Pulse-18000-Puffs-disposable-Vape-Packing-768x462.jpg 768w, https:\/\/www.vapeswholesaler.com\/wp-content\/uploads\/2024\/06\/Wholesale-Bank-Pulse-18000-Puffs-disposable-Vape-Packing-18x12.jpg 18w, https:\/\/www.vapeswholesaler.com\/wp-content\/uploads\/2024\/06\/Wholesale-Bank-Pulse-18000-Puffs-disposable-Vape-Packing-510x307.jpg 510w\" sizes=\"auto, (max-width: 800px) 100vw, 800px\" \/><figcaption id=\"caption-attachment-17485\" class=\"wp-caption-text\">Mayorista Banco Pulse 18000 Puffs Vape desechable<\/figcaption><\/figure>","protected":false},"excerpt":{"rendered":"<p>Cantidad m\u00ednima de pedido:\u00a0<strong>50 unidades<\/strong>\u00a0(Mezcla de sabores)\u00a0\u00a0<strong>Env\u00edo gratuito<\/strong><\/p>\n<p>(<strong>0%,2%, 3%, 5% Nic<\/strong>)<\/p>","protected":false},"featured_media":17453,"comment_status":"open","ping_status":"closed","template":"","meta":[],"product_cat":[15],"product_tag":[],"class_list":{"0":"post-17449","1":"product","2":"type-product","3":"status-publish","4":"has-post-thumbnail","6":"product_cat-disposable-vape","7":"product_brand-bang","9":"first","10":"outofstock","11":"shipping-taxable","12":"purchasable","13":"product-type-variable","14":"has-default-attributes"},"aioseo_notices":[],"_links":{"self":[{"href":"https:\/\/www.vapeswholesaler.com\/es\/wp-json\/wp\/v2\/product\/17449","targetHints":{"allow":["GET"]}}],"collection":[{"href":"https:\/\/www.vapeswholesaler.com\/es\/wp-json\/wp\/v2\/product"}],"about":[{"href":"https:\/\/www.vapeswholesaler.com\/es\/wp-json\/wp\/v2\/types\/product"}],"replies":[{"embeddable":true,"href":"https:\/\/www.vapeswholesaler.com\/es\/wp-json\/wp\/v2\/comments?post=17449"}],"wp:featuredmedia":[{"embeddable":true,"href":"https:\/\/www.vapeswholesaler.com\/es\/wp-json\/wp\/v2\/media\/17453"}],"wp:attachment":[{"href":"https:\/\/www.vapeswholesaler.com\/es\/wp-json\/wp\/v2\/media?parent=17449"}],"wp:term":[{"taxonomy":"product_cat","embeddable":true,"href":"https:\/\/www.vapeswholesaler.com\/es\/wp-json\/wp\/v2\/product_cat?post=17449"},{"taxonomy":"product_tag","embeddable":true,"href":"https:\/\/www.vapeswholesaler.com\/es\/wp-json\/wp\/v2\/product_tag?post=17449"}],"curies":[{"name":"wp","href":"https:\/\/api.w.org\/{rel}","templated":true}]}}