{"id":17290,"date":"2024-06-27T13:53:28","date_gmt":"2024-06-27T05:53:28","guid":{"rendered":"https:\/\/www.vapeswholesaler.com\/?post_type=product&#038;p=17290"},"modified":"2025-11-10T18:15:21","modified_gmt":"2025-11-10T10:15:21","slug":"mayorista-yuoto-digi-15000-puffs-vape-desechable","status":"publish","type":"product","link":"https:\/\/www.vapeswholesaler.com\/es\/producto\/mayorista-yuoto-digi-15000-puffs-vape-desechable","title":{"rendered":"Mayorista Yuoto DIGI 15000 Puffs vape desechable"},"content":{"rendered":"<p>Yuoto DIGI 15000 Puffs es un nuevo vapeador desechable con pantalla digital LCD, tambi\u00e9n es un dispositivo de primer nivel dise\u00f1ado para una experiencia de vapeo excepcional. Viene con 20 ml de eliquid y doble bobina Mesh Coil 0.6\/1.2ohm, elija entre 0%\/2%\/5% concentraci\u00f3n de nicotina para adaptarse a sus preferencias y necesidades personales. con un impresionante 16000 caladas, este vape desechable ofrece una longevidad y comodidad sin igual.<\/p>\n<p>Yuoto DIGI 15000 Puffsis alimentado por una bater\u00eda fiable de 850mAh, este dispositivo garantiza un rendimiento constante durante toda su vida \u00fatil. La funci\u00f3n de recarga Tipo-C asegura una carga r\u00e1pida y eficiente, minimizando el tiempo de inactividad. Una avanzada pantalla digital LCD le mantiene informado de la duraci\u00f3n de la bater\u00eda y los niveles de e-l\u00edquido, proporcionando una experiencia fluida y f\u00e1cil de usar.<\/p>\n<p>Yuoto DIGI 15000 Puffsis Vape Desechable est\u00e1 dise\u00f1ado tanto para principiantes como para vapers experimentados, combinando alta capacidad, facilidad de uso y tecnolog\u00eda avanzada. Su excepcional entrega de sabor y su dise\u00f1o f\u00e1cil de usar lo convierten en una opci\u00f3n de primera calidad en el mercado del vapeo.<\/p>\n<h2><strong><a href=\"https:\/\/www.vapeswholesaler.com\/es\/marca_producto\/yuoto\/\">Yuoto<\/a> DIGI 15000 Features:<\/strong><\/h2>\n<ul>\n<li>Bocanadas:15000 bocanadas<\/li>\n<li>Nicotine:0%\/2%\/5%<\/li>\n<li>Tama\u00f1o :31.6*117mm<\/li>\n<li>Bater\u00eda:850mAh<\/li>\n<li>Bobina Dual Mesh\uff1a0.6\/1.2ohm<\/li>\n<li>Recargable<\/li>\n<li>Nivel de combustible de la bater\u00eda Ul<\/li>\n<\/ul>\n<h2><strong>Sabores:<\/strong><\/h2>\n<ol>\n<li>Sand\u00eda lce<\/li>\n<li>Hielo de fresa y sand\u00eda<\/li>\n<li>Sand\u00eda Melocot\u00f3n \u00e1cido<\/li>\n<li>Caramelos de sand\u00eda \u00e1cida<\/li>\n<li>Helado de fresa y melocot\u00f3n<\/li>\n<li>Sand\u00eda con ar\u00e1ndanos<\/li>\n<li>Bebida energ\u00e9tica<\/li>\n<li>Pl\u00e1tano lce<\/li>\n<li>Gomitas de melocot\u00f3n<\/li>\n<li>Fruta de la pasi\u00f3n<\/li>\n<li>Coca-Cola Ice<\/li>\n<li>Mel\u00f3n de coco<\/li>\n<li>Fresa Kiwi hielo<\/li>\n<li>Hielo de uva<\/li>\n<li>Hookah de uva<\/li>\n<li>Hookah de vainilla<\/li>\n<li>Menta lce<\/li>\n<li>Manzana doble<\/li>\n<li>Ar\u00e1ndano Frambuesa<\/li>\n<li>Hielo de ar\u00e1ndanos<\/li>\n<li>Hookah de ar\u00e1ndanos<\/li>\n<li>Mango Ice<\/li>\n<li>Hookah doble manzana<\/li>\n<\/ol>\n<h2><strong>Lista de embalaje:<\/strong><\/h2>\n<p>1ud\/105 g<br \/>\n10 unidades\/paquete<br \/>\n1 envase\/1085 g<br \/>\n200pcs\/cart\u00f3n<br \/>\n22,2 kg\/caja<br \/>\nTama\u00f1o de la caja:40*36.4*33CM<\/p>\n<p>&nbsp;<\/p>\n<p><img loading=\"lazy\" decoding=\"async\" class=\"wp-image-17263 size-full\" title=\"Mayorista Yuoto DIGI 15000 Puffs vape desechable 1\" src=\"https:\/\/www.vapeswholesaler.com\/wp-content\/uploads\/2024\/06\/Wholesale-Yuoto-DIGI-15000-Puffs-disposable-vape-1.webp\" alt=\"Mayorista Yuoto DIGI 15000 Puffs vape desechable 1\" width=\"800\" height=\"531\" srcset=\"https:\/\/www.vapeswholesaler.com\/wp-content\/uploads\/2024\/06\/Wholesale-Yuoto-DIGI-15000-Puffs-disposable-vape-1.webp 800w, https:\/\/www.vapeswholesaler.com\/wp-content\/uploads\/2024\/06\/Wholesale-Yuoto-DIGI-15000-Puffs-disposable-vape-1-300x199.webp 300w, https:\/\/www.vapeswholesaler.com\/wp-content\/uploads\/2024\/06\/Wholesale-Yuoto-DIGI-15000-Puffs-disposable-vape-1-768x510.webp 768w, https:\/\/www.vapeswholesaler.com\/wp-content\/uploads\/2024\/06\/Wholesale-Yuoto-DIGI-15000-Puffs-disposable-vape-1-18x12.webp 18w, https:\/\/www.vapeswholesaler.com\/wp-content\/uploads\/2024\/06\/Wholesale-Yuoto-DIGI-15000-Puffs-disposable-vape-1-510x339.webp 510w\" sizes=\"auto, (max-width: 800px) 100vw, 800px\" \/><\/p>\n<p><img loading=\"lazy\" decoding=\"async\" class=\"alignnone wp-image-17265 size-full\" title=\"Mayorista Yuoto DIGI 15000 Puffs vape desechable 3\" src=\"https:\/\/www.vapeswholesaler.com\/wp-content\/uploads\/2024\/06\/Wholesale-Yuoto-DIGI-15000-Puffs-disposable-vape-3.webp\" alt=\"Mayorista Yuoto DIGI 15000 Puffs vape desechable 3\" width=\"800\" height=\"450\" srcset=\"https:\/\/www.vapeswholesaler.com\/wp-content\/uploads\/2024\/06\/Wholesale-Yuoto-DIGI-15000-Puffs-disposable-vape-3.webp 800w, https:\/\/www.vapeswholesaler.com\/wp-content\/uploads\/2024\/06\/Wholesale-Yuoto-DIGI-15000-Puffs-disposable-vape-3-300x169.webp 300w, https:\/\/www.vapeswholesaler.com\/wp-content\/uploads\/2024\/06\/Wholesale-Yuoto-DIGI-15000-Puffs-disposable-vape-3-768x432.webp 768w, https:\/\/www.vapeswholesaler.com\/wp-content\/uploads\/2024\/06\/Wholesale-Yuoto-DIGI-15000-Puffs-disposable-vape-3-18x10.webp 18w, https:\/\/www.vapeswholesaler.com\/wp-content\/uploads\/2024\/06\/Wholesale-Yuoto-DIGI-15000-Puffs-disposable-vape-3-510x287.webp 510w\" sizes=\"auto, (max-width: 800px) 100vw, 800px\" \/><\/p>\n<figure id=\"attachment_17264\" aria-describedby=\"caption-attachment-17264\" style=\"width: 800px\" class=\"wp-caption alignnone\"><img loading=\"lazy\" decoding=\"async\" class=\"wp-image-17264 size-full\" title=\"Mayorista Yuoto DIGI 15000 Puffs vape desechable 2\" src=\"https:\/\/www.vapeswholesaler.com\/wp-content\/uploads\/2024\/06\/Wholesale-Yuoto-DIGI-15000-Puffs-disposable-vape-2.webp\" alt=\"Mayorista Yuoto DIGI 15000 Puffs vape desechable 2\" width=\"800\" height=\"450\" srcset=\"https:\/\/www.vapeswholesaler.com\/wp-content\/uploads\/2024\/06\/Wholesale-Yuoto-DIGI-15000-Puffs-disposable-vape-2.webp 800w, https:\/\/www.vapeswholesaler.com\/wp-content\/uploads\/2024\/06\/Wholesale-Yuoto-DIGI-15000-Puffs-disposable-vape-2-300x169.webp 300w, https:\/\/www.vapeswholesaler.com\/wp-content\/uploads\/2024\/06\/Wholesale-Yuoto-DIGI-15000-Puffs-disposable-vape-2-768x432.webp 768w, https:\/\/www.vapeswholesaler.com\/wp-content\/uploads\/2024\/06\/Wholesale-Yuoto-DIGI-15000-Puffs-disposable-vape-2-18x10.webp 18w, https:\/\/www.vapeswholesaler.com\/wp-content\/uploads\/2024\/06\/Wholesale-Yuoto-DIGI-15000-Puffs-disposable-vape-2-510x287.webp 510w\" sizes=\"auto, (max-width: 800px) 100vw, 800px\" \/><figcaption id=\"caption-attachment-17264\" class=\"wp-caption-text\">Mayorista Yuoto DIGI 15000 Puffs vape desechable<\/figcaption><\/figure>","protected":false},"excerpt":{"rendered":"<p>Cantidad m\u00ednima de pedido:\u00a0<strong>50PCS<\/strong>\u00a0(Mezcla de sabores)\u00a0\u00a0<strong>Env\u00edo gratuito<\/strong><\/p>\n<p>(<strong>2%, 5% Nic<\/strong>)<\/p>","protected":false},"featured_media":17289,"comment_status":"open","ping_status":"closed","template":"","meta":[],"product_cat":[15],"product_tag":[],"class_list":{"0":"post-17290","1":"product","2":"type-product","3":"status-publish","4":"has-post-thumbnail","6":"product_cat-disposable-vape","7":"product_brand-yuoto","9":"first","10":"instock","11":"shipping-taxable","12":"purchasable","13":"product-type-variable","14":"has-default-attributes"},"aioseo_notices":[],"_links":{"self":[{"href":"https:\/\/www.vapeswholesaler.com\/es\/wp-json\/wp\/v2\/product\/17290","targetHints":{"allow":["GET"]}}],"collection":[{"href":"https:\/\/www.vapeswholesaler.com\/es\/wp-json\/wp\/v2\/product"}],"about":[{"href":"https:\/\/www.vapeswholesaler.com\/es\/wp-json\/wp\/v2\/types\/product"}],"replies":[{"embeddable":true,"href":"https:\/\/www.vapeswholesaler.com\/es\/wp-json\/wp\/v2\/comments?post=17290"}],"wp:featuredmedia":[{"embeddable":true,"href":"https:\/\/www.vapeswholesaler.com\/es\/wp-json\/wp\/v2\/media\/17289"}],"wp:attachment":[{"href":"https:\/\/www.vapeswholesaler.com\/es\/wp-json\/wp\/v2\/media?parent=17290"}],"wp:term":[{"taxonomy":"product_cat","embeddable":true,"href":"https:\/\/www.vapeswholesaler.com\/es\/wp-json\/wp\/v2\/product_cat?post=17290"},{"taxonomy":"product_tag","embeddable":true,"href":"https:\/\/www.vapeswholesaler.com\/es\/wp-json\/wp\/v2\/product_tag?post=17290"}],"curies":[{"name":"wp","href":"https:\/\/api.w.org\/{rel}","templated":true}]}}