{"id":17247,"date":"2024-06-27T11:41:13","date_gmt":"2024-06-27T03:41:13","guid":{"rendered":"https:\/\/www.vapeswholesaler.com\/?post_type=product&#038;p=17247"},"modified":"2025-11-10T18:15:19","modified_gmt":"2025-11-10T10:15:19","slug":"mayorista-yuoto-explorer-16000-puffs-vape-desechable","status":"publish","type":"product","link":"https:\/\/www.vapeswholesaler.com\/es\/producto\/mayorista-yuoto-explorer-16000-puffs-vape-desechable","title":{"rendered":"Mayorista Yuoto Explorer 16000 Puffs vape desechable"},"content":{"rendered":"<p>Yuoto Explorer 16000 puffs es un nuevo vapeador desechable con pantalla de tres lados, tambi\u00e9n es un dispositivo de primer nivel dise\u00f1ado para una experiencia de vapeo excepcional. Viene con 18ml de eliquid y bobina de 0.5ohm, elija entre 0%\/2%\/5% concentraci\u00f3n de nicotina para adaptarse a sus preferencias y necesidades personales. con un impresionante 16000 caladas, este vape desechable ofrece una longevidad y comodidad sin igual.<\/p>\n<p>Yuoto Explorer 16000 caladas alimentado por una bater\u00eda fiable de 760mAh, este dispositivo garantiza un rendimiento constante durante toda su vida \u00fatil. La funci\u00f3n de recarga Type-C asegura una carga r\u00e1pida y eficiente, minimizando el tiempo de inactividad. Una avanzada pantalla de tres lados le mantiene informado de la duraci\u00f3n de la bater\u00eda y los niveles de e-l\u00edquido, proporcionando una experiencia fluida y f\u00e1cil de usar.<\/p>\n<p>Yuoto Explorer 16000 caladas Vape desechable est\u00e1 dise\u00f1ado tanto para principiantes como para vapers experimentados, combinando alta capacidad, facilidad de uso y tecnolog\u00eda avanzada. Su excepcional entrega de sabor y su dise\u00f1o f\u00e1cil de usar lo convierten en una opci\u00f3n de primera calidad en el mercado del vapeo.<\/p>\n<h2><strong><a href=\"https:\/\/www.vapeswholesaler.com\/es\/marca_producto\/yuoto\/\">Yuoto<\/a> Explorer 16000 Puffs Caracter\u00edsticas:<\/strong><\/h2>\n<ul>\n<li>Bocanadas:16000 bocanadas<\/li>\n<li>Nicotine:0%\/2%\/5%<\/li>\n<li>Capacidad:18 ml<\/li>\n<li>Tama\u00f1o:103,5 x48,1\u00d725,4 mm<\/li>\n<li>Bater\u00eda:760mAh<\/li>\n<li>Refuerzo de malla doble :0,5\u03a9<\/li>\n<li>Recargable<\/li>\n<li>Flujo de aire ajustable<\/li>\n<li>Pantalla trilateral<\/li>\n<\/ul>\n<h2><strong>Lista de sabores:<\/strong><\/h2>\n<ol>\n<li>Coca-Cola Ice<\/li>\n<li>Fruta de la pasi\u00f3n lce<\/li>\n<li>Hookah Doble Manzana<\/li>\n<li>Menta lce<\/li>\n<li>Bebida energ\u00e9tica lce<\/li>\n<li>Sand\u00eda Melocot\u00f3n \u00e1cido<\/li>\n<li>Sand\u00eda con fresa<\/li>\n<li>Doble manzana lce<\/li>\n<li>Mango lce<\/li>\n<li>Uva lce<\/li>\n<li>Ar\u00e1ndanos Frambuesas<\/li>\n<li>Ar\u00e1ndano lce<\/li>\n<li>Sand\u00eda lce<\/li>\n<li>Fresa Kiwi<\/li>\n<li>Fresa Melocot\u00f3n<\/li>\n<\/ol>\n<h2><strong>Lista de embalaje:<\/strong><\/h2>\n<p>1ud\/103 g<br \/>\n10 unidades\/paquete<br \/>\n1 envase\/1066 g<br \/>\n200pcs\/cart\u00f3n<br \/>\n22 kg\/caja<br \/>\nsize:63.1*26.2*33.8CM<\/p>\n<p>&nbsp;<\/p>\n<p><img loading=\"lazy\" decoding=\"async\" class=\"wp-image-17244 size-full\" title=\"Mayorista Yuoto Explorer 16000 Puffs vape desechable 5\" src=\"https:\/\/www.vapeswholesaler.com\/wp-content\/uploads\/2024\/06\/Wholesale-Yuoto-Explorer-16000-Puffs-disposable-vape-5.webp\" alt=\"Mayorista Yuoto Explorer 16000 Puffs vape desechable 5\" width=\"800\" height=\"474\" srcset=\"https:\/\/www.vapeswholesaler.com\/wp-content\/uploads\/2024\/06\/Wholesale-Yuoto-Explorer-16000-Puffs-disposable-vape-5.webp 800w, https:\/\/www.vapeswholesaler.com\/wp-content\/uploads\/2024\/06\/Wholesale-Yuoto-Explorer-16000-Puffs-disposable-vape-5-300x178.webp 300w, https:\/\/www.vapeswholesaler.com\/wp-content\/uploads\/2024\/06\/Wholesale-Yuoto-Explorer-16000-Puffs-disposable-vape-5-768x455.webp 768w, https:\/\/www.vapeswholesaler.com\/wp-content\/uploads\/2024\/06\/Wholesale-Yuoto-Explorer-16000-Puffs-disposable-vape-5-18x12.webp 18w, https:\/\/www.vapeswholesaler.com\/wp-content\/uploads\/2024\/06\/Wholesale-Yuoto-Explorer-16000-Puffs-disposable-vape-5-510x302.webp 510w\" sizes=\"auto, (max-width: 800px) 100vw, 800px\" \/><\/p>\n<figure id=\"attachment_17242\" aria-describedby=\"caption-attachment-17242\" style=\"width: 800px\" class=\"wp-caption alignnone\"><img loading=\"lazy\" decoding=\"async\" class=\"wp-image-17242 size-full\" title=\"Mayorista Yuoto Explorer 16000 Puffs vape desechable 3\" src=\"https:\/\/www.vapeswholesaler.com\/wp-content\/uploads\/2024\/06\/Wholesale-Yuoto-Explorer-16000-Puffs-disposable-vape-3.webp\" alt=\"Mayorista Yuoto Explorer 16000 Puffs vape desechable 3\" width=\"800\" height=\"450\" srcset=\"https:\/\/www.vapeswholesaler.com\/wp-content\/uploads\/2024\/06\/Wholesale-Yuoto-Explorer-16000-Puffs-disposable-vape-3.webp 800w, https:\/\/www.vapeswholesaler.com\/wp-content\/uploads\/2024\/06\/Wholesale-Yuoto-Explorer-16000-Puffs-disposable-vape-3-300x169.webp 300w, https:\/\/www.vapeswholesaler.com\/wp-content\/uploads\/2024\/06\/Wholesale-Yuoto-Explorer-16000-Puffs-disposable-vape-3-768x432.webp 768w, https:\/\/www.vapeswholesaler.com\/wp-content\/uploads\/2024\/06\/Wholesale-Yuoto-Explorer-16000-Puffs-disposable-vape-3-18x10.webp 18w, https:\/\/www.vapeswholesaler.com\/wp-content\/uploads\/2024\/06\/Wholesale-Yuoto-Explorer-16000-Puffs-disposable-vape-3-510x287.webp 510w\" sizes=\"auto, (max-width: 800px) 100vw, 800px\" \/><figcaption id=\"caption-attachment-17242\" class=\"wp-caption-text\">Mayorista Yuoto Explorer 16000 Puffs vape desechable<\/figcaption><\/figure>","protected":false},"excerpt":{"rendered":"<p>Cantidad m\u00ednima de pedido:\u00a0<strong>50PCS<\/strong>\u00a0(Mezcla de sabores)\u00a0\u00a0<strong>Env\u00edo gratuito<\/strong><\/p>\n<p>(<strong>2%, 5% Nic<\/strong>)<\/p>","protected":false},"featured_media":17240,"comment_status":"open","ping_status":"closed","template":"","meta":[],"product_cat":[15],"product_tag":[],"class_list":{"0":"post-17247","1":"product","2":"type-product","3":"status-publish","4":"has-post-thumbnail","6":"product_cat-disposable-vape","7":"product_brand-yuoto","9":"first","10":"instock","11":"shipping-taxable","12":"purchasable","13":"product-type-variable","14":"has-default-attributes"},"aioseo_notices":[],"_links":{"self":[{"href":"https:\/\/www.vapeswholesaler.com\/es\/wp-json\/wp\/v2\/product\/17247","targetHints":{"allow":["GET"]}}],"collection":[{"href":"https:\/\/www.vapeswholesaler.com\/es\/wp-json\/wp\/v2\/product"}],"about":[{"href":"https:\/\/www.vapeswholesaler.com\/es\/wp-json\/wp\/v2\/types\/product"}],"replies":[{"embeddable":true,"href":"https:\/\/www.vapeswholesaler.com\/es\/wp-json\/wp\/v2\/comments?post=17247"}],"wp:featuredmedia":[{"embeddable":true,"href":"https:\/\/www.vapeswholesaler.com\/es\/wp-json\/wp\/v2\/media\/17240"}],"wp:attachment":[{"href":"https:\/\/www.vapeswholesaler.com\/es\/wp-json\/wp\/v2\/media?parent=17247"}],"wp:term":[{"taxonomy":"product_cat","embeddable":true,"href":"https:\/\/www.vapeswholesaler.com\/es\/wp-json\/wp\/v2\/product_cat?post=17247"},{"taxonomy":"product_tag","embeddable":true,"href":"https:\/\/www.vapeswholesaler.com\/es\/wp-json\/wp\/v2\/product_tag?post=17247"}],"curies":[{"name":"wp","href":"https:\/\/api.w.org\/{rel}","templated":true}]}}