{"id":17222,"date":"2024-06-26T16:19:13","date_gmt":"2024-06-26T08:19:13","guid":{"rendered":"https:\/\/www.vapeswholesaler.com\/?post_type=product&#038;p=17222"},"modified":"2025-11-10T18:15:16","modified_gmt":"2025-11-10T10:15:16","slug":"mayorista-lavie-golden-brick-10000-vape-desechable","status":"publish","type":"product","link":"https:\/\/www.vapeswholesaler.com\/es\/producto\/mayorista-lavie-golden-brick-10000-vape-desechable","title":{"rendered":"Mayorista Lavie Golden Brick 10000 vape desechable"},"content":{"rendered":"<p><a href=\"https:\/\/www.vapeswholesaler.com\/es\/marca_producto\/lavie\/\">Lavie<\/a> Golden Brick 10000 Puffs es un Vapeador Desechable. Experimenta hasta 10000 caladas con su e-l\u00edquido precargado de alta capacidad de 26ml y su dispositivo de vapeo con bater\u00eda de gran potencia de 1600mAh. Lavie Golden Brick 10000 Puffs la mejor caracter\u00edstica es la gran potencia.<\/p>\n<p>&nbsp;<\/p>\n<h2><strong><a href=\"https:\/\/www.facebook.com\/fred.luo.58\/\">Lavie<\/a> Golden Brick 10000 Caracter\u00edsticas:<\/strong><\/h2>\n<p>Tama\u00f1o:112*40*17,5 mm<br \/>\nBater\u00eda: 1300mAh<br \/>\nPuffs: 10000 puff<br \/>\nCapacidad de eliquid: 18 ml<br \/>\nSal Nic.2%,5%.OEM<br \/>\nPeso neto: 74 g<br \/>\nBobina de malla: Bobina de malla doble<br \/>\nMaterial: PC,METAL<br \/>\nResistencia:1.0\u03a9<br \/>\nTipo:pantalla de visualizaci\u00f3n<\/p>\n<h2><strong>Sabores:<\/strong><\/h2>\n<p>Fresa Kiwi Ice<br \/>\nHielo de lichi y fresa<br \/>\nAloe Aera Uva<br \/>\nHielo de melocot\u00f3n y uva<br \/>\nHielo de bayas negras<br \/>\nFruta de la pasi\u00f3n Kiwi Guayaba<br \/>\nHielo de sand\u00eda<br \/>\nMora Pome Cereza<br \/>\nHielo de manzana y uva<br \/>\nMango Moster<br \/>\nHielo de ar\u00e1ndano, frambuesa y uva<br \/>\nManzana doble<br \/>\nSand\u00eda con fresa<br \/>\nBluberry Paspberry Bubblegum<br \/>\nHielo de uva<br \/>\nCereza Pome<br \/>\nHielo de menta<\/p>\n<h2><strong>Lista de embalaje<\/strong>t:<\/h2>\n<p>Tama\u00f1o de la caja:645*378*230mm<br \/>\nPeso del embalaje:<br \/>\nN\/W:14.6KG<br \/>\nG\/W:18KG<br \/>\nCantidad: 200PCS\/cart\u00f3n<\/p>\n<p>&nbsp;<\/p>\n<figure id=\"attachment_17219\" aria-describedby=\"caption-attachment-17219\" style=\"width: 800px\" class=\"wp-caption alignnone\"><img loading=\"lazy\" decoding=\"async\" class=\"wp-image-17219 size-full\" title=\"Mayorista Lavie Golden Brick 10000 vape desechable\" src=\"https:\/\/www.vapeswholesaler.com\/wp-content\/uploads\/2024\/06\/Wholesale-Lavie-Golden-Brick-10000-disposable-vape.webp\" alt=\"Mayorista Lavie Golden Brick 10000 vape desechable\" width=\"800\" height=\"560\" srcset=\"https:\/\/www.vapeswholesaler.com\/wp-content\/uploads\/2024\/06\/Wholesale-Lavie-Golden-Brick-10000-disposable-vape.webp 800w, https:\/\/www.vapeswholesaler.com\/wp-content\/uploads\/2024\/06\/Wholesale-Lavie-Golden-Brick-10000-disposable-vape-300x210.webp 300w, https:\/\/www.vapeswholesaler.com\/wp-content\/uploads\/2024\/06\/Wholesale-Lavie-Golden-Brick-10000-disposable-vape-768x538.webp 768w, https:\/\/www.vapeswholesaler.com\/wp-content\/uploads\/2024\/06\/Wholesale-Lavie-Golden-Brick-10000-disposable-vape-18x12.webp 18w, https:\/\/www.vapeswholesaler.com\/wp-content\/uploads\/2024\/06\/Wholesale-Lavie-Golden-Brick-10000-disposable-vape-510x357.webp 510w\" sizes=\"auto, (max-width: 800px) 100vw, 800px\" \/><figcaption id=\"caption-attachment-17219\" class=\"wp-caption-text\">Mayorista Lavie Golden Brick 10000 vape desechable<\/figcaption><\/figure>","protected":false},"excerpt":{"rendered":"<p>Cantidad m\u00ednima de pedido:\u00a0<strong>50 unidades<\/strong>\u00a0(Mezcla de sabores)\u00a0\u00a0<strong>Env\u00edo gratuito<\/strong><\/p>\n<p>(<strong>2%, 5% Nic<\/strong>)<\/p>","protected":false},"featured_media":17221,"comment_status":"open","ping_status":"closed","template":"","meta":[],"product_cat":[15],"product_tag":[378,393],"class_list":{"0":"post-17222","1":"product","2":"type-product","3":"status-publish","4":"has-post-thumbnail","6":"product_cat-disposable-vape","7":"product_tag-10000-puffs","8":"product_tag-lavie","9":"product_brand-lavie","11":"first","12":"instock","13":"shipping-taxable","14":"purchasable","15":"product-type-variable","16":"has-default-attributes"},"aioseo_notices":[],"_links":{"self":[{"href":"https:\/\/www.vapeswholesaler.com\/es\/wp-json\/wp\/v2\/product\/17222","targetHints":{"allow":["GET"]}}],"collection":[{"href":"https:\/\/www.vapeswholesaler.com\/es\/wp-json\/wp\/v2\/product"}],"about":[{"href":"https:\/\/www.vapeswholesaler.com\/es\/wp-json\/wp\/v2\/types\/product"}],"replies":[{"embeddable":true,"href":"https:\/\/www.vapeswholesaler.com\/es\/wp-json\/wp\/v2\/comments?post=17222"}],"wp:featuredmedia":[{"embeddable":true,"href":"https:\/\/www.vapeswholesaler.com\/es\/wp-json\/wp\/v2\/media\/17221"}],"wp:attachment":[{"href":"https:\/\/www.vapeswholesaler.com\/es\/wp-json\/wp\/v2\/media?parent=17222"}],"wp:term":[{"taxonomy":"product_cat","embeddable":true,"href":"https:\/\/www.vapeswholesaler.com\/es\/wp-json\/wp\/v2\/product_cat?post=17222"},{"taxonomy":"product_tag","embeddable":true,"href":"https:\/\/www.vapeswholesaler.com\/es\/wp-json\/wp\/v2\/product_tag?post=17222"}],"curies":[{"name":"wp","href":"https:\/\/api.w.org\/{rel}","templated":true}]}}