{"id":17185,"date":"2024-06-26T12:25:02","date_gmt":"2024-06-26T04:25:02","guid":{"rendered":"https:\/\/www.vapeswholesaler.com\/?post_type=product&#038;p=17185"},"modified":"2025-02-23T15:52:20","modified_gmt":"2025-02-23T07:52:20","slug":"mayorista-old-school-turbo-22000-vape-desechable","status":"publish","type":"product","link":"https:\/\/www.vapeswholesaler.com\/es\/producto\/mayorista-old-school-turbo-22000-vape-desechable","title":{"rendered":"Mayorista Old School Turbo 22000 Vape desechable"},"content":{"rendered":"<p>Old School Turbo 22000 es un nuevo Vape Desechable, un dispositivo de vanguardia dise\u00f1ado para la comodidad y un rendimiento superior. Con un indicador de bater\u00eda y capacidad de e-l\u00edquido, siempre sabr\u00e1 cu\u00e1ndo recargar o rellenar. El sistema de doble bobina de malla asegura sabores ricos y consistentes, mientras que el flujo de aire ajustable le permite personalizar su sorteo para una experiencia verdaderamente personalizada. \u00a1Este producto ofrece m\u00e1s sabores para que los clientes elijan!<\/p>\n<p>Old School Turbo 22000 con alta capacidad de vapeo cuenta con una robusta bater\u00eda de 650mAh, asegurando un rendimiento duradero. Tanto si eres un vapeador ocasional como un profesional experimentado, el Old School Turbo 22000 proporciona una satisfacci\u00f3n y comodidad sin igual, lo que lo convierte en la opci\u00f3n ideal tanto para el disfrute personal como para las necesidades profesionales.<\/p>\n<h2><strong><a href=\"https:\/\/www.vapeswholesaler.com\/es\/marca_producto\/vieja-escuela\/\">Vieja escuela<\/a> Turbo 22000 Caracter\u00edsticas:<\/strong><\/h2>\n<ul>\n<li>Pantalla de capacidad de bater\u00eda y e-l\u00edquido<\/li>\n<li>Mesh Coil Entrega Sabores Ricos<\/li>\n<li>Flujo de aire ajustable<\/li>\n<li>Pulse 5 veces para encender\/apagar<\/li>\n<li>Pulse 4 veces para cambiar la bobina de malla<\/li>\n<li>Pulse 3 veces para cambiar el voltaje<\/li>\n<li>Carga r\u00e1pida Tipo-C<\/li>\n<li>Bocanadas: 22000 bocanadas<\/li>\n<li>Capacidad: 23 ml<\/li>\n<li>Potencia de nicotina: 0%, 2%, 3%, 5% opcional<\/li>\n<li>Tipo de bobina: Dual Mesh Coil<\/li>\n<li>Capacidad de la bater\u00eda: 650 mAh<\/li>\n<li>Puerto de carga: Tipo-C<\/li>\n<\/ul>\n<h2><strong>\u00a0Sabores:<\/strong><\/h2>\n<ol>\n<li>Menta lim\u00f3n<\/li>\n<li>Hielo de guayaba<\/li>\n<li>Hielo de lichi<\/li>\n<li>Helado de taro<\/li>\n<li>Leche de coco con pi\u00f1a<\/li>\n<li>Hielo de uva<\/li>\n<li>Hielo de ar\u00e1ndanos<\/li>\n<li>Mango Ice<\/li>\n<li>Helado de fresa<\/li>\n<li>Sand\u00eda<\/li>\n<li>Sand\u00eda con fresa<\/li>\n<li>Fresa Kiwi<\/li>\n<li>Sand\u00eda Ar\u00e1ndano<\/li>\n<li>Hielo Razz Azul<\/li>\n<\/ol>\n<h2><strong>Lista de embalaje:<\/strong><\/h2>\n<p>1 unidad por caja<\/p>\n<p>10 unidades cada caja central<\/p>\n<p>200 unidades por caja<\/p>\n<figure id=\"attachment_17182\" aria-describedby=\"caption-attachment-17182\" style=\"width: 800px\" class=\"wp-caption alignnone\"><img loading=\"lazy\" decoding=\"async\" class=\"wp-image-17182 size-full\" title=\"Mayorista Old School Turbo 22000 Vape desechable 3\" src=\"https:\/\/www.vapeswholesaler.com\/wp-content\/uploads\/2024\/06\/Wholesale-Old-School-Turbo-22000-Disposable-vape-3.jpg\" alt=\"Mayorista Old School Turbo 22000 Vape desechable 3\" width=\"800\" height=\"800\" srcset=\"https:\/\/www.vapeswholesaler.com\/wp-content\/uploads\/2024\/06\/Wholesale-Old-School-Turbo-22000-Disposable-vape-3.jpg 800w, https:\/\/www.vapeswholesaler.com\/wp-content\/uploads\/2024\/06\/Wholesale-Old-School-Turbo-22000-Disposable-vape-3-300x300.jpg 300w, https:\/\/www.vapeswholesaler.com\/wp-content\/uploads\/2024\/06\/Wholesale-Old-School-Turbo-22000-Disposable-vape-3-150x150.jpg 150w, https:\/\/www.vapeswholesaler.com\/wp-content\/uploads\/2024\/06\/Wholesale-Old-School-Turbo-22000-Disposable-vape-3-768x768.jpg 768w, https:\/\/www.vapeswholesaler.com\/wp-content\/uploads\/2024\/06\/Wholesale-Old-School-Turbo-22000-Disposable-vape-3-12x12.jpg 12w, https:\/\/www.vapeswholesaler.com\/wp-content\/uploads\/2024\/06\/Wholesale-Old-School-Turbo-22000-Disposable-vape-3-247x247.jpg 247w, https:\/\/www.vapeswholesaler.com\/wp-content\/uploads\/2024\/06\/Wholesale-Old-School-Turbo-22000-Disposable-vape-3-510x510.jpg 510w, https:\/\/www.vapeswholesaler.com\/wp-content\/uploads\/2024\/06\/Wholesale-Old-School-Turbo-22000-Disposable-vape-3-100x100.jpg 100w\" sizes=\"auto, (max-width: 800px) 100vw, 800px\" \/><figcaption id=\"caption-attachment-17182\" class=\"wp-caption-text\">Mayorista Old School Turbo 22000 Vape desechable<\/figcaption><\/figure>","protected":false},"excerpt":{"rendered":"<p>Cantidad m\u00ednima de pedido: 200 unidades (sabores m\u00e1ximos)\u00a0 \u00a0<strong>Env\u00edo gratuito<\/strong><\/p>\n<p>(<strong>2%, 5% Nic<\/strong>)<\/p>","protected":false},"featured_media":17181,"comment_status":"open","ping_status":"closed","template":"","meta":[],"product_cat":[15],"product_tag":[],"class_list":{"0":"post-17185","1":"product","2":"type-product","3":"status-publish","4":"has-post-thumbnail","6":"product_cat-disposable-vape","7":"product_brand-old-school","9":"first","10":"instock","11":"shipping-taxable","12":"purchasable","13":"product-type-variable","14":"has-default-attributes"},"aioseo_notices":[],"_links":{"self":[{"href":"https:\/\/www.vapeswholesaler.com\/es\/wp-json\/wp\/v2\/product\/17185","targetHints":{"allow":["GET"]}}],"collection":[{"href":"https:\/\/www.vapeswholesaler.com\/es\/wp-json\/wp\/v2\/product"}],"about":[{"href":"https:\/\/www.vapeswholesaler.com\/es\/wp-json\/wp\/v2\/types\/product"}],"replies":[{"embeddable":true,"href":"https:\/\/www.vapeswholesaler.com\/es\/wp-json\/wp\/v2\/comments?post=17185"}],"wp:featuredmedia":[{"embeddable":true,"href":"https:\/\/www.vapeswholesaler.com\/es\/wp-json\/wp\/v2\/media\/17181"}],"wp:attachment":[{"href":"https:\/\/www.vapeswholesaler.com\/es\/wp-json\/wp\/v2\/media?parent=17185"}],"wp:term":[{"taxonomy":"product_cat","embeddable":true,"href":"https:\/\/www.vapeswholesaler.com\/es\/wp-json\/wp\/v2\/product_cat?post=17185"},{"taxonomy":"product_tag","embeddable":true,"href":"https:\/\/www.vapeswholesaler.com\/es\/wp-json\/wp\/v2\/product_tag?post=17185"}],"curies":[{"name":"wp","href":"https:\/\/api.w.org\/{rel}","templated":true}]}}