{"id":16879,"date":"2024-06-19T18:31:03","date_gmt":"2024-06-19T10:31:03","guid":{"rendered":"https:\/\/www.vapeswholesaler.com\/?post_type=product&#038;p=16879"},"modified":"2025-11-11T22:57:08","modified_gmt":"2025-11-11T14:57:08","slug":"mayorista-raz-dc-25000-bocanadas-vape-desechable","status":"publish","type":"product","link":"https:\/\/www.vapeswholesaler.com\/es\/producto\/mayorista-raz-dc-25000-bocanadas-vape-desechable","title":{"rendered":"Mayorista RAZ DC 25000 Puffs Vape Desechable"},"content":{"rendered":"<p>Raz DC 25000 Vape Desechable 25K Puffs. Este brillante producto lleva el vapeo sin complicaciones a un nuevo nivel. Es una soluci\u00f3n port\u00e1til fenomenal para los amantes del vapeo de cualquier nivel de experiencia. Con un dise\u00f1o elegante y ergon\u00f3mico, bater\u00eda de larga duraci\u00f3n y toneladas de e-l\u00edquidos deliciosamente creativos para elegir, el Raz DC 25000 Vape es la elecci\u00f3n perfecta para la gente ocupada en cualquier momento y en cualquier lugar.<\/p>\n<h2><strong>RAZ DC 25000 Caracter\u00edstica:<\/strong><\/h2>\n<p>Bocanadas aproximadas: ~25000 bocanadas<br \/>\nNicotina: 5% | 50mgE-Capacidad del l\u00edquido: 16ml<br \/>\nBater\u00eda: 800mAh USB Tipo-C Recargable<br \/>\nDos modos de vapeo: Regular (~25.000 caladas) | Boost (~15.000 caladas)<br \/>\nPantalla Mega HD con indicador de bater\u00eda y e-l\u00edquido, animaci\u00f3n de vapeo y animaci\u00f3n de carga<br \/>\nAjuste del vataje<br \/>\nModos claro y oscuro<br \/>\nPiel aut\u00e9ntica<br \/>\nProtecci\u00f3n contra cortocircuitos y sobrecargas<\/p>\n<h2><strong>RAZ DC 25000 Sabores:<\/strong><\/h2>\n<p>Bayas \u00e1cidas Bangin<br \/>\nHielo Raz Azul<br \/>\nSand\u00eda con ar\u00e1ndanos<br \/>\nCherry Strapple<br \/>\nMelocot\u00f3n de Georgia<br \/>\nDrag\u00f3n azul helado<br \/>\nCasa de la Moneda de Miami<br \/>\nOruga nocturna<br \/>\nLimonada de frambuesa<br \/>\nSand\u00eda con manzana \u00e1cida<br \/>\nSand\u00eda agria Melocot\u00f3n<br \/>\nR\u00e1faga de fresas<br \/>\nTang de fresa y naranja<br \/>\nHielo de sand\u00eda<br \/>\nWintergreen<\/p>\n<h2><strong>Lista de embalaje:<\/strong><\/h2>\n<p>Caja individual de 1 unidad<br \/>\n10 unidades cada caja central<\/p>\n<p>&nbsp;<\/p>\n<figure id=\"attachment_16877\" aria-describedby=\"caption-attachment-16877\" style=\"width: 800px\" class=\"wp-caption alignnone\"><img loading=\"lazy\" decoding=\"async\" class=\"wp-image-16877 size-full\" title=\"Mayorista RAZ DC 25000 Puffs Vape Desechable 9\" src=\"https:\/\/www.vapeswholesaler.com\/wp-content\/uploads\/2024\/06\/Wholesale-RAZ-DC-25000-Puffs-Disposable-Vape-9.webp\" alt=\"Mayorista RAZ DC 25000 Puffs Vape Desechable 9\" width=\"800\" height=\"800\" srcset=\"https:\/\/www.vapeswholesaler.com\/wp-content\/uploads\/2024\/06\/Wholesale-RAZ-DC-25000-Puffs-Disposable-Vape-9.webp 800w, https:\/\/www.vapeswholesaler.com\/wp-content\/uploads\/2024\/06\/Wholesale-RAZ-DC-25000-Puffs-Disposable-Vape-9-300x300.webp 300w, https:\/\/www.vapeswholesaler.com\/wp-content\/uploads\/2024\/06\/Wholesale-RAZ-DC-25000-Puffs-Disposable-Vape-9-150x150.webp 150w, https:\/\/www.vapeswholesaler.com\/wp-content\/uploads\/2024\/06\/Wholesale-RAZ-DC-25000-Puffs-Disposable-Vape-9-768x768.webp 768w, https:\/\/www.vapeswholesaler.com\/wp-content\/uploads\/2024\/06\/Wholesale-RAZ-DC-25000-Puffs-Disposable-Vape-9-12x12.webp 12w, https:\/\/www.vapeswholesaler.com\/wp-content\/uploads\/2024\/06\/Wholesale-RAZ-DC-25000-Puffs-Disposable-Vape-9-247x247.webp 247w, https:\/\/www.vapeswholesaler.com\/wp-content\/uploads\/2024\/06\/Wholesale-RAZ-DC-25000-Puffs-Disposable-Vape-9-510x510.webp 510w, https:\/\/www.vapeswholesaler.com\/wp-content\/uploads\/2024\/06\/Wholesale-RAZ-DC-25000-Puffs-Disposable-Vape-9-100x100.webp 100w\" sizes=\"auto, (max-width: 800px) 100vw, 800px\" \/><figcaption id=\"caption-attachment-16877\" class=\"wp-caption-text\">Mayorista RAZ DC 25000 Puffs Vape Desechable<\/figcaption><\/figure>","protected":false},"excerpt":{"rendered":"<p>Cantidad m\u00ednima de pedido: 500 unidades (mezcla de sabores)\u00a0 <strong>Env\u00edo gratuito<\/strong><\/p>\n<p>(<strong>2%, 5% Nic<\/strong>)<\/p>","protected":false},"featured_media":16870,"comment_status":"open","ping_status":"closed","template":"","meta":[],"product_cat":[15],"product_tag":[],"class_list":{"0":"post-16879","1":"product","2":"type-product","3":"status-publish","4":"has-post-thumbnail","6":"product_cat-disposable-vape","7":"product_brand-raz","9":"first","10":"outofstock","11":"shipping-taxable","12":"purchasable","13":"product-type-variable","14":"has-default-attributes"},"aioseo_notices":[],"_links":{"self":[{"href":"https:\/\/www.vapeswholesaler.com\/es\/wp-json\/wp\/v2\/product\/16879","targetHints":{"allow":["GET"]}}],"collection":[{"href":"https:\/\/www.vapeswholesaler.com\/es\/wp-json\/wp\/v2\/product"}],"about":[{"href":"https:\/\/www.vapeswholesaler.com\/es\/wp-json\/wp\/v2\/types\/product"}],"replies":[{"embeddable":true,"href":"https:\/\/www.vapeswholesaler.com\/es\/wp-json\/wp\/v2\/comments?post=16879"}],"wp:featuredmedia":[{"embeddable":true,"href":"https:\/\/www.vapeswholesaler.com\/es\/wp-json\/wp\/v2\/media\/16870"}],"wp:attachment":[{"href":"https:\/\/www.vapeswholesaler.com\/es\/wp-json\/wp\/v2\/media?parent=16879"}],"wp:term":[{"taxonomy":"product_cat","embeddable":true,"href":"https:\/\/www.vapeswholesaler.com\/es\/wp-json\/wp\/v2\/product_cat?post=16879"},{"taxonomy":"product_tag","embeddable":true,"href":"https:\/\/www.vapeswholesaler.com\/es\/wp-json\/wp\/v2\/product_tag?post=16879"}],"curies":[{"name":"wp","href":"https:\/\/api.w.org\/{rel}","templated":true}]}}