{"id":16768,"date":"2024-06-18T23:25:37","date_gmt":"2024-06-18T15:25:37","guid":{"rendered":"https:\/\/www.vapeswholesaler.com\/?post_type=product&#038;p=16768"},"modified":"2025-04-07T16:06:26","modified_gmt":"2025-04-07T08:06:26","slug":"mayorista-vozol-vista-20000-puffs-vape-desechable","status":"publish","type":"product","link":"https:\/\/www.vapeswholesaler.com\/es\/producto\/mayorista-vozol-vista-20000-puffs-vape-desechable","title":{"rendered":"Mayorista VOZOL Vista 20000 Puffs Vape Desechable"},"content":{"rendered":"<p><a href=\"https:\/\/www.vapeswholesaler.com\/es\/marca_producto\/vozol\/\">VOZOL<\/a> VISTA 20000 Puffs es Vapeador Desechable, un dispositivo innovador que combina tecnolog\u00eda de vanguardia con un dise\u00f1o f\u00e1cil de usar. Si usted es un entusiasta de vaping o acaba de empezar su viaje, el VOZOL VISTA promete ofrecer una experiencia sin igual con sus caracter\u00edsticas avanzadas y un rendimiento impresionante.<\/p>\n<p>El dispositivo garantiza un disfrute duradero sin necesidad de recargas constantes. Con una capacidad precargada de 24mL y una gama de potencias de nicotina, incluyendo 0 Nicotina, 20 Mg (2%), y 50 Mg (5%), este vapeador desechable satisface las preferencias de cada vapeador. Desp\u00eddete de la molestia de llevar varias botellas de e-l\u00edquido y da la bienvenida al placer de vapear sin interrupciones.<\/p>\n<h2><strong><a href=\"https:\/\/www.facebook.com\/fred.luo.58\/\">VOZOL<\/a> VISTA 20000 Puffs Caracter\u00edstica:<\/strong><\/h2>\n<ul>\n<li>Control de vatios de 6 niveles<\/li>\n<li>Bobina de malla doble<\/li>\n<li>Pantalla en color<\/li>\n<li>Dise\u00f1o totalmente transparente,<\/li>\n<li>Hasta 14000 - 20000 Puffs<\/li>\n<li>5% Nicotina<\/li>\n<li>Bater\u00eda de recarga 650MAH Tipo - C<\/li>\n<li>24ML Capacidad de l\u00edquido<\/li>\n<\/ul>\n<h2><strong>Sabores\uff1a<\/strong><\/h2>\n<ol>\n<li>Cereza Cola<\/li>\n<li>Melocot\u00f3n lce<\/li>\n<li>Manzana \u00e1cida lce<\/li>\n<li>Casa de la Moneda de Miami<\/li>\n<li>Uva lce<\/li>\n<li>Sand\u00eda lce<\/li>\n<li>Blue Razz lce<\/li>\n<li>Melocot\u00f3n Mango Sand\u00eda<\/li>\n<li>Fresa Mango<\/li>\n<li>Sand\u00eda con frambuesa<\/li>\n<li>VZBul<\/li>\n<li>Chicle de sand\u00eda<\/li>\n<li>Vanicreme Tabaco<\/li>\n<li>Mezcla de bayas<\/li>\n<li>Lim\u00f3n Lima<\/li>\n<li>Fresa Frambuesa Cereza<\/li>\n<li>Mango lce<\/li>\n<li>Fruta del drag\u00f3n Pl\u00e1tano Cereza<\/li>\n<li>Flor de sa\u00faco Pomelo<\/li>\n<li>LavaFire<\/li>\n<\/ol>\n<h2><em><strong>Lista de embalaje:<\/strong><\/em><\/h2>\n<p>1 unidad por caja<\/p>\n<figure id=\"attachment_16765\" aria-describedby=\"caption-attachment-16765\" style=\"width: 800px\" class=\"wp-caption alignnone\"><img loading=\"lazy\" decoding=\"async\" class=\"wp-image-16765 size-full\" title=\"Mayorista VOZOL Vista 20000 Puffs Vape Desechable 5\" src=\"https:\/\/www.vapeswholesaler.com\/wp-content\/uploads\/2024\/06\/Wholesale-VOZOL-Vista-20000-Puffs-Disposable-Vape-5.webp\" alt=\"Mayorista VOZOL Vista 20000 Puffs Vape Desechable 5\" width=\"800\" height=\"664\" srcset=\"https:\/\/www.vapeswholesaler.com\/wp-content\/uploads\/2024\/06\/Wholesale-VOZOL-Vista-20000-Puffs-Disposable-Vape-5.webp 800w, https:\/\/www.vapeswholesaler.com\/wp-content\/uploads\/2024\/06\/Wholesale-VOZOL-Vista-20000-Puffs-Disposable-Vape-5-300x249.webp 300w, https:\/\/www.vapeswholesaler.com\/wp-content\/uploads\/2024\/06\/Wholesale-VOZOL-Vista-20000-Puffs-Disposable-Vape-5-768x637.webp 768w, https:\/\/www.vapeswholesaler.com\/wp-content\/uploads\/2024\/06\/Wholesale-VOZOL-Vista-20000-Puffs-Disposable-Vape-5-14x12.webp 14w, https:\/\/www.vapeswholesaler.com\/wp-content\/uploads\/2024\/06\/Wholesale-VOZOL-Vista-20000-Puffs-Disposable-Vape-5-510x423.webp 510w\" sizes=\"auto, (max-width: 800px) 100vw, 800px\" \/><figcaption id=\"caption-attachment-16765\" class=\"wp-caption-text\">Mayorista VOZOL Vista 20000 Puffs Vape Desechable<\/figcaption><\/figure>","protected":false},"excerpt":{"rendered":"<p>Cantidad m\u00ednima de pedido: <strong>5<em>0unidades<\/em><\/strong>\u00a0(Mezcla de sabores)<\/p>\n<p>(<strong>5% Nic<\/strong>) \u00a0<strong>Almac\u00e9n UE Plazo de env\u00edo 4-5 d\u00edas laborables<\/strong><\/p>","protected":false},"featured_media":16761,"comment_status":"open","ping_status":"closed","template":"","meta":[],"product_cat":[15],"product_tag":[100,373,392],"class_list":{"0":"post-16768","1":"product","2":"type-product","3":"status-publish","4":"has-post-thumbnail","6":"product_cat-disposable-vape","7":"product_tag-20000-puffs","8":"product_tag-europe-warehouse","9":"product_tag-vozol","10":"product_brand-vozol","12":"first","13":"instock","14":"shipping-taxable","15":"purchasable","16":"product-type-variable","17":"has-default-attributes"},"aioseo_notices":[],"_links":{"self":[{"href":"https:\/\/www.vapeswholesaler.com\/es\/wp-json\/wp\/v2\/product\/16768","targetHints":{"allow":["GET"]}}],"collection":[{"href":"https:\/\/www.vapeswholesaler.com\/es\/wp-json\/wp\/v2\/product"}],"about":[{"href":"https:\/\/www.vapeswholesaler.com\/es\/wp-json\/wp\/v2\/types\/product"}],"replies":[{"embeddable":true,"href":"https:\/\/www.vapeswholesaler.com\/es\/wp-json\/wp\/v2\/comments?post=16768"}],"wp:featuredmedia":[{"embeddable":true,"href":"https:\/\/www.vapeswholesaler.com\/es\/wp-json\/wp\/v2\/media\/16761"}],"wp:attachment":[{"href":"https:\/\/www.vapeswholesaler.com\/es\/wp-json\/wp\/v2\/media?parent=16768"}],"wp:term":[{"taxonomy":"product_cat","embeddable":true,"href":"https:\/\/www.vapeswholesaler.com\/es\/wp-json\/wp\/v2\/product_cat?post=16768"},{"taxonomy":"product_tag","embeddable":true,"href":"https:\/\/www.vapeswholesaler.com\/es\/wp-json\/wp\/v2\/product_tag?post=16768"}],"curies":[{"name":"wp","href":"https:\/\/api.w.org\/{rel}","templated":true}]}}