{"id":16743,"date":"2024-06-18T17:58:17","date_gmt":"2024-06-18T09:58:17","guid":{"rendered":"https:\/\/www.vapeswholesaler.com\/?post_type=product&#038;p=16743"},"modified":"2025-02-23T16:29:16","modified_gmt":"2025-02-23T08:29:16","slug":"mayorista-lost-mary-mo20000-pro-vape-desechable-20k-puffs","status":"publish","type":"product","link":"https:\/\/www.vapeswholesaler.com\/es\/producto\/mayorista-lost-mary-mo20000-pro-vape-desechable-20k-puffs","title":{"rendered":"Mayorista Lost Mary MO20000 Pro Vape Desechable 20K Puffs"},"content":{"rendered":"<p><a href=\"https:\/\/www.vapeswholesaler.com\/es\/marca_producto\/maria-perdida\/\">Mar\u00eda Perdida<\/a> MO20000 Pro Disposable Vape 20K Puffs es compacto, ligero y muy port\u00e1til. Cuenta con una bater\u00eda recargable integrada de 800mAh y se puede cargar utilizando su puerto de carga USB Tipo-C. Con una capacidad de 18mL precargada con 50mg de nicotina salina y una notable selecci\u00f3n de deliciosos sabores, hay muchas sesiones de vapeo satisfactorias por delante. Debido a su capacidad, los usuarios pueden esperar recibir hasta 20.000 caladas por dispositivo. Equipado con un mecanismo de disparo activado por tiro para mayor comodidad, 0.9ohm bobinas de doble malla, y potencia ajustable para el rendimiento, junto con el control de flujo de aire ajustable para un ajuste fino, disfrutar\u00e1 de cada momento con el Lost Mary MO20000 Pro Disposable Vape 20K Puffs. La caracter\u00edstica m\u00e1s destacada del Lost Mary MO20000 Pro es su pantalla animada de alta definici\u00f3n, que le ayuda a controlar la bater\u00eda actual y los niveles de jugo de vape.<\/p>\n<p>Lost Mary MO20000 Pro Disposable Vape 20K Puffs experimenta el sabor puro, a\u00fan mejor cuando se entrega r\u00e1pido. La bobina de malla dual 0.9\u03a9 garantiza un proceso de vaporizaci\u00f3n m\u00e1s eficiente, entregando nubes m\u00e1s gruesas y mejoradas ricas en sabor cada vez.<\/p>\n<p>Lost Mary MO20000 Pro con ajuste de potencia continuo, puede ajustar con precisi\u00f3n y sin esfuerzo su vataje de 13W a 25W con s\u00f3lo pulsar un bot\u00f3n.<\/p>\n<p>Bajo consumo:<br \/>\nHasta 20000 Puffs<br \/>\nAlimentado por bobina de malla \u00fanica<br \/>\nSuave golpe sensorial<br \/>\nAlta potencia<br \/>\nNubes masivas<br \/>\nAlimentado por Dual Mesh Coil<br \/>\nIntenso impacto sensorial<\/p>\n<h2><strong>Lost Mary MO20000 Pro Caracter\u00edsticas:<\/strong><\/h2>\n<ul>\n<li>Capacidad precargada: 18mL Capacidad precargada<\/li>\n<li>Capacidad de la bater\u00eda: Recargable integrada de 800mAh<\/li>\n<li>Puffs m\u00e1ximos: 20.000<\/li>\n<li>Potencia de nicotina: 5% (50mg)<\/li>\n<li>Funcionamiento: Activado por sorteo<\/li>\n<li>Elemento Calentador: 0.9ohm Dual Mesh Coils<\/li>\n<li>Flujo de aire: Ajustable<\/li>\n<li>Pantalla de visualizaci\u00f3n: Pantalla de animaci\u00f3n HD<\/li>\n<li>Carga: USB Tipo-C<\/li>\n<li>Indicador de duraci\u00f3n de la bater\u00eda<\/li>\n<li>Indicador de nivel de e-l\u00edquido<\/li>\n<\/ul>\n<h2><strong>Lost Mary MO20000 Pro Sabores disponibles:<\/strong><\/h2>\n<ol>\n<li>Azul Baja Splash<\/li>\n<li>Hielo Razz Azul<\/li>\n<li>Bebida del Drag\u00f3n<\/li>\n<li>Lima Pomelo<\/li>\n<li>Mango Twist<\/li>\n<li>Casa de la Moneda de Miami<\/li>\n<li>Melocot\u00f3n+<\/li>\n<li>Pi\u00f1a helada<\/li>\n<li>Sorbete arco iris<\/li>\n<li>Helado cohete<\/li>\n<li>Hielo de manzana \u00e1cida<\/li>\n<li>Fresa helada<\/li>\n<li>Ponche tropical<\/li>\n<li>Hielo de sand\u00eda<\/li>\n<li>Sand\u00eda Melocot\u00f3n \u00e1cido<\/li>\n<\/ol>\n<h2><strong>Detalles del embalaje:<\/strong><\/h2>\n<p>1pcs Lost Mary MO20000 Pro vape desechable<\/p>\n<p>&nbsp;<\/p>\n<figure id=\"attachment_16742\" aria-describedby=\"caption-attachment-16742\" style=\"width: 800px\" class=\"wp-caption alignnone\"><img loading=\"lazy\" decoding=\"async\" class=\"wp-image-16742 size-full\" title=\"Mayorista Lost Mary MO20000 Pro Vape Desechable 20K Puffs\" src=\"https:\/\/www.vapeswholesaler.com\/wp-content\/uploads\/2024\/06\/Wholesale-Lost-Mary-MO20000-Pro-Disposable-Vape-20K-Puffs.webp\" alt=\"Mayorista Lost Mary MO20000 Pro Vape Desechable 20K Puffs\" width=\"800\" height=\"800\" srcset=\"https:\/\/www.vapeswholesaler.com\/wp-content\/uploads\/2024\/06\/Wholesale-Lost-Mary-MO20000-Pro-Disposable-Vape-20K-Puffs.webp 800w, https:\/\/www.vapeswholesaler.com\/wp-content\/uploads\/2024\/06\/Wholesale-Lost-Mary-MO20000-Pro-Disposable-Vape-20K-Puffs-300x300.webp 300w, https:\/\/www.vapeswholesaler.com\/wp-content\/uploads\/2024\/06\/Wholesale-Lost-Mary-MO20000-Pro-Disposable-Vape-20K-Puffs-150x150.webp 150w, https:\/\/www.vapeswholesaler.com\/wp-content\/uploads\/2024\/06\/Wholesale-Lost-Mary-MO20000-Pro-Disposable-Vape-20K-Puffs-768x768.webp 768w, https:\/\/www.vapeswholesaler.com\/wp-content\/uploads\/2024\/06\/Wholesale-Lost-Mary-MO20000-Pro-Disposable-Vape-20K-Puffs-12x12.webp 12w, https:\/\/www.vapeswholesaler.com\/wp-content\/uploads\/2024\/06\/Wholesale-Lost-Mary-MO20000-Pro-Disposable-Vape-20K-Puffs-247x247.webp 247w, https:\/\/www.vapeswholesaler.com\/wp-content\/uploads\/2024\/06\/Wholesale-Lost-Mary-MO20000-Pro-Disposable-Vape-20K-Puffs-510x510.webp 510w, https:\/\/www.vapeswholesaler.com\/wp-content\/uploads\/2024\/06\/Wholesale-Lost-Mary-MO20000-Pro-Disposable-Vape-20K-Puffs-100x100.webp 100w\" sizes=\"auto, (max-width: 800px) 100vw, 800px\" \/><figcaption id=\"caption-attachment-16742\" class=\"wp-caption-text\">Mayorista Lost Mary MO20000 Pro Vape Desechable 20K Puffs<\/figcaption><\/figure>\n<p><img loading=\"lazy\" decoding=\"async\" class=\"alignnone wp-image-16726 size-full\" title=\"Venta al por mayor Elf bar GH 20000 Puffs Vape desechable 5\" src=\"https:\/\/www.vapeswholesaler.com\/wp-content\/uploads\/2024\/06\/Wholesale-Elf-bar-GH-20000-Puffs-Disposable-vape-5.webp\" alt=\"Venta al por mayor Elf bar GH 20000 Puffs Vape desechable 5\" width=\"800\" height=\"600\" srcset=\"https:\/\/www.vapeswholesaler.com\/wp-content\/uploads\/2024\/06\/Wholesale-Elf-bar-GH-20000-Puffs-Disposable-vape-5.webp 800w, https:\/\/www.vapeswholesaler.com\/wp-content\/uploads\/2024\/06\/Wholesale-Elf-bar-GH-20000-Puffs-Disposable-vape-5-300x225.webp 300w, https:\/\/www.vapeswholesaler.com\/wp-content\/uploads\/2024\/06\/Wholesale-Elf-bar-GH-20000-Puffs-Disposable-vape-5-768x576.webp 768w, https:\/\/www.vapeswholesaler.com\/wp-content\/uploads\/2024\/06\/Wholesale-Elf-bar-GH-20000-Puffs-Disposable-vape-5-16x12.webp 16w, https:\/\/www.vapeswholesaler.com\/wp-content\/uploads\/2024\/06\/Wholesale-Elf-bar-GH-20000-Puffs-Disposable-vape-5-510x383.webp 510w\" sizes=\"auto, (max-width: 800px) 100vw, 800px\" \/><\/p>","protected":false},"excerpt":{"rendered":"<p>Cantidad m\u00ednima de pedido: <strong>10000 UNIDADES<\/strong> (Mezcla de sabores)\u00a0 \u00a0<strong>Env\u00edo gratuito<\/strong><\/p>\n<p>(<strong>2%, 5% Nic<\/strong>)<\/p>","protected":false},"featured_media":16736,"comment_status":"open","ping_status":"closed","template":"","meta":[],"product_cat":[15],"product_tag":[],"class_list":{"0":"post-16743","1":"product","2":"type-product","3":"status-publish","4":"has-post-thumbnail","6":"product_cat-disposable-vape","7":"product_brand-lost-mary","9":"first","10":"outofstock","11":"shipping-taxable","12":"purchasable","13":"product-type-variable","14":"has-default-attributes"},"aioseo_notices":[],"_links":{"self":[{"href":"https:\/\/www.vapeswholesaler.com\/es\/wp-json\/wp\/v2\/product\/16743","targetHints":{"allow":["GET"]}}],"collection":[{"href":"https:\/\/www.vapeswholesaler.com\/es\/wp-json\/wp\/v2\/product"}],"about":[{"href":"https:\/\/www.vapeswholesaler.com\/es\/wp-json\/wp\/v2\/types\/product"}],"replies":[{"embeddable":true,"href":"https:\/\/www.vapeswholesaler.com\/es\/wp-json\/wp\/v2\/comments?post=16743"}],"wp:featuredmedia":[{"embeddable":true,"href":"https:\/\/www.vapeswholesaler.com\/es\/wp-json\/wp\/v2\/media\/16736"}],"wp:attachment":[{"href":"https:\/\/www.vapeswholesaler.com\/es\/wp-json\/wp\/v2\/media?parent=16743"}],"wp:term":[{"taxonomy":"product_cat","embeddable":true,"href":"https:\/\/www.vapeswholesaler.com\/es\/wp-json\/wp\/v2\/product_cat?post=16743"},{"taxonomy":"product_tag","embeddable":true,"href":"https:\/\/www.vapeswholesaler.com\/es\/wp-json\/wp\/v2\/product_tag?post=16743"}],"curies":[{"name":"wp","href":"https:\/\/api.w.org\/{rel}","templated":true}]}}