{"id":16715,"date":"2024-06-18T15:59:31","date_gmt":"2024-06-18T07:59:31","guid":{"rendered":"https:\/\/www.vapeswholesaler.com\/?post_type=product&#038;p=16715"},"modified":"2025-03-12T19:19:06","modified_gmt":"2025-03-12T11:19:06","slug":"venta-al-por-mayor-elf-bar-gh-20000-puffs-vape-desechable","status":"publish","type":"product","link":"https:\/\/www.vapeswholesaler.com\/es\/producto\/venta-al-por-mayor-elf-bar-gh-20000-puffs-vape-desechable","title":{"rendered":"Venta al por mayor Elf Bar GH 20000 Puffs Vape desechable"},"content":{"rendered":"<p>ELF Bar GH20000 Puffs Recargable Vape Desechable, GH20000 Puff 20ml viene con una bobina de malla triple y 3 modos de potencia, Lite, Smooth, y el modo Turbo, lo que le permite ajustar el vapor a su preferencia.<\/p>\n<p>ELF Bar GH20000 Puffss Con una mayor capacidad de e-l\u00edquido de 20mL que puede durar hasta 20.000 caladas, tambi\u00e9n est\u00e1 equipado con una pantalla LED que muestra la potencia, el modo y el porcentaje de e-l\u00edquido, manteni\u00e9ndote siempre informado de cu\u00e1ndo cargar o cuando el dispositivo se est\u00e1 quedando sin e-l\u00edquido.<\/p>\n<h2><strong>ELF Bar GH20000 Puffs Caracter\u00edsticas:<\/strong><\/h2>\n<ul>\n<li>Hasta 20.000 bocanadas<\/li>\n<li>Bobina de malla triple<\/li>\n<li>3 modos de potencia Lite\/Smooth\/Turbo<\/li>\n<li>Modo de alimentaci\u00f3n y pantalla de e-l\u00edquido<\/li>\n<li>Bater\u00eda de 850 mAh<\/li>\n<li>20mL de E-l\u00edquido de sal de nicotina de 20mg\/mL<\/li>\n<li>USB Tipo-C Recargable<\/li>\n<\/ul>\n<h2><strong>ELF Bar GH 20000 Puffs Sabores Disponibles:<\/strong><\/h2>\n<ol>\n<li>Hielo Razz Azul<\/li>\n<li>Pera con ar\u00e1ndanos<\/li>\n<li>Hielo de uva<\/li>\n<li>Hielo de manzana verde<\/li>\n<li>Menta helada<\/li>\n<li>Casa de la Moneda de Miami<\/li>\n<li>Melocot\u00f3n Mango Sand\u00eda<\/li>\n<li>Uva Sakura<\/li>\n<li>Fresa Pl\u00e1tano<\/li>\n<li>Fresa helada<\/li>\n<\/ol>\n<h2><strong>Incluye<\/strong>:<\/h2>\n<p>1x Vapeador desechable ELF Bar GH20000 Puffs<\/p>\n<p>&nbsp;<\/p>\n<p>&nbsp;<\/p>\n<figure id=\"attachment_16714\" aria-describedby=\"caption-attachment-16714\" style=\"width: 800px\" class=\"wp-caption alignnone\"><img loading=\"lazy\" decoding=\"async\" class=\"wp-image-16714 size-full\" title=\"Venta al por mayor Elf bar GH 20000 Puffs desechables vape 4\" src=\"https:\/\/www.vapeswholesaler.com\/wp-content\/uploads\/2024\/06\/Wholesale-Elf-bar-GH-20000-Puffs-Disposable-vape-4.webp\" alt=\"Venta al por mayor Elf bar GH 20000 Puffs desechables vape 4\" width=\"800\" height=\"800\" srcset=\"https:\/\/www.vapeswholesaler.com\/wp-content\/uploads\/2024\/06\/Wholesale-Elf-bar-GH-20000-Puffs-Disposable-vape-4.webp 800w, https:\/\/www.vapeswholesaler.com\/wp-content\/uploads\/2024\/06\/Wholesale-Elf-bar-GH-20000-Puffs-Disposable-vape-4-300x300.webp 300w, https:\/\/www.vapeswholesaler.com\/wp-content\/uploads\/2024\/06\/Wholesale-Elf-bar-GH-20000-Puffs-Disposable-vape-4-150x150.webp 150w, https:\/\/www.vapeswholesaler.com\/wp-content\/uploads\/2024\/06\/Wholesale-Elf-bar-GH-20000-Puffs-Disposable-vape-4-768x768.webp 768w, https:\/\/www.vapeswholesaler.com\/wp-content\/uploads\/2024\/06\/Wholesale-Elf-bar-GH-20000-Puffs-Disposable-vape-4-12x12.webp 12w, https:\/\/www.vapeswholesaler.com\/wp-content\/uploads\/2024\/06\/Wholesale-Elf-bar-GH-20000-Puffs-Disposable-vape-4-247x247.webp 247w, https:\/\/www.vapeswholesaler.com\/wp-content\/uploads\/2024\/06\/Wholesale-Elf-bar-GH-20000-Puffs-Disposable-vape-4-510x510.webp 510w, https:\/\/www.vapeswholesaler.com\/wp-content\/uploads\/2024\/06\/Wholesale-Elf-bar-GH-20000-Puffs-Disposable-vape-4-100x100.webp 100w\" sizes=\"auto, (max-width: 800px) 100vw, 800px\" \/><figcaption id=\"caption-attachment-16714\" class=\"wp-caption-text\">Venta al por mayor Elf bar GH 20000 Puffs Vape desechable<\/figcaption><\/figure>\n<figure id=\"attachment_16726\" aria-describedby=\"caption-attachment-16726\" style=\"width: 800px\" class=\"wp-caption alignnone\"><img loading=\"lazy\" decoding=\"async\" class=\"wp-image-16726 size-full\" title=\"Venta al por mayor Elf bar GH 20000 Puffs Vape desechable 5\" src=\"https:\/\/www.vapeswholesaler.com\/wp-content\/uploads\/2024\/06\/Wholesale-Elf-bar-GH-20000-Puffs-Disposable-vape-5.webp\" alt=\"Venta al por mayor Elf bar GH 20000 Puffs Vape desechable 5\" width=\"800\" height=\"600\" srcset=\"https:\/\/www.vapeswholesaler.com\/wp-content\/uploads\/2024\/06\/Wholesale-Elf-bar-GH-20000-Puffs-Disposable-vape-5.webp 800w, https:\/\/www.vapeswholesaler.com\/wp-content\/uploads\/2024\/06\/Wholesale-Elf-bar-GH-20000-Puffs-Disposable-vape-5-300x225.webp 300w, https:\/\/www.vapeswholesaler.com\/wp-content\/uploads\/2024\/06\/Wholesale-Elf-bar-GH-20000-Puffs-Disposable-vape-5-768x576.webp 768w, https:\/\/www.vapeswholesaler.com\/wp-content\/uploads\/2024\/06\/Wholesale-Elf-bar-GH-20000-Puffs-Disposable-vape-5-16x12.webp 16w, https:\/\/www.vapeswholesaler.com\/wp-content\/uploads\/2024\/06\/Wholesale-Elf-bar-GH-20000-Puffs-Disposable-vape-5-510x383.webp 510w\" sizes=\"auto, (max-width: 800px) 100vw, 800px\" \/><figcaption id=\"caption-attachment-16726\" class=\"wp-caption-text\">Venta al por mayor Elf bar GH 20000 Puffs Vape desechable<\/figcaption><\/figure>","protected":false},"excerpt":{"rendered":"<p>Cantidad m\u00ednima de pedido: <em><strong>10000<\/strong><\/em> PCS (Mezcla de sabores)<\/p>\n<p>(<strong>2%, 5% Nic<\/strong>)<\/p>","protected":false},"featured_media":16712,"comment_status":"open","ping_status":"closed","template":"","meta":[],"product_cat":[15],"product_tag":[],"class_list":{"0":"post-16715","1":"product","2":"type-product","3":"status-publish","4":"has-post-thumbnail","6":"product_cat-disposable-vape","7":"product_brand-elf-bar","9":"first","10":"outofstock","11":"shipping-taxable","12":"purchasable","13":"product-type-variable"},"aioseo_notices":[],"_links":{"self":[{"href":"https:\/\/www.vapeswholesaler.com\/es\/wp-json\/wp\/v2\/product\/16715","targetHints":{"allow":["GET"]}}],"collection":[{"href":"https:\/\/www.vapeswholesaler.com\/es\/wp-json\/wp\/v2\/product"}],"about":[{"href":"https:\/\/www.vapeswholesaler.com\/es\/wp-json\/wp\/v2\/types\/product"}],"replies":[{"embeddable":true,"href":"https:\/\/www.vapeswholesaler.com\/es\/wp-json\/wp\/v2\/comments?post=16715"}],"wp:featuredmedia":[{"embeddable":true,"href":"https:\/\/www.vapeswholesaler.com\/es\/wp-json\/wp\/v2\/media\/16712"}],"wp:attachment":[{"href":"https:\/\/www.vapeswholesaler.com\/es\/wp-json\/wp\/v2\/media?parent=16715"}],"wp:term":[{"taxonomy":"product_cat","embeddable":true,"href":"https:\/\/www.vapeswholesaler.com\/es\/wp-json\/wp\/v2\/product_cat?post=16715"},{"taxonomy":"product_tag","embeddable":true,"href":"https:\/\/www.vapeswholesaler.com\/es\/wp-json\/wp\/v2\/product_tag?post=16715"}],"curies":[{"name":"wp","href":"https:\/\/api.w.org\/{rel}","templated":true}]}}