{"id":16699,"date":"2024-06-18T12:00:36","date_gmt":"2024-06-18T04:00:36","guid":{"rendered":"https:\/\/www.vapeswholesaler.com\/?post_type=product&#038;p=16699"},"modified":"2025-03-18T16:04:15","modified_gmt":"2025-03-18T08:04:15","slug":"mayorista-lavie-cyber-doble-sabor-20000-bocanadas-vape-desechable","status":"publish","type":"product","link":"https:\/\/www.vapeswholesaler.com\/es\/producto\/mayorista-lavie-cyber-doble-sabor-20000-bocanadas-vape-desechable","title":{"rendered":"Venta al por mayor Lavie Cyber 20K Puffs Dual Flavors Disposable Vape"},"content":{"rendered":"<p><a href=\"https:\/\/www.vapeswholesaler.com\/es\/marca_producto\/lavie\/\">Lavie<\/a> Caja de Vape desechable Cyber 20K Dual Flavors, una opci\u00f3n de primera calidad para una mayor satisfacci\u00f3n al vapear. Experimenta hasta 20000 caladas con su e-l\u00edquido precargado de 20ml de alta capacidad. Se puede elegir entre dos sabores.<\/p>\n<p>Mejore el sabor y la producci\u00f3n de vapor con la bobina de malla 1.0ohm y el dise\u00f1o de flujo de aire ajustable. El Lavie Cyber Double Flavor 20000 no s\u00f3lo ofrece un rendimiento excepcional, sino que tambi\u00e9n tiene un precio competitivo, por lo que es una excelente opci\u00f3n para aquellos que buscan valor sin sacrificar la calidad.<\/p>\n<p>Nuestras opciones de venta al por mayor garantizan que las empresas puedan abastecerse de este popular dispositivo de narguile electr\u00f3nico, satisfaciendo las demandas de sus clientes de manera eficiente.<\/p>\n<p>Experimente la comodidad de un env\u00edo r\u00e1pido, que le permitir\u00e1 disfrutar de su Vape Desechable Lavie Cyber Doble Sabor 20000 sin demora. Si usted es un entusiasta vaping, un minorista o un mayorista que buscan ampliar su gama de productos.<\/p>\n<h2><strong><a href=\"https:\/\/www.facebook.com\/fred.luo.58\/\">Lavie<\/a> Cyber 20K Caracter\u00edstica de sabores duales:<\/strong><\/h2>\n<ul>\n<li>Tama\u00f1o: 48*25*89mm<\/li>\n<li>Bater\u00eda: 700mah (600mah para el mercado coreano)<\/li>\n<li>Puffs: 20000 Puffs<\/li>\n<li>Capacidad del eliquid: 20 ml<\/li>\n<li>Sal Nic:2%,3%,%5 OEM<\/li>\n<li>Peso neto: 79 g<\/li>\n<li>Bobinas de malla: Dual Mesh Coils<\/li>\n<li>Material: Piezas<\/li>\n<li>Resistencia: 1.0ohm<\/li>\n<li>Tpye: Tipo C cargable<\/li>\n<\/ul>\n<h2><strong>Sabor:<\/strong><\/h2>\n<ol>\n<li>Uva y ar\u00e1ndano Frambuesa Chicle<\/li>\n<li>Bacco &amp; Mango Ice<\/li>\n<li>Manzana doble y Love 66<\/li>\n<li>Hielo de uva y menta<\/li>\n<li>Lim\u00f3n Cola y Fruta de la Pasi\u00f3n Kiwi Guayaba<\/li>\n<li>Hielo de lichi y sand\u00eda<\/li>\n<li>Hielo de caf\u00e9 y matcha<\/li>\n<li>Hielo de pi\u00f1a y hielo de taro<\/li>\n<li>Hielo de fresa y kiwi &amp; Hielo de mel\u00f3n<\/li>\n<li>Helado de fresa, sand\u00eda y cereza con pepitas de mora<\/li>\n<\/ol>\n<h2><strong>Detalles del embalaje:<\/strong><\/h2>\n<p>1ps en una caja peque\u00f1a<br \/>\nCaja:645*378*230mm<br \/>\nG\/A: 18KG<br \/>\n200 unidades por caja<\/p>\n<p>&nbsp;<\/p>\n<figure style=\"width: 800px\" class=\"wp-caption alignnone\"><img loading=\"lazy\" decoding=\"async\" class=\"wp-image-16688 size-full\" title=\"Mayorista Lavie Cyber 20000 Puffs Vape Desechable 2\" src=\"https:\/\/www.vapeswholesaler.com\/wp-content\/uploads\/2024\/06\/Wholesale-Lavie-Cyber-20000-Puffs-Disposable-Vape-2.webp\" alt=\"Mayorista Lavie Cyber 20000 Puffs Vape Desechable 2\" width=\"800\" height=\"520\" srcset=\"https:\/\/www.vapeswholesaler.com\/wp-content\/uploads\/2024\/06\/Wholesale-Lavie-Cyber-20000-Puffs-Disposable-Vape-2.webp 800w, https:\/\/www.vapeswholesaler.com\/wp-content\/uploads\/2024\/06\/Wholesale-Lavie-Cyber-20000-Puffs-Disposable-Vape-2-300x195.webp 300w, https:\/\/www.vapeswholesaler.com\/wp-content\/uploads\/2024\/06\/Wholesale-Lavie-Cyber-20000-Puffs-Disposable-Vape-2-768x499.webp 768w, https:\/\/www.vapeswholesaler.com\/wp-content\/uploads\/2024\/06\/Wholesale-Lavie-Cyber-20000-Puffs-Disposable-Vape-2-18x12.webp 18w, https:\/\/www.vapeswholesaler.com\/wp-content\/uploads\/2024\/06\/Wholesale-Lavie-Cyber-20000-Puffs-Disposable-Vape-2-510x332.webp 510w\" sizes=\"auto, (max-width: 800px) 100vw, 800px\" \/><figcaption class=\"wp-caption-text\">Mayorista Lavie Cyber 20000 Puffs Vape Desechable<\/figcaption><\/figure>\n<figure id=\"attachment_16687\" aria-describedby=\"caption-attachment-16687\" style=\"width: 800px\" class=\"wp-caption alignnone\"><img loading=\"lazy\" decoding=\"async\" class=\"wp-image-16687 size-full\" title=\"Mayorista Lavie Cyber 20000 Puffs Vape Desechable 1\" src=\"https:\/\/www.vapeswholesaler.com\/wp-content\/uploads\/2024\/06\/Wholesale-Lavie-Cyber-20000-Puffs-Disposable-Vape-1.webp\" alt=\"Mayorista Lavie Cyber 20000 Puffs Vape Desechable 1\" width=\"800\" height=\"570\" srcset=\"https:\/\/www.vapeswholesaler.com\/wp-content\/uploads\/2024\/06\/Wholesale-Lavie-Cyber-20000-Puffs-Disposable-Vape-1.webp 800w, https:\/\/www.vapeswholesaler.com\/wp-content\/uploads\/2024\/06\/Wholesale-Lavie-Cyber-20000-Puffs-Disposable-Vape-1-300x214.webp 300w, https:\/\/www.vapeswholesaler.com\/wp-content\/uploads\/2024\/06\/Wholesale-Lavie-Cyber-20000-Puffs-Disposable-Vape-1-768x547.webp 768w, https:\/\/www.vapeswholesaler.com\/wp-content\/uploads\/2024\/06\/Wholesale-Lavie-Cyber-20000-Puffs-Disposable-Vape-1-18x12.webp 18w, https:\/\/www.vapeswholesaler.com\/wp-content\/uploads\/2024\/06\/Wholesale-Lavie-Cyber-20000-Puffs-Disposable-Vape-1-510x363.webp 510w\" sizes=\"auto, (max-width: 800px) 100vw, 800px\" \/><figcaption id=\"caption-attachment-16687\" class=\"wp-caption-text\">Mayorista Lavie Cyber 20000 Puffs Vape Desechable<\/figcaption><\/figure>","protected":false},"excerpt":{"rendered":"<p>Cantidad m\u00ednima de pedido:\u00a0<strong>50 unidades <\/strong>(Mezcla de sabores)\u00a0\u00a0<strong>Env\u00edo gratuito<\/strong><\/p>\n<p>(<strong>2%, 5% Nic<\/strong>)<\/p>","protected":false},"featured_media":16948,"comment_status":"open","ping_status":"closed","template":"","meta":[],"product_cat":[15],"product_tag":[100,393],"class_list":{"0":"post-16699","1":"product","2":"type-product","3":"status-publish","4":"has-post-thumbnail","6":"product_cat-disposable-vape","7":"product_tag-20000-puffs","8":"product_tag-lavie","9":"product_brand-lavie","11":"first","12":"instock","13":"shipping-taxable","14":"purchasable","15":"product-type-variable"},"aioseo_notices":[],"_links":{"self":[{"href":"https:\/\/www.vapeswholesaler.com\/es\/wp-json\/wp\/v2\/product\/16699","targetHints":{"allow":["GET"]}}],"collection":[{"href":"https:\/\/www.vapeswholesaler.com\/es\/wp-json\/wp\/v2\/product"}],"about":[{"href":"https:\/\/www.vapeswholesaler.com\/es\/wp-json\/wp\/v2\/types\/product"}],"replies":[{"embeddable":true,"href":"https:\/\/www.vapeswholesaler.com\/es\/wp-json\/wp\/v2\/comments?post=16699"}],"wp:featuredmedia":[{"embeddable":true,"href":"https:\/\/www.vapeswholesaler.com\/es\/wp-json\/wp\/v2\/media\/16948"}],"wp:attachment":[{"href":"https:\/\/www.vapeswholesaler.com\/es\/wp-json\/wp\/v2\/media?parent=16699"}],"wp:term":[{"taxonomy":"product_cat","embeddable":true,"href":"https:\/\/www.vapeswholesaler.com\/es\/wp-json\/wp\/v2\/product_cat?post=16699"},{"taxonomy":"product_tag","embeddable":true,"href":"https:\/\/www.vapeswholesaler.com\/es\/wp-json\/wp\/v2\/product_tag?post=16699"}],"curies":[{"name":"wp","href":"https:\/\/api.w.org\/{rel}","templated":true}]}}