{"id":16670,"date":"2024-06-18T11:01:12","date_gmt":"2024-06-18T03:01:12","guid":{"rendered":"https:\/\/www.vapeswholesaler.com\/?post_type=product&#038;p=16670"},"modified":"2025-03-26T11:01:37","modified_gmt":"2025-03-26T03:01:37","slug":"mayorista-geekbar-skyview-25k-vape-desechable","status":"publish","type":"product","link":"https:\/\/www.vapeswholesaler.com\/es\/producto\/mayorista-geekbar-skyview-25k-vape-desechable","title":{"rendered":"Mayorista Geekbar Skyview 25K Vape desechable"},"content":{"rendered":"<p>Geekbar Skyview 25K desechable es una sensaci\u00f3n de vapeo refrescante y fresca que recuerda a un cielo ventoso con un toque de c\u00edtricos usando el sabor Sky Walker del Geekbar Skyview 25K Desechable Vape. Este dispositivo de \u00faltima generaci\u00f3n ofrece un impresionante 25000 caladas, lo que le permite saborear esta mezcla \u00fanica y vigorizante durante un per\u00edodo prolongado. Explora otros sabores tentadores como el jugoso Peach Raspberry, el audaz Triple Berry, o el sabroso Sour Apple Ice.<\/p>\n<p>El vape GeekBar Skyview cuenta con una potente bater\u00eda de 800mAh y una generosa capacidad de 18mL de e-l\u00edquido, asegurando un rendimiento duradero y un sabor consistente en cada calada. Con tres modos de vapeo ajustables - Soft, Norm y Pulse - puedes personalizar tu experiencia de vapeo para adaptarla a tus preferencias. La avanzada bobina de doble malla y el sistema de calentamiento de doble n\u00facleo trabajan juntos para proporcionar una extracci\u00f3n de sabor \u00f3ptima y una producci\u00f3n de vapor suave y satisfactoria.<\/p>\n<h2><strong><a href=\"https:\/\/www.vapeswholesaler.com\/es\/marca_producto\/geekbar\/\">Geek Bar<\/a> Skyview 25K Feature:<\/strong><\/h2>\n<ul>\n<li>E-l\u00edquido precargado de 16mL<\/li>\n<li>5% (50mg) Potencia de nicotina<\/li>\n<li>Bater\u00eda recargable Type-C de 800 mAh<\/li>\n<li>Aproximadamente 25.000 Puffs<\/li>\n<li>Tres opciones de modo de vapeo<\/li>\n<li>Suave - 12W<\/li>\n<li>Norma - 18W<\/li>\n<li>Pulso - 25W<\/li>\n<li>Bobina de malla doble<\/li>\n<li>Pantalla TFT inteligente de 1,8 pulgadas m\u00e1s grande que grande<\/li>\n<li>5 interfaces de dise\u00f1o de interfaz de usuario \u00fanicas<\/li>\n<li>Nivel de bater\u00eda, modo de vapeo, nivel de e-l\u00edquido<\/li>\n<li>Calefacci\u00f3n de doble n\u00facleo<\/li>\n<li>VPU Interior<\/li>\n<\/ul>\n<h2><strong>Geek Bar Skyview 25000 Sabores:<\/strong><\/h2>\n<ol>\n<li>Blackberry Fcuking Fab<\/li>\n<li>Hielo Razz Azul<\/li>\n<li>Cereza Lim\u00f3n Menta<\/li>\n<li>Cereza Strazz<\/li>\n<li>Hielo de uva<\/li>\n<li>Casa de la Moneda de Miami<\/li>\n<li>Granizado de melocot\u00f3n azul<\/li>\n<li>Melocot\u00f3n Frambuesa<\/li>\n<li>Caminante del cielo<\/li>\n<li>Hielo de manzana \u00e1cida<\/li>\n<li>Sand\u00eda agria Blue Razz<\/li>\n<li>Fresa Pl\u00e1tano<\/li>\n<li>Fresa helada<\/li>\n<li>Fresa Sand\u00eda Coco<\/li>\n<li>Triple baya<\/li>\n<li>B-Pop retorcido<\/li>\n<\/ol>\n<p><strong>Detalles del embalaje:<\/strong><br \/>\n1ps en una caja peque\u00f1a<\/p>\n<figure id=\"attachment_16669\" aria-describedby=\"caption-attachment-16669\" style=\"width: 800px\" class=\"wp-caption alignnone\"><img loading=\"lazy\" decoding=\"async\" class=\"wp-image-16669 size-full\" title=\"Mayorista Geekbar Skyview 25K Vape desechable 7\" src=\"https:\/\/www.vapeswholesaler.com\/wp-content\/uploads\/2024\/06\/Wholesale-Geekbar-Skyview-25K-Disposable-vape-7.jpg\" alt=\"Mayorista Geekbar Skyview 25K Vape desechable 7\" width=\"800\" height=\"800\" srcset=\"https:\/\/www.vapeswholesaler.com\/wp-content\/uploads\/2024\/06\/Wholesale-Geekbar-Skyview-25K-Disposable-vape-7.jpg 800w, https:\/\/www.vapeswholesaler.com\/wp-content\/uploads\/2024\/06\/Wholesale-Geekbar-Skyview-25K-Disposable-vape-7-300x300.jpg 300w, https:\/\/www.vapeswholesaler.com\/wp-content\/uploads\/2024\/06\/Wholesale-Geekbar-Skyview-25K-Disposable-vape-7-150x150.jpg 150w, https:\/\/www.vapeswholesaler.com\/wp-content\/uploads\/2024\/06\/Wholesale-Geekbar-Skyview-25K-Disposable-vape-7-768x768.jpg 768w, https:\/\/www.vapeswholesaler.com\/wp-content\/uploads\/2024\/06\/Wholesale-Geekbar-Skyview-25K-Disposable-vape-7-12x12.jpg 12w, https:\/\/www.vapeswholesaler.com\/wp-content\/uploads\/2024\/06\/Wholesale-Geekbar-Skyview-25K-Disposable-vape-7-247x247.jpg 247w, https:\/\/www.vapeswholesaler.com\/wp-content\/uploads\/2024\/06\/Wholesale-Geekbar-Skyview-25K-Disposable-vape-7-510x510.jpg 510w, https:\/\/www.vapeswholesaler.com\/wp-content\/uploads\/2024\/06\/Wholesale-Geekbar-Skyview-25K-Disposable-vape-7-100x100.jpg 100w\" sizes=\"auto, (max-width: 800px) 100vw, 800px\" \/><figcaption id=\"caption-attachment-16669\" class=\"wp-caption-text\">Mayorista Geekbar Skyview 25K Vape desechable<\/figcaption><\/figure>","protected":false},"excerpt":{"rendered":"<p><span data-slate-fragment=\"JTVCJTdCJTIydHlwZSUyMiUzQSUyMnBhcmFncmFwaCUyMiUyQyUyMmNoaWxkcmVuJTIyJTNBJTVCJTdCJTIyaWQlMjIlM0ElMjIwQkF6V1hKNjV2JTIyJTJDJTIycGFyYUlkeCUyMiUzQTAlMkMlMjJzcmMlMjIlM0ElMjJNaW5pbXVtJTIwT3JkZXIlMjBRdWFudGl0eSUzQSUyMDEwMDAwJTIwUENTJTIwKE1peCUyMEZsYXZvcnMpJTIyJTJDJTIyZHN0JTIyJTNBJTIyJUU2JTlDJTgwJUU0JUJEJThFJUU4JUFFJUEyJUU4JUI0JUFEJUU5JTg3JThGJUVGJUJDJTlBMTAwMDAlRTQlQkIlQjYlRUYlQkMlODglRTYlQjclQjclRTUlOTAlODglRTUlOEYlQTMlRTUlOTElQjMlRUYlQkMlODklMjIlMkMlMjJtZXRhZGF0YSUyMiUzQSUyMiUyMiUyQyUyMm1ldGFEYXRhJTIyJTNBJTVCJTVEJTJDJTIydGV4dCUyMiUzQSUyMk1pbmltdW0lMjBPcmRlciUyMFF1YW50aXR5JTNBJTIwMTAwMDAlMjBQQ1MlMjAoTWl4JTIwRmxhdm9ycyklMjIlN0QlNUQlN0QlNUQ=\">Cantidad m\u00ednima de pedido: <em><strong>10000<\/strong> <\/em>PCS (Mezcla de sabores)\u00a0 <strong>Env\u00edo gratuito<\/strong><\/span><\/p>\n<p>\uff08<strong>2%,5% Nic <\/strong>)<\/p>","protected":false},"featured_media":16663,"comment_status":"open","ping_status":"closed","template":"","meta":[],"product_cat":[15],"product_tag":[],"class_list":{"0":"post-16670","1":"product","2":"type-product","3":"status-publish","4":"has-post-thumbnail","6":"product_cat-disposable-vape","7":"product_brand-geekbar","9":"first","10":"instock","11":"shipping-taxable","12":"purchasable","13":"product-type-variable","14":"has-default-attributes"},"aioseo_notices":[],"_links":{"self":[{"href":"https:\/\/www.vapeswholesaler.com\/es\/wp-json\/wp\/v2\/product\/16670","targetHints":{"allow":["GET"]}}],"collection":[{"href":"https:\/\/www.vapeswholesaler.com\/es\/wp-json\/wp\/v2\/product"}],"about":[{"href":"https:\/\/www.vapeswholesaler.com\/es\/wp-json\/wp\/v2\/types\/product"}],"replies":[{"embeddable":true,"href":"https:\/\/www.vapeswholesaler.com\/es\/wp-json\/wp\/v2\/comments?post=16670"}],"wp:featuredmedia":[{"embeddable":true,"href":"https:\/\/www.vapeswholesaler.com\/es\/wp-json\/wp\/v2\/media\/16663"}],"wp:attachment":[{"href":"https:\/\/www.vapeswholesaler.com\/es\/wp-json\/wp\/v2\/media?parent=16670"}],"wp:term":[{"taxonomy":"product_cat","embeddable":true,"href":"https:\/\/www.vapeswholesaler.com\/es\/wp-json\/wp\/v2\/product_cat?post=16670"},{"taxonomy":"product_tag","embeddable":true,"href":"https:\/\/www.vapeswholesaler.com\/es\/wp-json\/wp\/v2\/product_tag?post=16670"}],"curies":[{"name":"wp","href":"https:\/\/api.w.org\/{rel}","templated":true}]}}