{"id":16642,"date":"2024-06-17T17:50:12","date_gmt":"2024-06-17T09:50:12","guid":{"rendered":"https:\/\/www.vapeswholesaler.com\/?post_type=product&#038;p=16642"},"modified":"2025-03-05T14:41:37","modified_gmt":"2025-03-05T06:41:37","slug":"venta-al-por-mayor-lavie-energy-box-15000-puffs-vape-desechable","status":"publish","type":"product","link":"https:\/\/www.vapeswholesaler.com\/es\/producto\/venta-al-por-mayor-lavie-energy-box-15000-puffs-vape-desechable","title":{"rendered":"Mayorista LAVIE Energy box 15000 Puffs Vape desechable"},"content":{"rendered":"<p><a href=\"https:\/\/www.vapeswholesaler.com\/es\/marca_producto\/lavie\/\">LAVIE<\/a> Energy Box 15000 Puffs es un dispositivo de vapeo desechable equipado con un indicador de nivel de bater\u00eda y e-zumo. Equipado con una bater\u00eda de alto rendimiento de 600m Ah para garantizar una larga duraci\u00f3n de la bater\u00eda, lo que le permite disfrutar de vapear sin necesidad de cargas frecuentes. Al mismo tiempo, su dep\u00f3sito de combustible de 23ml de capacidad garantiza un tiempo de vapeo prolongado para que disfrutes al m\u00e1ximo. Tambi\u00e9n ofrece una variedad de opciones de contenido de nicotina de 2%\/5% para satisfacer las necesidades de todo tipo de fumadores. Su variada selecci\u00f3n de sabores es igualmente impresionante, con 12 sabores cl\u00e1sicos refrescantes, desde el tabaco tradicional a mezclas afrutadas, asegurando que hay algo para todos.<\/p>\n<p>Acerca de LAVIE Energy Box 15000 Puffs apoyamos el servicio del OEM, cada sabor s\u00f3lo necesita 1000pcs, MOQ 5K, por favor p\u00f3ngase en contacto con nosotros en cualquier momento si usted tiene interesante.<\/p>\n<h2><strong>Caracter\u00edsticas de los productos:<\/strong><\/h2>\n<ul>\n<li>Puffs:15000 Puffs disponibles por dispositivo<\/li>\n<li>Nicotina:2%\/5%<\/li>\n<li>Capacidad del E-jugo:20ML<\/li>\n<li>Resistencia: 1.0\u03a9<\/li>\n<li>Bater\u00eda:600mAh<\/li>\n<li>Puerto de carga:Tipo-C<\/li>\n<\/ul>\n<h2><strong>Sabores disponibles:<\/strong><\/h2>\n<ol>\n<li>Hielo de sand\u00eda<\/li>\n<li>Menta sand\u00eda<\/li>\n<li>Sand\u00eda con fresa<\/li>\n<li>Hielo de menta<\/li>\n<li>Hielo de mora<\/li>\n<li>Lim\u00f3n Cola<\/li>\n<li>Fresa Kiwi<\/li>\n<li>Hielo de uva<\/li>\n<li>Uva Frambuesa<\/li>\n<li>Manzana doble<\/li>\n<li>Melocot\u00f3n helado<\/li>\n<li>Helados<\/li>\n<\/ol>\n<h2><strong>Detalles del embalaje:<\/strong><\/h2>\n<p>1PCS en una caja peque\u00f1a<br \/>\n10 unidades en caja mediana<br \/>\nCANT.: 200 unidades\/ctn<br \/>\nPeso: 16 kg<\/p>\n<figure id=\"attachment_16628\" aria-describedby=\"caption-attachment-16628\" style=\"width: 800px\" class=\"wp-caption alignnone\"><img loading=\"lazy\" decoding=\"async\" class=\"wp-image-16628 size-full\" title=\"Venta al Mayor LAVIE Energy box 15000 Puffs Vape desechable 2\" src=\"https:\/\/www.vapeswholesaler.com\/wp-content\/uploads\/2024\/06\/Wholesale-LAVIE-Energy-box-15000-Puffs-Disposable-vape-2.jpg\" alt=\"Venta al Mayor LAVIE Energy box 15000 Puffs Vape desechable 2\" width=\"800\" height=\"550\" srcset=\"https:\/\/www.vapeswholesaler.com\/wp-content\/uploads\/2024\/06\/Wholesale-LAVIE-Energy-box-15000-Puffs-Disposable-vape-2.jpg 800w, https:\/\/www.vapeswholesaler.com\/wp-content\/uploads\/2024\/06\/Wholesale-LAVIE-Energy-box-15000-Puffs-Disposable-vape-2-300x206.jpg 300w, https:\/\/www.vapeswholesaler.com\/wp-content\/uploads\/2024\/06\/Wholesale-LAVIE-Energy-box-15000-Puffs-Disposable-vape-2-768x528.jpg 768w, https:\/\/www.vapeswholesaler.com\/wp-content\/uploads\/2024\/06\/Wholesale-LAVIE-Energy-box-15000-Puffs-Disposable-vape-2-18x12.jpg 18w, https:\/\/www.vapeswholesaler.com\/wp-content\/uploads\/2024\/06\/Wholesale-LAVIE-Energy-box-15000-Puffs-Disposable-vape-2-510x351.jpg 510w\" sizes=\"auto, (max-width: 800px) 100vw, 800px\" \/><figcaption id=\"caption-attachment-16628\" class=\"wp-caption-text\">Mayorista LAVIE Energy box 15000 Puffs Vape desechable<\/figcaption><\/figure>\n<figure id=\"attachment_16629\" aria-describedby=\"caption-attachment-16629\" style=\"width: 1000px\" class=\"wp-caption alignnone\"><img loading=\"lazy\" decoding=\"async\" class=\"wp-image-16629 size-full\" title=\"Mayorista LAVIE Energy box 15000 Puffs Vape desechable 3\" src=\"https:\/\/www.vapeswholesaler.com\/wp-content\/uploads\/2024\/06\/Wholesale-LAVIE-Energy-box-15000-Puffs-Disposable-vape-3.jpg\" alt=\"Mayorista LAVIE Energy box 15000 Puffs Vape desechable 3\" width=\"1000\" height=\"1947\" srcset=\"https:\/\/www.vapeswholesaler.com\/wp-content\/uploads\/2024\/06\/Wholesale-LAVIE-Energy-box-15000-Puffs-Disposable-vape-3.jpg 1000w, https:\/\/www.vapeswholesaler.com\/wp-content\/uploads\/2024\/06\/Wholesale-LAVIE-Energy-box-15000-Puffs-Disposable-vape-3-154x300.jpg 154w, https:\/\/www.vapeswholesaler.com\/wp-content\/uploads\/2024\/06\/Wholesale-LAVIE-Energy-box-15000-Puffs-Disposable-vape-3-526x1024.jpg 526w, https:\/\/www.vapeswholesaler.com\/wp-content\/uploads\/2024\/06\/Wholesale-LAVIE-Energy-box-15000-Puffs-Disposable-vape-3-768x1495.jpg 768w, https:\/\/www.vapeswholesaler.com\/wp-content\/uploads\/2024\/06\/Wholesale-LAVIE-Energy-box-15000-Puffs-Disposable-vape-3-789x1536.jpg 789w, https:\/\/www.vapeswholesaler.com\/wp-content\/uploads\/2024\/06\/Wholesale-LAVIE-Energy-box-15000-Puffs-Disposable-vape-3-6x12.jpg 6w, https:\/\/www.vapeswholesaler.com\/wp-content\/uploads\/2024\/06\/Wholesale-LAVIE-Energy-box-15000-Puffs-Disposable-vape-3-510x993.jpg 510w\" sizes=\"auto, (max-width: 1000px) 100vw, 1000px\" \/><figcaption id=\"caption-attachment-16629\" class=\"wp-caption-text\">Mayorista LAVIE Energy box 15000 Puffs Vape desechable<\/figcaption><\/figure>\n<figure id=\"attachment_16627\" aria-describedby=\"caption-attachment-16627\" style=\"width: 1000px\" class=\"wp-caption alignnone\"><img loading=\"lazy\" decoding=\"async\" class=\"wp-image-16627 size-full\" title=\"Venta al Mayor LAVIE Energy box 15000 Puffs Vape desechable 1\" src=\"https:\/\/www.vapeswholesaler.com\/wp-content\/uploads\/2024\/06\/Wholesale-LAVIE-Energy-box-15000-Puffs-Disposable-vape-1.jpg\" alt=\"Venta al Mayor LAVIE Energy box 15000 Puffs Vape desechable 1\" width=\"1000\" height=\"706\" srcset=\"https:\/\/www.vapeswholesaler.com\/wp-content\/uploads\/2024\/06\/Wholesale-LAVIE-Energy-box-15000-Puffs-Disposable-vape-1.jpg 1000w, https:\/\/www.vapeswholesaler.com\/wp-content\/uploads\/2024\/06\/Wholesale-LAVIE-Energy-box-15000-Puffs-Disposable-vape-1-300x212.jpg 300w, https:\/\/www.vapeswholesaler.com\/wp-content\/uploads\/2024\/06\/Wholesale-LAVIE-Energy-box-15000-Puffs-Disposable-vape-1-768x542.jpg 768w, https:\/\/www.vapeswholesaler.com\/wp-content\/uploads\/2024\/06\/Wholesale-LAVIE-Energy-box-15000-Puffs-Disposable-vape-1-18x12.jpg 18w, https:\/\/www.vapeswholesaler.com\/wp-content\/uploads\/2024\/06\/Wholesale-LAVIE-Energy-box-15000-Puffs-Disposable-vape-1-510x360.jpg 510w\" sizes=\"auto, (max-width: 1000px) 100vw, 1000px\" \/><figcaption id=\"caption-attachment-16627\" class=\"wp-caption-text\">Mayorista LAVIE Energy box 15000 Puffs Vape desechable<\/figcaption><\/figure>","protected":false},"excerpt":{"rendered":"<p>Cantidad m\u00ednima de pedido:\u00a0<strong>50 UNIDADES<\/strong>\u00a0(Mezcla de sabores)\u00a0\u00a0<strong>Env\u00edo gratuito<\/strong><\/p>\n<p>(<strong>2%, 5% Nic<\/strong>)<\/p>","protected":false},"featured_media":16636,"comment_status":"open","ping_status":"closed","template":"","meta":[],"product_cat":[15],"product_tag":[],"class_list":{"0":"post-16642","1":"product","2":"type-product","3":"status-publish","4":"has-post-thumbnail","6":"product_cat-disposable-vape","7":"product_brand-lavie","9":"first","10":"instock","11":"shipping-taxable","12":"purchasable","13":"product-type-variable","14":"has-default-attributes"},"aioseo_notices":[],"_links":{"self":[{"href":"https:\/\/www.vapeswholesaler.com\/es\/wp-json\/wp\/v2\/product\/16642","targetHints":{"allow":["GET"]}}],"collection":[{"href":"https:\/\/www.vapeswholesaler.com\/es\/wp-json\/wp\/v2\/product"}],"about":[{"href":"https:\/\/www.vapeswholesaler.com\/es\/wp-json\/wp\/v2\/types\/product"}],"replies":[{"embeddable":true,"href":"https:\/\/www.vapeswholesaler.com\/es\/wp-json\/wp\/v2\/comments?post=16642"}],"wp:featuredmedia":[{"embeddable":true,"href":"https:\/\/www.vapeswholesaler.com\/es\/wp-json\/wp\/v2\/media\/16636"}],"wp:attachment":[{"href":"https:\/\/www.vapeswholesaler.com\/es\/wp-json\/wp\/v2\/media?parent=16642"}],"wp:term":[{"taxonomy":"product_cat","embeddable":true,"href":"https:\/\/www.vapeswholesaler.com\/es\/wp-json\/wp\/v2\/product_cat?post=16642"},{"taxonomy":"product_tag","embeddable":true,"href":"https:\/\/www.vapeswholesaler.com\/es\/wp-json\/wp\/v2\/product_tag?post=16642"}],"curies":[{"name":"wp","href":"https:\/\/api.w.org\/{rel}","templated":true}]}}