{"id":16571,"date":"2024-06-17T11:30:42","date_gmt":"2024-06-17T03:30:42","guid":{"rendered":"https:\/\/www.vapeswholesaler.com\/?post_type=product&#038;p=16571"},"modified":"2025-02-23T16:40:59","modified_gmt":"2025-02-23T08:40:59","slug":"venta-al-por-mayor-aivono-aim-tank-9500-puffs-vape-desechable","status":"publish","type":"product","link":"https:\/\/www.vapeswholesaler.com\/es\/producto\/venta-al-por-mayor-aivono-aim-tank-9500-puffs-vape-desechable","title":{"rendered":"Mayorista AIVONO AIM TANK 9500 Puffs Vape Desechable"},"content":{"rendered":"<p><a href=\"https:\/\/www.vapeswholesaler.com\/es\/marca_producto\/aivono\/\">AIVONO<\/a> AIM TANK 9500 Puffs: un dispositivo de vapeo elegante y de gran capacidad que combina moda y funcionalidad. Con su moderno exterior inspirado en los dibujos animados y la pantalla LED que muestra la duraci\u00f3n restante de la bater\u00eda, este dispositivo es tan atractivo visualmente como pr\u00e1ctico. Con una impresionante capacidad de 9500 caladas y una amplia variedad de sabores entre los que elegir, el AIVONO AIM TANK 9500 garantiza una experiencia de vapeo duradera y llena de sabor. Abrace la mezcla perfecta de estilo y rendimiento con el AIVONO AIM TANK 9500 Puffs, dise\u00f1ado para satisfacer sus antojos de una manera de moda. AIVONO AIM TANK 9500 Puffs es un dispositivo de vapeo desechable con capacidad para 18ml de e-l\u00edquido precargado y bater\u00eda de 650mAh. Vapea. Experimenta hasta 9500 Puffs.<\/p>\n<p>El AIVONO AIM-TANK 9500 Puffs tambi\u00e9n viene con una funci\u00f3n de bloqueo para ni\u00f1os para un uso seguro, una pantalla a color que muestra la carga de la bater\u00eda y el volumen de e-l\u00edquido, y opciones de potencia ajustables. Puedes elegir entre 11w para 9500 puffs o 16w para 7000 puffs seg\u00fan tus preferencias.<\/p>\n<h2><strong>AIVONO AIM TANK 9500 Puffs Caracter\u00edsticas:<\/strong><\/h2>\n<ul>\n<li>Puffs:9500<\/li>\n<li>N\u00facleo: Bobina de malla 1.2ohm<\/li>\n<li>E-l\u00edquido:18ml<\/li>\n<li>Nicotine:0%\/2%\/5%<\/li>\n<li>Bater\u00eda:13400-650mah<\/li>\n<li>Recargable:Tipo-C<\/li>\n<li>Tama\u00f1o de los productos: 50*80*25 mm<\/li>\n<li>OEM, ODM bienvenido<\/li>\n<\/ul>\n<h2><strong>Sabores disponibles:<\/strong><\/h2>\n<ol>\n<li>Sand\u00eda con fresas<\/li>\n<li>Mango pi\u00f1a<\/li>\n<li>Menta lim\u00f3n<\/li>\n<li>Uva Sakura<\/li>\n<li>Fresa kiwi<\/li>\n<li>Raspa de ar\u00e1ndano<\/li>\n<li>hielo de sand\u00eda<\/li>\n<li>Mel\u00f3n cereza<\/li>\n<li>Chicle de sand\u00eda<\/li>\n<li>Manzana baya<\/li>\n<li>Malvas\u00eda azul<\/li>\n<li>Melocot\u00f3n pera<\/li>\n<li>hielo de pi\u00f1a y coco<\/li>\n<li>Hielo de fresa<\/li>\n<li>Mango tropical<\/li>\n<\/ol>\n<p><strong>Detalles del embalaje:<\/strong><\/p>\n<p>Peso del producto: 75 g<br \/>\nTama\u00f1o de la caja peque\u00f1a: 55*100*30 mm<br \/>\nTama\u00f1o de la caja central: 113*103*155 mm<br \/>\nCANT.: 200 unidades\/ctn<br \/>\nPeso: 16 kg<br \/>\nTama\u00f1o de la caja : 58*35*35cm<\/p>\n<p>&nbsp;<\/p>\n<figure style=\"width: 1000px\" class=\"wp-caption alignnone\"><img loading=\"lazy\" decoding=\"async\" class=\"wp-image-16554 size-full\" title=\"Mayorista AIVINO AIM TANK 9500 Puffs Vape Desechable 1\" src=\"https:\/\/www.vapeswholesaler.com\/wp-content\/uploads\/2024\/06\/Wholesale-AIVINO-AIM-TANK-9500-Puffs-Disposable-Vape-1.jpg\" alt=\"Mayorista AIVINO AIM TANK 9500 Puffs Vape Desechable 1\" width=\"1000\" height=\"1864\" srcset=\"https:\/\/www.vapeswholesaler.com\/wp-content\/uploads\/2024\/06\/Wholesale-AIVINO-AIM-TANK-9500-Puffs-Disposable-Vape-1.jpg 1000w, https:\/\/www.vapeswholesaler.com\/wp-content\/uploads\/2024\/06\/Wholesale-AIVINO-AIM-TANK-9500-Puffs-Disposable-Vape-1-161x300.jpg 161w, https:\/\/www.vapeswholesaler.com\/wp-content\/uploads\/2024\/06\/Wholesale-AIVINO-AIM-TANK-9500-Puffs-Disposable-Vape-1-549x1024.jpg 549w, https:\/\/www.vapeswholesaler.com\/wp-content\/uploads\/2024\/06\/Wholesale-AIVINO-AIM-TANK-9500-Puffs-Disposable-Vape-1-768x1432.jpg 768w, https:\/\/www.vapeswholesaler.com\/wp-content\/uploads\/2024\/06\/Wholesale-AIVINO-AIM-TANK-9500-Puffs-Disposable-Vape-1-824x1536.jpg 824w, https:\/\/www.vapeswholesaler.com\/wp-content\/uploads\/2024\/06\/Wholesale-AIVINO-AIM-TANK-9500-Puffs-Disposable-Vape-1-6x12.jpg 6w, https:\/\/www.vapeswholesaler.com\/wp-content\/uploads\/2024\/06\/Wholesale-AIVINO-AIM-TANK-9500-Puffs-Disposable-Vape-1-510x951.jpg 510w\" sizes=\"auto, (max-width: 1000px) 100vw, 1000px\" \/><figcaption class=\"wp-caption-text\">Mayorista AIVINO AIM TANK 9500 Puffs Vape Desechable<\/figcaption><\/figure>\n<p>&nbsp;<\/p>\n<figure id=\"attachment_16555\" aria-describedby=\"caption-attachment-16555\" style=\"width: 1000px\" class=\"wp-caption alignnone\"><img loading=\"lazy\" decoding=\"async\" class=\"wp-image-16555 size-full\" title=\"Mayorista AIVINO AIM TANK 9500 Puffs Desechables Vape 2\" src=\"https:\/\/www.vapeswholesaler.com\/wp-content\/uploads\/2024\/06\/Wholesale-AIVINO-AIM-TANK-9500-Puffs-Disposable-Vape-2.jpg\" alt=\"Mayorista AIVINO AIM TANK 9500 Puffs Desechables Vape 2\" width=\"1000\" height=\"1500\" srcset=\"https:\/\/www.vapeswholesaler.com\/wp-content\/uploads\/2024\/06\/Wholesale-AIVINO-AIM-TANK-9500-Puffs-Disposable-Vape-2.jpg 1000w, https:\/\/www.vapeswholesaler.com\/wp-content\/uploads\/2024\/06\/Wholesale-AIVINO-AIM-TANK-9500-Puffs-Disposable-Vape-2-200x300.jpg 200w, https:\/\/www.vapeswholesaler.com\/wp-content\/uploads\/2024\/06\/Wholesale-AIVINO-AIM-TANK-9500-Puffs-Disposable-Vape-2-683x1024.jpg 683w, https:\/\/www.vapeswholesaler.com\/wp-content\/uploads\/2024\/06\/Wholesale-AIVINO-AIM-TANK-9500-Puffs-Disposable-Vape-2-768x1152.jpg 768w, https:\/\/www.vapeswholesaler.com\/wp-content\/uploads\/2024\/06\/Wholesale-AIVINO-AIM-TANK-9500-Puffs-Disposable-Vape-2-8x12.jpg 8w, https:\/\/www.vapeswholesaler.com\/wp-content\/uploads\/2024\/06\/Wholesale-AIVINO-AIM-TANK-9500-Puffs-Disposable-Vape-2-510x765.jpg 510w\" sizes=\"auto, (max-width: 1000px) 100vw, 1000px\" \/><figcaption id=\"caption-attachment-16555\" class=\"wp-caption-text\">Mayorista AIVINO AIM TANK 9500 Puffs Vape Desechable<\/figcaption><\/figure>","protected":false},"excerpt":{"rendered":"<p>Cantidad m\u00ednima de pedido:\u00a0<strong>50PCS<\/strong>\u00a0(Mezcla de sabores)\u00a0\u00a0<strong>Env\u00edo gratuito<\/strong><\/p>\n<p>(<strong>2%, 5% Nic<\/strong>)<\/p>","protected":false},"featured_media":16558,"comment_status":"open","ping_status":"closed","template":"","meta":[],"product_cat":[15],"product_tag":[],"class_list":{"0":"post-16571","1":"product","2":"type-product","3":"status-publish","4":"has-post-thumbnail","6":"product_cat-disposable-vape","7":"product_brand-aivono","9":"first","10":"instock","11":"shipping-taxable","12":"purchasable","13":"product-type-variable","14":"has-default-attributes"},"aioseo_notices":[],"_links":{"self":[{"href":"https:\/\/www.vapeswholesaler.com\/es\/wp-json\/wp\/v2\/product\/16571","targetHints":{"allow":["GET"]}}],"collection":[{"href":"https:\/\/www.vapeswholesaler.com\/es\/wp-json\/wp\/v2\/product"}],"about":[{"href":"https:\/\/www.vapeswholesaler.com\/es\/wp-json\/wp\/v2\/types\/product"}],"replies":[{"embeddable":true,"href":"https:\/\/www.vapeswholesaler.com\/es\/wp-json\/wp\/v2\/comments?post=16571"}],"wp:featuredmedia":[{"embeddable":true,"href":"https:\/\/www.vapeswholesaler.com\/es\/wp-json\/wp\/v2\/media\/16558"}],"wp:attachment":[{"href":"https:\/\/www.vapeswholesaler.com\/es\/wp-json\/wp\/v2\/media?parent=16571"}],"wp:term":[{"taxonomy":"product_cat","embeddable":true,"href":"https:\/\/www.vapeswholesaler.com\/es\/wp-json\/wp\/v2\/product_cat?post=16571"},{"taxonomy":"product_tag","embeddable":true,"href":"https:\/\/www.vapeswholesaler.com\/es\/wp-json\/wp\/v2\/product_tag?post=16571"}],"curies":[{"name":"wp","href":"https:\/\/api.w.org\/{rel}","templated":true}]}}