{"id":16355,"date":"2024-06-14T15:23:10","date_gmt":"2024-06-14T07:23:10","guid":{"rendered":"https:\/\/www.vapeswholesaler.com\/?post_type=product&#038;p=16355"},"modified":"2025-03-05T14:43:20","modified_gmt":"2025-03-05T06:43:20","slug":"mayorista-lavie-eternal-10000-puffs-vape-desechable","status":"publish","type":"product","link":"https:\/\/www.vapeswholesaler.com\/es\/producto\/mayorista-lavie-eternal-10000-puffs-vape-desechable","title":{"rendered":"Mayorista Lavie Eternal 10000 Puffs Vape Desechable"},"content":{"rendered":"<p>LAVIE ETERNAL 10000 es un vapeador recargable desechable con un dise\u00f1o moderno y novedoso, muy empresarial. Tiene una pantalla que puede mostrar la potencia y el nivel de combustible. Tiene una carcasa de metal y se siente bien en la mano. Tambi\u00e9n hemos desarrollado 12 maravillosos sabores espec\u00edficamente basados en este dispositivo, con una sensaci\u00f3n suave y sabor fuerte. La bater\u00eda es recargable y tiene una duraci\u00f3n m\u00e1xima de 10000 caladas.<\/p>\n<h2><strong>LAVIE ETERNAL 10000 Puffs:<\/strong><\/h2>\n<ul>\n<li>Tama\u00f1o: 29,7*21,7*113,7 mm<\/li>\n<li>Bater\u00eda: 550 mAh<\/li>\n<li>Puffs: 10000 puff<\/li>\n<li>Capacidad de eliquid: 18 ml<\/li>\n<li>Sal Nic.2%,5%.OEM<\/li>\n<li>Peso neto: 56 g<\/li>\n<li>Peso bruto: 65 g<\/li>\n<li>Bobina de malla: Malla 1.0\u03a9<\/li>\n<li>Material: Aleaci\u00f3n de aluminio+PCTG<\/li>\n<\/ul>\n<h2><strong>Sabores disponibles:<\/strong><\/h2>\n<ol>\n<li>Caf\u00e9<\/li>\n<li>sand\u00eda<\/li>\n<li>Uva morada<\/li>\n<li>Manzana doble<\/li>\n<li>Menta<\/li>\n<li>Mango<\/li>\n<li>Fruta de la pasi\u00f3n<\/li>\n<li>Lim\u00f3n Cola<\/li>\n<li>Mojto<\/li>\n<li>Yakult<\/li>\n<li>Fresa Mango<\/li>\n<li>Mezcla de bayas<\/li>\n<\/ol>\n<h2><strong>Detalles del embalaje:<\/strong><\/h2>\n<p>10pcs\/ Caja Med<br \/>\nMEDIDAS: 375*260*278mm<br \/>\nCANT.: 200 unidades\/caja<br \/>\nGW: 14KG<\/p>\n<figure id=\"attachment_16354\" aria-describedby=\"caption-attachment-16354\" style=\"width: 800px\" class=\"wp-caption alignnone\"><img loading=\"lazy\" decoding=\"async\" class=\"wp-image-16354 size-full\" title=\"Mayorista Lavie Eternal 10000 Puffs Vape Desechable\" src=\"https:\/\/www.vapeswholesaler.com\/wp-content\/uploads\/2024\/06\/Wholesale-Lavie-Eternal-10000-Puffs-Disposable-Vape.webp\" alt=\"Mayorista Lavie Eternal 10000 Puffs Vape Desechable\" width=\"800\" height=\"382\" srcset=\"https:\/\/www.vapeswholesaler.com\/wp-content\/uploads\/2024\/06\/Wholesale-Lavie-Eternal-10000-Puffs-Disposable-Vape.webp 800w, https:\/\/www.vapeswholesaler.com\/wp-content\/uploads\/2024\/06\/Wholesale-Lavie-Eternal-10000-Puffs-Disposable-Vape-300x143.webp 300w, https:\/\/www.vapeswholesaler.com\/wp-content\/uploads\/2024\/06\/Wholesale-Lavie-Eternal-10000-Puffs-Disposable-Vape-768x367.webp 768w, https:\/\/www.vapeswholesaler.com\/wp-content\/uploads\/2024\/06\/Wholesale-Lavie-Eternal-10000-Puffs-Disposable-Vape-18x9.webp 18w, https:\/\/www.vapeswholesaler.com\/wp-content\/uploads\/2024\/06\/Wholesale-Lavie-Eternal-10000-Puffs-Disposable-Vape-510x244.webp 510w\" sizes=\"auto, (max-width: 800px) 100vw, 800px\" \/><figcaption id=\"caption-attachment-16354\" class=\"wp-caption-text\">Mayorista Lavie Eternal 10000 Puffs Vape Desechable<\/figcaption><\/figure>\n<p>&nbsp;<\/p>","protected":false},"excerpt":{"rendered":"<p>Cantidad m\u00ednima de pedido:\u00a0<strong>50PCS<\/strong>\u00a0(Mezcla de sabores)\u00a0\u00a0<strong>Env\u00edo gratuito<\/strong><\/p>\n<p>(<strong>2%, 5% Nic<\/strong>)<\/p>","protected":false},"featured_media":16352,"comment_status":"open","ping_status":"closed","template":"","meta":[],"product_cat":[15],"product_tag":[],"class_list":{"0":"post-16355","1":"product","2":"type-product","3":"status-publish","4":"has-post-thumbnail","6":"product_cat-disposable-vape","7":"product_brand-lavie","9":"first","10":"instock","11":"shipping-taxable","12":"purchasable","13":"product-type-variable","14":"has-default-attributes"},"aioseo_notices":[],"_links":{"self":[{"href":"https:\/\/www.vapeswholesaler.com\/es\/wp-json\/wp\/v2\/product\/16355","targetHints":{"allow":["GET"]}}],"collection":[{"href":"https:\/\/www.vapeswholesaler.com\/es\/wp-json\/wp\/v2\/product"}],"about":[{"href":"https:\/\/www.vapeswholesaler.com\/es\/wp-json\/wp\/v2\/types\/product"}],"replies":[{"embeddable":true,"href":"https:\/\/www.vapeswholesaler.com\/es\/wp-json\/wp\/v2\/comments?post=16355"}],"wp:featuredmedia":[{"embeddable":true,"href":"https:\/\/www.vapeswholesaler.com\/es\/wp-json\/wp\/v2\/media\/16352"}],"wp:attachment":[{"href":"https:\/\/www.vapeswholesaler.com\/es\/wp-json\/wp\/v2\/media?parent=16355"}],"wp:term":[{"taxonomy":"product_cat","embeddable":true,"href":"https:\/\/www.vapeswholesaler.com\/es\/wp-json\/wp\/v2\/product_cat?post=16355"},{"taxonomy":"product_tag","embeddable":true,"href":"https:\/\/www.vapeswholesaler.com\/es\/wp-json\/wp\/v2\/product_tag?post=16355"}],"curies":[{"name":"wp","href":"https:\/\/api.w.org\/{rel}","templated":true}]}}