{"id":16322,"date":"2024-06-14T14:48:06","date_gmt":"2024-06-14T06:48:06","guid":{"rendered":"https:\/\/www.vapeswholesaler.com\/?post_type=product&#038;p=16322"},"modified":"2025-03-12T19:19:44","modified_gmt":"2025-03-12T11:19:44","slug":"venta-al-por-mayor-elf-bar-fs18000-puffs-desechables-vape","status":"publish","type":"product","link":"https:\/\/www.vapeswholesaler.com\/es\/producto\/venta-al-por-mayor-elf-bar-fs18000-puffs-desechables-vape","title":{"rendered":"Mayorista ELF BAR FS18000 Puffs Desechables Vape"},"content":{"rendered":"<p><a href=\"https:\/\/www.vapeswholesaler.com\/es\/marca_producto\/bar-duende\/\">BAR ELF<\/a> El Vape Desechable FS18000 inaugura una nueva era del vapeo con sus innovadores modos ajustables, su sistema de doble bobina de malla y una v\u00edvida interfaz de usuario de pantalla plana. Experimenta el vapeo como nunca antes con hasta 18.000 caladas y una selecci\u00f3n de 30 sabores tentadores.<\/p>\n<p>Vapeador desechable ELF BAR FS18000 Puff. Con modos ajustables, una bobina de malla dual, y una pantalla plana vibrante con una interfaz de usuario de colores, este vape desechable ofrece una experiencia de vapeo suave y sabrosa para un m\u00e1ximo de 18000 caladas.<\/p>\n<p>ELF BAR FS18000 Modos de Vapeo Dual: Elige entre el modo Boost para un sabor intenso o el modo Smooth para un mayor n\u00famero de caladas. Bobina Dual Mesh de \u00faltima generaci\u00f3n: Experimenta un vapor consistente y rico con cada calada.<br \/>\nPantalla plana f\u00e1cil de usar: Navegue por los ajustes y preferencias con una interfaz de usuario intuitiva y colorida.<br \/>\nIndicadores en tiempo real: Mantente informado con indicadores claros del nivel de bater\u00eda y e-l\u00edquido.<br \/>\nAmplia variedad de sabores: Del\u00e9itese con un espectro de 30 sabores diferentes adaptados a cualquier gusto.<\/p>\n<h2><strong>Puffs ELFBAR FS18000:<\/strong><\/h2>\n<ul>\n<li>Bater\u00eda integrada recargable<\/li>\n<li>Cantidad de caladas: Aproximadamente 18000 (Modo Suave)\/10000 Puffs (Modo Boost)<\/li>\n<li>Jugo electr\u00f3nico precargado<\/li>\n<li>Diferentes modos de vapeo: Modo Smooth\/Boost<\/li>\n<li>Pantalla plana con interfaz de usuario colorida<\/li>\n<li>Bobina de malla doble<\/li>\n<li>5%(50mg) Potencia de nicotina<\/li>\n<li>Carga USB Tipo-C (no incluida)<\/li>\n<li>Activado por dibujo<\/li>\n<li>MTL Vaping<\/li>\n<\/ul>\n<h2><strong>Sabores disponibles:<\/strong><\/h2>\n<ol>\n<li>Melocot\u00f3n helado<\/li>\n<li>Melocot\u00f3n baya<\/li>\n<li>Ar\u00e1ndano Frambuesa<\/li>\n<li>Sand\u00eda Lim\u00f3n<\/li>\n<li>Zarzamora Ar\u00e1ndano<\/li>\n<li>Limonada de cereza y melocot\u00f3n<\/li>\n<li>Naranja Sand\u00eda<\/li>\n<li>Ar\u00e1ndanos<\/li>\n<li>Menta lim\u00f3n<\/li>\n<li>Hielo de uva<\/li>\n<li>Chicle de sand\u00eda<\/li>\n<li>Manzana doble<\/li>\n<li>Hielo de sand\u00eda<\/li>\n<li>Kiwi Pi\u00f1a Helado<\/li>\n<li>Uva Cereza<\/li>\n<li>Granada Coco<\/li>\n<li>Bluberry Razz Lim\u00f3n<\/li>\n<li>Uva Frambuesa<\/li>\n<li>Fresa Uva<\/li>\n<\/ol>\n<h2>Detalles del embalaje:<\/h2>\n<p>0.11KG\/PCS, Individual con paquete peque\u00f1o<\/p>\n<p>10 unidades en caja mediana.<\/p>\n<p>200PCS en el cart\u00f3n principal, 22KG.<\/p>\n<p>&nbsp;<\/p>\n<figure style=\"width: 800px\" class=\"wp-caption alignnone\"><img loading=\"lazy\" decoding=\"async\" class=\"wp-image-16319 size-full\" title=\"Mayorista ELF BAR FS18000 Puffs Desechables Vape 5\" src=\"https:\/\/www.vapeswholesaler.com\/wp-content\/uploads\/2024\/06\/Wholesale-ELF-BAR-FS18000-Puffs-Disposable-Vape-5.webp\" alt=\"Mayorista ELF BAR FS18000 Puffs Desechables Vape 5\" width=\"800\" height=\"800\" srcset=\"https:\/\/www.vapeswholesaler.com\/wp-content\/uploads\/2024\/06\/Wholesale-ELF-BAR-FS18000-Puffs-Disposable-Vape-5.webp 800w, https:\/\/www.vapeswholesaler.com\/wp-content\/uploads\/2024\/06\/Wholesale-ELF-BAR-FS18000-Puffs-Disposable-Vape-5-300x300.webp 300w, https:\/\/www.vapeswholesaler.com\/wp-content\/uploads\/2024\/06\/Wholesale-ELF-BAR-FS18000-Puffs-Disposable-Vape-5-150x150.webp 150w, https:\/\/www.vapeswholesaler.com\/wp-content\/uploads\/2024\/06\/Wholesale-ELF-BAR-FS18000-Puffs-Disposable-Vape-5-768x768.webp 768w, https:\/\/www.vapeswholesaler.com\/wp-content\/uploads\/2024\/06\/Wholesale-ELF-BAR-FS18000-Puffs-Disposable-Vape-5-12x12.webp 12w, https:\/\/www.vapeswholesaler.com\/wp-content\/uploads\/2024\/06\/Wholesale-ELF-BAR-FS18000-Puffs-Disposable-Vape-5-247x247.webp 247w, https:\/\/www.vapeswholesaler.com\/wp-content\/uploads\/2024\/06\/Wholesale-ELF-BAR-FS18000-Puffs-Disposable-Vape-5-510x510.webp 510w, https:\/\/www.vapeswholesaler.com\/wp-content\/uploads\/2024\/06\/Wholesale-ELF-BAR-FS18000-Puffs-Disposable-Vape-5-100x100.webp 100w\" sizes=\"auto, (max-width: 800px) 100vw, 800px\" \/><figcaption class=\"wp-caption-text\">Mayorista ELF BAR FS18000 Puffs Desechables Vape<\/figcaption><\/figure>\n<p>&nbsp;<\/p>","protected":false},"excerpt":{"rendered":"<p>Cantidad m\u00ednima de pedido: <strong>5000<\/strong> PCS (Mezcla de sabores)\u00a0 <strong>Env\u00edo gratuito<\/strong><\/p>\n<p>\uff08<strong>2%\uff0c5% Nic <\/strong>)<\/p>","protected":false},"featured_media":16315,"comment_status":"open","ping_status":"closed","template":"","meta":[],"product_cat":[15],"product_tag":[],"class_list":{"0":"post-16322","1":"product","2":"type-product","3":"status-publish","4":"has-post-thumbnail","6":"product_cat-disposable-vape","7":"product_brand-elf-bar","9":"first","10":"outofstock","11":"shipping-taxable","12":"purchasable","13":"product-type-variable","14":"has-default-attributes"},"aioseo_notices":[],"_links":{"self":[{"href":"https:\/\/www.vapeswholesaler.com\/es\/wp-json\/wp\/v2\/product\/16322","targetHints":{"allow":["GET"]}}],"collection":[{"href":"https:\/\/www.vapeswholesaler.com\/es\/wp-json\/wp\/v2\/product"}],"about":[{"href":"https:\/\/www.vapeswholesaler.com\/es\/wp-json\/wp\/v2\/types\/product"}],"replies":[{"embeddable":true,"href":"https:\/\/www.vapeswholesaler.com\/es\/wp-json\/wp\/v2\/comments?post=16322"}],"wp:featuredmedia":[{"embeddable":true,"href":"https:\/\/www.vapeswholesaler.com\/es\/wp-json\/wp\/v2\/media\/16315"}],"wp:attachment":[{"href":"https:\/\/www.vapeswholesaler.com\/es\/wp-json\/wp\/v2\/media?parent=16322"}],"wp:term":[{"taxonomy":"product_cat","embeddable":true,"href":"https:\/\/www.vapeswholesaler.com\/es\/wp-json\/wp\/v2\/product_cat?post=16322"},{"taxonomy":"product_tag","embeddable":true,"href":"https:\/\/www.vapeswholesaler.com\/es\/wp-json\/wp\/v2\/product_tag?post=16322"}],"curies":[{"name":"wp","href":"https:\/\/api.w.org\/{rel}","templated":true}]}}