{"id":16298,"date":"2024-06-14T12:30:09","date_gmt":"2024-06-14T04:30:09","guid":{"rendered":"https:\/\/www.vapeswholesaler.com\/?post_type=product&#038;p=16298"},"modified":"2025-02-23T16:15:41","modified_gmt":"2025-02-23T08:15:41","slug":"venta-al-por-mayor-geekbar-pulse-x-25000-puffs","status":"publish","type":"product","link":"https:\/\/www.vapeswholesaler.com\/es\/producto\/venta-al-por-mayor-geekbar-pulse-x-25000-puffs","title":{"rendered":"Mayorista Geekbar Pulse x 25000 Puffs vape desechable"},"content":{"rendered":"<p>El Vapeador Desechable Geek Bar Pulse X 25000 Puffs est\u00e1 dise\u00f1ado para los vapeadores que exigen excelencia en sabor, tecnolog\u00eda y comodidad. Ya sea en casa, en el trabajo o en movimiento, el Pulse X es su compa\u00f1ero ideal, ofreciendo una experiencia de vapeo refinada sin igual. Saboree los ricos sabores y el rendimiento de vanguardia del Geek Bar Pulse X, su puerta de entrada a la mejor experiencia de vapeo.<\/p>\n<p>Dos modos de vapeo: Selecciona el Modo Regular para una experiencia constante y duradera con hasta 25.000 caladas, o cambia al Modo Pulso para un viaje de sabor vibrante e intenso con 15.000 caladas.<\/p>\n<p>Alto suministro de nicotina: Con una potencia de nicotina 5%, el Geek Bar Pulse X ofrece golpes satisfactorios, ideal para aquellos que buscan una experiencia de nicotina robusta. Bobina Dual Mesh avanzada: Sabor consistente e impresionante producci\u00f3n de vapor est\u00e1n garantizados durante toda la vida \u00fatil del dispositivo.<\/p>\n<h2><strong><a href=\"https:\/\/www.vapeswholesaler.com\/es\/marca_producto\/geekbar\/\">Geek Bar<\/a> Pulso X 25000 Puffs:<\/strong><\/h2>\n<ul>\n<li>Bater\u00eda recargable Type-C de 820 mAh<\/li>\n<li>Pantalla curva 3D: nivel de bater\u00eda, modo de vapeo, nivel de e-l\u00edquido<\/li>\n<li>Dos modos de vapeo, diferentes cantidades de caladas<\/li>\n<li>- Modo Regular - Aproximadamente 25.000 Puffs<\/li>\n<li>- Modo Pulso - Aproximadamente 15.000 bocanadas<\/li>\n<li>5% (50MG) Nicotina<\/li>\n<li>Dep\u00f3sito precargado de 18 ml<\/li>\n<li>Bobina de malla doble<\/li>\n<li>Tecnolog\u00eda de visualizaci\u00f3n avanzada - Starry UI<\/li>\n<li>Carga m\u00e1s r\u00e1pida<\/li>\n<li>Carga a 1,5 A<\/li>\n<li>Rango de tensi\u00f3n 5-20V<\/li>\n<li>Calefacci\u00f3n de doble n\u00facleo<\/li>\n<\/ul>\n<h2><strong>Sabores disponibles:<\/strong><\/h2>\n<ol>\n<li>Fresa B-Pop<\/li>\n<li>Hielo de sand\u00eda<\/li>\n<li>Hielo de manzana \u00e1cida<\/li>\n<li>Helado de pl\u00e1tano<\/li>\n<li>Cabezas de lim\u00f3n<\/li>\n<li>Hielo Razz Azul<\/li>\n<li>Mango agrio Pi\u00f1a<\/li>\n<li>Lima Baya Naranja<\/li>\n<li>Casa de la Moneda de Miami<\/li>\n<li>Refresco de pomelo<\/li>\n<li>Sour Fcuking Fab<\/li>\n<li>Ranchero azul<\/li>\n<li>Frambuesa Melocot\u00f3n Lima<\/li>\n<li>Orange Fcuking Fab<\/li>\n<li>Blackberry B-Pop<\/li>\n<\/ol>\n<h2><strong>Detalles del embalaje:<\/strong><\/h2>\n<p>0.11KG\/PCS, Individual con paquete peque\u00f1o<\/p>\n<p>10 unidades en caja mediana.<\/p>\n<p>200PCS en el cart\u00f3n principal, 22KG.<\/p>\n<p>&nbsp;<\/p>\n<figure id=\"attachment_16293\" aria-describedby=\"caption-attachment-16293\" style=\"width: 800px\" class=\"wp-caption alignnone\"><img loading=\"lazy\" decoding=\"async\" class=\"wp-image-16293 size-full\" title=\"Mayorista Geekbar Pulse x 25000 Puffs\" src=\"https:\/\/www.vapeswholesaler.com\/wp-content\/uploads\/2024\/06\/Wholesale-Geekbar-Pulse-x-25000-Puffs.webp\" alt=\"Mayorista Geekbar Pulse x 25000 Puffs\" width=\"800\" height=\"800\" srcset=\"https:\/\/www.vapeswholesaler.com\/wp-content\/uploads\/2024\/06\/Wholesale-Geekbar-Pulse-x-25000-Puffs.webp 800w, https:\/\/www.vapeswholesaler.com\/wp-content\/uploads\/2024\/06\/Wholesale-Geekbar-Pulse-x-25000-Puffs-300x300.webp 300w, https:\/\/www.vapeswholesaler.com\/wp-content\/uploads\/2024\/06\/Wholesale-Geekbar-Pulse-x-25000-Puffs-150x150.webp 150w, https:\/\/www.vapeswholesaler.com\/wp-content\/uploads\/2024\/06\/Wholesale-Geekbar-Pulse-x-25000-Puffs-768x768.webp 768w, https:\/\/www.vapeswholesaler.com\/wp-content\/uploads\/2024\/06\/Wholesale-Geekbar-Pulse-x-25000-Puffs-12x12.webp 12w, https:\/\/www.vapeswholesaler.com\/wp-content\/uploads\/2024\/06\/Wholesale-Geekbar-Pulse-x-25000-Puffs-247x247.webp 247w, https:\/\/www.vapeswholesaler.com\/wp-content\/uploads\/2024\/06\/Wholesale-Geekbar-Pulse-x-25000-Puffs-510x510.webp 510w, https:\/\/www.vapeswholesaler.com\/wp-content\/uploads\/2024\/06\/Wholesale-Geekbar-Pulse-x-25000-Puffs-100x100.webp 100w\" sizes=\"auto, (max-width: 800px) 100vw, 800px\" \/><figcaption id=\"caption-attachment-16293\" class=\"wp-caption-text\">Mayorista Geekbar Pulse x 25000 Puffs<\/figcaption><\/figure>","protected":false},"excerpt":{"rendered":"<p>Cantidad m\u00ednima de pedido: <em><strong>10000<\/strong><\/em> PCS (Mezcla de sabores)\u00a0 \u00a0<strong>Env\u00edo gratuito<\/strong><\/p>\n<p>\uff08<strong>2%\uff0c5% Nic <\/strong>)<\/p>","protected":false},"featured_media":16293,"comment_status":"open","ping_status":"closed","template":"","meta":[],"product_cat":[15],"product_tag":[],"class_list":{"0":"post-16298","1":"product","2":"type-product","3":"status-publish","4":"has-post-thumbnail","6":"product_cat-disposable-vape","7":"product_brand-geekbar","9":"first","10":"instock","11":"shipping-taxable","12":"purchasable","13":"product-type-variable","14":"has-default-attributes"},"aioseo_notices":[],"_links":{"self":[{"href":"https:\/\/www.vapeswholesaler.com\/es\/wp-json\/wp\/v2\/product\/16298","targetHints":{"allow":["GET"]}}],"collection":[{"href":"https:\/\/www.vapeswholesaler.com\/es\/wp-json\/wp\/v2\/product"}],"about":[{"href":"https:\/\/www.vapeswholesaler.com\/es\/wp-json\/wp\/v2\/types\/product"}],"replies":[{"embeddable":true,"href":"https:\/\/www.vapeswholesaler.com\/es\/wp-json\/wp\/v2\/comments?post=16298"}],"wp:featuredmedia":[{"embeddable":true,"href":"https:\/\/www.vapeswholesaler.com\/es\/wp-json\/wp\/v2\/media\/16293"}],"wp:attachment":[{"href":"https:\/\/www.vapeswholesaler.com\/es\/wp-json\/wp\/v2\/media?parent=16298"}],"wp:term":[{"taxonomy":"product_cat","embeddable":true,"href":"https:\/\/www.vapeswholesaler.com\/es\/wp-json\/wp\/v2\/product_cat?post=16298"},{"taxonomy":"product_tag","embeddable":true,"href":"https:\/\/www.vapeswholesaler.com\/es\/wp-json\/wp\/v2\/product_tag?post=16298"}],"curies":[{"name":"wp","href":"https:\/\/api.w.org\/{rel}","templated":true}]}}