{"id":16235,"date":"2024-06-13T22:41:56","date_gmt":"2024-06-13T14:41:56","guid":{"rendered":"https:\/\/www.vapeswholesaler.com\/?post_type=product&#038;p=16235"},"modified":"2025-03-05T14:45:47","modified_gmt":"2025-03-05T06:45:47","slug":"venta-al-por-mayor-lavie-cube-20000-puffs-vape-desechable","status":"publish","type":"product","link":"https:\/\/www.vapeswholesaler.com\/es\/producto\/venta-al-por-mayor-lavie-cube-20000-puffs-vape-desechable","title":{"rendered":"Mayorista Lavie Cube 20000 Puffs Vape Desechable"},"content":{"rendered":"<p>Lavie Cube 20000 es un dispositivo de vapeo desechable equipado con un indicador de nivel de bater\u00eda y ejuice. Equipado con una bater\u00eda de alto rendimiento de 600mAh para garantizar una larga duraci\u00f3n de la bater\u00eda, lo que le permite disfrutar de vapear sin necesidad de cargas frecuentes. Al mismo tiempo, su dep\u00f3sito de combustible de 28ml de capacidad garantiza un tiempo de vapeo prolongado para que disfrutes al m\u00e1ximo. Lavie Cube 20000 tambi\u00e9n ofrece una variedad de opciones de contenido de nicotina de 2%\/5% para satisfacer las necesidades de todo tipo de fumadores. Su variada selecci\u00f3n de sabores es igualmente impresionante, con 16 sabores cl\u00e1sicos refrescantes, desde el tabaco tradicional a las mezclas afrutadas, asegurando que hay algo para todos.<\/p>\n<h2><strong>Cubo Lavie 20000 Puffs:<\/strong><\/h2>\n<ul>\n<li>Tama\u00f1o:112*40*17,5 mm<\/li>\n<li>Bater\u00eda: 600 mAh<\/li>\n<li>Puffs: 20000 puff<\/li>\n<li>Capacidad del eliquid: 28ml<\/li>\n<li>Sal Nic.2%,5%.OEM<\/li>\n<li>Peso neto: 74 g<\/li>\n<li>Bobina de malla: Bobina de malla doble<\/li>\n<li>Material: PC,METAL<\/li>\n<li>Resistencia:1.0\u03a9<\/li>\n<li>Tipo:pantalla de visualizaci\u00f3n<\/li>\n<\/ul>\n<h2><strong>Sabores disponibles:<\/strong><\/h2>\n<ol>\n<li>Hielo de fresa y kiwi<\/li>\n<li>Hielo de uva aloe vera<\/li>\n<li>Sand\u00eda con fresas<\/li>\n<li>Hielo de cereza con pepitas de mora<\/li>\n<li>Hielo de uva<\/li>\n<li>Hielo de menta<\/li>\n<li>Bacco<\/li>\n<li>Monstruo del mango<\/li>\n<li>Ar\u00e1ndano Frambuesa Uva<\/li>\n<li>Fruta de la pasi\u00f3n kiwi guayaba<\/li>\n<li>Manzana doble<\/li>\n<li>Lim\u00f3n cola<\/li>\n<li>Hielo de fresa y lichi<\/li>\n<li>Hielo de sand\u00eda<\/li>\n<li>Chicle de frambuesa y ar\u00e1ndanos<\/li>\n<li>Helado de taro<\/li>\n<\/ol>\n<h2><strong>Detalles del embalaje:<\/strong><\/h2>\n<p>Tama\u00f1o de la caja:645*378*230mm<br \/>\nPeso del embalaje:<br \/>\nN\/W:14.6KG<br \/>\nG\/W:18KG<br \/>\nCantidad: 200PCS\/cart\u00f3n<\/p>\n<figure id=\"attachment_16234\" aria-describedby=\"caption-attachment-16234\" style=\"width: 800px\" class=\"wp-caption alignnone\"><img loading=\"lazy\" decoding=\"async\" class=\"wp-image-16234 size-full\" title=\"Mayorista Lavie Cube 20000 Puffs Vape Desechable\" src=\"https:\/\/www.vapeswholesaler.com\/wp-content\/uploads\/2024\/06\/Wholesale-Lavie-Cube-20000-Puffs-Disposable-Vape.webp\" alt=\"Mayorista Lavie Cube 20000 Puffs Vape Desechable\" width=\"800\" height=\"550\" srcset=\"https:\/\/www.vapeswholesaler.com\/wp-content\/uploads\/2024\/06\/Wholesale-Lavie-Cube-20000-Puffs-Disposable-Vape.webp 800w, https:\/\/www.vapeswholesaler.com\/wp-content\/uploads\/2024\/06\/Wholesale-Lavie-Cube-20000-Puffs-Disposable-Vape-300x206.webp 300w, https:\/\/www.vapeswholesaler.com\/wp-content\/uploads\/2024\/06\/Wholesale-Lavie-Cube-20000-Puffs-Disposable-Vape-768x528.webp 768w, https:\/\/www.vapeswholesaler.com\/wp-content\/uploads\/2024\/06\/Wholesale-Lavie-Cube-20000-Puffs-Disposable-Vape-18x12.webp 18w, https:\/\/www.vapeswholesaler.com\/wp-content\/uploads\/2024\/06\/Wholesale-Lavie-Cube-20000-Puffs-Disposable-Vape-510x351.webp 510w\" sizes=\"auto, (max-width: 800px) 100vw, 800px\" \/><figcaption id=\"caption-attachment-16234\" class=\"wp-caption-text\">Mayorista Lavie Cube 20000 Puffs Vape Desechable<\/figcaption><\/figure>","protected":false},"excerpt":{"rendered":"<p>Cantidad m\u00ednima de pedido:\u00a0<strong>50 UNIDADES<\/strong>\u00a0(Mezcla de sabores)\u00a0\u00a0<strong>Env\u00edo gratuito<\/strong><\/p>\n<p>(<strong>2%, 5% Nic<\/strong>)<\/p>","protected":false},"featured_media":16233,"comment_status":"open","ping_status":"closed","template":"","meta":[],"product_cat":[15],"product_tag":[],"class_list":{"0":"post-16235","1":"product","2":"type-product","3":"status-publish","4":"has-post-thumbnail","6":"product_cat-disposable-vape","7":"product_brand-lavie","9":"first","10":"instock","11":"shipping-taxable","12":"purchasable","13":"product-type-variable","14":"has-default-attributes"},"aioseo_notices":[],"_links":{"self":[{"href":"https:\/\/www.vapeswholesaler.com\/es\/wp-json\/wp\/v2\/product\/16235","targetHints":{"allow":["GET"]}}],"collection":[{"href":"https:\/\/www.vapeswholesaler.com\/es\/wp-json\/wp\/v2\/product"}],"about":[{"href":"https:\/\/www.vapeswholesaler.com\/es\/wp-json\/wp\/v2\/types\/product"}],"replies":[{"embeddable":true,"href":"https:\/\/www.vapeswholesaler.com\/es\/wp-json\/wp\/v2\/comments?post=16235"}],"wp:featuredmedia":[{"embeddable":true,"href":"https:\/\/www.vapeswholesaler.com\/es\/wp-json\/wp\/v2\/media\/16233"}],"wp:attachment":[{"href":"https:\/\/www.vapeswholesaler.com\/es\/wp-json\/wp\/v2\/media?parent=16235"}],"wp:term":[{"taxonomy":"product_cat","embeddable":true,"href":"https:\/\/www.vapeswholesaler.com\/es\/wp-json\/wp\/v2\/product_cat?post=16235"},{"taxonomy":"product_tag","embeddable":true,"href":"https:\/\/www.vapeswholesaler.com\/es\/wp-json\/wp\/v2\/product_tag?post=16235"}],"curies":[{"name":"wp","href":"https:\/\/api.w.org\/{rel}","templated":true}]}}