{"id":16193,"date":"2024-06-13T17:55:54","date_gmt":"2024-06-13T09:55:54","guid":{"rendered":"https:\/\/www.vapeswholesaler.com\/?post_type=product&#038;p=16193"},"modified":"2025-02-23T14:43:50","modified_gmt":"2025-02-23T06:43:50","slug":"mayorista-lavie-plus-15000-bocanadas-vape-desechable","status":"publish","type":"product","link":"https:\/\/www.vapeswholesaler.com\/es\/producto\/mayorista-lavie-plus-15000-bocanadas-vape-desechable","title":{"rendered":"Mayorista Lavie Plus+ 15000 Puffs Vape Desechable"},"content":{"rendered":"<p>Lavie Plus+ 15000 Puffs Led Display E-Cigarrillos desechables, un dispositivo de alto rendimiento dise\u00f1ado para vapers que buscan calidad y comodidad. Con una impresionante capacidad de 15000 caladas, este cigarrillo electr\u00f3nico desechable garantiza un disfrute prolongado sin reemplazos frecuentes.<\/p>\n<p>Equipado con un avanzado n\u00facleo de bobina de malla a 1,0 ohmios, cada calada proporciona un vapor suave y sabroso. La generosa capacidad de 25 ml de e-l\u00edquido permite sesiones de vapeo prolongadas, d\u00e1ndole una amplia oportunidad de saborear sus sabores favoritos.<\/p>\n<p>Personalice su experiencia con una gama de potencias de nicotina: 0%, 2%, 3% y 5%. Esta variedad garantiza que puedas encontrar el equilibrio perfecto que se adapte a tus preferencias. Alimentado por una duradera bater\u00eda 4000, Lavie Plus+ 15000 ofrece un rendimiento duradero, y el puerto recargable Type-C garantiza una recarga r\u00e1pida y eficiente.<\/p>\n<p>La pantalla LED integrada proporciona informaci\u00f3n en tiempo real sobre los ajustes de vapeo y la duraci\u00f3n de la bater\u00eda, garantizando una experiencia de vapeo fluida e informada. Con un peso de s\u00f3lo 100 g, este cigarrillo electr\u00f3nico es ligero y port\u00e1til, por lo que es perfecto para vapear durante el viaje.<\/p>\n<p>Experimenta los cigarrillos electr\u00f3nicos desechables Lavie Plus+ 15000 Puffs con pantalla LED y eleva tu viaje de vapeo con su excepcional rendimiento, comodidad y caracter\u00edsticas personalizables. Disfrute de la combinaci\u00f3n perfecta de tecnolog\u00eda y sabor con este innovador cigarrillo electr\u00f3nico desechable.<\/p>\n<h2><strong><a href=\"https:\/\/www.vapeswholesaler.com\/es\/marca_producto\/lavie\/\">Lavie<\/a> Plus+ 15000 Puffs:<\/strong><\/h2>\n<ul>\n<li>Tama\u00f1o:83*53*27mm<\/li>\n<li>Bater\u00eda: 400 mAh<\/li>\n<li>Bocanadas: 15000 bocanadas<\/li>\n<li>Capacidad del eliquid: 25 ml<\/li>\n<li>Sal Nic.2%,5%.OEM<\/li>\n<li>Peso neto: 50,4 g<\/li>\n<li>Bobina de malla: Bobina de malla doble<\/li>\n<li>Material: PC,PCTG<\/li>\n<li>Resistencia:1.0\u03a9<\/li>\n<li>Tipo:Pantalla grande<\/li>\n<\/ul>\n<h2><strong>Sabores disponibles:<\/strong><\/h2>\n<ol>\n<li>Cerezo de California<\/li>\n<li>Helado de melocot\u00f3n jugoso<\/li>\n<li>Caramelo de mango y pi\u00f1a<\/li>\n<li>M\u00e9xico Mango<\/li>\n<li>Casa de la Moneda de Miami<\/li>\n<li>Limonada rosa<\/li>\n<li>Hielo de manzana \u00e1cida<\/li>\n<li>Fresa Mango<\/li>\n<li>Tropical Rainbow Blast<\/li>\n<li>Hielo de sand\u00eda<\/li>\n<li>Hielo Razz Azul<\/li>\n<li>Meta Luna<\/li>\n<\/ol>\n<h2><strong>Detalles del embalaje:<\/strong><\/h2>\n<p>1 unidad\/paquete<br \/>\n5 paquetes\/caja<br \/>\n200 unidades\/caja<br \/>\n20 kg\/caja<\/p>\n<figure id=\"attachment_16191\" aria-describedby=\"caption-attachment-16191\" style=\"width: 800px\" class=\"wp-caption alignnone\"><img loading=\"lazy\" decoding=\"async\" class=\"wp-image-16191 size-full\" title=\"Mayorista Lavie Plus+ 15000 Puffs Vape Desechable California Cherry\" src=\"https:\/\/www.vapeswholesaler.com\/wp-content\/uploads\/2024\/06\/Wholesale-Lavie-Plus-15000-Puffs-Disposable-Vape-California-Cherry.webp\" alt=\"Mayorista Lavie Plus+ 15000 Puffs Vape Desechable California Cherry\" width=\"800\" height=\"800\" srcset=\"https:\/\/www.vapeswholesaler.com\/wp-content\/uploads\/2024\/06\/Wholesale-Lavie-Plus-15000-Puffs-Disposable-Vape-California-Cherry.webp 800w, https:\/\/www.vapeswholesaler.com\/wp-content\/uploads\/2024\/06\/Wholesale-Lavie-Plus-15000-Puffs-Disposable-Vape-California-Cherry-300x300.webp 300w, https:\/\/www.vapeswholesaler.com\/wp-content\/uploads\/2024\/06\/Wholesale-Lavie-Plus-15000-Puffs-Disposable-Vape-California-Cherry-150x150.webp 150w, https:\/\/www.vapeswholesaler.com\/wp-content\/uploads\/2024\/06\/Wholesale-Lavie-Plus-15000-Puffs-Disposable-Vape-California-Cherry-768x768.webp 768w, https:\/\/www.vapeswholesaler.com\/wp-content\/uploads\/2024\/06\/Wholesale-Lavie-Plus-15000-Puffs-Disposable-Vape-California-Cherry-12x12.webp 12w, https:\/\/www.vapeswholesaler.com\/wp-content\/uploads\/2024\/06\/Wholesale-Lavie-Plus-15000-Puffs-Disposable-Vape-California-Cherry-247x247.webp 247w, https:\/\/www.vapeswholesaler.com\/wp-content\/uploads\/2024\/06\/Wholesale-Lavie-Plus-15000-Puffs-Disposable-Vape-California-Cherry-510x510.webp 510w, https:\/\/www.vapeswholesaler.com\/wp-content\/uploads\/2024\/06\/Wholesale-Lavie-Plus-15000-Puffs-Disposable-Vape-California-Cherry-100x100.webp 100w\" sizes=\"auto, (max-width: 800px) 100vw, 800px\" \/><figcaption id=\"caption-attachment-16191\" class=\"wp-caption-text\">Mayorista Lavie Plus+ 15000 Puffs Vape Desechable<\/figcaption><\/figure>","protected":false},"excerpt":{"rendered":"<p>Cantidad m\u00ednima de pedido:\u00a0<strong>50 UNIDADES<\/strong>\u00a0(Mezcla de sabores)\u00a0\u00a0<strong>Env\u00edo gratuito<\/strong><\/p>\n<p>(<strong>2%, 5% Nic<\/strong>)<\/p>","protected":false},"featured_media":16189,"comment_status":"open","ping_status":"closed","template":"","meta":[],"product_cat":[15],"product_tag":[],"class_list":{"0":"post-16193","1":"product","2":"type-product","3":"status-publish","4":"has-post-thumbnail","6":"product_cat-disposable-vape","7":"product_brand-lavie","9":"first","10":"outofstock","11":"shipping-taxable","12":"purchasable","13":"product-type-variable","14":"has-default-attributes"},"aioseo_notices":[],"_links":{"self":[{"href":"https:\/\/www.vapeswholesaler.com\/es\/wp-json\/wp\/v2\/product\/16193","targetHints":{"allow":["GET"]}}],"collection":[{"href":"https:\/\/www.vapeswholesaler.com\/es\/wp-json\/wp\/v2\/product"}],"about":[{"href":"https:\/\/www.vapeswholesaler.com\/es\/wp-json\/wp\/v2\/types\/product"}],"replies":[{"embeddable":true,"href":"https:\/\/www.vapeswholesaler.com\/es\/wp-json\/wp\/v2\/comments?post=16193"}],"wp:featuredmedia":[{"embeddable":true,"href":"https:\/\/www.vapeswholesaler.com\/es\/wp-json\/wp\/v2\/media\/16189"}],"wp:attachment":[{"href":"https:\/\/www.vapeswholesaler.com\/es\/wp-json\/wp\/v2\/media?parent=16193"}],"wp:term":[{"taxonomy":"product_cat","embeddable":true,"href":"https:\/\/www.vapeswholesaler.com\/es\/wp-json\/wp\/v2\/product_cat?post=16193"},{"taxonomy":"product_tag","embeddable":true,"href":"https:\/\/www.vapeswholesaler.com\/es\/wp-json\/wp\/v2\/product_tag?post=16193"}],"curies":[{"name":"wp","href":"https:\/\/api.w.org\/{rel}","templated":true}]}}