{"id":16168,"date":"2024-06-13T16:56:06","date_gmt":"2024-06-13T08:56:06","guid":{"rendered":"https:\/\/www.vapeswholesaler.com\/?post_type=product&#038;p=16168"},"modified":"2025-06-03T12:20:48","modified_gmt":"2025-06-03T04:20:48","slug":"venta-al-por-mayor-elf-box-shisha-16000-bocanadas-vape-desechable","status":"publish","type":"product","link":"https:\/\/www.vapeswholesaler.com\/es\/producto\/venta-al-por-mayor-elf-box-shisha-16000-bocanadas-vape-desechable","title":{"rendered":"Mayorista Elf box ShiSha 16000 Puffs Vape Desechable"},"content":{"rendered":"<p><a href=\"https:\/\/www.vapeswholesaler.com\/es\/marca_producto\/caja-de-duendes\/\">Caja de los Elfos<\/a> shisha 16000 Puffs Led Display E-Cigarrillos desechables, un dispositivo de alto rendimiento dise\u00f1ado para vapers que buscan calidad y comodidad. Con una impresionante capacidad de 16000 caladas, este cigarrillo electr\u00f3nico desechable garantiza un disfrute prolongado sin reemplazos frecuentes.<\/p>\n<p>Equipado con un avanzado n\u00facleo de bobina de malla a 0,6o hms, cada calada proporciona un vapor suave y sabroso. La generosa capacidad de 28 ml de e-l\u00edquido permite sesiones de vapeo prolongadas, d\u00e1ndole una amplia oportunidad de saborear sus sabores favoritos.<\/p>\n<p>Personalice su experiencia con una gama de potencias de nicotina: 0%, 2%, 3% y 5%. Esta variedad asegura que puedas encontrar el equilibrio perfecto que se adapte a tus preferencias. Alimentada por una bater\u00eda duradera de 18250-600 mah, la Elf Box Shisha ofrece un rendimiento duradero, y el puerto recargable Tipo-C garantiza una recarga r\u00e1pida y eficiente.<\/p>\n<p>La pantalla LED integrada proporciona informaci\u00f3n en tiempo real sobre los ajustes de vapeo y la duraci\u00f3n de la bater\u00eda, garantizando una experiencia de vapeo fluida e informada. Con un peso de s\u00f3lo 85 g, este cigarrillo electr\u00f3nico es ligero y port\u00e1til, por lo que es perfecto para vapear durante el viaje.<\/p>\n<p>Experimente el Elf Box Shisha 16000 Puffs LED Display E-Cigarrillos desechables y eleve su viaje vaping con su excepcional rendimiento, comodidad y caracter\u00edsticas personalizables. Disfrute de la combinaci\u00f3n perfecta de tecnolog\u00eda y sabor con este innovador cigarrillo electr\u00f3nico desechable.<\/p>\n<h2><strong>Elf Box Shisha 16000 Puffs:<\/strong><\/h2>\n<ul>\n<li>Puffs: 16000puffs<\/li>\n<li>N\u00facleo: Bobina de malla 0.6ohm<\/li>\n<li>E-l\u00edquido:28ml<\/li>\n<li>Nicotine:0%\/2%\/3%\/5%<\/li>\n<li>Bater\u00eda:18250-600mah<\/li>\n<li>Recargable:Tipo-C<\/li>\n<li>PANTALLA LED<\/li>\n<li>Flujo de aire ajustable<\/li>\n<li>Peso del producto: 85 g\/unidad<\/li>\n<li>Tama\u00f1o del producto: 30*125,5 mm<\/li>\n<li>Tama\u00f1o de la caja: 400*385*295 mm<\/li>\n<li>CANT.: 200 unidades\/ctn<\/li>\n<li>Peso: 18,3 kg<\/li>\n<\/ul>\n<h2><strong>Sabores disponibles:<\/strong><\/h2>\n<ol>\n<li>Hielo de mora<\/li>\n<li>Hielo Razz Azul<\/li>\n<li>Cereza Frambuesa<\/li>\n<li>Manzana doble<\/li>\n<li>Hielo de uva<\/li>\n<li>Fruta de la pasi\u00f3n Kimi<\/li>\n<li>Hielo exuberante<\/li>\n<li>Mezcla de bayas<\/li>\n<li>Melocot\u00f3n helado<\/li>\n<li>Melocot\u00f3n Mango Pi\u00f1a<\/li>\n<li>Fresa helada<\/li>\n<li>Sand\u00eda con fresa<\/li>\n<\/ol>\n<h2><strong>Detalles del embalaje:<\/strong><\/h2>\n<p>Pieza \u00fanica con envoltorio de caramelo<br \/>\nCada caja contiene 10 unidades<br \/>\nCada caja contiene 200 unidades<\/p>\n<p>&nbsp;<\/p>\n<figure id=\"attachment_16167\" aria-describedby=\"caption-attachment-16167\" style=\"width: 800px\" class=\"wp-caption alignnone\"><img loading=\"lazy\" decoding=\"async\" class=\"wp-image-16167 size-full\" title=\"Mayorista Caja Elf SHISHA 16000 Puffs Vape Desechable\" src=\"https:\/\/www.vapeswholesaler.com\/wp-content\/uploads\/2024\/06\/Wholesale-Elf-box-SHISHA-16000-Puffs-Disposable-Vape.webp\" alt=\"Mayorista Caja Elf SHISHA 16000 Puffs Vape Desechable\" width=\"800\" height=\"800\" srcset=\"https:\/\/www.vapeswholesaler.com\/wp-content\/uploads\/2024\/06\/Wholesale-Elf-box-SHISHA-16000-Puffs-Disposable-Vape.webp 800w, https:\/\/www.vapeswholesaler.com\/wp-content\/uploads\/2024\/06\/Wholesale-Elf-box-SHISHA-16000-Puffs-Disposable-Vape-300x300.webp 300w, https:\/\/www.vapeswholesaler.com\/wp-content\/uploads\/2024\/06\/Wholesale-Elf-box-SHISHA-16000-Puffs-Disposable-Vape-150x150.webp 150w, https:\/\/www.vapeswholesaler.com\/wp-content\/uploads\/2024\/06\/Wholesale-Elf-box-SHISHA-16000-Puffs-Disposable-Vape-768x768.webp 768w, https:\/\/www.vapeswholesaler.com\/wp-content\/uploads\/2024\/06\/Wholesale-Elf-box-SHISHA-16000-Puffs-Disposable-Vape-12x12.webp 12w, https:\/\/www.vapeswholesaler.com\/wp-content\/uploads\/2024\/06\/Wholesale-Elf-box-SHISHA-16000-Puffs-Disposable-Vape-247x247.webp 247w, https:\/\/www.vapeswholesaler.com\/wp-content\/uploads\/2024\/06\/Wholesale-Elf-box-SHISHA-16000-Puffs-Disposable-Vape-510x510.webp 510w, https:\/\/www.vapeswholesaler.com\/wp-content\/uploads\/2024\/06\/Wholesale-Elf-box-SHISHA-16000-Puffs-Disposable-Vape-100x100.webp 100w\" sizes=\"auto, (max-width: 800px) 100vw, 800px\" \/><figcaption id=\"caption-attachment-16167\" class=\"wp-caption-text\">Mayorista Caja Elf SHISHA 16000 Puffs Vape Desechable<\/figcaption><\/figure>","protected":false},"excerpt":{"rendered":"<p>Cantidad m\u00ednima de pedido:\u00a0<strong>50 UNIDADES<\/strong>\u00a0(Mezcla de sabores)\u00a0\u00a0<strong>Env\u00edo gratuito<\/strong><\/p>\n<p>(<strong>2%, 5% Nic<\/strong>)<\/p>","protected":false},"featured_media":19180,"comment_status":"open","ping_status":"closed","template":"","meta":[],"product_cat":[15],"product_tag":[],"class_list":{"0":"post-16168","1":"product","2":"type-product","3":"status-publish","4":"has-post-thumbnail","6":"product_cat-disposable-vape","7":"product_brand-elf-box","9":"first","10":"instock","11":"shipping-taxable","12":"purchasable","13":"product-type-variable","14":"has-default-attributes"},"aioseo_notices":[],"_links":{"self":[{"href":"https:\/\/www.vapeswholesaler.com\/es\/wp-json\/wp\/v2\/product\/16168","targetHints":{"allow":["GET"]}}],"collection":[{"href":"https:\/\/www.vapeswholesaler.com\/es\/wp-json\/wp\/v2\/product"}],"about":[{"href":"https:\/\/www.vapeswholesaler.com\/es\/wp-json\/wp\/v2\/types\/product"}],"replies":[{"embeddable":true,"href":"https:\/\/www.vapeswholesaler.com\/es\/wp-json\/wp\/v2\/comments?post=16168"}],"wp:featuredmedia":[{"embeddable":true,"href":"https:\/\/www.vapeswholesaler.com\/es\/wp-json\/wp\/v2\/media\/19180"}],"wp:attachment":[{"href":"https:\/\/www.vapeswholesaler.com\/es\/wp-json\/wp\/v2\/media?parent=16168"}],"wp:term":[{"taxonomy":"product_cat","embeddable":true,"href":"https:\/\/www.vapeswholesaler.com\/es\/wp-json\/wp\/v2\/product_cat?post=16168"},{"taxonomy":"product_tag","embeddable":true,"href":"https:\/\/www.vapeswholesaler.com\/es\/wp-json\/wp\/v2\/product_tag?post=16168"}],"curies":[{"name":"wp","href":"https:\/\/api.w.org\/{rel}","templated":true}]}}