{"id":16087,"date":"2024-06-12T23:22:28","date_gmt":"2024-06-12T15:22:28","guid":{"rendered":"https:\/\/www.vapeswholesaler.com\/?post_type=product&#038;p=16087"},"modified":"2025-03-05T15:44:04","modified_gmt":"2025-03-05T07:44:04","slug":"mayorista-elf-box-14000-pro-puffs-vape-desechable","status":"publish","type":"product","link":"https:\/\/www.vapeswholesaler.com\/es\/producto\/mayorista-elf-box-14000-pro-puffs-vape-desechable","title":{"rendered":"Mayorista ELF BOX 14000 Pro Puffs Vape desechable"},"content":{"rendered":"<p><a href=\"https:\/\/www.vapeswholesaler.com\/es\/marca_producto\/caja-de-duendes\/\">Caja de los Elfos<\/a> 14000 Pro Puffs, la elecci\u00f3n definitiva para los vapeadores que buscan una experiencia de vapeo fiable y duradera. Con una impresionante capacidad de 14.000 caladas, esta vaina desechable recargable garantiza un disfrute prolongado sin la molestia de reemplazos frecuentes.<\/p>\n<p>Equipado con un n\u00facleo de bobina de malla de \u00faltima generaci\u00f3n con una resistencia de 1,0 ohmios, cada calada proporciona un vapor rico y satisfactorio. Combinado con una generosa capacidad de 25 ml de e-l\u00edquido, podr\u00e1s disfrutar de sesiones de vapeo ininterrumpidas, saboreando al m\u00e1ximo cada nota de sabor.<\/p>\n<p>Elija entre una gama de opciones de nicotina, incluyendo 0%, 2%, 3%, o 5%, atendiendo a las diversas preferencias y permitiendo una <span data-slate-fragment=\"JTVCJTdCJTIydHlwZSUyMiUzQSUyMnBhcmFncmFwaCUyMiUyQyUyMmNoaWxkcmVuJTIyJTNBJTVCJTdCJTIyaWQlMjIlM0ElMjJ2eHdXeHZ2VnF6JTIyJTJDJTIycGFyYUlkeCUyMiUzQTAlMkMlMjJzcmMlMjIlM0ElMjJjdXN0b21pemVkJTIyJTJDJTIyZHN0JTIyJTNBJTIyJUU1JUFFJTlBJUU1JTg4JUI2JUU3JTlBJTg0JTIyJTJDJTIybWV0YWRhdGElMjIlM0ElMjIlMjIlMkMlMjJtZXRhRGF0YSUyMiUzQSU1QiU1RCUyQyUyMnRleHQlMjIlM0ElMjJjdXN0b21pemVkJTIyJTdEJTVEJTdEJTVE\">personalizado<\/span> experiencia de vapeo adaptada a las necesidades individuales.<\/p>\n<p>Alimentada por una bater\u00eda de alto rendimiento de 18250-600 mAh y dotada de una c\u00f3moda interfaz recargable de tipo C, la Elf Box garantiza un tiempo de uso prolongado con una capacidad de carga r\u00e1pida y eficiente.<\/p>\n<h2><strong>Elf box 14000 Pro Puffs Desechables Vape Detalles:<\/strong><\/h2>\n<ul>\n<li>Puffs: HASTA 14000 Puffs<\/li>\n<li>L\u00edquido: 25 ml precargado<\/li>\n<li>Nicotina: 0% 2% 3% 5%<\/li>\n<li>N\u00facleo: Bobina de malla 1.0 ohm<\/li>\n<li>Bater\u00eda: 600 mah recargable tipo-c<\/li>\n<li>Forma de entrega: Dhl<\/li>\n<li>10 unidades\/Caja<\/li>\n<li>1 caja\/200pcs(22 KG)<\/li>\n<\/ul>\n<h2><strong>Sabores disponibles:<\/strong><\/h2>\n<ol>\n<li>Hielo Blue Razz<\/li>\n<li>Fresa helada<\/li>\n<li>Hielo de uva<\/li>\n<li>Sand\u00eda con fresa<\/li>\n<li>Hielo de menta<\/li>\n<li>Red Bull<\/li>\n<li>Manzana doble<\/li>\n<li>Hielo exuberante<\/li>\n<li>Melocot\u00f3n Mango<\/li>\n<li>Refresco de cereza<\/li>\n<\/ol>\n<h2><strong>Detalles del embalaje:<\/strong><\/h2>\n<p>Pieza \u00fanica con envoltorio de caramelo<br \/>\nCada caja contiene 10 unidades<br \/>\nCada caja contiene 200 unidades<\/p>\n<figure id=\"attachment_16075\" aria-describedby=\"caption-attachment-16075\" style=\"width: 800px\" class=\"wp-caption alignnone\"><img loading=\"lazy\" decoding=\"async\" class=\"wp-image-16075 size-full\" title=\"Mayorista ELF BOX 14000 Puffs Desechables vape 2\" src=\"https:\/\/www.vapeswholesaler.com\/wp-content\/uploads\/2024\/06\/Wholesale-ELF-BOX-14000-Puffs-Disposable-vape-2.webp\" alt=\"Mayorista ELF BOX 14000 Puffs Desechables vape 2\" width=\"800\" height=\"800\" srcset=\"https:\/\/www.vapeswholesaler.com\/wp-content\/uploads\/2024\/06\/Wholesale-ELF-BOX-14000-Puffs-Disposable-vape-2.webp 800w, https:\/\/www.vapeswholesaler.com\/wp-content\/uploads\/2024\/06\/Wholesale-ELF-BOX-14000-Puffs-Disposable-vape-2-300x300.webp 300w, https:\/\/www.vapeswholesaler.com\/wp-content\/uploads\/2024\/06\/Wholesale-ELF-BOX-14000-Puffs-Disposable-vape-2-150x150.webp 150w, https:\/\/www.vapeswholesaler.com\/wp-content\/uploads\/2024\/06\/Wholesale-ELF-BOX-14000-Puffs-Disposable-vape-2-768x768.webp 768w, https:\/\/www.vapeswholesaler.com\/wp-content\/uploads\/2024\/06\/Wholesale-ELF-BOX-14000-Puffs-Disposable-vape-2-12x12.webp 12w, https:\/\/www.vapeswholesaler.com\/wp-content\/uploads\/2024\/06\/Wholesale-ELF-BOX-14000-Puffs-Disposable-vape-2-247x247.webp 247w, https:\/\/www.vapeswholesaler.com\/wp-content\/uploads\/2024\/06\/Wholesale-ELF-BOX-14000-Puffs-Disposable-vape-2-510x510.webp 510w, https:\/\/www.vapeswholesaler.com\/wp-content\/uploads\/2024\/06\/Wholesale-ELF-BOX-14000-Puffs-Disposable-vape-2-100x100.webp 100w\" sizes=\"auto, (max-width: 800px) 100vw, 800px\" \/><figcaption id=\"caption-attachment-16075\" class=\"wp-caption-text\">Mayorista ELF BOX 14000 Puffs Vapeador desechable<\/figcaption><\/figure>","protected":false},"excerpt":{"rendered":"<p>Cantidad m\u00ednima de pedido:\u00a0<strong>50PCS<\/strong>\u00a0(Mezcla de sabores)\u00a0\u00a0<strong>Env\u00edo gratuito<\/strong><\/p>\n<p>(<strong>2%, 5% Nic<\/strong>)<\/p>","protected":false},"featured_media":16076,"comment_status":"open","ping_status":"closed","template":"","meta":[],"product_cat":[15],"product_tag":[],"class_list":{"0":"post-16087","1":"product","2":"type-product","3":"status-publish","4":"has-post-thumbnail","6":"product_cat-disposable-vape","7":"product_brand-elf-box","9":"first","10":"instock","11":"shipping-taxable","12":"purchasable","13":"product-type-variable","14":"has-default-attributes"},"aioseo_notices":[],"_links":{"self":[{"href":"https:\/\/www.vapeswholesaler.com\/es\/wp-json\/wp\/v2\/product\/16087","targetHints":{"allow":["GET"]}}],"collection":[{"href":"https:\/\/www.vapeswholesaler.com\/es\/wp-json\/wp\/v2\/product"}],"about":[{"href":"https:\/\/www.vapeswholesaler.com\/es\/wp-json\/wp\/v2\/types\/product"}],"replies":[{"embeddable":true,"href":"https:\/\/www.vapeswholesaler.com\/es\/wp-json\/wp\/v2\/comments?post=16087"}],"wp:featuredmedia":[{"embeddable":true,"href":"https:\/\/www.vapeswholesaler.com\/es\/wp-json\/wp\/v2\/media\/16076"}],"wp:attachment":[{"href":"https:\/\/www.vapeswholesaler.com\/es\/wp-json\/wp\/v2\/media?parent=16087"}],"wp:term":[{"taxonomy":"product_cat","embeddable":true,"href":"https:\/\/www.vapeswholesaler.com\/es\/wp-json\/wp\/v2\/product_cat?post=16087"},{"taxonomy":"product_tag","embeddable":true,"href":"https:\/\/www.vapeswholesaler.com\/es\/wp-json\/wp\/v2\/product_tag?post=16087"}],"curies":[{"name":"wp","href":"https:\/\/api.w.org\/{rel}","templated":true}]}}