{"id":16060,"date":"2024-06-12T18:07:14","date_gmt":"2024-06-12T10:07:14","guid":{"rendered":"https:\/\/www.vapeswholesaler.com\/?post_type=product&#038;p=16060"},"modified":"2025-03-18T14:28:47","modified_gmt":"2025-03-18T06:28:47","slug":"mayorista-bang-25000-puffs-vape-desechable","status":"publish","type":"product","link":"https:\/\/www.vapeswholesaler.com\/es\/producto\/mayorista-bang-25000-puffs-vape-desechable","title":{"rendered":"Mayorista Bang 25000 Puffs Vape Desechable"},"content":{"rendered":"<p><a href=\"https:\/\/www.vapeswholesaler.com\/es\/marca_producto\/bang\/\">Bang<\/a> 25000 Puffs es un vapeador desechable, tambi\u00e9n es un dispositivo de primer nivel dise\u00f1ado para una experiencia de vapeo excepcional. Viene con 30ml de eliquid y bobina de 1.0ohm, elija entre 0%, 2%, 3% o 5% concentraci\u00f3n de nicotina para adaptarse a sus preferencias y necesidades personales. El Bang 25000 Puffs con un impresionante 25000 puffs, este vapeador desechable ofrece una longevidad y comodidad sin igual.<\/p>\n<p>Nuestro dispositivo alimentado por una bater\u00eda fiable de 650mAh, este dispositivo garantiza un rendimiento constante durante toda su vida \u00fatil. La funci\u00f3n de recarga Type-C garantiza una carga r\u00e1pida y eficiente, minimizando el tiempo de inactividad. una avanzada pantalla digital LCD te mantiene informado de la duraci\u00f3n de la bater\u00eda y los niveles de e-l\u00edquido, proporcionando una experiencia fluida y f\u00e1cil de usar.<\/p>\n<p>El Vape desechable est\u00e1 dise\u00f1ado tanto para principiantes como para vapeadores experimentados, combinando alta capacidad, facilidad de uso y tecnolog\u00eda avanzada. Su excepcional entrega de sabor y su dise\u00f1o f\u00e1cil de usar lo convierten en una opci\u00f3n de primera calidad en el mercado del vapeo.<\/p>\n<h2><strong><a href=\"https:\/\/www.facebook.com\/fred.luo.58\/\">Bang<\/a> 25000 Puffs Desechables Vape Detalles:<\/strong><\/h2>\n<ul>\n<li>Bocanadas: HASTA 26000 caladas Modo dual<\/li>\n<li>L\u00edquido: 30 ml precargado<\/li>\n<li>Nicotina: 0% 2% 3% 5%<\/li>\n<li>N\u00facleo: 1,0 y 1,0 doble malla<\/li>\n<li>Bater\u00eda: 650 mAh recargable tipo-c<\/li>\n<li>Forma de entrega: DHL<\/li>\n<li>10 Unidades\/Caja<\/li>\n<li>1caja\/200pcs(22 KG)<\/li>\n<\/ul>\n<h2><strong>Sabores disponibles:<\/strong><\/h2>\n<ol>\n<li>Ar\u00e1ndano Frambuesa<\/li>\n<li>Menta con ar\u00e1ndanos<\/li>\n<li>Mezcla de frutas<\/li>\n<li>Sand\u00eda con fresa<\/li>\n<li>Hielo de uva<\/li>\n<li>Hielo de ar\u00e1ndanos<\/li>\n<li>Chicle Burbuja de sand\u00eda<\/li>\n<li>Sangre de tigre<\/li>\n<li>Fresa Kiwi<\/li>\n<li>Hielo de sand\u00eda<\/li>\n<li>Fresa helada<\/li>\n<li>Mango Melocot\u00f3n<\/li>\n<\/ol>\n<h2><strong>Detalles del embalaje:<\/strong><\/h2>\n<p>Pieza \u00fanica con envoltorio de caramelo<br \/>\nCada caja contiene 10 unidades<br \/>\nCada caja contiene 200 unidades<\/p>\n<figure id=\"attachment_16046\" aria-describedby=\"caption-attachment-16046\" style=\"width: 800px\" class=\"wp-caption alignnone\"><img loading=\"lazy\" decoding=\"async\" class=\"wp-image-16046 size-full\" title=\"Mayorista Bang 25000 Puffs Desechables Vape 4\" src=\"https:\/\/www.vapeswholesaler.com\/wp-content\/uploads\/2024\/06\/Wholesale-Bang-25000-Puffs-Disposable-Vape-4.webp\" alt=\"Mayorista Bang 25000 Puffs Desechables Vape 4\" width=\"800\" height=\"1321\" srcset=\"https:\/\/www.vapeswholesaler.com\/wp-content\/uploads\/2024\/06\/Wholesale-Bang-25000-Puffs-Disposable-Vape-4.webp 800w, https:\/\/www.vapeswholesaler.com\/wp-content\/uploads\/2024\/06\/Wholesale-Bang-25000-Puffs-Disposable-Vape-4-182x300.webp 182w, https:\/\/www.vapeswholesaler.com\/wp-content\/uploads\/2024\/06\/Wholesale-Bang-25000-Puffs-Disposable-Vape-4-620x1024.webp 620w, https:\/\/www.vapeswholesaler.com\/wp-content\/uploads\/2024\/06\/Wholesale-Bang-25000-Puffs-Disposable-Vape-4-768x1268.webp 768w, https:\/\/www.vapeswholesaler.com\/wp-content\/uploads\/2024\/06\/Wholesale-Bang-25000-Puffs-Disposable-Vape-4-7x12.webp 7w, https:\/\/www.vapeswholesaler.com\/wp-content\/uploads\/2024\/06\/Wholesale-Bang-25000-Puffs-Disposable-Vape-4-510x842.webp 510w\" sizes=\"auto, (max-width: 800px) 100vw, 800px\" \/><figcaption id=\"caption-attachment-16046\" class=\"wp-caption-text\">Mayorista Bang 25000 Puffs Vape Desechable<\/figcaption><\/figure>","protected":false},"excerpt":{"rendered":"<p>Cantidad m\u00ednima de pedido:\u00a0<strong>50 unidades<\/strong>\u00a0(Mezcla de sabores)\u00a0\u00a0<strong>Env\u00edo gratuito<\/strong><\/p>\n<p>\uff08<strong>0%\uff0c2%\uff0c3%\uff0c5%<\/strong>\uff09<\/p>","protected":false},"featured_media":16059,"comment_status":"open","ping_status":"closed","template":"","meta":[],"product_cat":[15],"product_tag":[368,376,388],"class_list":{"0":"post-16060","1":"product","2":"type-product","3":"status-publish","4":"has-post-thumbnail","6":"product_cat-disposable-vape","7":"product_tag-bang-king","8":"product_tag-25000-puffs","9":"product_tag-bang","10":"product_brand-bang","12":"first","13":"instock","14":"shipping-taxable","15":"purchasable","16":"product-type-variable","17":"has-default-attributes"},"aioseo_notices":[],"_links":{"self":[{"href":"https:\/\/www.vapeswholesaler.com\/es\/wp-json\/wp\/v2\/product\/16060","targetHints":{"allow":["GET"]}}],"collection":[{"href":"https:\/\/www.vapeswholesaler.com\/es\/wp-json\/wp\/v2\/product"}],"about":[{"href":"https:\/\/www.vapeswholesaler.com\/es\/wp-json\/wp\/v2\/types\/product"}],"replies":[{"embeddable":true,"href":"https:\/\/www.vapeswholesaler.com\/es\/wp-json\/wp\/v2\/comments?post=16060"}],"wp:featuredmedia":[{"embeddable":true,"href":"https:\/\/www.vapeswholesaler.com\/es\/wp-json\/wp\/v2\/media\/16059"}],"wp:attachment":[{"href":"https:\/\/www.vapeswholesaler.com\/es\/wp-json\/wp\/v2\/media?parent=16060"}],"wp:term":[{"taxonomy":"product_cat","embeddable":true,"href":"https:\/\/www.vapeswholesaler.com\/es\/wp-json\/wp\/v2\/product_cat?post=16060"},{"taxonomy":"product_tag","embeddable":true,"href":"https:\/\/www.vapeswholesaler.com\/es\/wp-json\/wp\/v2\/product_tag?post=16060"}],"curies":[{"name":"wp","href":"https:\/\/api.w.org\/{rel}","templated":true}]}}