{"id":15929,"date":"2024-06-12T11:14:04","date_gmt":"2024-06-12T03:14:04","guid":{"rendered":"https:\/\/www.vapeswholesaler.com\/?post_type=product&#038;p=15929"},"modified":"2025-03-18T14:42:06","modified_gmt":"2025-03-18T06:42:06","slug":"bang-e-hookah-18000-puffs-sub-ohm-dtl-desechable-vape-al-por-mayor","status":"publish","type":"product","link":"https:\/\/www.vapeswholesaler.com\/es\/producto\/bang-e-hookah-18000-puffs-sub-ohm-dtl-desechable-vape-al-por-mayor","title":{"rendered":"Bang E Hookah 18000 Puffs Vape desechable al por mayor"},"content":{"rendered":"<p><a href=\"https:\/\/www.vapeswholesaler.com\/es\/marca_producto\/bang\/\">Bang<\/a> E Hookah 18000 Puffs Vape Pen desechable, una opci\u00f3n de primera calidad para la satisfacci\u00f3n vaping extendida. Experimenta hasta 18000 caladas con su e-l\u00edquido precargado de alta capacidad de 20ml.<\/p>\n<p>Mejore el sabor y la producci\u00f3n de vapor con la bobina de malla 0.6ohm y el dise\u00f1o de flujo de aire ajustable. El Bang E Hookah 18000 no s\u00f3lo ofrece un rendimiento excepcional, sino que tambi\u00e9n viene a un precio competitivo, por lo que es una excelente opci\u00f3n para aquellos que buscan valor sin sacrificar la calidad.<\/p>\n<p>Nuestras opciones de venta al por mayor garantizan que las empresas puedan abastecerse de este popular dispositivo de narguile electr\u00f3nico, satisfaciendo las demandas de sus clientes de manera eficiente.<\/p>\n<p>Experimente la comodidad de un env\u00edo r\u00e1pido, lo que le permite disfrutar de su Bang E Hookah 18000 Vape desechable sin demora. Si usted es un entusiasta vaping, un minorista o un mayorista que buscan ampliar su gama de productos.<\/p>\n<h2><strong><a href=\"https:\/\/www.facebook.com\/fred.luo.58\/\">Bang<\/a> E Hookah 18000 Puffs Detalles:<\/strong><\/h2>\n<ul>\n<li>Bocanadas: 18000 bocanadas<\/li>\n<li>L\u00edquido: 20 ml<\/li>\n<li>Nicotina: 0%2%3%5% Sal de nicotina<\/li>\n<li>Tipos:Desechables<\/li>\n<li>Bater\u00eda de 650 mAh<\/li>\n<li>Bobina de malla 0,6<\/li>\n<li>Caudal de aire ajustable<\/li>\n<li>Tipo-c recargable<\/li>\n<\/ul>\n<h2><strong>Sabores disponibles:<\/strong><\/h2>\n<ol>\n<li>Melocot\u00f3n Mango<\/li>\n<li>Manzana \u00e1cida<\/li>\n<li>Uva<\/li>\n<li>Sangre de tigre<\/li>\n<li>Ar\u00e1ndano Frambuesa<\/li>\n<li>Uvas de ar\u00e1ndano<\/li>\n<li>Frutas variadas<\/li>\n<li>Sand\u00eda con fresa<\/li>\n<li>Fresa Kiwi<\/li>\n<li>Fresa Mango<\/li>\n<li>Pi\u00f1a Coco<\/li>\n<li>Hielo de menta<\/li>\n<li>Sand\u00eda<\/li>\n<li>Hielo de ar\u00e1ndanos<\/li>\n<li>Melocot\u00f3n helado<\/li>\n<li>Chicle de sand\u00eda<\/li>\n<\/ol>\n<h2><strong>Detalle del embalaje<\/strong><\/h2>\n<ul>\n<li>Pieza \u00fanica con envoltorio de caramelo<\/li>\n<li>Cada caja contiene 10 unidades<\/li>\n<li>Cada caja contiene 200 unidades<\/li>\n<\/ul>\n<figure id=\"attachment_15915\" aria-describedby=\"caption-attachment-15915\" style=\"width: 800px\" class=\"wp-caption alignnone\"><img loading=\"lazy\" decoding=\"async\" class=\"wp-image-15915 size-full\" title=\"Bang E Hookah 18000 Puffs Sub Ohm DTL Vape Desechable al por mayor\" src=\"https:\/\/www.vapeswholesaler.com\/wp-content\/uploads\/2024\/06\/Bang-E-Hookah-18000-Puffs-Sub-Ohm-DTL-Disposable-Vape-Wholesale.jpg\" alt=\"Bang E Hookah 18000 Puffs Sub Ohm DTL Vape Desechable al por mayor\" width=\"800\" height=\"800\" srcset=\"https:\/\/www.vapeswholesaler.com\/wp-content\/uploads\/2024\/06\/Bang-E-Hookah-18000-Puffs-Sub-Ohm-DTL-Disposable-Vape-Wholesale.jpg 800w, https:\/\/www.vapeswholesaler.com\/wp-content\/uploads\/2024\/06\/Bang-E-Hookah-18000-Puffs-Sub-Ohm-DTL-Disposable-Vape-Wholesale-300x300.jpg 300w, https:\/\/www.vapeswholesaler.com\/wp-content\/uploads\/2024\/06\/Bang-E-Hookah-18000-Puffs-Sub-Ohm-DTL-Disposable-Vape-Wholesale-150x150.jpg 150w, https:\/\/www.vapeswholesaler.com\/wp-content\/uploads\/2024\/06\/Bang-E-Hookah-18000-Puffs-Sub-Ohm-DTL-Disposable-Vape-Wholesale-768x768.jpg 768w, https:\/\/www.vapeswholesaler.com\/wp-content\/uploads\/2024\/06\/Bang-E-Hookah-18000-Puffs-Sub-Ohm-DTL-Disposable-Vape-Wholesale-12x12.jpg 12w, https:\/\/www.vapeswholesaler.com\/wp-content\/uploads\/2024\/06\/Bang-E-Hookah-18000-Puffs-Sub-Ohm-DTL-Disposable-Vape-Wholesale-247x247.jpg 247w, https:\/\/www.vapeswholesaler.com\/wp-content\/uploads\/2024\/06\/Bang-E-Hookah-18000-Puffs-Sub-Ohm-DTL-Disposable-Vape-Wholesale-510x510.jpg 510w, https:\/\/www.vapeswholesaler.com\/wp-content\/uploads\/2024\/06\/Bang-E-Hookah-18000-Puffs-Sub-Ohm-DTL-Disposable-Vape-Wholesale-100x100.jpg 100w\" sizes=\"auto, (max-width: 800px) 100vw, 800px\" \/><figcaption id=\"caption-attachment-15915\" class=\"wp-caption-text\">Bang E Hookah 18000 Puffs Sub Ohm DTL Vape Desechable al por mayor<\/figcaption><\/figure>","protected":false},"excerpt":{"rendered":"<p><span data-slate-fragment=\"JTVCJTdCJTIydHlwZSUyMiUzQSUyMnBhcmFncmFwaCUyMiUyQyUyMmNoaWxkcmVuJTIyJTNBJTVCJTdCJTIyaWQlMjIlM0ElMjIwNEFKeEcyNndwJTIyJTJDJTIycGFyYUlkeCUyMiUzQTAlMkMlMjJzcmMlMjIlM0ElMjJNaW5pbXVtJTIwT3JkZXIlMjBRdWFudGl0eSUzQSUyMDEwMCUyMFBDUyUyMChNaXglMjBGbGF2b3JzKSUyMiUyQyUyMmRzdCUyMiUzQSUyMiVFNiU5QyU4MCVFNCVCRCU4RSVFOCVBRSVBMiVFOCVCNCVBRCVFOSU4NyU4RiVFRiVCQyU5QTEwMCVFNCVCQiVCNiVFRiVCQyU4OCVFNiVCNyVCNyVFNSU5MCU4OCVFNSU4RiVBMyVFNSU5MSVCMyVFRiVCQyU4OSUyMiUyQyUyMm1ldGFkYXRhJTIyJTNBJTIyJTIyJTJDJTIybWV0YURhdGElMjIlM0ElNUIlNUQlMkMlMjJ0ZXh0JTIyJTNBJTIyTWluaW11bSUyME9yZGVyJTIwUXVhbnRpdHklM0ElMjAxMDAlMjBQQ1MlMjAoTWl4JTIwRmxhdm9ycyklMjIlN0QlNUQlN0QlNUQ=\">Cantidad m\u00ednima de pedido: <strong>50 unidades<\/strong>\u00a0(Mezcla de sabores)<\/span><\/p>\n<p>\uff08<strong>0%\uff0c2%\uff0c3%\uff0c5%<\/strong>\uff09<\/p>","protected":false},"featured_media":15911,"comment_status":"open","ping_status":"closed","template":"","meta":[],"product_cat":[15],"product_tag":[55,388],"class_list":{"0":"post-15929","1":"product","2":"type-product","3":"status-publish","4":"has-post-thumbnail","6":"product_cat-disposable-vape","7":"product_tag-18000-puffs","8":"product_tag-bang","9":"product_brand-bang","11":"first","12":"outofstock","13":"shipping-taxable","14":"purchasable","15":"product-type-variable"},"aioseo_notices":[],"_links":{"self":[{"href":"https:\/\/www.vapeswholesaler.com\/es\/wp-json\/wp\/v2\/product\/15929","targetHints":{"allow":["GET"]}}],"collection":[{"href":"https:\/\/www.vapeswholesaler.com\/es\/wp-json\/wp\/v2\/product"}],"about":[{"href":"https:\/\/www.vapeswholesaler.com\/es\/wp-json\/wp\/v2\/types\/product"}],"replies":[{"embeddable":true,"href":"https:\/\/www.vapeswholesaler.com\/es\/wp-json\/wp\/v2\/comments?post=15929"}],"wp:featuredmedia":[{"embeddable":true,"href":"https:\/\/www.vapeswholesaler.com\/es\/wp-json\/wp\/v2\/media\/15911"}],"wp:attachment":[{"href":"https:\/\/www.vapeswholesaler.com\/es\/wp-json\/wp\/v2\/media?parent=15929"}],"wp:term":[{"taxonomy":"product_cat","embeddable":true,"href":"https:\/\/www.vapeswholesaler.com\/es\/wp-json\/wp\/v2\/product_cat?post=15929"},{"taxonomy":"product_tag","embeddable":true,"href":"https:\/\/www.vapeswholesaler.com\/es\/wp-json\/wp\/v2\/product_tag?post=15929"}],"curies":[{"name":"wp","href":"https:\/\/api.w.org\/{rel}","templated":true}]}}