{"id":15736,"date":"2024-06-10T15:49:51","date_gmt":"2024-06-10T07:49:51","guid":{"rendered":"https:\/\/www.vapeswholesaler.com\/?post_type=product&#038;p=15736"},"modified":"2025-03-18T14:43:31","modified_gmt":"2025-03-18T06:43:31","slug":"bang-bc5000-vape-desechable-al-por-mayor","status":"publish","type":"product","link":"https:\/\/www.vapeswholesaler.com\/es\/producto\/bang-bc5000-vape-desechable-al-por-mayor","title":{"rendered":"Bang BC5000 Vape desechable al por mayor"},"content":{"rendered":"<p><a href=\"https:\/\/www.vapeswholesaler.com\/es\/marca_producto\/bang\/\">Bang<\/a> BC5000 es un vape desechable bien dise\u00f1ado, viene con 13 ml de eliquid y con 50 mg de nicotina, que construir con 650mah bater\u00eda recargable que puede soportar un m\u00e1ximo de 5000 caladas.<\/p>\n<p>\u00a1Venta al por mayor nuestra Bang BC5000 con el mejor precio y env\u00edo r\u00e1pido!<\/p>\n<h2><strong><a href=\"https:\/\/www.facebook.com\/fred.luo.58\/\">Bang<\/a> BC5000 Caja Vape Desechable Detalle R\u00e1pido<\/strong><\/h2>\n<ol>\n<li>Puffs: 5000<\/li>\n<li>Sal de nicotina: 5%<\/li>\n<li>Capacidad del eliquid: 13ML<\/li>\n<li>Resistencia: malla de 1,2 ohmios<\/li>\n<li>Peso corporal: 52 g<\/li>\n<li>Tama\u00f1o de la caja: 52,3*38*28,5 cm<\/li>\n<li>Peso de la caja: 16.5kg\/ 300 PCS<\/li>\n<li>Puerto de carga: Tipo C<\/li>\n<\/ol>\n<h2><strong>Lista de sabores:<\/strong><\/h2>\n<ol>\n<li>Hielo Razz Azul<\/li>\n<li>Hielo de ar\u00e1ndanos<\/li>\n<li>Ar\u00e1ndano Lim\u00f3n<\/li>\n<li>Cola Ice<\/li>\n<li>Energ\u00eda<\/li>\n<li>Osito de goma<\/li>\n<li>Kiwi Fruta de la pasi\u00f3n Guayaba<\/li>\n<li>Menta lim\u00f3n<\/li>\n<li>Mango Melocot\u00f3n<\/li>\n<li>Zumo de naranja<\/li>\n<li>Melocot\u00f3n helado<\/li>\n<li>Melocot\u00f3n Mango Sand\u00eda<\/li>\n<li>Pi\u00f1a Coco<\/li>\n<li>Uva Sakura<\/li>\n<li>Manzana \u00e1cida Frambuesa<\/li>\n<li>Fresa Pl\u00e1tano<\/li>\n<li>Fresa helada<\/li>\n<li>Fresa Kiwi<\/li>\n<li>Fresa Mango<\/li>\n<li>Sand\u00eda con fresa<\/li>\n<li>Triple de bayas<\/li>\n<li>Tropical Rainbow Blast<\/li>\n<li>Chicle de sand\u00eda<\/li>\n<li>Hielo de sand\u00eda<\/li>\n<\/ol>\n<figure id=\"attachment_15746\" aria-describedby=\"caption-attachment-15746\" style=\"width: 800px\" class=\"wp-caption alignnone\"><img loading=\"lazy\" decoding=\"async\" class=\"wp-image-15746 size-full\" title=\"Bang BC5000 Vape desechable al por mayor (11)\" src=\"https:\/\/www.vapeswholesaler.com\/wp-content\/uploads\/2024\/06\/Bang-BC5000-Disposable-Vape-Wholesale-11.jpg\" alt=\"Bang BC5000 Vape desechable al por mayor (11)\" width=\"800\" height=\"800\" srcset=\"https:\/\/www.vapeswholesaler.com\/wp-content\/uploads\/2024\/06\/Bang-BC5000-Disposable-Vape-Wholesale-11.jpg 800w, https:\/\/www.vapeswholesaler.com\/wp-content\/uploads\/2024\/06\/Bang-BC5000-Disposable-Vape-Wholesale-11-300x300.jpg 300w, https:\/\/www.vapeswholesaler.com\/wp-content\/uploads\/2024\/06\/Bang-BC5000-Disposable-Vape-Wholesale-11-150x150.jpg 150w, https:\/\/www.vapeswholesaler.com\/wp-content\/uploads\/2024\/06\/Bang-BC5000-Disposable-Vape-Wholesale-11-768x768.jpg 768w, https:\/\/www.vapeswholesaler.com\/wp-content\/uploads\/2024\/06\/Bang-BC5000-Disposable-Vape-Wholesale-11-12x12.jpg 12w, https:\/\/www.vapeswholesaler.com\/wp-content\/uploads\/2024\/06\/Bang-BC5000-Disposable-Vape-Wholesale-11-247x247.jpg 247w, https:\/\/www.vapeswholesaler.com\/wp-content\/uploads\/2024\/06\/Bang-BC5000-Disposable-Vape-Wholesale-11-510x510.jpg 510w, https:\/\/www.vapeswholesaler.com\/wp-content\/uploads\/2024\/06\/Bang-BC5000-Disposable-Vape-Wholesale-11-100x100.jpg 100w\" sizes=\"auto, (max-width: 800px) 100vw, 800px\" \/><figcaption id=\"caption-attachment-15746\" class=\"wp-caption-text\">Bang BC5000 Vape desechable al por mayor<\/figcaption><\/figure>","protected":false},"excerpt":{"rendered":"<p>Cantidad m\u00ednima de pedido:\u00a0<strong>50 unidades <\/strong>(Mezcla de sabores)\u00a0\u00a0<strong>Env\u00edo gratuito<\/strong><\/p>\n<p>\uff08<strong>0%\uff0c2%\uff0c3%\uff0c5%<\/strong>\uff09<\/p>","protected":false},"featured_media":15747,"comment_status":"open","ping_status":"closed","template":"","meta":[],"product_cat":[15],"product_tag":[388,391],"class_list":{"0":"post-15736","1":"product","2":"type-product","3":"status-publish","4":"has-post-thumbnail","6":"product_cat-disposable-vape","7":"product_tag-bang","8":"product_tag-5000-puffs","9":"product_brand-bang","11":"first","12":"outofstock","13":"shipping-taxable","14":"purchasable","15":"product-type-variable"},"aioseo_notices":[],"_links":{"self":[{"href":"https:\/\/www.vapeswholesaler.com\/es\/wp-json\/wp\/v2\/product\/15736","targetHints":{"allow":["GET"]}}],"collection":[{"href":"https:\/\/www.vapeswholesaler.com\/es\/wp-json\/wp\/v2\/product"}],"about":[{"href":"https:\/\/www.vapeswholesaler.com\/es\/wp-json\/wp\/v2\/types\/product"}],"replies":[{"embeddable":true,"href":"https:\/\/www.vapeswholesaler.com\/es\/wp-json\/wp\/v2\/comments?post=15736"}],"wp:featuredmedia":[{"embeddable":true,"href":"https:\/\/www.vapeswholesaler.com\/es\/wp-json\/wp\/v2\/media\/15747"}],"wp:attachment":[{"href":"https:\/\/www.vapeswholesaler.com\/es\/wp-json\/wp\/v2\/media?parent=15736"}],"wp:term":[{"taxonomy":"product_cat","embeddable":true,"href":"https:\/\/www.vapeswholesaler.com\/es\/wp-json\/wp\/v2\/product_cat?post=15736"},{"taxonomy":"product_tag","embeddable":true,"href":"https:\/\/www.vapeswholesaler.com\/es\/wp-json\/wp\/v2\/product_tag?post=15736"}],"curies":[{"name":"wp","href":"https:\/\/api.w.org\/{rel}","templated":true}]}}