{"id":15562,"date":"2024-05-21T15:57:56","date_gmt":"2024-05-21T15:57:56","guid":{"rendered":"https:\/\/www.vapeswholesaler.com\/?post_type=product&#038;p=15562"},"modified":"2025-02-23T15:42:03","modified_gmt":"2025-02-23T07:42:03","slug":"rabbeats-rc10000-touch-vape-desechable-al-por-mayor","status":"publish","type":"product","link":"https:\/\/www.vapeswholesaler.com\/es\/producto\/rabbeats-rc10000-touch-vape-desechable-al-por-mayor","title":{"rendered":"RabBeats RC10000 Touch Vape desechable al por mayor"},"content":{"rendered":"<p>El futuro est\u00e1 en tus manos con el nuevo RC10000 TOUCH Desechable de RabBeats. Con una pantalla t\u00e1ctil interactiva y animaciones \u00fanicas, el dispositivo de 10.000 caladas es una actualizaci\u00f3n m\u00e1s elevada del actual RC10000 desechable de RabBeats con 3 modos ajustables diferentes: Ligero, Suave y Fuerte. De serie, el dispositivo funciona con una bater\u00eda recargable de 620mAh y contiene 14mL de e-l\u00edquido precargado. No se limite a imaginar el futuro de los vapeadores, T\u00d3QUELO.<\/p>\n<h2><strong>RabBeats RC10000 Touch Caracter\u00edsticas:<\/strong><\/h2>\n<ul>\n<li>10.000 Puffs<\/li>\n<li>Pantalla t\u00e1ctil interactiva<\/li>\n<li>3 modos ajustables: LIGERO, SUAVE Y FUERTE<\/li>\n<li>14mL E-L\u00edquido Pre-llenado<\/li>\n<li>Bater\u00eda recargable de 620 mAh (Tipo-C)<\/li>\n<\/ul>\n<h2><strong>Lista de sabores:<\/strong><\/h2>\n<ol>\n<li>Blue Razz lce<\/li>\n<li>Sand\u00eda con ar\u00e1ndanos<\/li>\n<li>Cereza Lim\u00f3n<\/li>\n<li>Uva c\u00edtrica<\/li>\n<li>Coco Pl\u00e1tano<\/li>\n<li>Drag\u00f3n Strawnana<\/li>\n<li>Melocot\u00f3n de Georgia<\/li>\n<li>Casa de la Moneda de Los \u00c1ngeles<\/li>\n<li>Monte Splash<\/li>\n<li>OMG<\/li>\n<li>Frambuesa rub\u00ed<\/li>\n<li>Sand\u00eda BG<\/li>\n<\/ol>\n<p>&nbsp;<\/p>\n<figure id=\"attachment_15569\" aria-describedby=\"caption-attachment-15569\" style=\"width: 800px\" class=\"wp-caption alignnone\"><img loading=\"lazy\" decoding=\"async\" class=\"wp-image-15569 size-full\" title=\"RabBeats RC10000 Touch Vape Desechable Montaje al por mayor salpicaduras\" src=\"https:\/\/www.vapeswholesaler.com\/wp-content\/uploads\/2024\/05\/RabBeats-RC10000-Touch-Disposable-Vape-Wholesale-mount-splash.jpg\" alt=\"RabBeats RC10000 Touch Vape Desechable Montaje al por mayor salpicaduras\" width=\"800\" height=\"800\" srcset=\"https:\/\/www.vapeswholesaler.com\/wp-content\/uploads\/2024\/05\/RabBeats-RC10000-Touch-Disposable-Vape-Wholesale-mount-splash.jpg 800w, https:\/\/www.vapeswholesaler.com\/wp-content\/uploads\/2024\/05\/RabBeats-RC10000-Touch-Disposable-Vape-Wholesale-mount-splash-300x300.jpg 300w, https:\/\/www.vapeswholesaler.com\/wp-content\/uploads\/2024\/05\/RabBeats-RC10000-Touch-Disposable-Vape-Wholesale-mount-splash-150x150.jpg 150w, https:\/\/www.vapeswholesaler.com\/wp-content\/uploads\/2024\/05\/RabBeats-RC10000-Touch-Disposable-Vape-Wholesale-mount-splash-768x768.jpg 768w, https:\/\/www.vapeswholesaler.com\/wp-content\/uploads\/2024\/05\/RabBeats-RC10000-Touch-Disposable-Vape-Wholesale-mount-splash-12x12.jpg 12w, https:\/\/www.vapeswholesaler.com\/wp-content\/uploads\/2024\/05\/RabBeats-RC10000-Touch-Disposable-Vape-Wholesale-mount-splash-247x247.jpg 247w, https:\/\/www.vapeswholesaler.com\/wp-content\/uploads\/2024\/05\/RabBeats-RC10000-Touch-Disposable-Vape-Wholesale-mount-splash-510x510.jpg 510w, https:\/\/www.vapeswholesaler.com\/wp-content\/uploads\/2024\/05\/RabBeats-RC10000-Touch-Disposable-Vape-Wholesale-mount-splash-100x100.jpg 100w\" sizes=\"auto, (max-width: 800px) 100vw, 800px\" \/><figcaption id=\"caption-attachment-15569\" class=\"wp-caption-text\">RabBeats RC10000 Touch Vape desechable al por mayor<\/figcaption><\/figure>\n<p><img loading=\"lazy\" decoding=\"async\" class=\"alignnone wp-image-15573 size-full\" title=\"RabBeats RC10000 Touch Vape desechable al por mayor\" src=\"https:\/\/www.vapeswholesaler.com\/wp-content\/uploads\/2024\/05\/RabBeats-RC10000-Touch-Disposable-Vape-Wholesale.jpg\" alt=\"RabBeats RC10000 Touch Vape desechable al por mayor\" width=\"1000\" height=\"1343\" srcset=\"https:\/\/www.vapeswholesaler.com\/wp-content\/uploads\/2024\/05\/RabBeats-RC10000-Touch-Disposable-Vape-Wholesale.jpg 1000w, https:\/\/www.vapeswholesaler.com\/wp-content\/uploads\/2024\/05\/RabBeats-RC10000-Touch-Disposable-Vape-Wholesale-223x300.jpg 223w, https:\/\/www.vapeswholesaler.com\/wp-content\/uploads\/2024\/05\/RabBeats-RC10000-Touch-Disposable-Vape-Wholesale-762x1024.jpg 762w, https:\/\/www.vapeswholesaler.com\/wp-content\/uploads\/2024\/05\/RabBeats-RC10000-Touch-Disposable-Vape-Wholesale-768x1031.jpg 768w, https:\/\/www.vapeswholesaler.com\/wp-content\/uploads\/2024\/05\/RabBeats-RC10000-Touch-Disposable-Vape-Wholesale-9x12.jpg 9w, https:\/\/www.vapeswholesaler.com\/wp-content\/uploads\/2024\/05\/RabBeats-RC10000-Touch-Disposable-Vape-Wholesale-510x685.jpg 510w\" sizes=\"auto, (max-width: 1000px) 100vw, 1000px\" \/> <img loading=\"lazy\" decoding=\"async\" class=\"alignnone size-full wp-image-15574\" title=\"RabBeats RC10000 Touch Vape Desechable Mayorista 2\" src=\"https:\/\/www.vapeswholesaler.com\/wp-content\/uploads\/2024\/05\/RabBeats-RC10000-Touch-Disposable-Vape-Wholesale_2.jpg\" alt=\"RabBeats RC10000 Touch Vape Desechable Mayorista 2\" width=\"1000\" height=\"1117\" srcset=\"https:\/\/www.vapeswholesaler.com\/wp-content\/uploads\/2024\/05\/RabBeats-RC10000-Touch-Disposable-Vape-Wholesale_2.jpg 1000w, https:\/\/www.vapeswholesaler.com\/wp-content\/uploads\/2024\/05\/RabBeats-RC10000-Touch-Disposable-Vape-Wholesale_2-269x300.jpg 269w, https:\/\/www.vapeswholesaler.com\/wp-content\/uploads\/2024\/05\/RabBeats-RC10000-Touch-Disposable-Vape-Wholesale_2-917x1024.jpg 917w, https:\/\/www.vapeswholesaler.com\/wp-content\/uploads\/2024\/05\/RabBeats-RC10000-Touch-Disposable-Vape-Wholesale_2-768x858.jpg 768w, https:\/\/www.vapeswholesaler.com\/wp-content\/uploads\/2024\/05\/RabBeats-RC10000-Touch-Disposable-Vape-Wholesale_2-11x12.jpg 11w, https:\/\/www.vapeswholesaler.com\/wp-content\/uploads\/2024\/05\/RabBeats-RC10000-Touch-Disposable-Vape-Wholesale_2-510x570.jpg 510w\" sizes=\"auto, (max-width: 1000px) 100vw, 1000px\" \/><\/p>","protected":false},"excerpt":{"rendered":"<p>Cantidad m\u00ednima de pedido: 10000 PCS (Mezcla de sabores)\u00a0 \u00a0<strong>Env\u00edo gratuito<\/strong><\/p>\n<p>\uff08<strong>2%\uff0c5%<\/strong>\uff09<\/p>","protected":false},"featured_media":15576,"comment_status":"open","ping_status":"closed","template":"","meta":[],"product_cat":[15],"product_tag":[],"class_list":{"0":"post-15562","1":"product","2":"type-product","3":"status-publish","4":"has-post-thumbnail","6":"product_cat-disposable-vape","7":"product_brand-rabbeats","9":"first","10":"instock","11":"shipping-taxable","12":"purchasable","13":"product-type-variable","14":"has-default-attributes"},"aioseo_notices":[],"_links":{"self":[{"href":"https:\/\/www.vapeswholesaler.com\/es\/wp-json\/wp\/v2\/product\/15562","targetHints":{"allow":["GET"]}}],"collection":[{"href":"https:\/\/www.vapeswholesaler.com\/es\/wp-json\/wp\/v2\/product"}],"about":[{"href":"https:\/\/www.vapeswholesaler.com\/es\/wp-json\/wp\/v2\/types\/product"}],"replies":[{"embeddable":true,"href":"https:\/\/www.vapeswholesaler.com\/es\/wp-json\/wp\/v2\/comments?post=15562"}],"wp:featuredmedia":[{"embeddable":true,"href":"https:\/\/www.vapeswholesaler.com\/es\/wp-json\/wp\/v2\/media\/15576"}],"wp:attachment":[{"href":"https:\/\/www.vapeswholesaler.com\/es\/wp-json\/wp\/v2\/media?parent=15562"}],"wp:term":[{"taxonomy":"product_cat","embeddable":true,"href":"https:\/\/www.vapeswholesaler.com\/es\/wp-json\/wp\/v2\/product_cat?post=15562"},{"taxonomy":"product_tag","embeddable":true,"href":"https:\/\/www.vapeswholesaler.com\/es\/wp-json\/wp\/v2\/product_tag?post=15562"}],"curies":[{"name":"wp","href":"https:\/\/api.w.org\/{rel}","templated":true}]}}