{"id":22970,"date":"2025-05-26T12:12:22","date_gmt":"2025-05-26T04:12:22","guid":{"rendered":"https:\/\/www.vapeswholesaler.com\/?post_type=product&#038;p=22970"},"modified":"2025-07-03T10:13:30","modified_gmt":"2025-07-03T02:13:30","slug":"groshandel-zooy-vape-lugvapor-20000-puffs-einweg-vape","status":"publish","type":"product","link":"https:\/\/www.vapeswholesaler.com\/de\/produkt\/groshandel-zooy-vape-lugvapor-20000-puffs-einweg-vape","title":{"rendered":"Gro\u00dfhandel Zooy Vape Lugvapor 20000 Puffs Einweg Vape"},"content":{"rendered":"<p>Die <a href=\"https:\/\/www.vapeswholesaler.com\/de\/produkt_marke\/zooy\/\">Zooy<\/a> Vape Lugvapor 20000 Puffs ist ein qualitativ hochwertiges Einwegger\u00e4t mit separatem Batterie- und Atomizerfach. Der Akku und der Atomizer sind durch Magnete verbunden, um den Wechsel zwischen den Geschmacksrichtungen zu erleichtern, ohne die Qualit\u00e4t des Produkts zu beeintr\u00e4chtigen. Dieses Produkt kann bis zu 20.000 Z\u00fcge lang geraucht werden. Es ist mit einem hochwertigen 650-mAh-Akku ausgestattet, der wieder aufgeladen werden kann, um die Lebensdauer des Produkts zu maximieren.<\/p>\n<p>Kommen Sie mit 20mg\/mL Nikotin. Es verf\u00fcgt \u00fcber eine Dual-Mesh-Spule (0,6 \u03a9 + 1,2 \u03a9) f\u00fcr reichen Geschmack, bieten wir 10 hei\u00dfe Aromen zur Auswahl, k\u00f6nnen Sie sie auf unserer Website von selbst zu kaufen, die Mindestbestellmenge nur 50 St\u00fcck, und kann 5 Aromen max w\u00e4hlen, willkommen zu bestellen! Wir freuen uns auf die Zusammenarbeit mit Ihnen!<\/p>\n<h2><strong>Zooy Vape Lugvapor 20000 Details:<\/strong><\/h2>\n<ul>\n<li>Puffs: 20000 Puffs<\/li>\n<li>Marke: Zooy<\/li>\n<li>Produktname: Zooy LugVapor 20000 Puffs<\/li>\n<li>Nikotinst\u00e4rke: 2%<\/li>\n<li>Vorgef\u00fcllte Kapazit\u00e4t: 20ml<\/li>\n<li>Akku-Kapazit\u00e4t: 650mAh<\/li>\n<li>Ladeanschluss: Typ-C<\/li>\n<\/ul>\n<h2><strong>Geschm\u00e4cker:<\/strong><\/h2>\n<ol>\n<li>Blaues Razzeis<\/li>\n<li>Kiwi-Erdbeere<\/li>\n<li>Wassermelone Eis<\/li>\n<li>Erdbeereis<\/li>\n<li>Gemischte Beeren<\/li>\n<li>Erdbeer-Wassermelonen-Eis<\/li>\n<li>Herr Blau<\/li>\n<li>Schwarzer Drache Eis<\/li>\n<li>Wassermelone-Litschi<\/li>\n<li>Passionsfrucht-Kiwi<\/li>\n<\/ol>\n<h2><strong>Packliste:<\/strong><\/h2>\n<p>1St\u00fcck pro Einzelkarton<br \/>\n10St\u00fcck pro Displaykarton<br \/>\n200St\u00fcck pro Karton<\/p>\n<figure id=\"attachment_22959\" aria-describedby=\"caption-attachment-22959\" style=\"width: 1000px\" class=\"wp-caption alignnone\"><img loading=\"lazy\" decoding=\"async\" class=\"wp-image-22959 size-full\" title=\"Gro\u00dfhandel Zooy Vape Lugvapor 20000 Puffs Einweg Vape 7\" src=\"https:\/\/www.vapeswholesaler.com\/wp-content\/uploads\/2025\/05\/Wholesale-Zooy-Vape-Lugvapor-20000-Puffs-Disposable-Vape-7.webp\" alt=\"Gro\u00dfhandel Zooy Vape Lugvapor 20000 Puffs Einweg Vape 7\" width=\"1000\" height=\"1000\" srcset=\"https:\/\/www.vapeswholesaler.com\/wp-content\/uploads\/2025\/05\/Wholesale-Zooy-Vape-Lugvapor-20000-Puffs-Disposable-Vape-7.webp 1000w, https:\/\/www.vapeswholesaler.com\/wp-content\/uploads\/2025\/05\/Wholesale-Zooy-Vape-Lugvapor-20000-Puffs-Disposable-Vape-7-300x300.webp 300w, https:\/\/www.vapeswholesaler.com\/wp-content\/uploads\/2025\/05\/Wholesale-Zooy-Vape-Lugvapor-20000-Puffs-Disposable-Vape-7-150x150.webp 150w, https:\/\/www.vapeswholesaler.com\/wp-content\/uploads\/2025\/05\/Wholesale-Zooy-Vape-Lugvapor-20000-Puffs-Disposable-Vape-7-768x768.webp 768w, https:\/\/www.vapeswholesaler.com\/wp-content\/uploads\/2025\/05\/Wholesale-Zooy-Vape-Lugvapor-20000-Puffs-Disposable-Vape-7-12x12.webp 12w, https:\/\/www.vapeswholesaler.com\/wp-content\/uploads\/2025\/05\/Wholesale-Zooy-Vape-Lugvapor-20000-Puffs-Disposable-Vape-7-247x247.webp 247w, https:\/\/www.vapeswholesaler.com\/wp-content\/uploads\/2025\/05\/Wholesale-Zooy-Vape-Lugvapor-20000-Puffs-Disposable-Vape-7-510x510.webp 510w, https:\/\/www.vapeswholesaler.com\/wp-content\/uploads\/2025\/05\/Wholesale-Zooy-Vape-Lugvapor-20000-Puffs-Disposable-Vape-7-100x100.webp 100w\" sizes=\"auto, (max-width: 1000px) 100vw, 1000px\" \/><figcaption id=\"caption-attachment-22959\" class=\"wp-caption-text\">Gro\u00dfhandel Zooy Vape Lugvapor 20000 Puffs Einweg Vape<\/figcaption><\/figure>\n<figure id=\"attachment_22958\" aria-describedby=\"caption-attachment-22958\" style=\"width: 1000px\" class=\"wp-caption alignnone\"><img loading=\"lazy\" decoding=\"async\" class=\"wp-image-22958 size-full\" title=\"Gro\u00dfhandel Zooy Vape Lugvapor 20000 Puffs Einweg Vape 6\" src=\"https:\/\/www.vapeswholesaler.com\/wp-content\/uploads\/2025\/05\/Wholesale-Zooy-Vape-Lugvapor-20000-Puffs-Disposable-Vape-6.webp\" alt=\"Gro\u00dfhandel Zooy Vape Lugvapor 20000 Puffs Einweg Vape 6\" width=\"1000\" height=\"1000\" srcset=\"https:\/\/www.vapeswholesaler.com\/wp-content\/uploads\/2025\/05\/Wholesale-Zooy-Vape-Lugvapor-20000-Puffs-Disposable-Vape-6.webp 1000w, https:\/\/www.vapeswholesaler.com\/wp-content\/uploads\/2025\/05\/Wholesale-Zooy-Vape-Lugvapor-20000-Puffs-Disposable-Vape-6-300x300.webp 300w, https:\/\/www.vapeswholesaler.com\/wp-content\/uploads\/2025\/05\/Wholesale-Zooy-Vape-Lugvapor-20000-Puffs-Disposable-Vape-6-150x150.webp 150w, https:\/\/www.vapeswholesaler.com\/wp-content\/uploads\/2025\/05\/Wholesale-Zooy-Vape-Lugvapor-20000-Puffs-Disposable-Vape-6-768x768.webp 768w, https:\/\/www.vapeswholesaler.com\/wp-content\/uploads\/2025\/05\/Wholesale-Zooy-Vape-Lugvapor-20000-Puffs-Disposable-Vape-6-12x12.webp 12w, https:\/\/www.vapeswholesaler.com\/wp-content\/uploads\/2025\/05\/Wholesale-Zooy-Vape-Lugvapor-20000-Puffs-Disposable-Vape-6-247x247.webp 247w, https:\/\/www.vapeswholesaler.com\/wp-content\/uploads\/2025\/05\/Wholesale-Zooy-Vape-Lugvapor-20000-Puffs-Disposable-Vape-6-510x510.webp 510w, https:\/\/www.vapeswholesaler.com\/wp-content\/uploads\/2025\/05\/Wholesale-Zooy-Vape-Lugvapor-20000-Puffs-Disposable-Vape-6-100x100.webp 100w\" sizes=\"auto, (max-width: 1000px) 100vw, 1000px\" \/><figcaption id=\"caption-attachment-22958\" class=\"wp-caption-text\">Gro\u00dfhandel Zooy Vape Lugvapor 20000 Puffs Einweg Vape<\/figcaption><\/figure>","protected":false},"excerpt":{"rendered":"<p>Mindestbestellmenge: <strong>50St\u00fcck<\/strong> (Geschmacksrichtungen mischen) <strong>Kostenloser Versand<\/strong><\/p>\n<p>(2%, Nic) EU-Lager Versandzeit 6-7 Arbeitstage<\/p>","protected":false},"featured_media":22957,"comment_status":"open","ping_status":"closed","template":"","meta":[],"product_cat":[15],"product_tag":[371,373,100],"class_list":{"0":"post-22970","1":"product","2":"type-product","3":"status-publish","4":"has-post-thumbnail","6":"product_cat-disposable-vape","7":"product_tag-zooy","8":"product_tag-europe-warehouse","9":"product_tag-20000-puffs","10":"product_brand-zooy","12":"first","13":"instock","14":"shipping-taxable","15":"purchasable","16":"product-type-variable","17":"has-default-attributes"},"aioseo_notices":[],"_links":{"self":[{"href":"https:\/\/www.vapeswholesaler.com\/de\/wp-json\/wp\/v2\/product\/22970","targetHints":{"allow":["GET"]}}],"collection":[{"href":"https:\/\/www.vapeswholesaler.com\/de\/wp-json\/wp\/v2\/product"}],"about":[{"href":"https:\/\/www.vapeswholesaler.com\/de\/wp-json\/wp\/v2\/types\/product"}],"replies":[{"embeddable":true,"href":"https:\/\/www.vapeswholesaler.com\/de\/wp-json\/wp\/v2\/comments?post=22970"}],"wp:featuredmedia":[{"embeddable":true,"href":"https:\/\/www.vapeswholesaler.com\/de\/wp-json\/wp\/v2\/media\/22957"}],"wp:attachment":[{"href":"https:\/\/www.vapeswholesaler.com\/de\/wp-json\/wp\/v2\/media?parent=22970"}],"wp:term":[{"taxonomy":"product_cat","embeddable":true,"href":"https:\/\/www.vapeswholesaler.com\/de\/wp-json\/wp\/v2\/product_cat?post=22970"},{"taxonomy":"product_tag","embeddable":true,"href":"https:\/\/www.vapeswholesaler.com\/de\/wp-json\/wp\/v2\/product_tag?post=22970"}],"curies":[{"name":"wp","href":"https:\/\/api.w.org\/{rel}","templated":true}]}}