{"id":22922,"date":"2025-05-20T17:02:03","date_gmt":"2025-05-20T09:02:03","guid":{"rendered":"https:\/\/www.vapeswholesaler.com\/?post_type=product&#038;p=22922"},"modified":"2025-07-01T21:53:18","modified_gmt":"2025-07-01T13:53:18","slug":"groshandel-zooy-vape-stift-rd-ein-nachfullbar-einweg-vape","status":"publish","type":"product","link":"https:\/\/www.vapeswholesaler.com\/de\/produkt\/groshandel-zooy-vape-stift-rd-ein-nachfullbar-einweg-vape","title":{"rendered":"Gro\u00dfhandel Zooy Vape Pen Rd eine nachf\u00fcllbare Einweg-Vape"},"content":{"rendered":"<p>Die <a href=\"https:\/\/www.vapeswholesaler.com\/de\/produkt_marke\/zooy\/\">Zooy<\/a> Der Vape Pen Rd One ist ein nachf\u00fcllbarer und wiederaufladbarer Einweg-Vape, der exquisit gemacht und kompakt ist, mit einem klassischen Vape Pen Design, das die Verbraucher lieben werden, entwickelt f\u00fcr eine l\u00e4ngere Nutzung und Kosteneinsparungen. Mit einem Fassungsverm\u00f6gen von 2 ml und bis zu 8 Nachf\u00fcllpackungen ist er die beste Alternative zu herk\u00f6mmlichen Zigaretten.<\/p>\n<h2><strong>Zooy Vape Pen Rd One Details:<\/strong><\/h2>\n<ul>\n<li>Wiederaufladbar<\/li>\n<li>550mAh<\/li>\n<li>Nachf\u00fcllbar Einweg<\/li>\n<li>Wiederverwendeter Pod<\/li>\n<li>2ml (bis zu 8 Mal nachf\u00fcllbar)<\/li>\n<li>Maschenspule<\/li>\n<li>15 Geschmacksrichtungen<\/li>\n<\/ul>\n<h2><strong>Geschm\u00e4cker:<\/strong><\/h2>\n<ol>\n<li>Heidelbeere Kirsche Cranberry<\/li>\n<li>Wassermelone Eis<\/li>\n<li>Pfirsich-Eis<\/li>\n<li>Dreifache Mango<\/li>\n<li>Zitrone-Limette<\/li>\n<li>Herr Pink (Pinke Limonade)<\/li>\n<li>Bananeneis<\/li>\n<li>Kirsche Cola<\/li>\n<li>Gummib\u00e4rchen<\/li>\n<li>Blaubeer-Minze<\/li>\n<li>Blauer Redbull<\/li>\n<li>Erdbeere Wassermelone<\/li>\n<li>Erdbeer-Kiwi<\/li>\n<li>Blauer Raz Zitrone<\/li>\n<li>Blaubeereis<\/li>\n<\/ol>\n<h2><strong>Packliste:<\/strong><\/h2>\n<p>1pcs jede einzelne Box \uff08\uff081*RD Kit+2*10ml E-Saft)\uff09<br \/>\n10St\u00fcck pro Displaykarton<br \/>\n400St\u00fcck pro Karton\/17kg<\/p>\n<p><img loading=\"lazy\" decoding=\"async\" class=\"wp-image-22907 size-full\" title=\"Gro\u00dfhandel Zooy Vape Pen Rd eine nachf\u00fcllbare Einweg-Vape 3\" src=\"https:\/\/www.vapeswholesaler.com\/wp-content\/uploads\/2025\/05\/Wholesale-Zooy-Vape-Pen-Rd-One-Refillable-Disposable-Vape-3.webp\" alt=\"Gro\u00dfhandel Zooy Vape Pen Rd eine nachf\u00fcllbare Einweg-Vape 3\" width=\"800\" height=\"800\" srcset=\"https:\/\/www.vapeswholesaler.com\/wp-content\/uploads\/2025\/05\/Wholesale-Zooy-Vape-Pen-Rd-One-Refillable-Disposable-Vape-3.webp 800w, https:\/\/www.vapeswholesaler.com\/wp-content\/uploads\/2025\/05\/Wholesale-Zooy-Vape-Pen-Rd-One-Refillable-Disposable-Vape-3-300x300.webp 300w, https:\/\/www.vapeswholesaler.com\/wp-content\/uploads\/2025\/05\/Wholesale-Zooy-Vape-Pen-Rd-One-Refillable-Disposable-Vape-3-150x150.webp 150w, https:\/\/www.vapeswholesaler.com\/wp-content\/uploads\/2025\/05\/Wholesale-Zooy-Vape-Pen-Rd-One-Refillable-Disposable-Vape-3-768x768.webp 768w, https:\/\/www.vapeswholesaler.com\/wp-content\/uploads\/2025\/05\/Wholesale-Zooy-Vape-Pen-Rd-One-Refillable-Disposable-Vape-3-12x12.webp 12w, https:\/\/www.vapeswholesaler.com\/wp-content\/uploads\/2025\/05\/Wholesale-Zooy-Vape-Pen-Rd-One-Refillable-Disposable-Vape-3-247x247.webp 247w, https:\/\/www.vapeswholesaler.com\/wp-content\/uploads\/2025\/05\/Wholesale-Zooy-Vape-Pen-Rd-One-Refillable-Disposable-Vape-3-510x510.webp 510w, https:\/\/www.vapeswholesaler.com\/wp-content\/uploads\/2025\/05\/Wholesale-Zooy-Vape-Pen-Rd-One-Refillable-Disposable-Vape-3-100x100.webp 100w\" sizes=\"auto, (max-width: 800px) 100vw, 800px\" \/><\/p>\n<p><img loading=\"lazy\" decoding=\"async\" class=\"wp-image-22906 size-full\" title=\"Gro\u00dfhandel Zooy Vape Pen Rd eine nachf\u00fcllbare Einweg-Vape 2\" src=\"https:\/\/www.vapeswholesaler.com\/wp-content\/uploads\/2025\/05\/Wholesale-Zooy-Vape-Pen-Rd-One-Refillable-Disposable-Vape-2.webp\" alt=\"Gro\u00dfhandel Zooy Vape Pen Rd eine nachf\u00fcllbare Einweg-Vape 2\" width=\"800\" height=\"800\" srcset=\"https:\/\/www.vapeswholesaler.com\/wp-content\/uploads\/2025\/05\/Wholesale-Zooy-Vape-Pen-Rd-One-Refillable-Disposable-Vape-2.webp 800w, https:\/\/www.vapeswholesaler.com\/wp-content\/uploads\/2025\/05\/Wholesale-Zooy-Vape-Pen-Rd-One-Refillable-Disposable-Vape-2-300x300.webp 300w, https:\/\/www.vapeswholesaler.com\/wp-content\/uploads\/2025\/05\/Wholesale-Zooy-Vape-Pen-Rd-One-Refillable-Disposable-Vape-2-150x150.webp 150w, https:\/\/www.vapeswholesaler.com\/wp-content\/uploads\/2025\/05\/Wholesale-Zooy-Vape-Pen-Rd-One-Refillable-Disposable-Vape-2-768x768.webp 768w, https:\/\/www.vapeswholesaler.com\/wp-content\/uploads\/2025\/05\/Wholesale-Zooy-Vape-Pen-Rd-One-Refillable-Disposable-Vape-2-12x12.webp 12w, https:\/\/www.vapeswholesaler.com\/wp-content\/uploads\/2025\/05\/Wholesale-Zooy-Vape-Pen-Rd-One-Refillable-Disposable-Vape-2-247x247.webp 247w, https:\/\/www.vapeswholesaler.com\/wp-content\/uploads\/2025\/05\/Wholesale-Zooy-Vape-Pen-Rd-One-Refillable-Disposable-Vape-2-510x510.webp 510w, https:\/\/www.vapeswholesaler.com\/wp-content\/uploads\/2025\/05\/Wholesale-Zooy-Vape-Pen-Rd-One-Refillable-Disposable-Vape-2-100x100.webp 100w\" sizes=\"auto, (max-width: 800px) 100vw, 800px\" \/><\/p>\n<figure id=\"attachment_22909\" aria-describedby=\"caption-attachment-22909\" style=\"width: 800px\" class=\"wp-caption alignnone\"><img loading=\"lazy\" decoding=\"async\" class=\"wp-image-22909 size-full\" title=\"Gro\u00dfhandel Zooy Vape Pen Rd eine nachf\u00fcllbare Einweg-Vape 5\" src=\"https:\/\/www.vapeswholesaler.com\/wp-content\/uploads\/2025\/05\/Wholesale-Zooy-Vape-Pen-Rd-One-Refillable-Disposable-Vape-5.webp\" alt=\"Gro\u00dfhandel Zooy Vape Pen Rd eine nachf\u00fcllbare Einweg-Vape 5\" width=\"800\" height=\"800\" srcset=\"https:\/\/www.vapeswholesaler.com\/wp-content\/uploads\/2025\/05\/Wholesale-Zooy-Vape-Pen-Rd-One-Refillable-Disposable-Vape-5.webp 800w, https:\/\/www.vapeswholesaler.com\/wp-content\/uploads\/2025\/05\/Wholesale-Zooy-Vape-Pen-Rd-One-Refillable-Disposable-Vape-5-300x300.webp 300w, https:\/\/www.vapeswholesaler.com\/wp-content\/uploads\/2025\/05\/Wholesale-Zooy-Vape-Pen-Rd-One-Refillable-Disposable-Vape-5-150x150.webp 150w, https:\/\/www.vapeswholesaler.com\/wp-content\/uploads\/2025\/05\/Wholesale-Zooy-Vape-Pen-Rd-One-Refillable-Disposable-Vape-5-768x768.webp 768w, https:\/\/www.vapeswholesaler.com\/wp-content\/uploads\/2025\/05\/Wholesale-Zooy-Vape-Pen-Rd-One-Refillable-Disposable-Vape-5-12x12.webp 12w, https:\/\/www.vapeswholesaler.com\/wp-content\/uploads\/2025\/05\/Wholesale-Zooy-Vape-Pen-Rd-One-Refillable-Disposable-Vape-5-247x247.webp 247w, https:\/\/www.vapeswholesaler.com\/wp-content\/uploads\/2025\/05\/Wholesale-Zooy-Vape-Pen-Rd-One-Refillable-Disposable-Vape-5-510x510.webp 510w, https:\/\/www.vapeswholesaler.com\/wp-content\/uploads\/2025\/05\/Wholesale-Zooy-Vape-Pen-Rd-One-Refillable-Disposable-Vape-5-100x100.webp 100w\" sizes=\"auto, (max-width: 800px) 100vw, 800px\" \/><figcaption id=\"caption-attachment-22909\" class=\"wp-caption-text\">Gro\u00dfhandel Zooy Vape Pen Rd eine nachf\u00fcllbare Einweg-Vape<\/figcaption><\/figure>","protected":false},"excerpt":{"rendered":"<p>Mindestbestellmenge: <strong>50St\u00fcck<\/strong> (Geschmacksrichtungen mischen) Kostenloser Versand<\/p>\n<p>(<strong>2%, 5% Nic)<\/strong><\/p>","protected":false},"featured_media":22905,"comment_status":"open","ping_status":"closed","template":"","meta":[],"product_cat":[15],"product_tag":[],"class_list":{"0":"post-22922","1":"product","2":"type-product","3":"status-publish","4":"has-post-thumbnail","6":"product_cat-disposable-vape","7":"product_brand-zooy","9":"first","10":"instock","11":"shipping-taxable","12":"purchasable","13":"product-type-variable","14":"has-default-attributes"},"aioseo_notices":[],"_links":{"self":[{"href":"https:\/\/www.vapeswholesaler.com\/de\/wp-json\/wp\/v2\/product\/22922","targetHints":{"allow":["GET"]}}],"collection":[{"href":"https:\/\/www.vapeswholesaler.com\/de\/wp-json\/wp\/v2\/product"}],"about":[{"href":"https:\/\/www.vapeswholesaler.com\/de\/wp-json\/wp\/v2\/types\/product"}],"replies":[{"embeddable":true,"href":"https:\/\/www.vapeswholesaler.com\/de\/wp-json\/wp\/v2\/comments?post=22922"}],"wp:featuredmedia":[{"embeddable":true,"href":"https:\/\/www.vapeswholesaler.com\/de\/wp-json\/wp\/v2\/media\/22905"}],"wp:attachment":[{"href":"https:\/\/www.vapeswholesaler.com\/de\/wp-json\/wp\/v2\/media?parent=22922"}],"wp:term":[{"taxonomy":"product_cat","embeddable":true,"href":"https:\/\/www.vapeswholesaler.com\/de\/wp-json\/wp\/v2\/product_cat?post=22922"},{"taxonomy":"product_tag","embeddable":true,"href":"https:\/\/www.vapeswholesaler.com\/de\/wp-json\/wp\/v2\/product_tag?post=22922"}],"curies":[{"name":"wp","href":"https:\/\/api.w.org\/{rel}","templated":true}]}}