{"id":22788,"date":"2025-05-16T16:05:59","date_gmt":"2025-05-16T08:05:59","guid":{"rendered":"https:\/\/www.vapeswholesaler.com\/?post_type=product&#038;p=22788"},"modified":"2026-04-16T14:01:27","modified_gmt":"2026-04-16T06:01:27","slug":"groshandel-razz-bar-45000-puffs-einweg-vape","status":"publish","type":"product","link":"https:\/\/www.vapeswholesaler.com\/de\/produkt\/groshandel-razz-bar-45000-puffs-einweg-vape","title":{"rendered":"Gro\u00dfhandel Razz bar 45000 Puffs Einweg Vape"},"content":{"rendered":"<p>Die <a href=\"https:\/\/www.vapeswholesaler.com\/de\/produkt_marke\/razzbar\/\">Razzia-Bar<\/a> 45000 Puffs it ist ein erstklassiger Einwegdampfer, der f\u00fcr hohe Leistung und fette Geschmacksabgabe entwickelt wurde. Jeder einzelne ihrer Aromen wurde sorgf\u00e4ltig ausgew\u00e4hlt, um ihre Kunden nie zu entt\u00e4uschen, und es ist wegen der fesselnden Aromen, dass unsere Produkte Tausende von treuen Kunden auf der ganzen Welt gewonnen haben.<\/p>\n<p>Das Produkt verwendet einen leistungsstarken und zuverl\u00e4ssigen 650mAh-Akku und verf\u00fcgt \u00fcber einen Typ-C-Schnellladeanschluss. Sie k\u00f6nnen das Produkt jederzeit und \u00fcberall aufladen und m\u00fcssen sich keine Sorgen mehr um die Stromversorgung machen.<\/p>\n<p>Es ist eine neue und einzigartige Form, die unter den vielen Einwegprodukten sehr attraktiv ist. Der elektronische Bildschirm an der Seite ist klar und leicht zu lesen und zeigt den Status des Produkts in Echtzeit an.<\/p>\n<h2><strong>Razz bar 45000 Puffs Details:<\/strong><\/h2>\n<ul>\n<li>Salz Nikotin:2\/5%<\/li>\n<li>Puffs:45000 Puffs<\/li>\n<li>200 St\u00fcck pro Karton<\/li>\n<li>16 Geschmacksrichtungen verf\u00fcgbar<\/li>\n<li>650mAh Wiederaufladbar<\/li>\n<li>Maschenspule<\/li>\n<li>Typ-c<\/li>\n<\/ul>\n<h2><strong>Geschm\u00e4cker:<\/strong><\/h2>\n<ol>\n<li>Tigerblut<\/li>\n<li>Erdbeereis<\/li>\n<li>Erdbeere-Banane<\/li>\n<li>Sommertraum<\/li>\n<li>Tropische Fr\u00fcchte<\/li>\n<li>Blaubeereis<\/li>\n<li>Saftiges Pfirsicheis<\/li>\n<li>Erdbeere-Himbeere-Kirsche Lce<\/li>\n<li>Wassermelone Eis<\/li>\n<li>Schwarzer Drache Lce<\/li>\n<li>Liebe 66<\/li>\n<li>Erdbeer-Kiwi<\/li>\n<li>Kirsche Cola<\/li>\n<li>Ananas-Kokosnuss<\/li>\n<li>Zitrone-Limette<\/li>\n<li>Herr Blau<\/li>\n<\/ol>\n<h2><strong>Packliste:<\/strong><\/h2>\n<p>1St\u00fcck pro Einzelkarton<br \/>\n10 St\u00fcck pro Displaybox pro Geschmacksrichtung<br \/>\n200St\u00fcck pro Karton<\/p>\n<figure id=\"attachment_22783\" aria-describedby=\"caption-attachment-22783\" style=\"width: 1000px\" class=\"wp-caption alignnone\"><img loading=\"lazy\" decoding=\"async\" class=\"wp-image-22783 size-full\" title=\"Gro\u00dfhandel Razz bar 45000 Puffs Einweg Vape 9\" src=\"https:\/\/www.vapeswholesaler.com\/wp-content\/uploads\/2025\/05\/Wholesale-Razz-bar-45000-Puffs-Disposable-Vape-9.webp\" alt=\"Gro\u00dfhandel Razz bar 45000 Puffs Einweg Vape 9\" width=\"1000\" height=\"1000\" srcset=\"https:\/\/www.vapeswholesaler.com\/wp-content\/uploads\/2025\/05\/Wholesale-Razz-bar-45000-Puffs-Disposable-Vape-9.webp 1000w, https:\/\/www.vapeswholesaler.com\/wp-content\/uploads\/2025\/05\/Wholesale-Razz-bar-45000-Puffs-Disposable-Vape-9-300x300.webp 300w, https:\/\/www.vapeswholesaler.com\/wp-content\/uploads\/2025\/05\/Wholesale-Razz-bar-45000-Puffs-Disposable-Vape-9-150x150.webp 150w, https:\/\/www.vapeswholesaler.com\/wp-content\/uploads\/2025\/05\/Wholesale-Razz-bar-45000-Puffs-Disposable-Vape-9-768x768.webp 768w, https:\/\/www.vapeswholesaler.com\/wp-content\/uploads\/2025\/05\/Wholesale-Razz-bar-45000-Puffs-Disposable-Vape-9-12x12.webp 12w, https:\/\/www.vapeswholesaler.com\/wp-content\/uploads\/2025\/05\/Wholesale-Razz-bar-45000-Puffs-Disposable-Vape-9-247x247.webp 247w, https:\/\/www.vapeswholesaler.com\/wp-content\/uploads\/2025\/05\/Wholesale-Razz-bar-45000-Puffs-Disposable-Vape-9-510x510.webp 510w, https:\/\/www.vapeswholesaler.com\/wp-content\/uploads\/2025\/05\/Wholesale-Razz-bar-45000-Puffs-Disposable-Vape-9-100x100.webp 100w\" sizes=\"auto, (max-width: 1000px) 100vw, 1000px\" \/><figcaption id=\"caption-attachment-22783\" class=\"wp-caption-text\">Gro\u00dfhandel Razz bar 45000 Puffs Einweg Vape<\/figcaption><\/figure>\n<figure id=\"attachment_22778\" aria-describedby=\"caption-attachment-22778\" style=\"width: 1000px\" class=\"wp-caption alignnone\"><img loading=\"lazy\" decoding=\"async\" class=\"wp-image-22778 size-full\" title=\"Gro\u00dfhandel Razz bar 45000 Puffs Einweg Vape 4\" src=\"https:\/\/www.vapeswholesaler.com\/wp-content\/uploads\/2025\/05\/Wholesale-Razz-bar-45000-Puffs-Disposable-Vape-4.webp\" alt=\"Gro\u00dfhandel Razz bar 45000 Puffs Einweg Vape 4\" width=\"1000\" height=\"2000\" srcset=\"https:\/\/www.vapeswholesaler.com\/wp-content\/uploads\/2025\/05\/Wholesale-Razz-bar-45000-Puffs-Disposable-Vape-4.webp 1000w, https:\/\/www.vapeswholesaler.com\/wp-content\/uploads\/2025\/05\/Wholesale-Razz-bar-45000-Puffs-Disposable-Vape-4-150x300.webp 150w, https:\/\/www.vapeswholesaler.com\/wp-content\/uploads\/2025\/05\/Wholesale-Razz-bar-45000-Puffs-Disposable-Vape-4-512x1024.webp 512w, https:\/\/www.vapeswholesaler.com\/wp-content\/uploads\/2025\/05\/Wholesale-Razz-bar-45000-Puffs-Disposable-Vape-4-768x1536.webp 768w, https:\/\/www.vapeswholesaler.com\/wp-content\/uploads\/2025\/05\/Wholesale-Razz-bar-45000-Puffs-Disposable-Vape-4-6x12.webp 6w, https:\/\/www.vapeswholesaler.com\/wp-content\/uploads\/2025\/05\/Wholesale-Razz-bar-45000-Puffs-Disposable-Vape-4-510x1020.webp 510w\" sizes=\"auto, (max-width: 1000px) 100vw, 1000px\" \/><figcaption id=\"caption-attachment-22778\" class=\"wp-caption-text\">Gro\u00dfhandel Razz bar 45000 Puffs Einweg Vape<\/figcaption><\/figure>","protected":false},"excerpt":{"rendered":"<p>Mindestbestellmenge: <strong>50St\u00fcck (<\/strong>Geschmacksrichtungen mischen) \uff08<strong>2%,5%<\/strong>)<\/p>\n<p><strong>Kostenloser Versand<\/strong><\/p>\n<p><strong>Hinweis<\/strong>: We ship from China warehouses, and the shipping time will be takes about <strong>15-16 <\/strong>Tage. Die Produktgeb\u00fchr und die Versandgeb\u00fchr m\u00fcssen separat auf verschiedene Zahlungskonten bezahlt werden. Nachdem Sie die Bestellung abgeschickt haben, schicken Sie mir bitte eine Nachricht per WhatsApp und ich werde Ihnen sagen, wie Sie die Bestellung bezahlen k\u00f6nnen. Ich danke Ihnen.<\/p>","protected":false},"featured_media":22775,"comment_status":"open","ping_status":"closed","template":"","meta":[],"product_cat":[15],"product_tag":[384,373],"class_list":{"0":"post-22788","1":"product","2":"type-product","3":"status-publish","4":"has-post-thumbnail","6":"product_cat-disposable-vape","7":"product_tag-razz-bar","8":"product_tag-europe-warehouse","9":"product_brand-razzbar","11":"first","12":"instock","13":"shipping-taxable","14":"purchasable","15":"product-type-variable","16":"has-default-attributes"},"aioseo_notices":[],"_links":{"self":[{"href":"https:\/\/www.vapeswholesaler.com\/de\/wp-json\/wp\/v2\/product\/22788","targetHints":{"allow":["GET"]}}],"collection":[{"href":"https:\/\/www.vapeswholesaler.com\/de\/wp-json\/wp\/v2\/product"}],"about":[{"href":"https:\/\/www.vapeswholesaler.com\/de\/wp-json\/wp\/v2\/types\/product"}],"replies":[{"embeddable":true,"href":"https:\/\/www.vapeswholesaler.com\/de\/wp-json\/wp\/v2\/comments?post=22788"}],"wp:featuredmedia":[{"embeddable":true,"href":"https:\/\/www.vapeswholesaler.com\/de\/wp-json\/wp\/v2\/media\/22775"}],"wp:attachment":[{"href":"https:\/\/www.vapeswholesaler.com\/de\/wp-json\/wp\/v2\/media?parent=22788"}],"wp:term":[{"taxonomy":"product_cat","embeddable":true,"href":"https:\/\/www.vapeswholesaler.com\/de\/wp-json\/wp\/v2\/product_cat?post=22788"},{"taxonomy":"product_tag","embeddable":true,"href":"https:\/\/www.vapeswholesaler.com\/de\/wp-json\/wp\/v2\/product_tag?post=22788"}],"curies":[{"name":"wp","href":"https:\/\/api.w.org\/{rel}","templated":true}]}}