{"id":22745,"date":"2025-05-13T18:45:38","date_gmt":"2025-05-13T10:45:38","guid":{"rendered":"https:\/\/www.vapeswholesaler.com\/?post_type=product&#038;p=22745"},"modified":"2026-04-16T14:02:08","modified_gmt":"2026-04-16T06:02:08","slug":"groshandel-razz-bar-kristall-10000-puff-einweg-vape","status":"publish","type":"product","link":"https:\/\/www.vapeswholesaler.com\/de\/produkt\/groshandel-razz-bar-kristall-10000-puff-einweg-vape","title":{"rendered":"Gro\u00dfhandel Razz Bar Crystal 10000 Puff Einweg Vape"},"content":{"rendered":"<p>Die <a href=\"https:\/\/www.vapeswholesaler.com\/de\/produkt_marke\/razzbar\/\">Razz Bar<\/a> Crystal 10000 Puff ist eine farbenfrohe Einweg-E-Zigarette mit einer beeindruckenden Reichweite von 10.000 Z\u00fcgen pro Ger\u00e4t. Sie ist mit einem wiederaufladbaren 650-mAh-Akku ausgestattet, der eine l\u00e4ngere Nutzung ohne l\u00e4stiges Aufladen erm\u00f6glicht. Mit seinem Typ-C-Ladeanschluss k\u00f6nnen wir 16 Geschmacksrichtungen ab Lager und eine Auswahl von 0% und 2% Nikotin f\u00fcr maximale Kundenzufriedenheit anbieten. Derzeit unterst\u00fctzen wir den Versand aus unserem europ\u00e4ischen Lager in alle europ\u00e4ischen L\u00e4nder kostenloser Versand.<\/p>\n<h2><strong>Razz Bar Crystal 10000 Puff Details:\u00a0<\/strong><\/h2>\n<ul>\n<li>Salz Nic:2\/0%<\/li>\n<li>Puffs:10000 Puffs<\/li>\n<li>200 St\u00fcck pro Karton<\/li>\n<li>16 Geschmacksrichtungen verf\u00fcgbar<\/li>\n<li>650mAh Wiederaufladbar<\/li>\n<li>Maschenspule<\/li>\n<li>Typ-c<\/li>\n<\/ul>\n<h2><strong>Geschm\u00e4cker:<\/strong><\/h2>\n<ol>\n<li>Saftiges Pfirsicheis<\/li>\n<li>Erdbeere-Banane<\/li>\n<li>Red Bull Traube<\/li>\n<li>Blaubeereis<\/li>\n<li>Wassermelone Eis<\/li>\n<li>Blaues Razzeis<\/li>\n<li>Tropische Fr\u00fcchte<\/li>\n<li>Erdbeer-Kiwi<\/li>\n<li>Erdbeereis<\/li>\n<li>Gemischte Beeren<\/li>\n<li>Erdbeer-Himbeer-Kirsch-Eis<\/li>\n<li>Liebe 66<\/li>\n<li>Schwarzer Drache Eis<\/li>\n<li>Zitrone-Limette<\/li>\n<li>Sommertraum<\/li>\n<li>Erdbeer-Wassermelone-Kaugummi<\/li>\n<\/ol>\n<h2><strong>Packliste:<\/strong><\/h2>\n<p>1St\u00fcck pro Einzelkarton<br \/>\n10 St\u00fcck pro Mittelkarton<br \/>\n200St\u00fcck pro Karton<\/p>\n<figure id=\"attachment_22739\" aria-describedby=\"caption-attachment-22739\" style=\"width: 1000px\" class=\"wp-caption alignnone\"><img loading=\"lazy\" decoding=\"async\" class=\"wp-image-22739 size-full\" title=\"Gro\u00dfhandel Razz Bar Crystal 10000 Puff Einweg Vape 7\" src=\"https:\/\/www.vapeswholesaler.com\/wp-content\/uploads\/2025\/05\/Wholesale-Razz-Bar-Crystal-10000-Puff-Disposable-Vape-7.webp\" alt=\"Gro\u00dfhandel Razz Bar Crystal 10000 Puff Einweg Vape 7\" width=\"1000\" height=\"1000\" srcset=\"https:\/\/www.vapeswholesaler.com\/wp-content\/uploads\/2025\/05\/Wholesale-Razz-Bar-Crystal-10000-Puff-Disposable-Vape-7.webp 1000w, https:\/\/www.vapeswholesaler.com\/wp-content\/uploads\/2025\/05\/Wholesale-Razz-Bar-Crystal-10000-Puff-Disposable-Vape-7-300x300.webp 300w, https:\/\/www.vapeswholesaler.com\/wp-content\/uploads\/2025\/05\/Wholesale-Razz-Bar-Crystal-10000-Puff-Disposable-Vape-7-150x150.webp 150w, https:\/\/www.vapeswholesaler.com\/wp-content\/uploads\/2025\/05\/Wholesale-Razz-Bar-Crystal-10000-Puff-Disposable-Vape-7-768x768.webp 768w, https:\/\/www.vapeswholesaler.com\/wp-content\/uploads\/2025\/05\/Wholesale-Razz-Bar-Crystal-10000-Puff-Disposable-Vape-7-12x12.webp 12w, https:\/\/www.vapeswholesaler.com\/wp-content\/uploads\/2025\/05\/Wholesale-Razz-Bar-Crystal-10000-Puff-Disposable-Vape-7-247x247.webp 247w, https:\/\/www.vapeswholesaler.com\/wp-content\/uploads\/2025\/05\/Wholesale-Razz-Bar-Crystal-10000-Puff-Disposable-Vape-7-510x510.webp 510w, https:\/\/www.vapeswholesaler.com\/wp-content\/uploads\/2025\/05\/Wholesale-Razz-Bar-Crystal-10000-Puff-Disposable-Vape-7-100x100.webp 100w\" sizes=\"auto, (max-width: 1000px) 100vw, 1000px\" \/><figcaption id=\"caption-attachment-22739\" class=\"wp-caption-text\">Gro\u00dfhandel Razz Bar Crystal 10000 Puff Einweg Vape<\/figcaption><\/figure>\n<figure id=\"attachment_22743\" aria-describedby=\"caption-attachment-22743\" style=\"width: 1000px\" class=\"wp-caption alignnone\"><img loading=\"lazy\" decoding=\"async\" class=\"wp-image-22743 size-full\" title=\"Gro\u00dfhandel Razz Bar Crystal 10000 Puff Einweg Vape 11\" src=\"https:\/\/www.vapeswholesaler.com\/wp-content\/uploads\/2025\/05\/Wholesale-Razz-Bar-Crystal-10000-Puff-Disposable-Vape-11.webp\" alt=\"Gro\u00dfhandel Razz Bar Crystal 10000 Puff Einweg Vape 11\" width=\"1000\" height=\"1000\" srcset=\"https:\/\/www.vapeswholesaler.com\/wp-content\/uploads\/2025\/05\/Wholesale-Razz-Bar-Crystal-10000-Puff-Disposable-Vape-11.webp 1000w, https:\/\/www.vapeswholesaler.com\/wp-content\/uploads\/2025\/05\/Wholesale-Razz-Bar-Crystal-10000-Puff-Disposable-Vape-11-300x300.webp 300w, https:\/\/www.vapeswholesaler.com\/wp-content\/uploads\/2025\/05\/Wholesale-Razz-Bar-Crystal-10000-Puff-Disposable-Vape-11-150x150.webp 150w, https:\/\/www.vapeswholesaler.com\/wp-content\/uploads\/2025\/05\/Wholesale-Razz-Bar-Crystal-10000-Puff-Disposable-Vape-11-768x768.webp 768w, https:\/\/www.vapeswholesaler.com\/wp-content\/uploads\/2025\/05\/Wholesale-Razz-Bar-Crystal-10000-Puff-Disposable-Vape-11-12x12.webp 12w, https:\/\/www.vapeswholesaler.com\/wp-content\/uploads\/2025\/05\/Wholesale-Razz-Bar-Crystal-10000-Puff-Disposable-Vape-11-247x247.webp 247w, https:\/\/www.vapeswholesaler.com\/wp-content\/uploads\/2025\/05\/Wholesale-Razz-Bar-Crystal-10000-Puff-Disposable-Vape-11-510x510.webp 510w, https:\/\/www.vapeswholesaler.com\/wp-content\/uploads\/2025\/05\/Wholesale-Razz-Bar-Crystal-10000-Puff-Disposable-Vape-11-100x100.webp 100w\" sizes=\"auto, (max-width: 1000px) 100vw, 1000px\" \/><figcaption id=\"caption-attachment-22743\" class=\"wp-caption-text\">Gro\u00dfhandel Razz Bar Crystal 10000 Puff Einweg Vape<\/figcaption><\/figure>","protected":false},"excerpt":{"rendered":"<p>Mindestbestellmenge: <strong>50St\u00fcck<\/strong> (Geschmacksrichtungen mischen) \uff08<strong>0%,2%<\/strong>)<\/p>\n<p><strong>Hinweis<\/strong>: Wir versenden aus europ\u00e4ischen Lagern, und die Versandzeit wird etwa 5-6 Tage dauern. Die Produktgeb\u00fchr und die Versandgeb\u00fchr m\u00fcssen separat auf verschiedene Zahlungskonten bezahlt werden. Nachdem Sie die Bestellung abgeschickt haben, senden Sie mir bitte eine Nachricht per WhatsApp und ich werde Ihnen sagen, wie Sie die Bestellung bezahlen k\u00f6nnen. Ich danke Ihnen.<\/p>","protected":false},"featured_media":22744,"comment_status":"open","ping_status":"closed","template":"","meta":[],"product_cat":[15],"product_tag":[373,384],"class_list":{"0":"post-22745","1":"product","2":"type-product","3":"status-publish","4":"has-post-thumbnail","6":"product_cat-disposable-vape","7":"product_tag-europe-warehouse","8":"product_tag-razz-bar","9":"product_brand-razzbar","11":"first","12":"outofstock","13":"shipping-taxable","14":"purchasable","15":"product-type-variable","16":"has-default-attributes"},"aioseo_notices":[],"_links":{"self":[{"href":"https:\/\/www.vapeswholesaler.com\/de\/wp-json\/wp\/v2\/product\/22745","targetHints":{"allow":["GET"]}}],"collection":[{"href":"https:\/\/www.vapeswholesaler.com\/de\/wp-json\/wp\/v2\/product"}],"about":[{"href":"https:\/\/www.vapeswholesaler.com\/de\/wp-json\/wp\/v2\/types\/product"}],"replies":[{"embeddable":true,"href":"https:\/\/www.vapeswholesaler.com\/de\/wp-json\/wp\/v2\/comments?post=22745"}],"wp:featuredmedia":[{"embeddable":true,"href":"https:\/\/www.vapeswholesaler.com\/de\/wp-json\/wp\/v2\/media\/22744"}],"wp:attachment":[{"href":"https:\/\/www.vapeswholesaler.com\/de\/wp-json\/wp\/v2\/media?parent=22745"}],"wp:term":[{"taxonomy":"product_cat","embeddable":true,"href":"https:\/\/www.vapeswholesaler.com\/de\/wp-json\/wp\/v2\/product_cat?post=22745"},{"taxonomy":"product_tag","embeddable":true,"href":"https:\/\/www.vapeswholesaler.com\/de\/wp-json\/wp\/v2\/product_tag?post=22745"}],"curies":[{"name":"wp","href":"https:\/\/api.w.org\/{rel}","templated":true}]}}