{"id":22667,"date":"2025-05-08T16:47:28","date_gmt":"2025-05-08T08:47:28","guid":{"rendered":"https:\/\/www.vapeswholesaler.com\/?post_type=product&#038;p=22667"},"modified":"2025-10-11T15:33:58","modified_gmt":"2025-10-11T07:33:58","slug":"groshandel-knall-fuhrer-45k-puffs-doppelten-geschmack-einweg-vape","status":"publish","type":"product","link":"https:\/\/www.vapeswholesaler.com\/de\/produkt\/groshandel-knall-fuhrer-45k-puffs-doppelten-geschmack-einweg-vape","title":{"rendered":"Gro\u00dfhandel Bang F\u00fchrer 45K Puffs Dual Flavor Disposable Vape"},"content":{"rendered":"<p><a href=\"https:\/\/www.vapeswholesaler.com\/de\/produkt_marke\/bang\/\">Bang<\/a> Leader 45K Puffs ist ein Dual-Geschmack Einweg vape kommen mit einem hellen bunten LED-Display, das sowohl Batterie und \u00d6l-Anzeige unterst\u00fctzt und erm\u00f6glicht es Ihnen, leicht zu verfolgen Nutzung und laden Sie in einer fristgerechten Weise, und kommt mit einer hohen Qualit\u00e4t, hohe Kapazit\u00e4t 650 mAh Akku f\u00fcr lang anhaltende Lebensdauer der Batterie, und es geliefert Pre-filled mit 60 ml E-Fl\u00fcssigkeit zu unterst\u00fctzen etwa 45.000 Puffs. Wir bieten 4 Nikotinst\u00e4rken (0%, 2%, 3%, 5%) und 12 Geschmacksrichtungen zur Auswahl.<\/p>\n<p>Dies ist ein bew\u00e4hrtes Produkt, wir haben viele Wiederholungsk\u00e4ufe und hohes Lob von unseren Kunden erhalten, wir verwenden Mesh Coil, die die Heizfl\u00e4che maximiert und macht unser Produkt Geschmack noch intensiver und tadellos, dies ist ein sehr gutes Preis-Leistungs-Verh\u00e4ltnis Produkt und ist sehr beliebt bei Gro\u00dfh\u00e4ndlern, wir freuen uns auf die Zusammenarbeit mit unseren Kunden in der ganzen Welt.<\/p>\n<h2><strong>Bang Leader 45K Puffs Merkmale:<\/strong><\/h2>\n<ul>\n<li>Dual Mesh Spule<\/li>\n<li>Puffs: 45000 Puffs<\/li>\n<li>Fassungsverm\u00f6gen: 60ml (28ml + 28ml)<\/li>\n<li>Akku: 650mAh<\/li>\n<li>Nikotin: 0\/2%\/3%\/5%<\/li>\n<li>Typ-C-Ladeanschluss<\/li>\n<li>12 duale Geschmacksrichtungen verf\u00fcgbar<\/li>\n<li>Smart Screen: E-Juice\/Stromanzeige<\/li>\n<\/ul>\n<h2><strong>Geschm\u00e4cker:<\/strong><\/h2>\n<p>1.Blueberry Ice &amp; Black Dragon Ice<br \/>\n2.Blueberry Ice &amp; Strawberry And Banana<br \/>\n3.Blueberry Raspberry &amp; Peach Mango Watermelon<br \/>\n4.Blueberry Watermelon &amp; Strawberry Mango<br \/>\n5.Cola Ice &amp; Cherry Cranberry<br \/>\n6.Pineapple Ice &amp; Triple Mango<br \/>\n7.Red Bull &amp; Blueberry Watermelon<br \/>\n8.Red Bull &amp; Watermelon Bubble Candy<br \/>\n9.Strawberry Kiwi &amp; Peach Ice<br \/>\n10.Strawberry Watermelon &amp; Grape Ice<br \/>\n11.Strawberry Watermelon &amp; Kiwi Passion Fruit Guava<br \/>\n12.Watermelon Ice &amp; Strawberry And Mango<br \/>\n13.Strawberry Ice Cream &amp; Pink Lemon Ice<br \/>\n14.Cherry Cola &amp; Watermelon Bubblegum Ice Cream<br \/>\n15.Cherry Ice &amp; Strawberry Cranberry Cherry Ice<br \/>\n16.Lemon and Lime &amp; Blue Razzle<br \/>\n17.Raspberry Mojito Peach Ice &amp; Apple Pear<br \/>\n18.Lychee Ice &amp; Melon Jam<\/p>\n<h2><strong>Packliste:<\/strong><\/h2>\n<p>1St\u00fcck pro Einzelkarton<br \/>\n10 St\u00fcck pro Displaykarton<br \/>\n200 St\u00fcck pro Karton\/ 21kg<\/p>\n<figure id=\"attachment_22668\" aria-describedby=\"caption-attachment-22668\" style=\"width: 800px\" class=\"wp-caption alignnone\"><img loading=\"lazy\" decoding=\"async\" class=\"wp-image-22668 size-full\" title=\"Gro\u00dfhandel Bang F\u00fchrer 45K Puffs Dual Flavor Disposable Vape 1\" src=\"https:\/\/www.vapeswholesaler.com\/wp-content\/uploads\/2025\/05\/Wholesale-Bang-Leader-45K-Puffs-Dual-Flavor-Disposable-Vape-1.webp\" alt=\"Gro\u00dfhandel Bang F\u00fchrer 45K Puffs Dual Flavor Disposable Vape 1\" width=\"800\" height=\"450\" srcset=\"https:\/\/www.vapeswholesaler.com\/wp-content\/uploads\/2025\/05\/Wholesale-Bang-Leader-45K-Puffs-Dual-Flavor-Disposable-Vape-1.webp 800w, https:\/\/www.vapeswholesaler.com\/wp-content\/uploads\/2025\/05\/Wholesale-Bang-Leader-45K-Puffs-Dual-Flavor-Disposable-Vape-1-300x169.webp 300w, https:\/\/www.vapeswholesaler.com\/wp-content\/uploads\/2025\/05\/Wholesale-Bang-Leader-45K-Puffs-Dual-Flavor-Disposable-Vape-1-768x432.webp 768w, https:\/\/www.vapeswholesaler.com\/wp-content\/uploads\/2025\/05\/Wholesale-Bang-Leader-45K-Puffs-Dual-Flavor-Disposable-Vape-1-18x10.webp 18w, https:\/\/www.vapeswholesaler.com\/wp-content\/uploads\/2025\/05\/Wholesale-Bang-Leader-45K-Puffs-Dual-Flavor-Disposable-Vape-1-510x287.webp 510w\" sizes=\"auto, (max-width: 800px) 100vw, 800px\" \/><figcaption id=\"caption-attachment-22668\" class=\"wp-caption-text\">Gro\u00dfhandel Bang F\u00fchrer 45K Puffs Dual Flavor Disposable Vape<\/figcaption><\/figure>\n<figure id=\"attachment_22666\" aria-describedby=\"caption-attachment-22666\" style=\"width: 1200px\" class=\"wp-caption alignnone\"><img loading=\"lazy\" decoding=\"async\" class=\"wp-image-22666 size-full\" title=\"Gro\u00dfhandel Bang F\u00fchrer 45K Puffs Dual Flavor Disposable Vape\" src=\"https:\/\/www.vapeswholesaler.com\/wp-content\/uploads\/2025\/05\/Wholesale-Bang-Leader-45K-Puffs-Dual-Flavor-Disposable-Vape.webp\" alt=\"Gro\u00dfhandel Bang F\u00fchrer 45K Puffs Dual Flavor Disposable Vape\" width=\"1200\" height=\"675\" srcset=\"https:\/\/www.vapeswholesaler.com\/wp-content\/uploads\/2025\/05\/Wholesale-Bang-Leader-45K-Puffs-Dual-Flavor-Disposable-Vape.webp 1200w, https:\/\/www.vapeswholesaler.com\/wp-content\/uploads\/2025\/05\/Wholesale-Bang-Leader-45K-Puffs-Dual-Flavor-Disposable-Vape-300x169.webp 300w, https:\/\/www.vapeswholesaler.com\/wp-content\/uploads\/2025\/05\/Wholesale-Bang-Leader-45K-Puffs-Dual-Flavor-Disposable-Vape-1024x576.webp 1024w, https:\/\/www.vapeswholesaler.com\/wp-content\/uploads\/2025\/05\/Wholesale-Bang-Leader-45K-Puffs-Dual-Flavor-Disposable-Vape-768x432.webp 768w, https:\/\/www.vapeswholesaler.com\/wp-content\/uploads\/2025\/05\/Wholesale-Bang-Leader-45K-Puffs-Dual-Flavor-Disposable-Vape-18x10.webp 18w, https:\/\/www.vapeswholesaler.com\/wp-content\/uploads\/2025\/05\/Wholesale-Bang-Leader-45K-Puffs-Dual-Flavor-Disposable-Vape-510x287.webp 510w\" sizes=\"auto, (max-width: 1200px) 100vw, 1200px\" \/><figcaption id=\"caption-attachment-22666\" class=\"wp-caption-text\">Gro\u00dfhandel Bang F\u00fchrer 45K Puffs Dual Flavor Disposable Vape<\/figcaption><\/figure>\n<p>&nbsp;<\/p>","protected":false},"excerpt":{"rendered":"<p>Mindestbestellmenge: <strong>50St\u00fcck<\/strong> (Geschmacksrichtungen mischen) <strong>Kostenloser Versand<\/strong><\/p>\n<p>(0%\uff0c2%, 3%\uff0c5% Nic)<\/p>","protected":false},"featured_media":22655,"comment_status":"open","ping_status":"closed","template":"","meta":[],"product_cat":[15],"product_tag":[],"class_list":{"0":"post-22667","1":"product","2":"type-product","3":"status-publish","4":"has-post-thumbnail","6":"product_cat-disposable-vape","7":"product_brand-bang","9":"first","10":"instock","11":"shipping-taxable","12":"purchasable","13":"product-type-variable","14":"has-default-attributes"},"aioseo_notices":[],"_links":{"self":[{"href":"https:\/\/www.vapeswholesaler.com\/de\/wp-json\/wp\/v2\/product\/22667","targetHints":{"allow":["GET"]}}],"collection":[{"href":"https:\/\/www.vapeswholesaler.com\/de\/wp-json\/wp\/v2\/product"}],"about":[{"href":"https:\/\/www.vapeswholesaler.com\/de\/wp-json\/wp\/v2\/types\/product"}],"replies":[{"embeddable":true,"href":"https:\/\/www.vapeswholesaler.com\/de\/wp-json\/wp\/v2\/comments?post=22667"}],"wp:featuredmedia":[{"embeddable":true,"href":"https:\/\/www.vapeswholesaler.com\/de\/wp-json\/wp\/v2\/media\/22655"}],"wp:attachment":[{"href":"https:\/\/www.vapeswholesaler.com\/de\/wp-json\/wp\/v2\/media?parent=22667"}],"wp:term":[{"taxonomy":"product_cat","embeddable":true,"href":"https:\/\/www.vapeswholesaler.com\/de\/wp-json\/wp\/v2\/product_cat?post=22667"},{"taxonomy":"product_tag","embeddable":true,"href":"https:\/\/www.vapeswholesaler.com\/de\/wp-json\/wp\/v2\/product_tag?post=22667"}],"curies":[{"name":"wp","href":"https:\/\/api.w.org\/{rel}","templated":true}]}}