{"id":22614,"date":"2025-04-22T12:04:19","date_gmt":"2025-04-22T04:04:19","guid":{"rendered":"https:\/\/www.vapeswholesaler.com\/?post_type=product&#038;p=22614"},"modified":"2025-09-10T16:56:56","modified_gmt":"2025-09-10T08:56:56","slug":"groshandel-mrvi-zwillinge-32000-puffs-einweg-vape","status":"publish","type":"product","link":"https:\/\/www.vapeswholesaler.com\/de\/produkt\/groshandel-mrvi-zwillinge-32000-puffs-einweg-vape","title":{"rendered":"Gro\u00dfhandel Mrvi Zwillinge 32000 puffs Einweg Vape"},"content":{"rendered":"<p><a href=\"https:\/\/www.vapeswholesaler.com\/de\/produkt_marke\/mrvi\/\">Herrvi<\/a> Twins 32000 puffs ist ein Produkt mit zwei verschiedenen Geschmacksrichtungen, da es zwei 20ml Nachf\u00fcllbecher enth\u00e4lt, die es dem Produkt erm\u00f6glichen, erstaunliche 32.000 Puffs zu erreichen und mehr als 1 Woche lang zu halten. Auch die innovative Technologie des Drehens der Kopfd\u00fcse, um die Geschmacksrichtungen zu \u00e4ndern, ist einfach und leicht zu bedienen und wird von den Kunden sehr gesch\u00e4tzt.<\/p>\n<p>Dieses Produkt ist mit einem 550 mAh Akku mit hoher Kapazit\u00e4t ausgestattet, l\u00e4ngere Lebensdauer, und kann Typ-C-Schnittstelle verwendet werden, um das Aufladen des Ger\u00e4ts zu jeder Zeit und an jedem Ort zu vervollst\u00e4ndigen, lassen Sie Technologie unser Leben ver\u00e4ndern, bieten wir derzeit 10 Geschmacksrichtungen f\u00fcr Kunden zur Auswahl, jeder Geschmack wird empfohlen, wir haben derzeit zwei Lager zu versenden, das europ\u00e4ische Lager bietet nur 5% Nikotingehalt, aus dem Lager in China k\u00f6nnen Sie zwischen 2% und 5% w\u00e4hlen, willkommen, unsere Kunden zu sein. Willkommen, unser Partner zu sein, werden wir den besten Service f\u00fcr jeden Kunden bieten!<\/p>\n<h2><strong>Mrvi Twins 32000 Puffs Eigenschaften:<\/strong><\/h2>\n<ul>\n<li>Puffs: 32000<\/li>\n<li>Doppelte Geschmacksrichtungen<\/li>\n<li>E-Liquid Kapazit\u00e4t: 40ml<\/li>\n<li>Akku-Kapazit\u00e4t: 550mAh<\/li>\n<li>Nikotinst\u00e4rke: 2% 5%<\/li>\n<li>Ladeanschluss:Typ-C<\/li>\n<li>Dual Mesh Spule<\/li>\n<\/ul>\n<h2><strong>Geschm\u00e4cker:<\/strong><\/h2>\n<ol>\n<li>Ananaseis &amp; Traubeneis<\/li>\n<li>Bananeneis &amp; Erdbeer-Kiwi<\/li>\n<li>Mango-Slushie &amp; Orangen-Creamsicle<\/li>\n<li>Pfirsich-Eis &amp; Red Bull<\/li>\n<li>Blaubeereis &amp; Rotes Apfel-Eis<\/li>\n<li>Lush Eis &amp; gemischte Beeren<\/li>\n<li>Erdbeereis &amp; Regenbogentropfen<\/li>\n<li>Fizzy Cherry &amp; Blue Razz Ice<\/li>\n<li>Erdbeere Wassermelone &amp; Preiselbeere Traube<\/li>\n<li>Dreifach-Melone &amp; Eis-Pop<\/li>\n<\/ol>\n<h2><strong>Packliste:<\/strong><\/h2>\n<p>1St\u00fcck pro Einzelkarton<br \/>\n10 St\u00fcck pro Mittelkarton<br \/>\n160St\u00fcck pro Karton<\/p>\n<figure id=\"attachment_22600\" aria-describedby=\"caption-attachment-22600\" style=\"width: 1000px\" class=\"wp-caption alignnone\"><img loading=\"lazy\" decoding=\"async\" class=\"wp-image-22600 size-full\" title=\"Gro\u00dfhandel Mrvi Zwillinge 32000 puffs Einweg Vape 1\" src=\"https:\/\/www.vapeswholesaler.com\/wp-content\/uploads\/2025\/04\/Wholesale-Mrvi-Twins-32000-puffs-Disposable-Vape-1.webp\" alt=\"Gro\u00dfhandel Mrvi Zwillinge 32000 puffs Einweg Vape 1\" width=\"1000\" height=\"1577\" srcset=\"https:\/\/www.vapeswholesaler.com\/wp-content\/uploads\/2025\/04\/Wholesale-Mrvi-Twins-32000-puffs-Disposable-Vape-1.webp 1000w, https:\/\/www.vapeswholesaler.com\/wp-content\/uploads\/2025\/04\/Wholesale-Mrvi-Twins-32000-puffs-Disposable-Vape-1-190x300.webp 190w, https:\/\/www.vapeswholesaler.com\/wp-content\/uploads\/2025\/04\/Wholesale-Mrvi-Twins-32000-puffs-Disposable-Vape-1-649x1024.webp 649w, https:\/\/www.vapeswholesaler.com\/wp-content\/uploads\/2025\/04\/Wholesale-Mrvi-Twins-32000-puffs-Disposable-Vape-1-768x1211.webp 768w, https:\/\/www.vapeswholesaler.com\/wp-content\/uploads\/2025\/04\/Wholesale-Mrvi-Twins-32000-puffs-Disposable-Vape-1-974x1536.webp 974w, https:\/\/www.vapeswholesaler.com\/wp-content\/uploads\/2025\/04\/Wholesale-Mrvi-Twins-32000-puffs-Disposable-Vape-1-8x12.webp 8w, https:\/\/www.vapeswholesaler.com\/wp-content\/uploads\/2025\/04\/Wholesale-Mrvi-Twins-32000-puffs-Disposable-Vape-1-510x804.webp 510w\" sizes=\"auto, (max-width: 1000px) 100vw, 1000px\" \/><figcaption id=\"caption-attachment-22600\" class=\"wp-caption-text\">Gro\u00dfhandel Mrvi Zwillinge 32000 puffs Einweg Vape<\/figcaption><\/figure>","protected":false},"excerpt":{"rendered":"<p>Mindestbestellmenge: <strong>100St\u00fcck<\/strong> (Geschmacksrichtungen mischen) <strong>Kostenloser Versand<\/strong><\/p>\n<p>(<strong>5% Nic<\/strong>) EU Warehouse Versandzeit 5-6 Arbeitstage<\/p>","protected":false},"featured_media":22611,"comment_status":"open","ping_status":"closed","template":"","meta":[],"product_cat":[15],"product_tag":[369,373,387],"class_list":{"0":"post-22614","1":"product","2":"type-product","3":"status-publish","4":"has-post-thumbnail","6":"product_cat-disposable-vape","7":"product_tag-dual-flavors","8":"product_tag-europe-warehouse","9":"product_tag-mrvi","10":"product_brand-mrvi","12":"first","13":"instock","14":"shipping-taxable","15":"purchasable","16":"product-type-variable","17":"has-default-attributes"},"aioseo_notices":[],"_links":{"self":[{"href":"https:\/\/www.vapeswholesaler.com\/de\/wp-json\/wp\/v2\/product\/22614","targetHints":{"allow":["GET"]}}],"collection":[{"href":"https:\/\/www.vapeswholesaler.com\/de\/wp-json\/wp\/v2\/product"}],"about":[{"href":"https:\/\/www.vapeswholesaler.com\/de\/wp-json\/wp\/v2\/types\/product"}],"replies":[{"embeddable":true,"href":"https:\/\/www.vapeswholesaler.com\/de\/wp-json\/wp\/v2\/comments?post=22614"}],"wp:featuredmedia":[{"embeddable":true,"href":"https:\/\/www.vapeswholesaler.com\/de\/wp-json\/wp\/v2\/media\/22611"}],"wp:attachment":[{"href":"https:\/\/www.vapeswholesaler.com\/de\/wp-json\/wp\/v2\/media?parent=22614"}],"wp:term":[{"taxonomy":"product_cat","embeddable":true,"href":"https:\/\/www.vapeswholesaler.com\/de\/wp-json\/wp\/v2\/product_cat?post=22614"},{"taxonomy":"product_tag","embeddable":true,"href":"https:\/\/www.vapeswholesaler.com\/de\/wp-json\/wp\/v2\/product_tag?post=22614"}],"curies":[{"name":"wp","href":"https:\/\/api.w.org\/{rel}","templated":true}]}}