{"id":22583,"date":"2025-04-21T15:24:13","date_gmt":"2025-04-21T07:24:13","guid":{"rendered":"https:\/\/www.vapeswholesaler.com\/?post_type=product&#038;p=22583"},"modified":"2025-06-09T06:52:27","modified_gmt":"2025-06-08T22:52:27","slug":"groshandel-zooy-shisha-50000-zuge-einweg-vape","status":"publish","type":"product","link":"https:\/\/www.vapeswholesaler.com\/de\/produkt\/groshandel-zooy-shisha-50000-zuge-einweg-vape","title":{"rendered":"Gro\u00dfhandel Zooy Shisha 50000 Puffs Einweg Vape"},"content":{"rendered":"<p>Die <a href=\"https:\/\/www.vapeswholesaler.com\/de\/produkt_marke\/zooy\/\">Zooy<\/a> Shisha 50000 Puffs ist eine der neuesten DTL Einwegdampfer, die ungef\u00e4hr bis zu 50.000 Z\u00fcge liefert. Big Cloud Vaping, Das Produkt kommt mit einem leistungsstarken 1400mAh hochwertigen Akku und ist mit einer gro\u00dfen Kapazit\u00e4t 40ml Vape-\u00d6l mit der Option von 2% oder 5% Nikotinkonzentration vorgef\u00fcllt.<\/p>\n<p>Es ist mit Dual-Mesh-Coils und 0.25\u03a9 ausgestattet, um reiche, glatte Dampf jedes Mal, wenn Sie vaping produzieren. Es bietet auch eine einstellbare Luftstrom Design, das verschiedene Kunden, um die Gr\u00f6\u00dfe des Einlasses anpassen k\u00f6nnen, so dass jeder Benutzer unser Produkt perfekt genie\u00dfen k\u00f6nnen. und kommt mit einem Typ-C-Anschluss f\u00fcr einfaches Aufladen Ihres device.The Zooy Shisha 50000 Puffs wird Ihr n\u00e4chster Verkaufsschlager sein.<\/p>\n<h2><strong>Zooy Shisha 50000 Puffs Eigenschaften:<\/strong><\/h2>\n<ul>\n<li>Puste: 50000 Pusteblumen<\/li>\n<li>Gewicht: 150g<\/li>\n<li>Dtl. Gro\u00dfe Wolke<\/li>\n<li>Gr\u00f6\u00dfe: 44*36*118mm<\/li>\n<li>Batteriekapazit\u00e4t: 14000mAh<\/li>\n<li>Typ-C Wiederaufladbar<\/li>\n<li>0,25 Vier Maschen Coi<\/li>\n<li>Eingebauter Smart-Display-Bildschirm<\/li>\n<li>Einstellbarer Luftstrom<\/li>\n<li>8 Farben Lgb Licht<\/li>\n<\/ul>\n<h2><strong>Liste der Geschmacksrichtungen:<\/strong><\/h2>\n<ol>\n<li>Wassermelone Eis<\/li>\n<li>Blaubeereis<\/li>\n<li>Blaue Razzia-Kirsche<\/li>\n<li>Red Bull<\/li>\n<li>Gemischte Beere<\/li>\n<li>Mango Pfirsich Wassermelone<\/li>\n<li>Erdbeer-Kiwi<\/li>\n<li>Erdbeere Wassermelone<\/li>\n<li>Kirsche Erdbeere Himbeere<\/li>\n<li>Erdbeere Traube<\/li>\n<\/ol>\n<h2><strong>Packliste:<\/strong><\/h2>\n<p>1St\u00fcck jede einzelne Schachtel 150g.<br \/>\n10 St\u00fcck pro Mittelkarton<br \/>\n160St\u00fcck pro Karton \/26kg<\/p>\n<figure id=\"attachment_22584\" aria-describedby=\"caption-attachment-22584\" style=\"width: 1000px\" class=\"wp-caption alignnone\"><img loading=\"lazy\" decoding=\"async\" class=\"wp-image-22584 size-full\" title=\"Gro\u00dfhandel Zooy Shisha 50000 Puffs Einweg Vape 4\" src=\"https:\/\/www.vapeswholesaler.com\/wp-content\/uploads\/2025\/04\/Wholesale-Zooy-Shisha-50000-Puffs-Disposable-Vape-4.webp\" alt=\"Gro\u00dfhandel Zooy Shisha 50000 Puffs Einweg Vape 4\" width=\"1000\" height=\"1114\" srcset=\"https:\/\/www.vapeswholesaler.com\/wp-content\/uploads\/2025\/04\/Wholesale-Zooy-Shisha-50000-Puffs-Disposable-Vape-4.webp 1000w, https:\/\/www.vapeswholesaler.com\/wp-content\/uploads\/2025\/04\/Wholesale-Zooy-Shisha-50000-Puffs-Disposable-Vape-4-269x300.webp 269w, https:\/\/www.vapeswholesaler.com\/wp-content\/uploads\/2025\/04\/Wholesale-Zooy-Shisha-50000-Puffs-Disposable-Vape-4-919x1024.webp 919w, https:\/\/www.vapeswholesaler.com\/wp-content\/uploads\/2025\/04\/Wholesale-Zooy-Shisha-50000-Puffs-Disposable-Vape-4-768x856.webp 768w, https:\/\/www.vapeswholesaler.com\/wp-content\/uploads\/2025\/04\/Wholesale-Zooy-Shisha-50000-Puffs-Disposable-Vape-4-11x12.webp 11w, https:\/\/www.vapeswholesaler.com\/wp-content\/uploads\/2025\/04\/Wholesale-Zooy-Shisha-50000-Puffs-Disposable-Vape-4-510x568.webp 510w\" sizes=\"auto, (max-width: 1000px) 100vw, 1000px\" \/><figcaption id=\"caption-attachment-22584\" class=\"wp-caption-text\">Gro\u00dfhandel Zooy Shisha 50000 Puffs Einweg Vape<\/figcaption><\/figure>\n<figure id=\"attachment_22585\" aria-describedby=\"caption-attachment-22585\" style=\"width: 1000px\" class=\"wp-caption alignnone\"><img loading=\"lazy\" decoding=\"async\" class=\"wp-image-22585 size-full\" title=\"Gro\u00dfhandel Zooy Shisha 50000 Puffs Einweg Vape 5\" src=\"https:\/\/www.vapeswholesaler.com\/wp-content\/uploads\/2025\/04\/Wholesale-Zooy-Shisha-50000-Puffs-Disposable-Vape-5.webp\" alt=\"Gro\u00dfhandel Zooy Shisha 50000 Puffs Einweg Vape 5\" width=\"1000\" height=\"571\" srcset=\"https:\/\/www.vapeswholesaler.com\/wp-content\/uploads\/2025\/04\/Wholesale-Zooy-Shisha-50000-Puffs-Disposable-Vape-5.webp 1000w, https:\/\/www.vapeswholesaler.com\/wp-content\/uploads\/2025\/04\/Wholesale-Zooy-Shisha-50000-Puffs-Disposable-Vape-5-300x171.webp 300w, https:\/\/www.vapeswholesaler.com\/wp-content\/uploads\/2025\/04\/Wholesale-Zooy-Shisha-50000-Puffs-Disposable-Vape-5-768x439.webp 768w, https:\/\/www.vapeswholesaler.com\/wp-content\/uploads\/2025\/04\/Wholesale-Zooy-Shisha-50000-Puffs-Disposable-Vape-5-18x10.webp 18w, https:\/\/www.vapeswholesaler.com\/wp-content\/uploads\/2025\/04\/Wholesale-Zooy-Shisha-50000-Puffs-Disposable-Vape-5-510x291.webp 510w\" sizes=\"auto, (max-width: 1000px) 100vw, 1000px\" \/><figcaption id=\"caption-attachment-22585\" class=\"wp-caption-text\">Gro\u00dfhandel Zooy Shisha 50000 Puffs Einweg Vape<\/figcaption><\/figure>\n<p><img loading=\"lazy\" decoding=\"async\" class=\"wp-image-22572 size-full\" title=\"Gro\u00dfhandel Zooy Shisha 50000 Puffs Einweg Vape 3\" src=\"https:\/\/www.vapeswholesaler.com\/wp-content\/uploads\/2025\/04\/Wholesale-Zooy-Shisha-50000-Puffs-Disposable-Vape-3.webp\" alt=\"Gro\u00dfhandel Zooy Shisha 50000 Puffs Einweg Vape 3\" width=\"1000\" height=\"1000\" srcset=\"https:\/\/www.vapeswholesaler.com\/wp-content\/uploads\/2025\/04\/Wholesale-Zooy-Shisha-50000-Puffs-Disposable-Vape-3.webp 1000w, https:\/\/www.vapeswholesaler.com\/wp-content\/uploads\/2025\/04\/Wholesale-Zooy-Shisha-50000-Puffs-Disposable-Vape-3-300x300.webp 300w, https:\/\/www.vapeswholesaler.com\/wp-content\/uploads\/2025\/04\/Wholesale-Zooy-Shisha-50000-Puffs-Disposable-Vape-3-150x150.webp 150w, https:\/\/www.vapeswholesaler.com\/wp-content\/uploads\/2025\/04\/Wholesale-Zooy-Shisha-50000-Puffs-Disposable-Vape-3-768x768.webp 768w, https:\/\/www.vapeswholesaler.com\/wp-content\/uploads\/2025\/04\/Wholesale-Zooy-Shisha-50000-Puffs-Disposable-Vape-3-12x12.webp 12w, https:\/\/www.vapeswholesaler.com\/wp-content\/uploads\/2025\/04\/Wholesale-Zooy-Shisha-50000-Puffs-Disposable-Vape-3-247x247.webp 247w, https:\/\/www.vapeswholesaler.com\/wp-content\/uploads\/2025\/04\/Wholesale-Zooy-Shisha-50000-Puffs-Disposable-Vape-3-510x510.webp 510w, https:\/\/www.vapeswholesaler.com\/wp-content\/uploads\/2025\/04\/Wholesale-Zooy-Shisha-50000-Puffs-Disposable-Vape-3-100x100.webp 100w\" sizes=\"auto, (max-width: 1000px) 100vw, 1000px\" \/><\/p>","protected":false},"excerpt":{"rendered":"<p>Mindestbestellmenge: <strong>50St\u00fcck<\/strong> (Geschmacksrichtungen mischen) <strong>Kostenloser Versand<\/strong><\/p>\n<p>(<strong>2%, 5% Nic<\/strong>)<\/p>","protected":false},"featured_media":22571,"comment_status":"open","ping_status":"closed","template":"","meta":[],"product_cat":[15],"product_tag":[366,371],"class_list":{"0":"post-22583","1":"product","2":"type-product","3":"status-publish","4":"has-post-thumbnail","6":"product_cat-disposable-vape","7":"product_tag-50000-puffs","8":"product_tag-zooy","9":"product_brand-zooy","11":"first","12":"instock","13":"shipping-taxable","14":"purchasable","15":"product-type-variable","16":"has-default-attributes"},"aioseo_notices":[],"_links":{"self":[{"href":"https:\/\/www.vapeswholesaler.com\/de\/wp-json\/wp\/v2\/product\/22583","targetHints":{"allow":["GET"]}}],"collection":[{"href":"https:\/\/www.vapeswholesaler.com\/de\/wp-json\/wp\/v2\/product"}],"about":[{"href":"https:\/\/www.vapeswholesaler.com\/de\/wp-json\/wp\/v2\/types\/product"}],"replies":[{"embeddable":true,"href":"https:\/\/www.vapeswholesaler.com\/de\/wp-json\/wp\/v2\/comments?post=22583"}],"wp:featuredmedia":[{"embeddable":true,"href":"https:\/\/www.vapeswholesaler.com\/de\/wp-json\/wp\/v2\/media\/22571"}],"wp:attachment":[{"href":"https:\/\/www.vapeswholesaler.com\/de\/wp-json\/wp\/v2\/media?parent=22583"}],"wp:term":[{"taxonomy":"product_cat","embeddable":true,"href":"https:\/\/www.vapeswholesaler.com\/de\/wp-json\/wp\/v2\/product_cat?post=22583"},{"taxonomy":"product_tag","embeddable":true,"href":"https:\/\/www.vapeswholesaler.com\/de\/wp-json\/wp\/v2\/product_tag?post=22583"}],"curies":[{"name":"wp","href":"https:\/\/api.w.org\/{rel}","templated":true}]}}