{"id":22550,"date":"2025-04-17T23:23:21","date_gmt":"2025-04-17T15:23:21","guid":{"rendered":"https:\/\/www.vapeswholesaler.com\/?post_type=product&#038;p=22550"},"modified":"2026-04-12T21:15:48","modified_gmt":"2026-04-12T13:15:48","slug":"groshandel-vapsolo-konig-pro-40k-puffs-einweg-vape","status":"publish","type":"product","link":"https:\/\/www.vapeswholesaler.com\/de\/produkt\/groshandel-vapsolo-konig-pro-40k-puffs-einweg-vape","title":{"rendered":"Gro\u00dfhandel Vapsolo K\u00f6nig Pro 40K Puffs Einweg Vape"},"content":{"rendered":"<p>Die <a href=\"https:\/\/www.vapeswholesaler.com\/de\/produkt_marke\/vapsolo\/\">Vapsolo<\/a> King Pro 40K Puffs ist die neueste Einweg-E-Zigarette mit einem LCD-Display, das Ihnen erlaubt, die Betriebsdaten Ihres Ger\u00e4ts in Echtzeit zu \u00fcberpr\u00fcfen, wodurch es noch technologisch fortschrittlicher und wettbewerbsf\u00e4higer wird. Erleben Sie bis zu 40000 Z\u00fcge mit seiner hohen Kapazit\u00e4t 40ml vorgef\u00fcllt e-Fl\u00fcssigkeit und 650mAh Batterie vape Ger\u00e4t.<\/p>\n<p>Das Produkt kommt mit einem 1,0 Ohm Mesh Coil, um das Beste aus jedem Geschmack herauszuholen, und um dieses Produkt l\u00e4nger nutzen zu k\u00f6nnen, haben wir es mit einem Typ-C-Anschluss ausgestattet, um Ihr Ger\u00e4t in jeder Umgebung aufzuladen<\/p>\n<p>Vapsolo Qualit\u00e4t ist zuverl\u00e4ssig, das Produkt ist sehr beliebt, wir f\u00fcgen st\u00e4ndig neue Produkte, jedes Produkt wurde rigoros getestet, wir sind verantwortlich f\u00fcr unsere Kunden, empfehlen wir dieses Produkt, willkommen, unser Partner zu sein!<\/p>\n<h2><strong>Vapsolo King Pro 40K Puffs Eigenschaften:<\/strong><\/h2>\n<ul>\n<li>Lcd-Display<\/li>\n<li>E-Liquid Kapazit\u00e4t: 40ml<\/li>\n<li>Batteriekapazit\u00e4t:650mah<\/li>\n<li>Maschenspule<\/li>\n<li>Spulenwiderstand:1.0ohm<\/li>\n<li>Typ-C-Anschluss, wiederaufladbar<\/li>\n<li>200Stk\/Ctn<\/li>\n<li>10 Cent\/Kiste<\/li>\n<li>Gewicht: 133g\/St\u00fcck<\/li>\n<li>27,3kg\/Tonne<\/li>\n<li>Karton Gr\u00f6\u00dfe:46*43*26.5cm<\/li>\n<\/ul>\n<h2><strong>Geschm\u00e4cker:<\/strong><\/h2>\n<ol>\n<li>Kirsche-Zitrone<\/li>\n<li>Kiwi Passionsfrucht Guave<\/li>\n<li>Liebe 66<\/li>\n<li>Wassermelone Eis<\/li>\n<li>Erdbeer-Kiwi<\/li>\n<li>Zitrone-Limette<\/li>\n<li>Erdbeere-Banane<\/li>\n<li>Schwarzes Eis Drachenfrucht-Erdbeere<\/li>\n<li>Pfirsich Beere<\/li>\n<li>Erdbeere Wassermelone<\/li>\n<li>Kirsche Cola<\/li>\n<li>Grape Burst<\/li>\n<li>Gemischte Beere<\/li>\n<li>Blaubeere-Sauer-Himbeere<\/li>\n<li>Pfirsich Mango Ananas<\/li>\n<\/ol>\n<h2><strong>Packliste:<\/strong><\/h2>\n<p>1St\u00fcck pro Einzelkarton<br \/>\n10 St\u00fcck pro Mittelkarton<br \/>\n200St\u00fcck pro Karton<\/p>\n<figure id=\"attachment_22533\" aria-describedby=\"caption-attachment-22533\" style=\"width: 1000px\" class=\"wp-caption alignnone\"><img loading=\"lazy\" decoding=\"async\" class=\"wp-image-22533 size-full\" title=\"Gro\u00dfhandel Vapsolo King Pro 40K Puffs Einweg Vape 7\" src=\"https:\/\/www.vapeswholesaler.com\/wp-content\/uploads\/2025\/04\/Wholesale-Vapsolo-King-Pro-40K-Puffs-Disposable-Vape-7.webp\" alt=\"Gro\u00dfhandel Vapsolo King Pro 40K Puffs Einweg Vape 7\" width=\"1000\" height=\"1000\" srcset=\"https:\/\/www.vapeswholesaler.com\/wp-content\/uploads\/2025\/04\/Wholesale-Vapsolo-King-Pro-40K-Puffs-Disposable-Vape-7.webp 1000w, https:\/\/www.vapeswholesaler.com\/wp-content\/uploads\/2025\/04\/Wholesale-Vapsolo-King-Pro-40K-Puffs-Disposable-Vape-7-300x300.webp 300w, https:\/\/www.vapeswholesaler.com\/wp-content\/uploads\/2025\/04\/Wholesale-Vapsolo-King-Pro-40K-Puffs-Disposable-Vape-7-150x150.webp 150w, https:\/\/www.vapeswholesaler.com\/wp-content\/uploads\/2025\/04\/Wholesale-Vapsolo-King-Pro-40K-Puffs-Disposable-Vape-7-768x768.webp 768w, https:\/\/www.vapeswholesaler.com\/wp-content\/uploads\/2025\/04\/Wholesale-Vapsolo-King-Pro-40K-Puffs-Disposable-Vape-7-12x12.webp 12w, https:\/\/www.vapeswholesaler.com\/wp-content\/uploads\/2025\/04\/Wholesale-Vapsolo-King-Pro-40K-Puffs-Disposable-Vape-7-247x247.webp 247w, https:\/\/www.vapeswholesaler.com\/wp-content\/uploads\/2025\/04\/Wholesale-Vapsolo-King-Pro-40K-Puffs-Disposable-Vape-7-510x510.webp 510w, https:\/\/www.vapeswholesaler.com\/wp-content\/uploads\/2025\/04\/Wholesale-Vapsolo-King-Pro-40K-Puffs-Disposable-Vape-7-100x100.webp 100w\" sizes=\"auto, (max-width: 1000px) 100vw, 1000px\" \/><figcaption id=\"caption-attachment-22533\" class=\"wp-caption-text\">Gro\u00dfhandel Vapsolo K\u00f6nig Pro 40K Puffs Einweg Vape<\/figcaption><\/figure>\n<p>&nbsp;<\/p>\n<p>&nbsp;<\/p>","protected":false},"excerpt":{"rendered":"<p>Mindestbestellmenge: <strong>50St\u00fcck<\/strong> (Geschmacksrichtungen mischen) <strong>Kostenloser Versand<\/strong><\/p>\n<p>(2%, 5% Nic) <strong>EU-Lagerhaus<\/strong> Shipping time 7-8 working days<\/p>","protected":false},"featured_media":22543,"comment_status":"open","ping_status":"closed","template":"","meta":[],"product_cat":[15],"product_tag":[87,373,401],"class_list":{"0":"post-22550","1":"product","2":"type-product","3":"status-publish","4":"has-post-thumbnail","6":"product_cat-disposable-vape","7":"product_tag-vapsolo","8":"product_tag-europe-warehouse","9":"product_tag-400000-puffs","10":"product_brand-vapsolo","12":"first","13":"instock","14":"shipping-taxable","15":"purchasable","16":"product-type-variable","17":"has-default-attributes"},"aioseo_notices":[],"_links":{"self":[{"href":"https:\/\/www.vapeswholesaler.com\/de\/wp-json\/wp\/v2\/product\/22550","targetHints":{"allow":["GET"]}}],"collection":[{"href":"https:\/\/www.vapeswholesaler.com\/de\/wp-json\/wp\/v2\/product"}],"about":[{"href":"https:\/\/www.vapeswholesaler.com\/de\/wp-json\/wp\/v2\/types\/product"}],"replies":[{"embeddable":true,"href":"https:\/\/www.vapeswholesaler.com\/de\/wp-json\/wp\/v2\/comments?post=22550"}],"wp:featuredmedia":[{"embeddable":true,"href":"https:\/\/www.vapeswholesaler.com\/de\/wp-json\/wp\/v2\/media\/22543"}],"wp:attachment":[{"href":"https:\/\/www.vapeswholesaler.com\/de\/wp-json\/wp\/v2\/media?parent=22550"}],"wp:term":[{"taxonomy":"product_cat","embeddable":true,"href":"https:\/\/www.vapeswholesaler.com\/de\/wp-json\/wp\/v2\/product_cat?post=22550"},{"taxonomy":"product_tag","embeddable":true,"href":"https:\/\/www.vapeswholesaler.com\/de\/wp-json\/wp\/v2\/product_tag?post=22550"}],"curies":[{"name":"wp","href":"https:\/\/api.w.org\/{rel}","templated":true}]}}