{"id":22448,"date":"2025-04-05T13:35:25","date_gmt":"2025-04-05T05:35:25","guid":{"rendered":"https:\/\/www.vapeswholesaler.com\/?post_type=product&#038;p=22448"},"modified":"2025-11-19T17:54:29","modified_gmt":"2025-11-19T09:54:29","slug":"groshandel-vozol-getriebe-shisha-25000-zuge-einweg-vape","status":"publish","type":"product","link":"https:\/\/www.vapeswholesaler.com\/de\/produkt\/groshandel-vozol-getriebe-shisha-25000-zuge-einweg-vape","title":{"rendered":"Gro\u00dfhandel VOZOL Getriebe Shisha 25000 Puffs Einweg Vape"},"content":{"rendered":"<p><a href=\"https:\/\/www.vapeswholesaler.com\/de\/produkt_marke\/vozol\/\">VOZOL<\/a> Gear Shisha 25000 Puffs is the World&#8217;s 1st. Audio-Interactive DTL Disposable Vape, the product has a strong Middle Eastern style, suitable for lung inhalation, mouth inhalation, and each mode is used with extraordinary feelings. Only the chip from the world famous company Tech, make the product more intelligent and more stable, to improve the satisfaction of the product is very helpful.<\/p>\n<p>Dieses Produkt tr\u00e4gt zwei Arten von Netzkern, und kann zwei Betriebsarten zu realisieren, im ECO-Modus kann etwa 25000 Puffs, im Power-Modus kann etwa 18000 Puffs, egal in jedem Modus, dieses Produkt ist das kosteng\u00fcnstigste Produkt, verbringen das geringste Geld, verwenden Sie es f\u00fcr eine l\u00e4ngere Zeit.<\/p>\n<p>Es kommt mit einer hohen Kapazit\u00e4t Batterie 1000mah, und 25ml E-Zigarette \u00d6l vorinstalliert in der Fabrik, um die Lebensdauer des Produkts, Audio-Interaktion f\u00fcr einen modernen Touch, kommen mit 2,1-Zoll-Farbbildschirm f\u00fcr die einfache \u00dcberwachung Einstellbare Luftstrom, Willkommen bei unseren Partnern!<\/p>\n<h2><strong><a href=\"https:\/\/www.facebook.com\/fred.luo.58\/\">VOZO<\/a>L Gear Shisha 25000 Puffs Eigenschaften:<\/strong><\/h2>\n<ul>\n<li>World's 1st. Audio-Interaktiv Dtl Einweg-Vape<\/li>\n<li>Ui im nah\u00f6stlichen Stil<\/li>\n<li>Zwei Maschen, zwei Modi<\/li>\n<li>Name: Getriebe Shisha 25000<\/li>\n<li>Batteriekapazit\u00e4t: 1000mAh<\/li>\n<li>Nikotin:5mg\/Ml 5%<\/li>\n<li>Puffs: Bis zu 2500<\/li>\n<\/ul>\n<h2><strong>Geschm\u00e4cker:<\/strong><\/h2>\n<ol>\n<li>Blaubeereis<\/li>\n<li>Heidelbeere Wassermelone<\/li>\n<li>Gefrorene Erdbeer-Kiwi<\/li>\n<li>Traubeneis<\/li>\n<li>Liebe 777<\/li>\n<li>Mango Pfirsich<\/li>\n<li>Pfirsich-Eis<\/li>\n<li>Erdbeer-Kiwi<\/li>\n<li>S\u00fc\u00dfe Passionsfrucht<\/li>\n<li>Zwei \u00c4pfel<\/li>\n<li>Wassermelone Eis<\/li>\n<li>Brombeereis<\/li>\n<li>Schwarzes Johannisbeereis<\/li>\n<li>Moskauer Abende<\/li>\n<li>Blauer Mojito<\/li>\n<li>Zitronenminze<\/li>\n<li>Mango Freeze<\/li>\n<li>Weintrauben-Minze<\/li>\n<\/ol>\n<h2><strong>Packliste:<\/strong><\/h2>\n<p>1St\u00fcck pro Einzelkarton<br \/>\n10 Stck. pro Mittelkarton<br \/>\n200St\u00fcck pro Karton<\/p>\n<figure id=\"attachment_22444\" aria-describedby=\"caption-attachment-22444\" style=\"width: 1000px\" class=\"wp-caption alignnone\"><img loading=\"lazy\" decoding=\"async\" class=\"wp-image-22444 size-full\" title=\"Gro\u00dfhandel VOZOL Getriebe Shisha 25000 Puffs Einweg Vape 9\" src=\"https:\/\/www.vapeswholesaler.com\/wp-content\/uploads\/2025\/04\/Wholesale-VOZOL-Gear-Shisha-25000-Puffs-Disposable-Vape-9.webp\" alt=\"Gro\u00dfhandel VOZOL Getriebe Shisha 25000 Puffs Einweg Vape 9\" width=\"1000\" height=\"733\" srcset=\"https:\/\/www.vapeswholesaler.com\/wp-content\/uploads\/2025\/04\/Wholesale-VOZOL-Gear-Shisha-25000-Puffs-Disposable-Vape-9.webp 1000w, https:\/\/www.vapeswholesaler.com\/wp-content\/uploads\/2025\/04\/Wholesale-VOZOL-Gear-Shisha-25000-Puffs-Disposable-Vape-9-300x220.webp 300w, https:\/\/www.vapeswholesaler.com\/wp-content\/uploads\/2025\/04\/Wholesale-VOZOL-Gear-Shisha-25000-Puffs-Disposable-Vape-9-768x563.webp 768w, https:\/\/www.vapeswholesaler.com\/wp-content\/uploads\/2025\/04\/Wholesale-VOZOL-Gear-Shisha-25000-Puffs-Disposable-Vape-9-16x12.webp 16w, https:\/\/www.vapeswholesaler.com\/wp-content\/uploads\/2025\/04\/Wholesale-VOZOL-Gear-Shisha-25000-Puffs-Disposable-Vape-9-510x374.webp 510w\" sizes=\"auto, (max-width: 1000px) 100vw, 1000px\" \/><figcaption id=\"caption-attachment-22444\" class=\"wp-caption-text\">Gro\u00dfhandel VOZOL Getriebe Shisha 25000 Puffs Einweg Vape<\/figcaption><\/figure>\n<figure id=\"attachment_22449\" aria-describedby=\"caption-attachment-22449\" style=\"width: 1000px\" class=\"wp-caption alignnone\"><img loading=\"lazy\" decoding=\"async\" class=\"wp-image-22449 size-full\" title=\"Gro\u00dfhandel VOZOL Getriebe Shisha 25000 Puffs Einweg Vape 13\" src=\"https:\/\/www.vapeswholesaler.com\/wp-content\/uploads\/2025\/04\/Wholesale-VOZOL-Gear-Shisha-25000-Puffs-Disposable-Vape-13.webp\" alt=\"Gro\u00dfhandel VOZOL Getriebe Shisha 25000 Puffs Einweg Vape 13\" width=\"1000\" height=\"1474\" srcset=\"https:\/\/www.vapeswholesaler.com\/wp-content\/uploads\/2025\/04\/Wholesale-VOZOL-Gear-Shisha-25000-Puffs-Disposable-Vape-13.webp 1000w, https:\/\/www.vapeswholesaler.com\/wp-content\/uploads\/2025\/04\/Wholesale-VOZOL-Gear-Shisha-25000-Puffs-Disposable-Vape-13-204x300.webp 204w, https:\/\/www.vapeswholesaler.com\/wp-content\/uploads\/2025\/04\/Wholesale-VOZOL-Gear-Shisha-25000-Puffs-Disposable-Vape-13-695x1024.webp 695w, https:\/\/www.vapeswholesaler.com\/wp-content\/uploads\/2025\/04\/Wholesale-VOZOL-Gear-Shisha-25000-Puffs-Disposable-Vape-13-768x1132.webp 768w, https:\/\/www.vapeswholesaler.com\/wp-content\/uploads\/2025\/04\/Wholesale-VOZOL-Gear-Shisha-25000-Puffs-Disposable-Vape-13-8x12.webp 8w, https:\/\/www.vapeswholesaler.com\/wp-content\/uploads\/2025\/04\/Wholesale-VOZOL-Gear-Shisha-25000-Puffs-Disposable-Vape-13-510x752.webp 510w\" sizes=\"auto, (max-width: 1000px) 100vw, 1000px\" \/><figcaption id=\"caption-attachment-22449\" class=\"wp-caption-text\">Gro\u00dfhandel VOZOL Getriebe Shisha 25000 Puffs Einweg Vape<\/figcaption><\/figure>","protected":false},"excerpt":{"rendered":"<p>Mindestbestellmenge:<strong> 50St\u00fcck<\/strong> (Geschmacksrichtungen mischen) Kostenloser Versand<\/p>\n<p>( <strong>5% Nic<\/strong>)<\/p>","protected":false},"featured_media":22436,"comment_status":"open","ping_status":"closed","template":"","meta":[],"product_cat":[15],"product_tag":[376,392,396],"class_list":{"0":"post-22448","1":"product","2":"type-product","3":"status-publish","4":"has-post-thumbnail","6":"product_cat-disposable-vape","7":"product_tag-25000-puffs","8":"product_tag-vozol","9":"product_tag-disposable-vape","10":"product_brand-vozol","12":"first","13":"instock","14":"shipping-taxable","15":"purchasable","16":"product-type-variable","17":"has-default-attributes"},"aioseo_notices":[],"_links":{"self":[{"href":"https:\/\/www.vapeswholesaler.com\/de\/wp-json\/wp\/v2\/product\/22448","targetHints":{"allow":["GET"]}}],"collection":[{"href":"https:\/\/www.vapeswholesaler.com\/de\/wp-json\/wp\/v2\/product"}],"about":[{"href":"https:\/\/www.vapeswholesaler.com\/de\/wp-json\/wp\/v2\/types\/product"}],"replies":[{"embeddable":true,"href":"https:\/\/www.vapeswholesaler.com\/de\/wp-json\/wp\/v2\/comments?post=22448"}],"wp:featuredmedia":[{"embeddable":true,"href":"https:\/\/www.vapeswholesaler.com\/de\/wp-json\/wp\/v2\/media\/22436"}],"wp:attachment":[{"href":"https:\/\/www.vapeswholesaler.com\/de\/wp-json\/wp\/v2\/media?parent=22448"}],"wp:term":[{"taxonomy":"product_cat","embeddable":true,"href":"https:\/\/www.vapeswholesaler.com\/de\/wp-json\/wp\/v2\/product_cat?post=22448"},{"taxonomy":"product_tag","embeddable":true,"href":"https:\/\/www.vapeswholesaler.com\/de\/wp-json\/wp\/v2\/product_tag?post=22448"}],"curies":[{"name":"wp","href":"https:\/\/api.w.org\/{rel}","templated":true}]}}