{"id":22207,"date":"2025-03-20T11:57:54","date_gmt":"2025-03-20T03:57:54","guid":{"rendered":"https:\/\/www.vapeswholesaler.com\/?post_type=product&#038;p=22207"},"modified":"2025-05-08T14:44:23","modified_gmt":"2025-05-08T06:44:23","slug":"groshandel-okso-shisha-wasserpfeife-mega-50k-einweg-vape","status":"publish","type":"product","link":"https:\/\/www.vapeswholesaler.com\/de\/produkt\/groshandel-okso-shisha-wasserpfeife-mega-50k-einweg-vape","title":{"rendered":"Gro\u00dfhandel OKSO Shisha Wasserpfeife Mega 50K Einweg Vape"},"content":{"rendered":"<p><a href=\"https:\/\/www.vapeswholesaler.com\/de\/produkt_marke\/okso\/\">OKSO<\/a> Shisha Hookah Mega 50K Puffs ist eine der neuesten DTL Lunge vaping Einweg-E-Zigaretten, ist dieses Produkt sch\u00f6n geformt und Gr\u00f6\u00dfe, um eine Vielzahl von Verbrauchern passen, verwenden wir eine zweifarbige Form auf der Au\u00dfenseite unserer Produkte und verwenden Kristall auf der Au\u00dfenseite, um das Produkt kristallklar, sauber und hygienisch, und machen das Produkt aussehen und f\u00fchlen sich hohe Qualit\u00e4t f\u00fcr immer.<\/p>\n<p>Das Produkt ist mit Triple Mesh Spule ausgestattet, und wir vorgef\u00fcllt 40ML vape \u00d6l vor der Auslieferung, die gro\u00dfe Kapazit\u00e4t des Produkts kann das Produkt l\u00e4nger dauern, und es kommt mit 1100mah hochwertige eingebaute Batterie, und die Benutzer k\u00f6nnen die internationale Universal-Typ-C-Schnittstelle verwenden, um Ihre Lieblings-Ger\u00e4te jederzeit und \u00fcberall aufladen. Auf der anderen Seite, um Benutzern zu erm\u00f6glichen, den Status des Produkts jederzeit zu beobachten, sind wir mit einem elektronischen Display ausgestattet, durch die Beobachtung der elektronischen Display-Daten, k\u00f6nnen Sie das Produkt wie die R\u00fcckseite der Hand kennen.<\/p>\n<p>Dieses Produkt bietet 10 beste Geschmacksrichtungen, jeder Geschmack ist das Ergebnis von Zehntausenden von st\u00e4ndigen Tests durch unsere Ingenieure, und mit 0%, 2%, 3%, 5% Nikotingehalt zur Verf\u00fcgung f\u00fcr Kunden zu w\u00e4hlen, hoffen wir, dass unsere Kunden es m\u00f6gen. Wir freuen uns darauf, Ihr Partner zu sein, jeder Kunde kann eine Bestellung direkt auf unserer Website aufgeben, unsere Mindestbestellmenge betr\u00e4gt nur 50 St\u00fcck, und die Versandzeit in die meisten europ\u00e4ischen L\u00e4nder betr\u00e4gt nur etwa 2 Wochen.<\/p>\n<h2><strong><a href=\"https:\/\/www.facebook.com\/fred.luo.58\/\">OKSO<\/a> Shisha Wasserpfeife Mega 50K Einweg Vape Details:<\/strong><\/h2>\n<ul>\n<li>Puffs: 50000puffs<\/li>\n<li>Kern: Dreifach-Mesh-Spule<\/li>\n<li>E-Fl\u00fcssigkeit:40ml<\/li>\n<li>Nicotine:0%\/2%\/3%\/5%<\/li>\n<li>Akku: 1100mah<\/li>\n<li>Wiederaufladbar:Typ-C<\/li>\n<li>LED-Anzeige<\/li>\n<li>Luftstrom einstellbar<\/li>\n<li>Produktgewicht: 141g\/St\u00fcck<\/li>\n<li>Produktgr\u00f6\u00dfe: 43*43*135mm<\/li>\n<li>Gr\u00f6\u00dfe des Kartons: 465*428*235mm<\/li>\n<li>MENGE: 150 St\u00fcck\/ctn, 10 St\u00fcck\/Karton<\/li>\n<li>Gesamtgewicht: 22,2 kg<\/li>\n<\/ul>\n<h2><strong>Geschm\u00e4cker\uff1a<\/strong><\/h2>\n<ol>\n<li>\u00dcppiges Eis<\/li>\n<li>Zwei \u00c4pfel<\/li>\n<li>Erdbeere Wassermelone Bubblegum<\/li>\n<li>Pfirsich-Eis<\/li>\n<li>Heidelbeere-Himbeere-Kirsche<\/li>\n<li>Liebe 66<\/li>\n<li>Mango-Eis<\/li>\n<li>Erdbeer-Kiwi<\/li>\n<li>Lady Killa<\/li>\n<li>Traubeneis<\/li>\n<\/ol>\n<h2><strong>Packliste:<\/strong><\/h2>\n<p>1St\u00fcck pro Einzelkarton<br \/>\n10 Stck. pro Mittelkarton<br \/>\n150St\u00fcck pro Karton<\/p>\n<figure id=\"attachment_22184\" aria-describedby=\"caption-attachment-22184\" style=\"width: 1000px\" class=\"wp-caption alignnone\"><img loading=\"lazy\" decoding=\"async\" class=\"wp-image-22184 size-full\" title=\"Gro\u00dfhandel OKSO Shisha Wasserpfeife Mega 50K Einweg Vape 2\" src=\"https:\/\/www.vapeswholesaler.com\/wp-content\/uploads\/2025\/03\/Wholesale-OKSO-Shisha-Hookah-Mega-50K-Disposable-Vape-2.webp\" alt=\"Gro\u00dfhandel OKSO Shisha Wasserpfeife Mega 50K Einweg Vape 2\" width=\"1000\" height=\"1000\" srcset=\"https:\/\/www.vapeswholesaler.com\/wp-content\/uploads\/2025\/03\/Wholesale-OKSO-Shisha-Hookah-Mega-50K-Disposable-Vape-2.webp 1000w, https:\/\/www.vapeswholesaler.com\/wp-content\/uploads\/2025\/03\/Wholesale-OKSO-Shisha-Hookah-Mega-50K-Disposable-Vape-2-300x300.webp 300w, https:\/\/www.vapeswholesaler.com\/wp-content\/uploads\/2025\/03\/Wholesale-OKSO-Shisha-Hookah-Mega-50K-Disposable-Vape-2-150x150.webp 150w, https:\/\/www.vapeswholesaler.com\/wp-content\/uploads\/2025\/03\/Wholesale-OKSO-Shisha-Hookah-Mega-50K-Disposable-Vape-2-768x768.webp 768w, https:\/\/www.vapeswholesaler.com\/wp-content\/uploads\/2025\/03\/Wholesale-OKSO-Shisha-Hookah-Mega-50K-Disposable-Vape-2-12x12.webp 12w, https:\/\/www.vapeswholesaler.com\/wp-content\/uploads\/2025\/03\/Wholesale-OKSO-Shisha-Hookah-Mega-50K-Disposable-Vape-2-247x247.webp 247w, https:\/\/www.vapeswholesaler.com\/wp-content\/uploads\/2025\/03\/Wholesale-OKSO-Shisha-Hookah-Mega-50K-Disposable-Vape-2-510x510.webp 510w, https:\/\/www.vapeswholesaler.com\/wp-content\/uploads\/2025\/03\/Wholesale-OKSO-Shisha-Hookah-Mega-50K-Disposable-Vape-2-100x100.webp 100w\" sizes=\"auto, (max-width: 1000px) 100vw, 1000px\" \/><figcaption id=\"caption-attachment-22184\" class=\"wp-caption-text\">Gro\u00dfhandel OKSO Shisha Wasserpfeife Mega 50K Einweg Vape 2<\/figcaption><\/figure>\n<figure id=\"attachment_22183\" aria-describedby=\"caption-attachment-22183\" style=\"width: 1000px\" class=\"wp-caption alignnone\"><img loading=\"lazy\" decoding=\"async\" class=\"wp-image-22183 size-full\" title=\"Gro\u00dfhandel OKSO Shisha Wasserpfeife Mega 50K Einweg Vape 1\" src=\"https:\/\/www.vapeswholesaler.com\/wp-content\/uploads\/2025\/03\/Wholesale-OKSO-Shisha-Hookah-Mega-50K-Disposable-Vape-1.webp\" alt=\"Gro\u00dfhandel OKSO Shisha Wasserpfeife Mega 50K Einweg Vape 1\" width=\"1000\" height=\"1000\" srcset=\"https:\/\/www.vapeswholesaler.com\/wp-content\/uploads\/2025\/03\/Wholesale-OKSO-Shisha-Hookah-Mega-50K-Disposable-Vape-1.webp 1000w, https:\/\/www.vapeswholesaler.com\/wp-content\/uploads\/2025\/03\/Wholesale-OKSO-Shisha-Hookah-Mega-50K-Disposable-Vape-1-300x300.webp 300w, https:\/\/www.vapeswholesaler.com\/wp-content\/uploads\/2025\/03\/Wholesale-OKSO-Shisha-Hookah-Mega-50K-Disposable-Vape-1-150x150.webp 150w, https:\/\/www.vapeswholesaler.com\/wp-content\/uploads\/2025\/03\/Wholesale-OKSO-Shisha-Hookah-Mega-50K-Disposable-Vape-1-768x768.webp 768w, https:\/\/www.vapeswholesaler.com\/wp-content\/uploads\/2025\/03\/Wholesale-OKSO-Shisha-Hookah-Mega-50K-Disposable-Vape-1-12x12.webp 12w, https:\/\/www.vapeswholesaler.com\/wp-content\/uploads\/2025\/03\/Wholesale-OKSO-Shisha-Hookah-Mega-50K-Disposable-Vape-1-247x247.webp 247w, https:\/\/www.vapeswholesaler.com\/wp-content\/uploads\/2025\/03\/Wholesale-OKSO-Shisha-Hookah-Mega-50K-Disposable-Vape-1-510x510.webp 510w, https:\/\/www.vapeswholesaler.com\/wp-content\/uploads\/2025\/03\/Wholesale-OKSO-Shisha-Hookah-Mega-50K-Disposable-Vape-1-100x100.webp 100w\" sizes=\"auto, (max-width: 1000px) 100vw, 1000px\" \/><figcaption id=\"caption-attachment-22183\" class=\"wp-caption-text\">Gro\u00dfhandel OKSO Shisha Wasserpfeife Mega 50K Einweg Vape 1<\/figcaption><\/figure>","protected":false},"excerpt":{"rendered":"<p>Mindestbestellmenge: <strong>50St\u00fcck<\/strong> (Geschmacksrichtungen mischen) <strong>Kostenloser Versand<\/strong><\/p>\n<p>(0%, 2%, 3%, 5% Nic)<\/p>","protected":false},"featured_media":22205,"comment_status":"open","ping_status":"closed","template":"","meta":[],"product_cat":[15],"product_tag":[366,395],"class_list":{"0":"post-22207","1":"product","2":"type-product","3":"status-publish","4":"has-post-thumbnail","6":"product_cat-disposable-vape","7":"product_tag-50000-puffs","8":"product_tag-okso","9":"product_brand-okso","11":"first","12":"instock","13":"shipping-taxable","14":"purchasable","15":"product-type-variable","16":"has-default-attributes"},"aioseo_notices":[],"_links":{"self":[{"href":"https:\/\/www.vapeswholesaler.com\/de\/wp-json\/wp\/v2\/product\/22207","targetHints":{"allow":["GET"]}}],"collection":[{"href":"https:\/\/www.vapeswholesaler.com\/de\/wp-json\/wp\/v2\/product"}],"about":[{"href":"https:\/\/www.vapeswholesaler.com\/de\/wp-json\/wp\/v2\/types\/product"}],"replies":[{"embeddable":true,"href":"https:\/\/www.vapeswholesaler.com\/de\/wp-json\/wp\/v2\/comments?post=22207"}],"wp:featuredmedia":[{"embeddable":true,"href":"https:\/\/www.vapeswholesaler.com\/de\/wp-json\/wp\/v2\/media\/22205"}],"wp:attachment":[{"href":"https:\/\/www.vapeswholesaler.com\/de\/wp-json\/wp\/v2\/media?parent=22207"}],"wp:term":[{"taxonomy":"product_cat","embeddable":true,"href":"https:\/\/www.vapeswholesaler.com\/de\/wp-json\/wp\/v2\/product_cat?post=22207"},{"taxonomy":"product_tag","embeddable":true,"href":"https:\/\/www.vapeswholesaler.com\/de\/wp-json\/wp\/v2\/product_tag?post=22207"}],"curies":[{"name":"wp","href":"https:\/\/api.w.org\/{rel}","templated":true}]}}