{"id":22077,"date":"2025-03-08T15:56:00","date_gmt":"2025-03-08T07:56:00","guid":{"rendered":"https:\/\/www.vapeswholesaler.com\/?post_type=product&#038;p=22077"},"modified":"2025-05-08T14:44:18","modified_gmt":"2025-05-08T06:44:18","slug":"groshandel-uwin-zwillinge-kristall-40k-einweg-vape","status":"publish","type":"product","link":"https:\/\/www.vapeswholesaler.com\/de\/produkt\/groshandel-uwin-zwillinge-kristall-40k-einweg-vape","title":{"rendered":"Gro\u00dfhandel Uwin Zwillinge Kristall 40k Einweg Vape"},"content":{"rendered":"<p><a href=\"https:\/\/www.vapeswholesaler.com\/de\/produkt_marke\/uwin\/\">Uwin<\/a> Twins Crystal 40k liefert eine erweiterte vaping Erfahrung, so dass jeder Inhalation ist mit reichem Geschmack und ultimative Befriedigung verpackt. das Display ist klar und leicht zu lesen, k\u00f6nnen die Nutzer die Batterieleistung und e-Fl\u00fcssigkeit Verbrauch in Echtzeit zu \u00fcberwachen. es kommen mit 850 mAh wiederaufladbare Kobalt Typ-C-Anschluss, erleben Sie bis zu 40000 Puffs mit seiner hohen Kapazit\u00e4t 32ml vorgef\u00fcllte e-Fl\u00fcssigkeit.<\/p>\n<p>Er verbindet nahtlos metallischen Glanz mit einem Acryl-Finish, ist ergonomisch, kompakt und stilvoll, sowohl f\u00fcr Komfort als auch f\u00fcr \u00c4sthetik konzipiert und bietet einen auffallenden visuellen Reiz. Jeder Gebrauch bietet ein raffiniertes und einzigartiges sensorisches Erlebnis.<\/p>\n<p>Und dieses Produkt kommt mit 12 Arten von Dual-Aromen zu Ihrer Verf\u00fcgung, w\u00e4hlen Sie aus einer Reihe von Optionen, um perfekt auf Ihre Stimmung und verbessern Sie Ihre vaping Vergn\u00fcgen. Willkommen, ein Kunde zu werden von <a href=\"https:\/\/www.vapeswholesaler.com\/de\/\">vapeswholesaler<\/a> Unser Service ist aggressiv und sendet jedes Paket unserer Kunden so schnell wie m\u00f6glich aus.<\/p>\n<h2><strong><a href=\"https:\/\/www.facebook.com\/fred.luo.58\/\">Uwin<\/a> Zwillinge Kristall 40k Details:<\/strong><\/h2>\n<ul>\n<li>Modellbezeichnung: Uwin Zwillinge Kristall 40k<\/li>\n<li>0% 2% 3% 5% Nikotin<\/li>\n<li>Puffs:40K<\/li>\n<li>Fassungsverm\u00f6gen:32ml<\/li>\n<li>10*2 Geschmacksrichtungen verf\u00fcgbar<\/li>\n<li>850 mAh Wiederaufladbarer Kobalt-Typ-C-Anschluss<\/li>\n<li>Spule: Maschenspule<\/li>\n<\/ul>\n<h2><strong>Aromen Liste :<\/strong><\/h2>\n<ol>\n<li>Heidelbeere auf Eis &amp; Sommerpfirsich-Eis<\/li>\n<li>Kiwi Passionsfrucht Guave &amp; Heidelbeere Himbeere<\/li>\n<li>Erdbeer-Kiwi-Trauben-Eis<\/li>\n<li>Kiwi, Passionsfrucht, Guave und zwei \u00c4pfel<\/li>\n<li>Erdbeere Wassermelone *Zitrone-Limette<\/li>\n<li>Heidelbeer-Himbeer-Kirsch-Eis<\/li>\n<li>Erdbeere-Himbeere-Kirsche &amp; Herr Blau<\/li>\n<li>Pfirsich, Mango, Ananas &amp; Red Bull<\/li>\n<li>Wassermeloneneis und gemischte Beeren<\/li>\n<li>Erdbeer-Banane &amp; Liebe 66\uff08Passionsfrucht-Melonen-Eis\uff09<\/li>\n<\/ol>\n<h2><strong>Packliste:<\/strong><\/h2>\n<p>1St\u00fcck pro Einzelkarton<br \/>\n10 St\u00fcck\/Kiste<br \/>\n200 St\u00fcck \/Karton<br \/>\njeder Karton: 22,5 kg<\/p>\n<figure id=\"attachment_22058\" aria-describedby=\"caption-attachment-22058\" style=\"width: 1200px\" class=\"wp-caption alignnone\"><img loading=\"lazy\" decoding=\"async\" class=\"wp-image-22058 size-full\" title=\"Gro\u00dfhandel Uwin Zwillinge Kristall 40k Einweg Vape 4\" src=\"https:\/\/www.vapeswholesaler.com\/wp-content\/uploads\/2025\/03\/Wholesale-Uwin-Twins-Crystal-40k-Disposable-Vape-4.webp\" alt=\"Gro\u00dfhandel Uwin Zwillinge Kristall 40k Einweg Vape 4\" width=\"1200\" height=\"1200\" srcset=\"https:\/\/www.vapeswholesaler.com\/wp-content\/uploads\/2025\/03\/Wholesale-Uwin-Twins-Crystal-40k-Disposable-Vape-4.webp 1200w, https:\/\/www.vapeswholesaler.com\/wp-content\/uploads\/2025\/03\/Wholesale-Uwin-Twins-Crystal-40k-Disposable-Vape-4-300x300.webp 300w, https:\/\/www.vapeswholesaler.com\/wp-content\/uploads\/2025\/03\/Wholesale-Uwin-Twins-Crystal-40k-Disposable-Vape-4-1024x1024.webp 1024w, https:\/\/www.vapeswholesaler.com\/wp-content\/uploads\/2025\/03\/Wholesale-Uwin-Twins-Crystal-40k-Disposable-Vape-4-150x150.webp 150w, https:\/\/www.vapeswholesaler.com\/wp-content\/uploads\/2025\/03\/Wholesale-Uwin-Twins-Crystal-40k-Disposable-Vape-4-768x768.webp 768w, https:\/\/www.vapeswholesaler.com\/wp-content\/uploads\/2025\/03\/Wholesale-Uwin-Twins-Crystal-40k-Disposable-Vape-4-12x12.webp 12w, https:\/\/www.vapeswholesaler.com\/wp-content\/uploads\/2025\/03\/Wholesale-Uwin-Twins-Crystal-40k-Disposable-Vape-4-247x247.webp 247w, https:\/\/www.vapeswholesaler.com\/wp-content\/uploads\/2025\/03\/Wholesale-Uwin-Twins-Crystal-40k-Disposable-Vape-4-510x510.webp 510w, https:\/\/www.vapeswholesaler.com\/wp-content\/uploads\/2025\/03\/Wholesale-Uwin-Twins-Crystal-40k-Disposable-Vape-4-100x100.webp 100w\" sizes=\"auto, (max-width: 1200px) 100vw, 1200px\" \/><figcaption id=\"caption-attachment-22058\" class=\"wp-caption-text\">Gro\u00dfhandel Uwin Zwillinge Kristall 40k Einweg Vape<\/figcaption><\/figure>\n<figure id=\"attachment_22064\" aria-describedby=\"caption-attachment-22064\" style=\"width: 1200px\" class=\"wp-caption alignnone\"><img loading=\"lazy\" decoding=\"async\" class=\"wp-image-22064 size-full\" title=\"Gro\u00dfhandel Uwin Zwillinge Kristall 40k Einweg Vape 10\" src=\"https:\/\/www.vapeswholesaler.com\/wp-content\/uploads\/2025\/03\/Wholesale-Uwin-Twins-Crystal-40k-Disposable-Vape-10.webp\" alt=\"Gro\u00dfhandel Uwin Zwillinge Kristall 40k Einweg Vape 10\" width=\"1200\" height=\"1200\" srcset=\"https:\/\/www.vapeswholesaler.com\/wp-content\/uploads\/2025\/03\/Wholesale-Uwin-Twins-Crystal-40k-Disposable-Vape-10.webp 1200w, https:\/\/www.vapeswholesaler.com\/wp-content\/uploads\/2025\/03\/Wholesale-Uwin-Twins-Crystal-40k-Disposable-Vape-10-300x300.webp 300w, https:\/\/www.vapeswholesaler.com\/wp-content\/uploads\/2025\/03\/Wholesale-Uwin-Twins-Crystal-40k-Disposable-Vape-10-1024x1024.webp 1024w, https:\/\/www.vapeswholesaler.com\/wp-content\/uploads\/2025\/03\/Wholesale-Uwin-Twins-Crystal-40k-Disposable-Vape-10-150x150.webp 150w, https:\/\/www.vapeswholesaler.com\/wp-content\/uploads\/2025\/03\/Wholesale-Uwin-Twins-Crystal-40k-Disposable-Vape-10-768x768.webp 768w, https:\/\/www.vapeswholesaler.com\/wp-content\/uploads\/2025\/03\/Wholesale-Uwin-Twins-Crystal-40k-Disposable-Vape-10-12x12.webp 12w, https:\/\/www.vapeswholesaler.com\/wp-content\/uploads\/2025\/03\/Wholesale-Uwin-Twins-Crystal-40k-Disposable-Vape-10-247x247.webp 247w, https:\/\/www.vapeswholesaler.com\/wp-content\/uploads\/2025\/03\/Wholesale-Uwin-Twins-Crystal-40k-Disposable-Vape-10-510x510.webp 510w, https:\/\/www.vapeswholesaler.com\/wp-content\/uploads\/2025\/03\/Wholesale-Uwin-Twins-Crystal-40k-Disposable-Vape-10-100x100.webp 100w\" sizes=\"auto, (max-width: 1200px) 100vw, 1200px\" \/><figcaption id=\"caption-attachment-22064\" class=\"wp-caption-text\">Gro\u00dfhandel Uwin Zwillinge Kristall 40k Einweg Vape<\/figcaption><\/figure>\n<figure id=\"attachment_22056\" aria-describedby=\"caption-attachment-22056\" style=\"width: 1200px\" class=\"wp-caption alignnone\"><img loading=\"lazy\" decoding=\"async\" class=\"wp-image-22056 size-full\" title=\"Gro\u00dfhandel Uwin Zwillinge Kristall 40k Einweg Vape 2\" src=\"https:\/\/www.vapeswholesaler.com\/wp-content\/uploads\/2025\/03\/Wholesale-Uwin-Twins-Crystal-40k-Disposable-Vape-2.webp\" alt=\"Gro\u00dfhandel Uwin Zwillinge Kristall 40k Einweg Vape 2\" width=\"1200\" height=\"1358\" srcset=\"https:\/\/www.vapeswholesaler.com\/wp-content\/uploads\/2025\/03\/Wholesale-Uwin-Twins-Crystal-40k-Disposable-Vape-2.webp 1200w, https:\/\/www.vapeswholesaler.com\/wp-content\/uploads\/2025\/03\/Wholesale-Uwin-Twins-Crystal-40k-Disposable-Vape-2-265x300.webp 265w, https:\/\/www.vapeswholesaler.com\/wp-content\/uploads\/2025\/03\/Wholesale-Uwin-Twins-Crystal-40k-Disposable-Vape-2-905x1024.webp 905w, https:\/\/www.vapeswholesaler.com\/wp-content\/uploads\/2025\/03\/Wholesale-Uwin-Twins-Crystal-40k-Disposable-Vape-2-768x869.webp 768w, https:\/\/www.vapeswholesaler.com\/wp-content\/uploads\/2025\/03\/Wholesale-Uwin-Twins-Crystal-40k-Disposable-Vape-2-11x12.webp 11w, https:\/\/www.vapeswholesaler.com\/wp-content\/uploads\/2025\/03\/Wholesale-Uwin-Twins-Crystal-40k-Disposable-Vape-2-510x577.webp 510w\" sizes=\"auto, (max-width: 1200px) 100vw, 1200px\" \/><figcaption id=\"caption-attachment-22056\" class=\"wp-caption-text\">Gro\u00dfhandel Uwin Zwillinge Kristall 40k Einweg Vape<\/figcaption><\/figure>","protected":false},"excerpt":{"rendered":"<p>Mindestbestellmenge: <strong>50St\u00fcck<\/strong>\u00a0(Geschmacksrichtungen mischen) Kostenloser Versand<\/p>\n<p>(<strong>0%,2%, 3%,5% Nic<\/strong>)<\/p>","protected":false},"featured_media":22055,"comment_status":"open","ping_status":"closed","template":"","meta":[],"product_cat":[15],"product_tag":[365,369,386],"class_list":{"0":"post-22077","1":"product","2":"type-product","3":"status-publish","4":"has-post-thumbnail","6":"product_cat-disposable-vape","7":"product_tag-40000-puffs","8":"product_tag-dual-flavors","9":"product_tag-uwin","10":"product_brand-uwin","12":"first","13":"instock","14":"shipping-taxable","15":"purchasable","16":"product-type-variable","17":"has-default-attributes"},"aioseo_notices":[],"_links":{"self":[{"href":"https:\/\/www.vapeswholesaler.com\/de\/wp-json\/wp\/v2\/product\/22077","targetHints":{"allow":["GET"]}}],"collection":[{"href":"https:\/\/www.vapeswholesaler.com\/de\/wp-json\/wp\/v2\/product"}],"about":[{"href":"https:\/\/www.vapeswholesaler.com\/de\/wp-json\/wp\/v2\/types\/product"}],"replies":[{"embeddable":true,"href":"https:\/\/www.vapeswholesaler.com\/de\/wp-json\/wp\/v2\/comments?post=22077"}],"wp:featuredmedia":[{"embeddable":true,"href":"https:\/\/www.vapeswholesaler.com\/de\/wp-json\/wp\/v2\/media\/22055"}],"wp:attachment":[{"href":"https:\/\/www.vapeswholesaler.com\/de\/wp-json\/wp\/v2\/media?parent=22077"}],"wp:term":[{"taxonomy":"product_cat","embeddable":true,"href":"https:\/\/www.vapeswholesaler.com\/de\/wp-json\/wp\/v2\/product_cat?post=22077"},{"taxonomy":"product_tag","embeddable":true,"href":"https:\/\/www.vapeswholesaler.com\/de\/wp-json\/wp\/v2\/product_tag?post=22077"}],"curies":[{"name":"wp","href":"https:\/\/api.w.org\/{rel}","templated":true}]}}