{"id":21975,"date":"2025-03-07T16:53:32","date_gmt":"2025-03-07T08:53:32","guid":{"rendered":"https:\/\/www.vapeswholesaler.com\/?post_type=product&#038;p=21975"},"modified":"2025-04-22T11:12:34","modified_gmt":"2025-04-22T03:12:34","slug":"groshandel-knall-fuhrer-32000-puffs-doppelten-geschmack-einweg-vape","status":"publish","type":"product","link":"https:\/\/www.vapeswholesaler.com\/de\/produkt\/groshandel-knall-fuhrer-32000-puffs-doppelten-geschmack-einweg-vape","title":{"rendered":"Gro\u00dfhandel Bang F\u00fchrer 32000 Puffs Dual Flavor Disposable Vape"},"content":{"rendered":"<p><a href=\"https:\/\/www.vapeswholesaler.com\/de\/produkt_marke\/bang\/\">Bang<\/a> Leader 32000 Puffs ist ein neues Produkt mit zwei Geschmacksrichtungen. Sie brauchen nur ein Produkt zu kaufen, um zwei verschiedene Geschmacksrichtungen zu genie\u00dfen. Verwenden Sie das Mundst\u00fcck, um es von links nach rechts zu bewegen und zwischen den Geschmacksrichtungen zu wechseln. Es ist viel bequemer, die Geschmacksrichtungen zu wechseln als die vorherige 360-Grad-Drehung. Dar\u00fcber hinaus verf\u00fcgt der Bang Leader 32000 Puffs \u00fcber zwei Kapseln (28 ml + 28 ml) und Nikotinoptionen von 0% bis 5%, die bis zu 32 000 Z\u00fcge sanften und k\u00f6stlichen Dampfes erm\u00f6glichen. Perfekt f\u00fcr Dampfer, die nach lang anhaltender Leistung und Vielseitigkeit suchen.<\/p>\n<p>Es kommt auch mit zwei Geschmacksrichtungen. Ausgestattet mit einem 650-mAh-Akku und Typ-C-Ladeanschluss, bietet er 12 Aromen zur Auswahl. Schalten Sie zwischen zwei Aromen m\u00fchelos, bietet eine vielseitige und angenehme vape Erfahrung. Seine Dual-Mesh-Design erh\u00f6ht die Dampfproduktion und verbessert den Geschmack, bietet E-Zigarette Enthusiasten eine befriedigende und angenehme Erfahrung.<\/p>\n<p>Abschlie\u00dfend derzeit Bang Leader 32000 Puffs haben wir genug auf Lager, volle Aromen, unsere Produkte Mindestbestellmenge f\u00fcr 50 St\u00fcck, der Preis auf der Website angegeben ist der St\u00fcckpreis f\u00fcr jedes Produkt-Paket, solange wir die Zahlung des Kunden erhalten k\u00f6nnen wir sofort arrangieren das Paket Versand, in der Regel versenden wir zu den wichtigsten L\u00e4ndern in Europa dauert es nur etwa 2 Wochen!<\/p>\n<h2><strong><a href=\"https:\/\/www.facebook.com\/fred.luo.58\">Bang<\/a> Leader 32000 Puffs Merkmale:<\/strong><\/h2>\n<ul>\n<li>Nikotin:0% 2% 3% 5%<\/li>\n<li>Fassungsverm\u00f6gen:28ml+28ml<\/li>\n<li>Puffs:32000<\/li>\n<li>Duale H\u00fclsen Duale Geschmacksrichtungen<\/li>\n<li>12 Geschmacksrichtungen verf\u00fcgbar<\/li>\n<li>650mAh Wiederaufladbar<\/li>\n<li>Doppelmaschige Spule<\/li>\n<\/ul>\n<h2><strong>Liste der Geschmacksrichtungen:<\/strong><\/h2>\n<ol>\n<li>Erdbeere, Wassermelone und Traubeneis<\/li>\n<li>Wassermeloneneis &amp; Erdbeere und Mango<\/li>\n<li>Erdbeere und Wassermelone &amp; Kiwi Passionsfrucht Guave<\/li>\n<li>Blaubeere-Himbeere &amp; Pfirsich-Mango-Wassermeon<\/li>\n<li>Wassermelonen-Eis &amp; Heidelbeer-Minze<\/li>\n<li>Heidelbeere-Wassermelone &amp; Erdbeer-Mango<\/li>\n<li>Blaubeereis &amp; Schwarzer Drache Eis<\/li>\n<li>Erdbeer-Kiwi-Pfirsich-Eis<\/li>\n<li>Heidelbeereis &amp; Erdbeere und Banane<\/li>\n<li>Red Bull &amp; Blaubeer-Wassermeon<\/li>\n<li>Red Bull &amp; Watermeon Seifenblasenbonbons<\/li>\n<li>Erdbeere-Kiwi &amp; Saurer Apfel-Himbeere<\/li>\n<\/ol>\n<h2><strong>Packliste:<\/strong><\/h2>\n<p>1St\u00fcck pro Karton<br \/>\n10 St\u00fcck pro Mittelkarton<br \/>\n200St\u00fcck pro Karton<br \/>\nJeder Karton 21KG<\/p>\n<figure id=\"attachment_21961\" aria-describedby=\"caption-attachment-21961\" style=\"width: 800px\" class=\"wp-caption alignleft\"><a href=\"https:\/\/www.vapeswholesaler.com\/wp-content\/uploads\/2025\/03\/Wholesale-Bang-Leader-32000-Puffs-Double-Flavor-Disposable-Vape-4.webp\"><img loading=\"lazy\" decoding=\"async\" class=\"wp-image-21961 size-full\" title=\"Gro\u00dfhandel Bang F\u00fchrer 32000 Puffs Doppelgeschmack Einweg Vape 4\" src=\"https:\/\/www.vapeswholesaler.com\/wp-content\/uploads\/2025\/03\/Wholesale-Bang-Leader-32000-Puffs-Double-Flavor-Disposable-Vape-4.webp\" alt=\"Gro\u00dfhandel Bang F\u00fchrer 32000 Puffs Doppelgeschmack Einweg Vape 4\" width=\"800\" height=\"450\" srcset=\"https:\/\/www.vapeswholesaler.com\/wp-content\/uploads\/2025\/03\/Wholesale-Bang-Leader-32000-Puffs-Double-Flavor-Disposable-Vape-4.webp 800w, https:\/\/www.vapeswholesaler.com\/wp-content\/uploads\/2025\/03\/Wholesale-Bang-Leader-32000-Puffs-Double-Flavor-Disposable-Vape-4-300x169.webp 300w, https:\/\/www.vapeswholesaler.com\/wp-content\/uploads\/2025\/03\/Wholesale-Bang-Leader-32000-Puffs-Double-Flavor-Disposable-Vape-4-768x432.webp 768w, https:\/\/www.vapeswholesaler.com\/wp-content\/uploads\/2025\/03\/Wholesale-Bang-Leader-32000-Puffs-Double-Flavor-Disposable-Vape-4-18x10.webp 18w, https:\/\/www.vapeswholesaler.com\/wp-content\/uploads\/2025\/03\/Wholesale-Bang-Leader-32000-Puffs-Double-Flavor-Disposable-Vape-4-510x287.webp 510w\" sizes=\"auto, (max-width: 800px) 100vw, 800px\" \/><\/a><figcaption id=\"caption-attachment-21961\" class=\"wp-caption-text\">Gro\u00dfhandel Bang F\u00fchrer 32000 Puffs Dual Flavor Disposable Vape<\/figcaption><\/figure>\n<figure id=\"attachment_21958\" aria-describedby=\"caption-attachment-21958\" style=\"width: 1200px\" class=\"wp-caption alignnone\"><img loading=\"lazy\" decoding=\"async\" class=\"wp-image-21958 size-full\" title=\"Gro\u00dfhandel Bang F\u00fchrer 32000 Puffs Doppelgeschmack Einweg Vape 1\" src=\"https:\/\/www.vapeswholesaler.com\/wp-content\/uploads\/2025\/03\/Wholesale-Bang-Leader-32000-Puffs-Double-Flavor-Disposable-Vape-1.webp\" alt=\"Gro\u00dfhandel Bang F\u00fchrer 32000 Puffs Doppelgeschmack Einweg Vape 1\" width=\"1200\" height=\"800\" srcset=\"https:\/\/www.vapeswholesaler.com\/wp-content\/uploads\/2025\/03\/Wholesale-Bang-Leader-32000-Puffs-Double-Flavor-Disposable-Vape-1.webp 1200w, https:\/\/www.vapeswholesaler.com\/wp-content\/uploads\/2025\/03\/Wholesale-Bang-Leader-32000-Puffs-Double-Flavor-Disposable-Vape-1-300x200.webp 300w, https:\/\/www.vapeswholesaler.com\/wp-content\/uploads\/2025\/03\/Wholesale-Bang-Leader-32000-Puffs-Double-Flavor-Disposable-Vape-1-1024x683.webp 1024w, https:\/\/www.vapeswholesaler.com\/wp-content\/uploads\/2025\/03\/Wholesale-Bang-Leader-32000-Puffs-Double-Flavor-Disposable-Vape-1-768x512.webp 768w, https:\/\/www.vapeswholesaler.com\/wp-content\/uploads\/2025\/03\/Wholesale-Bang-Leader-32000-Puffs-Double-Flavor-Disposable-Vape-1-18x12.webp 18w, https:\/\/www.vapeswholesaler.com\/wp-content\/uploads\/2025\/03\/Wholesale-Bang-Leader-32000-Puffs-Double-Flavor-Disposable-Vape-1-510x340.webp 510w\" sizes=\"auto, (max-width: 1200px) 100vw, 1200px\" \/><figcaption id=\"caption-attachment-21958\" class=\"wp-caption-text\">Gro\u00dfhandel Bang F\u00fchrer 32000 Puffs Dual Flavor Disposable Vape<\/figcaption><\/figure>","protected":false},"excerpt":{"rendered":"<p>Mindestbestellmenge: <strong>50St\u00fcck<\/strong>\u00a0(Geschmacksrichtungen mischen) <strong>Kostenloser Versand<\/strong><\/p>\n<p>(0%, 2%, 3%, 5% Nic)<\/p>","protected":false},"featured_media":21973,"comment_status":"open","ping_status":"closed","template":"","meta":[],"product_cat":[15],"product_tag":[368,369,370],"class_list":{"0":"post-21975","1":"product","2":"type-product","3":"status-publish","4":"has-post-thumbnail","6":"product_cat-disposable-vape","7":"product_tag-bang-king","8":"product_tag-dual-flavors","9":"product_tag-32000-puffs","10":"product_brand-bang","12":"first","13":"instock","14":"shipping-taxable","15":"purchasable","16":"product-type-variable","17":"has-default-attributes"},"aioseo_notices":[],"_links":{"self":[{"href":"https:\/\/www.vapeswholesaler.com\/de\/wp-json\/wp\/v2\/product\/21975","targetHints":{"allow":["GET"]}}],"collection":[{"href":"https:\/\/www.vapeswholesaler.com\/de\/wp-json\/wp\/v2\/product"}],"about":[{"href":"https:\/\/www.vapeswholesaler.com\/de\/wp-json\/wp\/v2\/types\/product"}],"replies":[{"embeddable":true,"href":"https:\/\/www.vapeswholesaler.com\/de\/wp-json\/wp\/v2\/comments?post=21975"}],"wp:featuredmedia":[{"embeddable":true,"href":"https:\/\/www.vapeswholesaler.com\/de\/wp-json\/wp\/v2\/media\/21973"}],"wp:attachment":[{"href":"https:\/\/www.vapeswholesaler.com\/de\/wp-json\/wp\/v2\/media?parent=21975"}],"wp:term":[{"taxonomy":"product_cat","embeddable":true,"href":"https:\/\/www.vapeswholesaler.com\/de\/wp-json\/wp\/v2\/product_cat?post=21975"},{"taxonomy":"product_tag","embeddable":true,"href":"https:\/\/www.vapeswholesaler.com\/de\/wp-json\/wp\/v2\/product_tag?post=21975"}],"curies":[{"name":"wp","href":"https:\/\/api.w.org\/{rel}","templated":true}]}}