{"id":21813,"date":"2025-02-24T15:36:27","date_gmt":"2025-02-24T07:36:27","guid":{"rendered":"https:\/\/www.vapeswholesaler.com\/?post_type=product&#038;p=21813"},"modified":"2025-11-03T17:42:06","modified_gmt":"2025-11-03T09:42:06","slug":"groshandel-knall-konig-50000-puffs-einweg-vape-2","status":"publish","type":"product","link":"https:\/\/www.vapeswholesaler.com\/de\/produkt\/groshandel-knall-konig-50000-puffs-einweg-vape-2","title":{"rendered":"Gro\u00dfhandel Bang King 50000 Puffs Einweg Vape"},"content":{"rendered":"<p><a href=\"https:\/\/www.vapeswholesaler.com\/de\/produkt_marke\/bang\/\">Bang<\/a> King 50000 Puffs Double Flavors LCD Display Disposable Vape ist f\u00fcr Dampfer gebaut, die hohe Leistung und lang anhaltende Zufriedenheit verlangen. Mit einer beeindruckenden bis zu 50000 Puffs, gew\u00e4hrleistet dieses Ger\u00e4t eine erweiterte und ununterbrochene vaping Erfahrung.<\/p>\n<p>Unser Produkt kommt mit 1.0\u03a9 Mesh Coils, liefert glatte, reich, und geschmackvolle Dampf mit jedem Zug. Seine 50mL e-Fl\u00fcssigkeit Kapazit\u00e4t garantiert l\u00e4ngere Nutzung ohne h\u00e4ufige Nachf\u00fcllungen, so dass es perfekt f\u00fcr schwere vapers. Angetrieben von einem 850mAh Akku, Auch unterst\u00fctzt Typ-C schnelles Aufladen, so dass minimale Ausfallzeiten zwischen den Sitzungen.<\/p>\n<p>Es ist ein Einweg-Vape-System mit zwei Geschmacksrichtungen, mit dem Sie nahtlos zwischen zwei Geschmacksrichtungen wechseln k\u00f6nnen, um ein individuelles und erfrischendes Erlebnis zu genie\u00dfen. Das digitale LCD-Display informiert Sie in Echtzeit \u00fcber den Batteriestatus und den F\u00fcllstand des E-Liquids und h\u00e4lt Sie so auf dem Laufenden. Erh\u00e4ltlich in den Nikotinst\u00e4rken 2%, 3% und 5%, bietet dieses Ger\u00e4t die perfekte Balance zwischen Sanftheit und Intensit\u00e4t f\u00fcr eine Vielzahl von Vorlieben.<\/p>\n<p>Schlie\u00dflich sind unsere Produkte Bang King 50000 Puffs aus unserem Lager in China versandt, nachdem wir Ihr Paket zu senden, wird die Versandzeit zu den meisten europ\u00e4ischen L\u00e4ndern etwa 2 Wochen dauern, werden wir Versicherung f\u00fcr jedes Paket zu kaufen, um sicherzustellen, dass das Paket reibungslos ankommen kann, bitte sicher zu kaufen.<\/p>\n<h2><strong><a href=\"https:\/\/www.facebook.com\/fred.luo.58\">Bang<\/a> K\u00f6nig 50000 Puffs Details:<\/strong><\/h2>\n<ul>\n<li>Puffs: 50000 Puffs f\u00fcr lang anhaltenden Genuss.<\/li>\n<li>E-Fl\u00fcssigkeit Kapazit\u00e4t: Eine kr\u00e4ftige 50ml zu halten Ihre Sitzungen gehen.<\/li>\n<li>Akku: Eine robuste 17350 Zelle mit 850mAh f\u00fcr konstante Leistung.<\/li>\n<li>Heizspirale: 1,0 Mesh-Spirale sorgt f\u00fcr gleichm\u00e4\u00dfige Erw\u00e4rmung.<\/li>\n<li>Anschluss zum Aufladen: Bequemes Typ-C-Laden.<\/li>\n<li>Luftstrom: Bottom Airflow Einstellung f\u00fcr den perfekten Zug.<\/li>\n<\/ul>\n<h2><strong>Liste der Geschmacksrichtungen:<\/strong><\/h2>\n<ol>\n<li>Wassermelonen-Eis &amp; Heidelbeer-Minze<\/li>\n<li>Wassermelone &amp; Heidelbeere-Kirsche<\/li>\n<li>Blaubeereis &amp; Pfirsich-Mango-Wassermelone<\/li>\n<li>Blaubeereis &amp; Pfirsicheis<\/li>\n<li>Blaubeere-Himbeere &amp; gemischte Beeren<\/li>\n<li>Heidelbeer-Himbeer-Trauben-Eis<\/li>\n<li>Red Bull &amp; Erdbeer-Banane<\/li>\n<li>Red Bull &amp; Blaubeer-Wassermelone<\/li>\n<li>Erdbeer-Mango &amp; Wassermelone Kaugummi<\/li>\n<li>Erdbeer-Mango &amp; Erdbeer-Kiwi<\/li>\n<li>Erdbeer-Wassermelone &amp; Schwarzer Drache Eis<\/li>\n<li>Erdbeere Wassermelone &amp; Kiwi Passionsfrucht Guave<\/li>\n<\/ol>\n<h2><strong>Packliste\uff1a<\/strong><\/h2>\n<p>1St\u00fcck pro Einzelkarton<br \/>\n10 Stck. pro Mittelkarton<br \/>\n200St\u00fcck pro Karton<br \/>\n1St\u00fcck 0.15KG<\/p>\n<figure id=\"attachment_21796\" aria-describedby=\"caption-attachment-21796\" style=\"width: 800px\" class=\"wp-caption alignnone\"><img loading=\"lazy\" decoding=\"async\" class=\"wp-image-21796 size-full\" title=\"Gro\u00dfhandel Bang King 50000 Puffs Einweg Vape 4\" src=\"https:\/\/www.vapeswholesaler.com\/wp-content\/uploads\/2025\/02\/Wholesale-Bang-King-50000-Puffs-Disposable-Vape-4.webp\" alt=\"Gro\u00dfhandel Bang King 50000 Puffs Einweg Vape 4\" width=\"800\" height=\"800\" srcset=\"https:\/\/www.vapeswholesaler.com\/wp-content\/uploads\/2025\/02\/Wholesale-Bang-King-50000-Puffs-Disposable-Vape-4.webp 800w, https:\/\/www.vapeswholesaler.com\/wp-content\/uploads\/2025\/02\/Wholesale-Bang-King-50000-Puffs-Disposable-Vape-4-300x300.webp 300w, https:\/\/www.vapeswholesaler.com\/wp-content\/uploads\/2025\/02\/Wholesale-Bang-King-50000-Puffs-Disposable-Vape-4-150x150.webp 150w, https:\/\/www.vapeswholesaler.com\/wp-content\/uploads\/2025\/02\/Wholesale-Bang-King-50000-Puffs-Disposable-Vape-4-768x768.webp 768w, https:\/\/www.vapeswholesaler.com\/wp-content\/uploads\/2025\/02\/Wholesale-Bang-King-50000-Puffs-Disposable-Vape-4-12x12.webp 12w, https:\/\/www.vapeswholesaler.com\/wp-content\/uploads\/2025\/02\/Wholesale-Bang-King-50000-Puffs-Disposable-Vape-4-247x247.webp 247w, https:\/\/www.vapeswholesaler.com\/wp-content\/uploads\/2025\/02\/Wholesale-Bang-King-50000-Puffs-Disposable-Vape-4-510x510.webp 510w, https:\/\/www.vapeswholesaler.com\/wp-content\/uploads\/2025\/02\/Wholesale-Bang-King-50000-Puffs-Disposable-Vape-4-100x100.webp 100w\" sizes=\"auto, (max-width: 800px) 100vw, 800px\" \/><figcaption id=\"caption-attachment-21796\" class=\"wp-caption-text\">Gro\u00dfhandel Bang King 50000 Puffs Einweg Vape<\/figcaption><\/figure>\n<p>&nbsp;<\/p>\n<figure id=\"attachment_21794\" aria-describedby=\"caption-attachment-21794\" style=\"width: 800px\" class=\"wp-caption alignnone\"><img loading=\"lazy\" decoding=\"async\" class=\"wp-image-21794 size-full\" title=\"Gro\u00dfhandel Bang King 50000 Puffs Einweg Vape 2\" src=\"https:\/\/www.vapeswholesaler.com\/wp-content\/uploads\/2025\/02\/Wholesale-Bang-King-50000-Puffs-Disposable-Vape-2.webp\" alt=\"Gro\u00dfhandel Bang King 50000 Puffs Einweg Vape 2\" width=\"800\" height=\"450\" srcset=\"https:\/\/www.vapeswholesaler.com\/wp-content\/uploads\/2025\/02\/Wholesale-Bang-King-50000-Puffs-Disposable-Vape-2.webp 800w, https:\/\/www.vapeswholesaler.com\/wp-content\/uploads\/2025\/02\/Wholesale-Bang-King-50000-Puffs-Disposable-Vape-2-300x169.webp 300w, https:\/\/www.vapeswholesaler.com\/wp-content\/uploads\/2025\/02\/Wholesale-Bang-King-50000-Puffs-Disposable-Vape-2-768x432.webp 768w, https:\/\/www.vapeswholesaler.com\/wp-content\/uploads\/2025\/02\/Wholesale-Bang-King-50000-Puffs-Disposable-Vape-2-18x10.webp 18w, https:\/\/www.vapeswholesaler.com\/wp-content\/uploads\/2025\/02\/Wholesale-Bang-King-50000-Puffs-Disposable-Vape-2-510x287.webp 510w\" sizes=\"auto, (max-width: 800px) 100vw, 800px\" \/><figcaption id=\"caption-attachment-21794\" class=\"wp-caption-text\">Gro\u00dfhandel Bang King 50000 Puffs Einweg Vape<\/figcaption><\/figure>","protected":false},"excerpt":{"rendered":"<p>Mindestbestellmenge: <strong>50St\u00fcck<\/strong>\u00a0(Geschmacksrichtungen mischen) <strong>Kostenloser Versand<\/strong><\/p>\n<p>(2%, 3%, 5% Nic)<\/p>","protected":false},"featured_media":21812,"comment_status":"open","ping_status":"closed","template":"","meta":[],"product_cat":[15],"product_tag":[368,369,366],"class_list":{"0":"post-21813","1":"product","2":"type-product","3":"status-publish","4":"has-post-thumbnail","6":"product_cat-disposable-vape","7":"product_tag-bang-king","8":"product_tag-dual-flavors","9":"product_tag-50000-puffs","10":"product_brand-bang","12":"first","13":"instock","14":"shipping-taxable","15":"purchasable","16":"product-type-variable","17":"has-default-attributes"},"aioseo_notices":[],"_links":{"self":[{"href":"https:\/\/www.vapeswholesaler.com\/de\/wp-json\/wp\/v2\/product\/21813","targetHints":{"allow":["GET"]}}],"collection":[{"href":"https:\/\/www.vapeswholesaler.com\/de\/wp-json\/wp\/v2\/product"}],"about":[{"href":"https:\/\/www.vapeswholesaler.com\/de\/wp-json\/wp\/v2\/types\/product"}],"replies":[{"embeddable":true,"href":"https:\/\/www.vapeswholesaler.com\/de\/wp-json\/wp\/v2\/comments?post=21813"}],"wp:featuredmedia":[{"embeddable":true,"href":"https:\/\/www.vapeswholesaler.com\/de\/wp-json\/wp\/v2\/media\/21812"}],"wp:attachment":[{"href":"https:\/\/www.vapeswholesaler.com\/de\/wp-json\/wp\/v2\/media?parent=21813"}],"wp:term":[{"taxonomy":"product_cat","embeddable":true,"href":"https:\/\/www.vapeswholesaler.com\/de\/wp-json\/wp\/v2\/product_cat?post=21813"},{"taxonomy":"product_tag","embeddable":true,"href":"https:\/\/www.vapeswholesaler.com\/de\/wp-json\/wp\/v2\/product_tag?post=21813"}],"curies":[{"name":"wp","href":"https:\/\/api.w.org\/{rel}","templated":true}]}}