{"id":21725,"date":"2025-02-21T11:48:47","date_gmt":"2025-02-21T03:48:47","guid":{"rendered":"https:\/\/www.vapeswholesaler.com\/?post_type=product&#038;p=21725"},"modified":"2025-03-31T22:37:23","modified_gmt":"2025-03-31T14:37:23","slug":"groshandel-kanger-subox-50000-puffs-einweg-vape-40ml","status":"publish","type":"product","link":"https:\/\/www.vapeswholesaler.com\/de\/produkt\/groshandel-kanger-subox-50000-puffs-einweg-vape-40ml","title":{"rendered":"Gro\u00dfhandel Kanger SUBOX 50000 Puffs Einweg Vape 40ml"},"content":{"rendered":"<p><a title=\"Kanger\" href=\"https:\/\/www.vapeswholesaler.com\/de\/produkt_marke\/kanger-arymi\/\">Kanger<\/a> SUBOX 50000 Puffs Disposable Vape 40ml hat nicht nur bis zu 50000 Puffs, sondern verbl\u00fcfft auch alle Vaper mit zwei Geschmacksrichtungen in einem Vape. Es ist das erste 50000-Puffs Einweg-Vape, das von KangerTech entwickelt wurde. Es wird weiterhin auf die solide Qualit\u00e4t der Kanger-Technologie zu tragen, so dass die Kunden k\u00f6nnen sicher sein, dass das Produkt sicher zu bedienen ist.<\/p>\n<p>Kanger SUBOX 50000 Puffs Disposable Vape mit 40ml E-Saft mit einer niedrigen Nikotinst\u00e4rke von 0,35%, so dass Sie von MTL zu DL frei wechseln k\u00f6nnen. Es gibt auch zwei Output-Modi, n\u00e4mlich Normal und Boost-Modi f\u00fcr die Verbesserung des Geschmacks und der Dampfproduktion. Um die Vaping-Modi zu \u00e4ndern, m\u00fcssen Sie nur den Ladeanschluss zweimal klicken und drehen Sie das Rad an der Unterseite, um den Luftstrom zu steuern. Kanger SUBOX 50000 Puffs ist eine einfach zu bedienende und langlebige vape f\u00fcr den t\u00e4glichen vaping.<\/p>\n<h2><strong>Kanger SUBOX 50000 Puffs Eigenschaften:<\/strong><\/h2>\n<ul>\n<li>Puffs: 50000 Puffs<\/li>\n<li>Geschmacksrichtungen: 18 Geschmacksrichtungen verf\u00fcgbar<\/li>\n<li>Zwei Geschmacksrichtungen in einem Vape<\/li>\n<li>Zeichnungsaktiviert<\/li>\n<li>MTL-Vaping<\/li>\n<li>0.35%(3.5mg\/ml) Nikotinst\u00e4rke<\/li>\n<li>USB-Typ-C-Laden (Kabel nicht im Lieferumfang enthalten)<\/li>\n<li>Integrierte wiederaufladbare 900mAh Batterie<\/li>\n<li>Anzahl der Puffs: Ungef\u00e4hr 50000 Puffs (Normal)<\/li>\n<li>Gro\u00dfer Safttank mit 40ml Vape Juice<\/li>\n<li>LC- und HB-Spulen-Design: Niedriger Verbrauch und hoher Burst<\/li>\n<li>Digitaler Bildschirm mit Batterie-, E-Juice- und Modus-Anzeigen<\/li>\n<li>Airflow-Rad-Steuerung von unten: MTL\/DL Vaping unterst\u00fctzt<\/li>\n<li>Zwei Vaping-Modi (Normal\/Burst): Klicken Sie zweimal auf den Ladeanschluss, um die Modi zu wechseln<\/li>\n<\/ul>\n<h2><strong>Geschm\u00e4cker:<\/strong><\/h2>\n<ol>\n<li>Wassermelone-Minze<\/li>\n<li>Kaugummi<\/li>\n<li>Zwei Apfel Shisha<\/li>\n<li>Zitronenminze<\/li>\n<li>Traubeneis<\/li>\n<li>Pfirsich Mango Wassermelone<\/li>\n<li>Mango Orange Guave<\/li>\n<li>Miami Mint<\/li>\n<li>\u00dcppiges Eis<\/li>\n<li>Erdbeer-Pitaya<\/li>\n<li>Kirsche-Zitrone<\/li>\n<li>Blaubeer-Razz-Zitrone<\/li>\n<li>Pfirsich-Eis<\/li>\n<li>Kiwi Passionsfrucht Guave<\/li>\n<li>Gemischte Beeren<\/li>\n<li>Erdbeer-Kiwi<\/li>\n<li>Mango Freeze<\/li>\n<li>Luzider Traum<\/li>\n<\/ol>\n<h2><strong>Packliste:<\/strong><\/h2>\n<ul>\n<li>145g\/Packung<\/li>\n<li>5er-Packung\/mittlere Packung<\/li>\n<li>20 mittlere Packungen\/Karton<\/li>\n<li>15,5 kg\/Karton<\/li>\n<li>Gr\u00f6\u00dfe des Kartons:<\/li>\n<li>532x330x225mm<\/li>\n<\/ul>\n<p><img loading=\"lazy\" decoding=\"async\" class=\"alignnone wp-image-21722 size-full\" title=\"Gro\u00dfhandel Kanger SUBOX 50000 Puffs Einweg Vape 40ml 11\" src=\"https:\/\/www.vapeswholesaler.com\/wp-content\/uploads\/2025\/02\/Wholesale-Kanger-SUBOX-50000-Puffs-Disposable-Vape-40ml-11.webp\" alt=\"Gro\u00dfhandel Kanger SUBOX 50000 Puffs Einweg Vape 40ml 11\" width=\"800\" height=\"800\" srcset=\"https:\/\/www.vapeswholesaler.com\/wp-content\/uploads\/2025\/02\/Wholesale-Kanger-SUBOX-50000-Puffs-Disposable-Vape-40ml-11.webp 800w, https:\/\/www.vapeswholesaler.com\/wp-content\/uploads\/2025\/02\/Wholesale-Kanger-SUBOX-50000-Puffs-Disposable-Vape-40ml-11-300x300.webp 300w, https:\/\/www.vapeswholesaler.com\/wp-content\/uploads\/2025\/02\/Wholesale-Kanger-SUBOX-50000-Puffs-Disposable-Vape-40ml-11-150x150.webp 150w, https:\/\/www.vapeswholesaler.com\/wp-content\/uploads\/2025\/02\/Wholesale-Kanger-SUBOX-50000-Puffs-Disposable-Vape-40ml-11-768x768.webp 768w, https:\/\/www.vapeswholesaler.com\/wp-content\/uploads\/2025\/02\/Wholesale-Kanger-SUBOX-50000-Puffs-Disposable-Vape-40ml-11-12x12.webp 12w, https:\/\/www.vapeswholesaler.com\/wp-content\/uploads\/2025\/02\/Wholesale-Kanger-SUBOX-50000-Puffs-Disposable-Vape-40ml-11-247x247.webp 247w, https:\/\/www.vapeswholesaler.com\/wp-content\/uploads\/2025\/02\/Wholesale-Kanger-SUBOX-50000-Puffs-Disposable-Vape-40ml-11-510x510.webp 510w, https:\/\/www.vapeswholesaler.com\/wp-content\/uploads\/2025\/02\/Wholesale-Kanger-SUBOX-50000-Puffs-Disposable-Vape-40ml-11-100x100.webp 100w\" sizes=\"auto, (max-width: 800px) 100vw, 800px\" \/><img loading=\"lazy\" decoding=\"async\" class=\"alignnone wp-image-21721 size-full\" title=\"Gro\u00dfhandel Kanger SUBOX 50000 Puffs Einweg Vape 40ml 10\" src=\"https:\/\/www.vapeswholesaler.com\/wp-content\/uploads\/2025\/02\/Wholesale-Kanger-SUBOX-50000-Puffs-Disposable-Vape-40ml-10.webp\" alt=\"Gro\u00dfhandel Kanger SUBOX 50000 Puffs Einweg Vape 40ml 10\" width=\"800\" height=\"1131\" srcset=\"https:\/\/www.vapeswholesaler.com\/wp-content\/uploads\/2025\/02\/Wholesale-Kanger-SUBOX-50000-Puffs-Disposable-Vape-40ml-10.webp 800w, https:\/\/www.vapeswholesaler.com\/wp-content\/uploads\/2025\/02\/Wholesale-Kanger-SUBOX-50000-Puffs-Disposable-Vape-40ml-10-212x300.webp 212w, https:\/\/www.vapeswholesaler.com\/wp-content\/uploads\/2025\/02\/Wholesale-Kanger-SUBOX-50000-Puffs-Disposable-Vape-40ml-10-724x1024.webp 724w, https:\/\/www.vapeswholesaler.com\/wp-content\/uploads\/2025\/02\/Wholesale-Kanger-SUBOX-50000-Puffs-Disposable-Vape-40ml-10-768x1086.webp 768w, https:\/\/www.vapeswholesaler.com\/wp-content\/uploads\/2025\/02\/Wholesale-Kanger-SUBOX-50000-Puffs-Disposable-Vape-40ml-10-8x12.webp 8w, https:\/\/www.vapeswholesaler.com\/wp-content\/uploads\/2025\/02\/Wholesale-Kanger-SUBOX-50000-Puffs-Disposable-Vape-40ml-10-510x721.webp 510w\" sizes=\"auto, (max-width: 800px) 100vw, 800px\" \/><img loading=\"lazy\" decoding=\"async\" class=\"alignnone wp-image-21714 size-full\" title=\"Gro\u00dfhandel Kanger SUBOX 50000 Puffs Einweg Vape 40ml 3\" src=\"https:\/\/www.vapeswholesaler.com\/wp-content\/uploads\/2025\/02\/Wholesale-Kanger-SUBOX-50000-Puffs-Disposable-Vape-40ml-3.webp\" alt=\"Gro\u00dfhandel Kanger SUBOX 50000 Puffs Einweg Vape 40ml 3\" width=\"800\" height=\"450\" srcset=\"https:\/\/www.vapeswholesaler.com\/wp-content\/uploads\/2025\/02\/Wholesale-Kanger-SUBOX-50000-Puffs-Disposable-Vape-40ml-3.webp 800w, https:\/\/www.vapeswholesaler.com\/wp-content\/uploads\/2025\/02\/Wholesale-Kanger-SUBOX-50000-Puffs-Disposable-Vape-40ml-3-300x169.webp 300w, https:\/\/www.vapeswholesaler.com\/wp-content\/uploads\/2025\/02\/Wholesale-Kanger-SUBOX-50000-Puffs-Disposable-Vape-40ml-3-768x432.webp 768w, https:\/\/www.vapeswholesaler.com\/wp-content\/uploads\/2025\/02\/Wholesale-Kanger-SUBOX-50000-Puffs-Disposable-Vape-40ml-3-18x10.webp 18w, https:\/\/www.vapeswholesaler.com\/wp-content\/uploads\/2025\/02\/Wholesale-Kanger-SUBOX-50000-Puffs-Disposable-Vape-40ml-3-510x287.webp 510w\" sizes=\"auto, (max-width: 800px) 100vw, 800px\" \/><img loading=\"lazy\" decoding=\"async\" class=\"alignnone wp-image-21716 size-full\" title=\"Gro\u00dfhandel Kanger SUBOX 50000 Puffs Einweg Vape 40ml 5\" src=\"https:\/\/www.vapeswholesaler.com\/wp-content\/uploads\/2025\/02\/Wholesale-Kanger-SUBOX-50000-Puffs-Disposable-Vape-40ml-5.webp\" alt=\"Gro\u00dfhandel Kanger SUBOX 50000 Puffs Einweg Vape 40ml 5\" width=\"800\" height=\"450\" srcset=\"https:\/\/www.vapeswholesaler.com\/wp-content\/uploads\/2025\/02\/Wholesale-Kanger-SUBOX-50000-Puffs-Disposable-Vape-40ml-5.webp 800w, https:\/\/www.vapeswholesaler.com\/wp-content\/uploads\/2025\/02\/Wholesale-Kanger-SUBOX-50000-Puffs-Disposable-Vape-40ml-5-300x169.webp 300w, https:\/\/www.vapeswholesaler.com\/wp-content\/uploads\/2025\/02\/Wholesale-Kanger-SUBOX-50000-Puffs-Disposable-Vape-40ml-5-768x432.webp 768w, https:\/\/www.vapeswholesaler.com\/wp-content\/uploads\/2025\/02\/Wholesale-Kanger-SUBOX-50000-Puffs-Disposable-Vape-40ml-5-18x10.webp 18w, https:\/\/www.vapeswholesaler.com\/wp-content\/uploads\/2025\/02\/Wholesale-Kanger-SUBOX-50000-Puffs-Disposable-Vape-40ml-5-510x287.webp 510w\" sizes=\"auto, (max-width: 800px) 100vw, 800px\" \/><img loading=\"lazy\" decoding=\"async\" class=\"alignnone wp-image-21720 size-full\" title=\"Gro\u00dfhandel Kanger SUBOX 50000 Puffs Einweg Vape 40ml 9\" src=\"https:\/\/www.vapeswholesaler.com\/wp-content\/uploads\/2025\/02\/Wholesale-Kanger-SUBOX-50000-Puffs-Disposable-Vape-40ml-9.webp\" alt=\"Gro\u00dfhandel Kanger SUBOX 50000 Puffs Einweg Vape 40ml 9\" width=\"800\" height=\"450\" srcset=\"https:\/\/www.vapeswholesaler.com\/wp-content\/uploads\/2025\/02\/Wholesale-Kanger-SUBOX-50000-Puffs-Disposable-Vape-40ml-9.webp 800w, https:\/\/www.vapeswholesaler.com\/wp-content\/uploads\/2025\/02\/Wholesale-Kanger-SUBOX-50000-Puffs-Disposable-Vape-40ml-9-300x169.webp 300w, https:\/\/www.vapeswholesaler.com\/wp-content\/uploads\/2025\/02\/Wholesale-Kanger-SUBOX-50000-Puffs-Disposable-Vape-40ml-9-768x432.webp 768w, https:\/\/www.vapeswholesaler.com\/wp-content\/uploads\/2025\/02\/Wholesale-Kanger-SUBOX-50000-Puffs-Disposable-Vape-40ml-9-18x10.webp 18w, https:\/\/www.vapeswholesaler.com\/wp-content\/uploads\/2025\/02\/Wholesale-Kanger-SUBOX-50000-Puffs-Disposable-Vape-40ml-9-510x287.webp 510w\" sizes=\"auto, (max-width: 800px) 100vw, 800px\" \/><img loading=\"lazy\" decoding=\"async\" class=\"alignnone wp-image-21715 size-full\" title=\"Gro\u00dfhandel Kanger SUBOX 50000 Puffs Einweg Vape 40ml 4\" src=\"https:\/\/www.vapeswholesaler.com\/wp-content\/uploads\/2025\/02\/Wholesale-Kanger-SUBOX-50000-Puffs-Disposable-Vape-40ml-4.webp\" alt=\"Gro\u00dfhandel Kanger SUBOX 50000 Puffs Einweg Vape 40ml 4\" width=\"800\" height=\"450\" srcset=\"https:\/\/www.vapeswholesaler.com\/wp-content\/uploads\/2025\/02\/Wholesale-Kanger-SUBOX-50000-Puffs-Disposable-Vape-40ml-4.webp 800w, https:\/\/www.vapeswholesaler.com\/wp-content\/uploads\/2025\/02\/Wholesale-Kanger-SUBOX-50000-Puffs-Disposable-Vape-40ml-4-300x169.webp 300w, https:\/\/www.vapeswholesaler.com\/wp-content\/uploads\/2025\/02\/Wholesale-Kanger-SUBOX-50000-Puffs-Disposable-Vape-40ml-4-768x432.webp 768w, https:\/\/www.vapeswholesaler.com\/wp-content\/uploads\/2025\/02\/Wholesale-Kanger-SUBOX-50000-Puffs-Disposable-Vape-40ml-4-18x10.webp 18w, https:\/\/www.vapeswholesaler.com\/wp-content\/uploads\/2025\/02\/Wholesale-Kanger-SUBOX-50000-Puffs-Disposable-Vape-40ml-4-510x287.webp 510w\" sizes=\"auto, (max-width: 800px) 100vw, 800px\" \/><img loading=\"lazy\" decoding=\"async\" class=\"alignnone wp-image-21719 size-full\" title=\"Gro\u00dfhandel Kanger SUBOX 50000 Puffs Einweg Vape 40ml 8\" src=\"https:\/\/www.vapeswholesaler.com\/wp-content\/uploads\/2025\/02\/Wholesale-Kanger-SUBOX-50000-Puffs-Disposable-Vape-40ml-8.webp\" alt=\"Gro\u00dfhandel Kanger SUBOX 50000 Puffs Einweg Vape 40ml 8\" width=\"800\" height=\"450\" srcset=\"https:\/\/www.vapeswholesaler.com\/wp-content\/uploads\/2025\/02\/Wholesale-Kanger-SUBOX-50000-Puffs-Disposable-Vape-40ml-8.webp 800w, https:\/\/www.vapeswholesaler.com\/wp-content\/uploads\/2025\/02\/Wholesale-Kanger-SUBOX-50000-Puffs-Disposable-Vape-40ml-8-300x169.webp 300w, https:\/\/www.vapeswholesaler.com\/wp-content\/uploads\/2025\/02\/Wholesale-Kanger-SUBOX-50000-Puffs-Disposable-Vape-40ml-8-768x432.webp 768w, https:\/\/www.vapeswholesaler.com\/wp-content\/uploads\/2025\/02\/Wholesale-Kanger-SUBOX-50000-Puffs-Disposable-Vape-40ml-8-18x10.webp 18w, https:\/\/www.vapeswholesaler.com\/wp-content\/uploads\/2025\/02\/Wholesale-Kanger-SUBOX-50000-Puffs-Disposable-Vape-40ml-8-510x287.webp 510w\" sizes=\"auto, (max-width: 800px) 100vw, 800px\" \/><\/p>","protected":false},"excerpt":{"rendered":"<p>Mindestbestellmenge: <strong>100 STCK.<\/strong> (Geschmacksrichtungen mischen)<\/p>\n<p>\uff082%\uff0c3%\uff0c5%\uff09<strong>Kostenloser Versand<\/strong><\/p>","protected":false},"featured_media":21712,"comment_status":"open","ping_status":"closed","template":"","meta":[],"product_cat":[15],"product_tag":[366,367],"class_list":{"0":"post-21725","1":"product","2":"type-product","3":"status-publish","4":"has-post-thumbnail","6":"product_cat-disposable-vape","7":"product_tag-50000-puffs","8":"product_tag-kanger","9":"product_brand-kanger-arymi","11":"first","12":"instock","13":"shipping-taxable","14":"purchasable","15":"product-type-variable","16":"has-default-attributes"},"aioseo_notices":[],"_links":{"self":[{"href":"https:\/\/www.vapeswholesaler.com\/de\/wp-json\/wp\/v2\/product\/21725","targetHints":{"allow":["GET"]}}],"collection":[{"href":"https:\/\/www.vapeswholesaler.com\/de\/wp-json\/wp\/v2\/product"}],"about":[{"href":"https:\/\/www.vapeswholesaler.com\/de\/wp-json\/wp\/v2\/types\/product"}],"replies":[{"embeddable":true,"href":"https:\/\/www.vapeswholesaler.com\/de\/wp-json\/wp\/v2\/comments?post=21725"}],"wp:featuredmedia":[{"embeddable":true,"href":"https:\/\/www.vapeswholesaler.com\/de\/wp-json\/wp\/v2\/media\/21712"}],"wp:attachment":[{"href":"https:\/\/www.vapeswholesaler.com\/de\/wp-json\/wp\/v2\/media?parent=21725"}],"wp:term":[{"taxonomy":"product_cat","embeddable":true,"href":"https:\/\/www.vapeswholesaler.com\/de\/wp-json\/wp\/v2\/product_cat?post=21725"},{"taxonomy":"product_tag","embeddable":true,"href":"https:\/\/www.vapeswholesaler.com\/de\/wp-json\/wp\/v2\/product_tag?post=21725"}],"curies":[{"name":"wp","href":"https:\/\/api.w.org\/{rel}","templated":true}]}}