{"id":21685,"date":"2025-02-18T18:09:40","date_gmt":"2025-02-18T10:09:40","guid":{"rendered":"https:\/\/www.vapeswholesaler.com\/?post_type=product&#038;p=21685"},"modified":"2025-03-26T11:01:32","modified_gmt":"2025-03-26T03:01:32","slug":"groshandel-bang-blaze-shisha-42000-puffs-einweg-vape","status":"publish","type":"product","link":"https:\/\/www.vapeswholesaler.com\/de\/produkt\/groshandel-bang-blaze-shisha-42000-puffs-einweg-vape","title":{"rendered":"Gro\u00dfhandel Bang Blaze ShiSha 42000 Puffs Einweg Vape"},"content":{"rendered":"<p><a href=\"https:\/\/www.vapeswholesaler.com\/de\/produkt_marke\/bang\/\">Bang<\/a> Blaze ShiSha 42000 Puffs ist eine der neuesten Einweg-E-Zigarette Produkte, dieses Produkt ist sehr speziell, goldene Farbe Produkt Aussehen, sind unsere Produkte mehr brillant und auff\u00e4llig. Dies ist eine Lunge vaping Produkt, das der Benutzer einen gro\u00dfen Rauch jederzeit und \u00fcberall genie\u00dfen k\u00f6nnen.<\/p>\n<p>Dieses Ger\u00e4t kombiniert modernste Technologie mit au\u00dfergew\u00f6hnlicher Leistung und produziert bis zu 40.000 Z\u00fcge im Eco-Modus. Diese E-Zigarette, die zwei Mesh-Spulen, intelligente Technologie und eine 1000mAh wiederaufladbare Batterie hat, ist f\u00fcr hochwertige Aromen und Dampf gemacht. Mit einem 1000mAh Akku und 0,6\u03a9 Widerstand Dual Coils f\u00fcr verbesserte Rauch, ist die Einweg-E-Zigarette ideal f\u00fcr Vaper, die lang anhaltende Zufriedenheit wollen. Sie bietet ein sofortiges Dampferlebnis mit 30 ml E-Saft und bis zu 42.000 Z\u00fcgen. F\u00fcr eine konsistente, glatte Erfahrung, w\u00e4hlen Sie aus Nikotin St\u00e4rken von 0%, 2%, 3%, und 5%.<\/p>\n<h2><strong><a href=\"https:\/\/www.facebook.com\/fred.luo.58\/\">Bang<\/a> Blaze ShiSha 42000 Puffs Details:<\/strong><\/h2>\n<ul>\n<li>E-Fl\u00fcssigkeit Kapazit\u00e4t : 30 ml E-Fl\u00fcssigkeit<\/li>\n<li>Batteriekapazit\u00e4t: 1000 Mah<\/li>\n<li>Max Puffs: 42000 Puffs<\/li>\n<li>Nikotinst\u00e4rke: 0%\/2%\/5%<\/li>\n<li>Spule: 0,6 \u03a9 Widerstand<\/li>\n<li>Doppelspule<\/li>\n<li>Luftstrom einstellbar<\/li>\n<\/ul>\n<h2><strong>Geschm\u00e4cker:<\/strong><\/h2>\n<ol>\n<li>Minze<\/li>\n<li>Blaubeer-Minze<\/li>\n<li>Doppelte \u00c4pfel<\/li>\n<li>Pfirsich-Eis<\/li>\n<li>Heidelbeere-Himbeere<\/li>\n<li>Blaubeereis<\/li>\n<li>Blaubeere Pfirsich<\/li>\n<li>Wassermelone<\/li>\n<li>Erdbeere Wassermelone<\/li>\n<li>Erdbeer-Litschi<\/li>\n<li>Weintrauben-Minze<\/li>\n<li>Gemischtes Obst<\/li>\n<\/ol>\n<h2><strong>Packliste:<\/strong><\/h2>\n<p>1St\u00fcck pro Einzelkarton<br \/>\n10St\u00fcck pro Displaykarton<br \/>\n200St\u00fcck pro Karton 25KG<\/p>\n<figure id=\"attachment_21700\" aria-describedby=\"caption-attachment-21700\" style=\"width: 800px\" class=\"wp-caption alignnone\"><img loading=\"lazy\" decoding=\"async\" class=\"wp-image-21700 size-full\" title=\"Gro\u00dfhandel Bang Blaze Shisha 42000 Puffs Einweg Vape 3\" src=\"https:\/\/www.vapeswholesaler.com\/wp-content\/uploads\/2025\/02\/Wholesale-Bang-Blaze-Shisha-42000-Puffs-Disposable-Vape-3.webp\" alt=\"Gro\u00dfhandel Bang Blaze Shisha 42000 Puffs Einweg Vape 3\" width=\"800\" height=\"800\" srcset=\"https:\/\/www.vapeswholesaler.com\/wp-content\/uploads\/2025\/02\/Wholesale-Bang-Blaze-Shisha-42000-Puffs-Disposable-Vape-3.webp 800w, https:\/\/www.vapeswholesaler.com\/wp-content\/uploads\/2025\/02\/Wholesale-Bang-Blaze-Shisha-42000-Puffs-Disposable-Vape-3-300x300.webp 300w, https:\/\/www.vapeswholesaler.com\/wp-content\/uploads\/2025\/02\/Wholesale-Bang-Blaze-Shisha-42000-Puffs-Disposable-Vape-3-150x150.webp 150w, https:\/\/www.vapeswholesaler.com\/wp-content\/uploads\/2025\/02\/Wholesale-Bang-Blaze-Shisha-42000-Puffs-Disposable-Vape-3-768x768.webp 768w, https:\/\/www.vapeswholesaler.com\/wp-content\/uploads\/2025\/02\/Wholesale-Bang-Blaze-Shisha-42000-Puffs-Disposable-Vape-3-12x12.webp 12w, https:\/\/www.vapeswholesaler.com\/wp-content\/uploads\/2025\/02\/Wholesale-Bang-Blaze-Shisha-42000-Puffs-Disposable-Vape-3-247x247.webp 247w, https:\/\/www.vapeswholesaler.com\/wp-content\/uploads\/2025\/02\/Wholesale-Bang-Blaze-Shisha-42000-Puffs-Disposable-Vape-3-510x510.webp 510w, https:\/\/www.vapeswholesaler.com\/wp-content\/uploads\/2025\/02\/Wholesale-Bang-Blaze-Shisha-42000-Puffs-Disposable-Vape-3-100x100.webp 100w\" sizes=\"auto, (max-width: 800px) 100vw, 800px\" \/><figcaption id=\"caption-attachment-21700\" class=\"wp-caption-text\">Gro\u00dfhandel Bang Blaze Shisha 42000 Puffs Einweg Vape<\/figcaption><\/figure>","protected":false},"excerpt":{"rendered":"<p>Mindestbestellmenge: <strong>50St\u00fcck <\/strong>(Geschmacksrichtungen mischen) <strong>Kostenloser Versand<\/strong><\/p>\n<p>(2%, 5% Nic)<\/p>","protected":false},"featured_media":21702,"comment_status":"open","ping_status":"closed","template":"","meta":[],"product_cat":[15],"product_tag":[368,388,389],"class_list":{"0":"post-21685","1":"product","2":"type-product","3":"status-publish","4":"has-post-thumbnail","6":"product_cat-disposable-vape","7":"product_tag-bang-king","8":"product_tag-bang","9":"product_tag-42000-puffs","10":"product_brand-bang","12":"first","13":"instock","14":"shipping-taxable","15":"purchasable","16":"product-type-variable","17":"has-default-attributes"},"aioseo_notices":[],"_links":{"self":[{"href":"https:\/\/www.vapeswholesaler.com\/de\/wp-json\/wp\/v2\/product\/21685","targetHints":{"allow":["GET"]}}],"collection":[{"href":"https:\/\/www.vapeswholesaler.com\/de\/wp-json\/wp\/v2\/product"}],"about":[{"href":"https:\/\/www.vapeswholesaler.com\/de\/wp-json\/wp\/v2\/types\/product"}],"replies":[{"embeddable":true,"href":"https:\/\/www.vapeswholesaler.com\/de\/wp-json\/wp\/v2\/comments?post=21685"}],"wp:featuredmedia":[{"embeddable":true,"href":"https:\/\/www.vapeswholesaler.com\/de\/wp-json\/wp\/v2\/media\/21702"}],"wp:attachment":[{"href":"https:\/\/www.vapeswholesaler.com\/de\/wp-json\/wp\/v2\/media?parent=21685"}],"wp:term":[{"taxonomy":"product_cat","embeddable":true,"href":"https:\/\/www.vapeswholesaler.com\/de\/wp-json\/wp\/v2\/product_cat?post=21685"},{"taxonomy":"product_tag","embeddable":true,"href":"https:\/\/www.vapeswholesaler.com\/de\/wp-json\/wp\/v2\/product_tag?post=21685"}],"curies":[{"name":"wp","href":"https:\/\/api.w.org\/{rel}","templated":true}]}}