{"id":21630,"date":"2025-02-17T14:35:47","date_gmt":"2025-02-17T06:35:47","guid":{"rendered":"https:\/\/www.vapeswholesaler.com\/?post_type=product&#038;p=21630"},"modified":"2025-03-25T20:43:23","modified_gmt":"2025-03-25T12:43:23","slug":"groshandel-zooy-sterne-30000-puffs-einweg-vape","status":"publish","type":"product","link":"https:\/\/www.vapeswholesaler.com\/de\/produkt\/groshandel-zooy-sterne-30000-puffs-einweg-vape","title":{"rendered":"Gro\u00dfhandel Zooy Sterne 30000 Puffs Einweg Vape"},"content":{"rendered":"<p><a href=\"https:\/\/www.vapeswholesaler.com\/de\/produkt_marke\/zooy\/\">Zooy<\/a> Stars 30000 Puffs ist ein brandneues Produkt, mit dem neuen 3D Curved LED Screen Design, die Leistung ist stabiler, der Bildschirm ist bunter, wenn Sie es verwenden, egal, wo ist die sch\u00f6nste Landschaft, unsere Produkte sind sehr hei\u00df, wir haben ein Lager in Europa, kann verwendet werden, um den schnellen Versand, die meisten der europ\u00e4ischen Die meisten europ\u00e4ischen L\u00e4nder k\u00f6nnen innerhalb einer Woche zu erreichen getan werden.<\/p>\n<p>Die Produktgr\u00f6\u00dfe ist 29*53*92mm, k\u00f6nnen wir die Dual-Mesh-Spule verwenden, um das Produkt Geschmack besser zu machen, k\u00f6nnen wir 2%, 3%, 5% Nikotingehalt optional, um mehr Kunden die Wahl zu treffen. Es ist Unterst\u00fctzung TYPE-C-Anschluss zum Aufladen des Produkts und einschlie\u00dflich Luftstrom-Einstellfunktion.<\/p>\n<h2><strong>Zooy Stars 30000 Puffs Details:<\/strong><\/h2>\n<ul>\n<li>Puffs: Etwa 30000 Puffs<\/li>\n<li>Gewicht: 130g<\/li>\n<li>Produkte Gr\u00f6\u00dfe: 29*53*92mm<\/li>\n<li>Spulen: Dual-Mesh-Spule<\/li>\n<li>Nik: 20mg 30mg 50mg Nik-Salz<\/li>\n<li>3D gekr\u00fcmmter LED-Bildschirm<\/li>\n<li>TYPE-C Wiederaufladbar<\/li>\n<li>Einstellbarer Luftstrom<\/li>\n<li>Batteriekapazit\u00e4t: 850mah<\/li>\n<li>Vorgef\u00fcllte e-Fl\u00fcssigkeit: 20ml<\/li>\n<\/ul>\n<h2><strong>Geschm\u00e4cker:<\/strong><\/h2>\n<ol>\n<li>Redbull Energie<\/li>\n<li>Blaues Razzeis<\/li>\n<li>Wassermelone Eis<\/li>\n<li>Erdbeere Wassermelone<\/li>\n<li>Pfirsichsaft<\/li>\n<li>Erdbeer-Bananeneis<\/li>\n<li>Blaubeereis<\/li>\n<li>Dreifach-Beereneis<\/li>\n<li>Erdbeer-Kiwi<\/li>\n<li>Heidelbeere Kirsche Cranberry<\/li>\n<\/ol>\n<h2><strong>Packliste:<\/strong><\/h2>\n<p>1St\u00fcck Einzelverpackung<br \/>\n10 Stck. pro Mittelkarton<br \/>\n200St\u00fcck pro Karton<\/p>\n<p><img loading=\"lazy\" decoding=\"async\" class=\"alignnone wp-image-21617 size-full\" title=\"Gro\u00dfhandel Zooy Sterne 30000 Puffs Einweg Vape 7\" src=\"https:\/\/www.vapeswholesaler.com\/wp-content\/uploads\/2025\/02\/Wholesale-Zooy-Stars-30000-Puffs-Disposable-Vape-7.webp\" alt=\"Gro\u00dfhandel Zooy Sterne 30000 Puffs Einweg Vape 7\" width=\"800\" height=\"800\" srcset=\"https:\/\/www.vapeswholesaler.com\/wp-content\/uploads\/2025\/02\/Wholesale-Zooy-Stars-30000-Puffs-Disposable-Vape-7.webp 800w, https:\/\/www.vapeswholesaler.com\/wp-content\/uploads\/2025\/02\/Wholesale-Zooy-Stars-30000-Puffs-Disposable-Vape-7-300x300.webp 300w, https:\/\/www.vapeswholesaler.com\/wp-content\/uploads\/2025\/02\/Wholesale-Zooy-Stars-30000-Puffs-Disposable-Vape-7-150x150.webp 150w, https:\/\/www.vapeswholesaler.com\/wp-content\/uploads\/2025\/02\/Wholesale-Zooy-Stars-30000-Puffs-Disposable-Vape-7-768x768.webp 768w, https:\/\/www.vapeswholesaler.com\/wp-content\/uploads\/2025\/02\/Wholesale-Zooy-Stars-30000-Puffs-Disposable-Vape-7-12x12.webp 12w, https:\/\/www.vapeswholesaler.com\/wp-content\/uploads\/2025\/02\/Wholesale-Zooy-Stars-30000-Puffs-Disposable-Vape-7-247x247.webp 247w, https:\/\/www.vapeswholesaler.com\/wp-content\/uploads\/2025\/02\/Wholesale-Zooy-Stars-30000-Puffs-Disposable-Vape-7-510x510.webp 510w, https:\/\/www.vapeswholesaler.com\/wp-content\/uploads\/2025\/02\/Wholesale-Zooy-Stars-30000-Puffs-Disposable-Vape-7-100x100.webp 100w\" sizes=\"auto, (max-width: 800px) 100vw, 800px\" \/><\/p>\n<p><img loading=\"lazy\" decoding=\"async\" class=\"alignnone wp-image-21616 size-full\" title=\"Gro\u00dfhandel Zooy Sterne 30000 Puffs Einweg Vape 6\" src=\"https:\/\/www.vapeswholesaler.com\/wp-content\/uploads\/2025\/02\/Wholesale-Zooy-Stars-30000-Puffs-Disposable-Vape-6.webp\" alt=\"Gro\u00dfhandel Zooy Sterne 30000 Puffs Einweg Vape 6\" width=\"800\" height=\"600\" srcset=\"https:\/\/www.vapeswholesaler.com\/wp-content\/uploads\/2025\/02\/Wholesale-Zooy-Stars-30000-Puffs-Disposable-Vape-6.webp 800w, https:\/\/www.vapeswholesaler.com\/wp-content\/uploads\/2025\/02\/Wholesale-Zooy-Stars-30000-Puffs-Disposable-Vape-6-300x225.webp 300w, https:\/\/www.vapeswholesaler.com\/wp-content\/uploads\/2025\/02\/Wholesale-Zooy-Stars-30000-Puffs-Disposable-Vape-6-768x576.webp 768w, https:\/\/www.vapeswholesaler.com\/wp-content\/uploads\/2025\/02\/Wholesale-Zooy-Stars-30000-Puffs-Disposable-Vape-6-16x12.webp 16w, https:\/\/www.vapeswholesaler.com\/wp-content\/uploads\/2025\/02\/Wholesale-Zooy-Stars-30000-Puffs-Disposable-Vape-6-510x383.webp 510w\" sizes=\"auto, (max-width: 800px) 100vw, 800px\" \/><\/p>\n<p><img loading=\"lazy\" decoding=\"async\" class=\"wp-image-21615 size-full\" title=\"Gro\u00dfhandel Zooy Sterne 30000 Puffs Einweg Vape 5\" src=\"https:\/\/www.vapeswholesaler.com\/wp-content\/uploads\/2025\/02\/Wholesale-Zooy-Stars-30000-Puffs-Disposable-Vape-5.webp\" alt=\"Gro\u00dfhandel Zooy Sterne 30000 Puffs Einweg Vape 5\" width=\"800\" height=\"600\" srcset=\"https:\/\/www.vapeswholesaler.com\/wp-content\/uploads\/2025\/02\/Wholesale-Zooy-Stars-30000-Puffs-Disposable-Vape-5.webp 800w, https:\/\/www.vapeswholesaler.com\/wp-content\/uploads\/2025\/02\/Wholesale-Zooy-Stars-30000-Puffs-Disposable-Vape-5-300x225.webp 300w, https:\/\/www.vapeswholesaler.com\/wp-content\/uploads\/2025\/02\/Wholesale-Zooy-Stars-30000-Puffs-Disposable-Vape-5-768x576.webp 768w, https:\/\/www.vapeswholesaler.com\/wp-content\/uploads\/2025\/02\/Wholesale-Zooy-Stars-30000-Puffs-Disposable-Vape-5-16x12.webp 16w, https:\/\/www.vapeswholesaler.com\/wp-content\/uploads\/2025\/02\/Wholesale-Zooy-Stars-30000-Puffs-Disposable-Vape-5-510x383.webp 510w\" sizes=\"auto, (max-width: 800px) 100vw, 800px\" \/><\/p>","protected":false},"excerpt":{"rendered":"<p>Mindestbestellmenge:\u00a0<strong>50 STCK.<\/strong>\u00a0(Geschmacksrichtungen mischen)\u00a0\u00a0<strong>Kostenloser Versand<\/strong><\/p>\n<p>(<strong>2%, 5% Nic<\/strong>) EU Warehouse Versandzeit 5-6 Arbeitstage<\/p>","protected":false},"featured_media":21641,"comment_status":"open","ping_status":"closed","template":"","meta":[],"product_cat":[15],"product_tag":[371,373,374],"class_list":{"0":"post-21630","1":"product","2":"type-product","3":"status-publish","4":"has-post-thumbnail","6":"product_cat-disposable-vape","7":"product_tag-zooy","8":"product_tag-europe-warehouse","9":"product_tag-30000-puffs","10":"product_brand-zooy","12":"first","13":"instock","14":"shipping-taxable","15":"purchasable","16":"product-type-variable","17":"has-default-attributes"},"aioseo_notices":[],"_links":{"self":[{"href":"https:\/\/www.vapeswholesaler.com\/de\/wp-json\/wp\/v2\/product\/21630","targetHints":{"allow":["GET"]}}],"collection":[{"href":"https:\/\/www.vapeswholesaler.com\/de\/wp-json\/wp\/v2\/product"}],"about":[{"href":"https:\/\/www.vapeswholesaler.com\/de\/wp-json\/wp\/v2\/types\/product"}],"replies":[{"embeddable":true,"href":"https:\/\/www.vapeswholesaler.com\/de\/wp-json\/wp\/v2\/comments?post=21630"}],"wp:featuredmedia":[{"embeddable":true,"href":"https:\/\/www.vapeswholesaler.com\/de\/wp-json\/wp\/v2\/media\/21641"}],"wp:attachment":[{"href":"https:\/\/www.vapeswholesaler.com\/de\/wp-json\/wp\/v2\/media?parent=21630"}],"wp:term":[{"taxonomy":"product_cat","embeddable":true,"href":"https:\/\/www.vapeswholesaler.com\/de\/wp-json\/wp\/v2\/product_cat?post=21630"},{"taxonomy":"product_tag","embeddable":true,"href":"https:\/\/www.vapeswholesaler.com\/de\/wp-json\/wp\/v2\/product_tag?post=21630"}],"curies":[{"name":"wp","href":"https:\/\/api.w.org\/{rel}","templated":true}]}}