{"id":21397,"date":"2025-01-12T11:50:41","date_gmt":"2025-01-12T03:50:41","guid":{"rendered":"https:\/\/www.vapeswholesaler.com\/?post_type=product&#038;p=21397"},"modified":"2026-04-12T21:23:55","modified_gmt":"2026-04-12T13:23:55","slug":"groshandel-glucklich-bar-36000-puffs-einweg-vape","status":"publish","type":"product","link":"https:\/\/www.vapeswholesaler.com\/de\/produkt\/groshandel-glucklich-bar-36000-puffs-einweg-vape","title":{"rendered":"Gro\u00dfhandel Happ bar 36000 Puffs Einweg Vape"},"content":{"rendered":"<p><a href=\"https:\/\/www.vapeswholesaler.com\/de\/produkt_marke\/glucksbar\/\">Happ-Bar<\/a> 36000 Puffs sind die neuesten und hochwertigsten Einweg-E-Zigarettenprodukte der Marke, mit technologischen Fortschritten, die ein besseres Kundenerlebnis erm\u00f6glichen.<\/p>\n<p>Auch ist es eingebaut hochwertige, langlebige 650mAh Akku und kann mit dem internationalen Standard-Typ-C-Anschluss, der die Betriebskosten f\u00fcr unsere Kunden reduziert wieder aufgeladen werden. Derzeit k\u00f6nnen unsere Produkte bieten 2% und 5% Nikotin kann ausgew\u00e4hlt werden, geeignet f\u00fcr verschiedene Kunden nach ihren verschiedenen Lieblings-Produkte.<\/p>\n<p>Wir bieten derzeit 13 Geschmacksrichtungen an, die genau auf die Rauchgewohnheiten unserer europ\u00e4ischen Kunden abgestimmt sind und die Vorlieben der meisten unserer Kunden befriedigen. Mit einer Mindestbestellmenge von 50 St\u00fcck und einer Auswahl von bis zu 5 verschiedenen Geschmacksrichtungen bieten wir unseren Kunden mehr Auswahl.<\/p>\n<p>Dieses Ger\u00e4t wird mit 40ml vorgef\u00fclltem E-Saft geliefert, mit dem etwa 36000 Z\u00fcge geraucht werden k\u00f6nnen. Unser Produkt ist mit einer elektronischen Anzeige ausgestattet, die es Ihnen erm\u00f6glicht, den \u00d6l- und Stromverbrauch des Produkts jederzeit und \u00fcberall zu verfolgen und so den verbrannten Geschmack zu vermeiden, der durch das Auslaufen des \u00d6ls verursacht werden kann, was f\u00fcr den Kunden eine schlechte Erfahrung sein kann.<\/p>\n<h2><strong><a href=\"https:\/\/www.facebook.com\/fred.luo.58\">Happ-Bar<\/a> 36000 Puffs Merkmale:<\/strong><\/h2>\n<ul>\n<li>Puste: 36.000 Pusteblumen<\/li>\n<li>Nikotingehalt: 2%, 5%<\/li>\n<li>Akku-Kapazit\u00e4t: 650mAh<\/li>\n<li>Wiederaufladbar oder nicht: TYPE-C-Ladeanschluss<\/li>\n<li>Widerstand: 1.0ohm<\/li>\n<li>E-Saft Kapazit\u00e4t: 40ml<\/li>\n<li>Geschmack: 13 Geschmacksrichtungen<\/li>\n<\/ul>\n<h2><strong>Auflistung der Geschm\u00e4cker:<\/strong><\/h2>\n<ol>\n<li>Kirsche Eis<\/li>\n<li>Cola-Eis<\/li>\n<li>Zitrone-Limette<\/li>\n<li>Liebe 66<\/li>\n<li>Mamba<\/li>\n<li>Herr Blau<\/li>\n<li>Pfirsich-Eis<\/li>\n<li>Saurer Apfel<\/li>\n<li>Erdbeere-Banane<\/li>\n<li>Erdbeereis<\/li>\n<li>Erdbeer-Kiwi<\/li>\n<li>Erdbeer-Vanille-Cola<\/li>\n<li>Wassermelone Eis<\/li>\n<\/ol>\n<h2><strong>Packliste:<\/strong><\/h2>\n<p>1St\u00fcck pro Einzelkarton<br \/>\n10 St\u00fcck pro Displaykarton<br \/>\n200St\u00fcck pro Karton<\/p>\n<figure id=\"attachment_21375\" aria-describedby=\"caption-attachment-21375\" style=\"width: 800px\" class=\"wp-caption alignnone\"><img loading=\"lazy\" decoding=\"async\" class=\"wp-image-21375 size-full\" title=\"Gro\u00dfhandel Happ bar 36000 Puffs Einweg Vape 5\" src=\"https:\/\/www.vapeswholesaler.com\/wp-content\/uploads\/2025\/01\/Wholesale-Happ-bar-36000-Puffs-Disposable-Vape-5.webp\" alt=\"Gro\u00dfhandel Happ bar 36000 Puffs Einweg Vape 5\" width=\"800\" height=\"396\" srcset=\"https:\/\/www.vapeswholesaler.com\/wp-content\/uploads\/2025\/01\/Wholesale-Happ-bar-36000-Puffs-Disposable-Vape-5.webp 800w, https:\/\/www.vapeswholesaler.com\/wp-content\/uploads\/2025\/01\/Wholesale-Happ-bar-36000-Puffs-Disposable-Vape-5-300x149.webp 300w, https:\/\/www.vapeswholesaler.com\/wp-content\/uploads\/2025\/01\/Wholesale-Happ-bar-36000-Puffs-Disposable-Vape-5-768x380.webp 768w, https:\/\/www.vapeswholesaler.com\/wp-content\/uploads\/2025\/01\/Wholesale-Happ-bar-36000-Puffs-Disposable-Vape-5-18x9.webp 18w, https:\/\/www.vapeswholesaler.com\/wp-content\/uploads\/2025\/01\/Wholesale-Happ-bar-36000-Puffs-Disposable-Vape-5-510x252.webp 510w\" sizes=\"auto, (max-width: 800px) 100vw, 800px\" \/><figcaption id=\"caption-attachment-21375\" class=\"wp-caption-text\">Gro\u00dfhandel Happ bar 36000 Puffs Einweg Vape<img loading=\"lazy\" decoding=\"async\" class=\"wp-image-21378 size-full\" style=\"color: #555555;font-size: 14.4px\" title=\"Gro\u00dfhandel Happ bar 36000 Puffs Einweg Vape 8\" src=\"https:\/\/www.vapeswholesaler.com\/wp-content\/uploads\/2025\/01\/Wholesale-Happ-bar-36000-Puffs-Disposable-Vape-8.webp\" alt=\"Gro\u00dfhandel Happ bar 36000 Puffs Einweg Vape 8\" width=\"800\" height=\"396\" srcset=\"https:\/\/www.vapeswholesaler.com\/wp-content\/uploads\/2025\/01\/Wholesale-Happ-bar-36000-Puffs-Disposable-Vape-8.webp 800w, https:\/\/www.vapeswholesaler.com\/wp-content\/uploads\/2025\/01\/Wholesale-Happ-bar-36000-Puffs-Disposable-Vape-8-300x149.webp 300w, https:\/\/www.vapeswholesaler.com\/wp-content\/uploads\/2025\/01\/Wholesale-Happ-bar-36000-Puffs-Disposable-Vape-8-768x380.webp 768w, https:\/\/www.vapeswholesaler.com\/wp-content\/uploads\/2025\/01\/Wholesale-Happ-bar-36000-Puffs-Disposable-Vape-8-18x9.webp 18w, https:\/\/www.vapeswholesaler.com\/wp-content\/uploads\/2025\/01\/Wholesale-Happ-bar-36000-Puffs-Disposable-Vape-8-510x252.webp 510w\" sizes=\"auto, (max-width: 800px) 100vw, 800px\" \/><\/figcaption><\/figure>","protected":false},"excerpt":{"rendered":"<p>Mindestbestellmenge:\u00a0<strong>50St\u00fcck<\/strong>\u00a0(Geschmacksrichtungen mischen)\u00a0\u00a0<strong>Kostenloser Versand<\/strong><\/p>\n<p>(<strong>2%, 5% Nic<\/strong>) EU Warehouse Versandzeit 5-6 Arbeitstage<\/p>","protected":false},"featured_media":21371,"comment_status":"open","ping_status":"closed","template":"","meta":[],"product_cat":[15],"product_tag":[381,373,380],"class_list":{"0":"post-21397","1":"product","2":"type-product","3":"status-publish","4":"has-post-thumbnail","6":"product_cat-disposable-vape","7":"product_tag-36000-puffs","8":"product_tag-europe-warehouse","9":"product_tag-happ-bar","10":"product_brand-happ-bar","12":"first","13":"outofstock","14":"shipping-taxable","15":"purchasable","16":"product-type-variable","17":"has-default-attributes"},"aioseo_notices":[],"_links":{"self":[{"href":"https:\/\/www.vapeswholesaler.com\/de\/wp-json\/wp\/v2\/product\/21397","targetHints":{"allow":["GET"]}}],"collection":[{"href":"https:\/\/www.vapeswholesaler.com\/de\/wp-json\/wp\/v2\/product"}],"about":[{"href":"https:\/\/www.vapeswholesaler.com\/de\/wp-json\/wp\/v2\/types\/product"}],"replies":[{"embeddable":true,"href":"https:\/\/www.vapeswholesaler.com\/de\/wp-json\/wp\/v2\/comments?post=21397"}],"wp:featuredmedia":[{"embeddable":true,"href":"https:\/\/www.vapeswholesaler.com\/de\/wp-json\/wp\/v2\/media\/21371"}],"wp:attachment":[{"href":"https:\/\/www.vapeswholesaler.com\/de\/wp-json\/wp\/v2\/media?parent=21397"}],"wp:term":[{"taxonomy":"product_cat","embeddable":true,"href":"https:\/\/www.vapeswholesaler.com\/de\/wp-json\/wp\/v2\/product_cat?post=21397"},{"taxonomy":"product_tag","embeddable":true,"href":"https:\/\/www.vapeswholesaler.com\/de\/wp-json\/wp\/v2\/product_tag?post=21397"}],"curies":[{"name":"wp","href":"https:\/\/api.w.org\/{rel}","templated":true}]}}