{"id":21336,"date":"2025-01-08T16:34:52","date_gmt":"2025-01-08T08:34:52","guid":{"rendered":"https:\/\/www.vapeswholesaler.com\/?post_type=product&#038;p=21336"},"modified":"2025-07-09T16:08:54","modified_gmt":"2025-07-09T08:08:54","slug":"groshandel-glucklich-bar-zwillinge-25000-puffs-einweg-vape","status":"publish","type":"product","link":"https:\/\/www.vapeswholesaler.com\/de\/produkt\/groshandel-glucklich-bar-zwillinge-25000-puffs-einweg-vape","title":{"rendered":"Gro\u00dfhandel Happ Bar Zwillinge 25000 Puffs Einweg Vape"},"content":{"rendered":"<p><a href=\"https:\/\/www.vapeswholesaler.com\/de\/produkt_marke\/glucksbar\/\">Happ Bar<\/a> Twins 25000 Puffs es ist eine doppelte Aromen Einweg Vppes, Jedes Produkt kommt mit zwei 16ml + 16ml Ejuice Pod, insgesamt 32ml von vorgef\u00fcllten Fl\u00fcssigkeit. Es macht das Produkt kosteng\u00fcnstiger und erm\u00f6glicht es den Verbrauchern, unsere Produkte f\u00fcr l\u00e4ngere Zeitr\u00e4ume zu verwenden.<\/p>\n<p>Dar\u00fcber hinaus sind sie in 2% und 5% Nic erh\u00e4ltlich, und 11 Geschmacksrichtungen k\u00f6nnen gew\u00e4hlt werden, jeder Geschmack ist sorgf\u00e4ltig von uns abgestimmt, und die meisten insgesamt aus der Sucht.<\/p>\n<p>Diese Vape Kapazit\u00e4t 650 mAh, Auch kann die Unterst\u00fctzung der Typ c wiederaufladbar sein, und kommt mit einer elektronischen Anzeige, Der Kunde kann den Batteriestand und Ejuice jederzeit zu beobachten.Unsere Produkte sind gut von unseren Kunden erhalten und sind von hoher Qualit\u00e4t. Derzeit wurde unser europ\u00e4isches Lager er\u00f6ffnet, die stark verk\u00fcrzt die Transportzeit und bringt unseren Kunden eine perfekte Einkaufserlebnis!<\/p>\n<h2><strong><a href=\"https:\/\/www.facebook.com\/fred.luo.58\">Happ Bar<\/a> Zwillinge 25000 Puffs Merkmale:<\/strong><\/h2>\n<ul>\n<li>Puff: 25000 Puffs<\/li>\n<li>Nikotingehalt: 2%, 5%<\/li>\n<li>Akku-Kapazit\u00e4t: 650mAh<\/li>\n<li>Wiederaufladbar oder nicht: TYPE-C-Ladeanschluss<\/li>\n<li>Widerstand: 1.0ohm<\/li>\n<li>Fassungsverm\u00f6gen: 16+16ml *Geschmack<\/li>\n<\/ul>\n<h2><strong>Auflistung der Geschm\u00e4cker:<\/strong><\/h2>\n<ol>\n<li>Blue Razz Limonade &amp; Pfirsicheis<\/li>\n<li>Blaubeere-Kirsche-Cranberry &amp; Wassermelone Kaugummi<\/li>\n<li>Heidelbeer-Himbeer-Zitronen-Kirsch-Eis<\/li>\n<li>Pfirsich-Mango-Ananas-Eis &amp; Erdbeere<\/li>\n<li>Ananas-Kokosnuss-Blaubeer-Eis<\/li>\n<li>Himbeer-Karamell &amp; Doppelter Apfel<\/li>\n<li>Red Bull Ice &amp; Hami Melone<\/li>\n<li>Erdbeere, Banane und Cola-Eis<\/li>\n<li>Erdbeer-Kiwi &amp; Lush Ice<\/li>\n<li>Erdbeer-Vanille-Cola &amp; gemischte Beeren<\/li>\n<li>Wassermeloneneis &amp; Zitrone-Limette<\/li>\n<\/ol>\n<h2><strong>Packliste:<\/strong><\/h2>\n<p>1St\u00fcck pro Karton<br \/>\n10St\u00fcck pro Displaykarton<br \/>\n200St\u00fcck pro Karton<\/p>\n<figure id=\"attachment_21323\" aria-describedby=\"caption-attachment-21323\" style=\"width: 800px\" class=\"wp-caption alignnone\"><img loading=\"lazy\" decoding=\"async\" class=\"wp-image-21323 size-full\" title=\"Gro\u00dfhandel Happ Bar Zwillinge 25000 Puffs Einweg Vape Eu Warehouse 8\" src=\"https:\/\/www.vapeswholesaler.com\/wp-content\/uploads\/2025\/01\/Wholesale-Happ-Bar-Twins-25000-Puffs-Disposable-Vape-Eu-Warehouse-8.webp\" alt=\"Gro\u00dfhandel Happ Bar Zwillinge 25000 Puffs Einweg Vape Eu Warehouse 8\" width=\"800\" height=\"396\" srcset=\"https:\/\/www.vapeswholesaler.com\/wp-content\/uploads\/2025\/01\/Wholesale-Happ-Bar-Twins-25000-Puffs-Disposable-Vape-Eu-Warehouse-8.webp 800w, https:\/\/www.vapeswholesaler.com\/wp-content\/uploads\/2025\/01\/Wholesale-Happ-Bar-Twins-25000-Puffs-Disposable-Vape-Eu-Warehouse-8-300x149.webp 300w, https:\/\/www.vapeswholesaler.com\/wp-content\/uploads\/2025\/01\/Wholesale-Happ-Bar-Twins-25000-Puffs-Disposable-Vape-Eu-Warehouse-8-768x380.webp 768w, https:\/\/www.vapeswholesaler.com\/wp-content\/uploads\/2025\/01\/Wholesale-Happ-Bar-Twins-25000-Puffs-Disposable-Vape-Eu-Warehouse-8-18x9.webp 18w, https:\/\/www.vapeswholesaler.com\/wp-content\/uploads\/2025\/01\/Wholesale-Happ-Bar-Twins-25000-Puffs-Disposable-Vape-Eu-Warehouse-8-510x252.webp 510w\" sizes=\"auto, (max-width: 800px) 100vw, 800px\" \/><figcaption id=\"caption-attachment-21323\" class=\"wp-caption-text\">Gro\u00dfhandel Happ Bar Zwillinge 25000 Puffs Einweg Vape Eu Lagerhaus<img loading=\"lazy\" decoding=\"async\" class=\"wp-image-21322 size-full\" style=\"color: #555555;font-size: 14.4px\" title=\"Gro\u00dfhandel Happ Bar Zwillinge 25000 Puffs Einweg Vape Eu Warehouse 7\" src=\"https:\/\/www.vapeswholesaler.com\/wp-content\/uploads\/2025\/01\/Wholesale-Happ-Bar-Twins-25000-Puffs-Disposable-Vape-Eu-Warehouse-7.webp\" alt=\"Gro\u00dfhandel Happ Bar Zwillinge 25000 Puffs Einweg Vape Eu Warehouse 7\" width=\"800\" height=\"396\" srcset=\"https:\/\/www.vapeswholesaler.com\/wp-content\/uploads\/2025\/01\/Wholesale-Happ-Bar-Twins-25000-Puffs-Disposable-Vape-Eu-Warehouse-7.webp 800w, https:\/\/www.vapeswholesaler.com\/wp-content\/uploads\/2025\/01\/Wholesale-Happ-Bar-Twins-25000-Puffs-Disposable-Vape-Eu-Warehouse-7-300x149.webp 300w, https:\/\/www.vapeswholesaler.com\/wp-content\/uploads\/2025\/01\/Wholesale-Happ-Bar-Twins-25000-Puffs-Disposable-Vape-Eu-Warehouse-7-768x380.webp 768w, https:\/\/www.vapeswholesaler.com\/wp-content\/uploads\/2025\/01\/Wholesale-Happ-Bar-Twins-25000-Puffs-Disposable-Vape-Eu-Warehouse-7-18x9.webp 18w, https:\/\/www.vapeswholesaler.com\/wp-content\/uploads\/2025\/01\/Wholesale-Happ-Bar-Twins-25000-Puffs-Disposable-Vape-Eu-Warehouse-7-510x252.webp 510w\" sizes=\"auto, (max-width: 800px) 100vw, 800px\" \/><\/figcaption><\/figure>\n<p><img loading=\"lazy\" decoding=\"async\" class=\"wp-image-21319 size-full\" title=\"Gro\u00dfhandel Happ Bar Zwillinge 25000 Puffs Einweg Vape Eu Warehouse 4\" src=\"https:\/\/www.vapeswholesaler.com\/wp-content\/uploads\/2025\/01\/Wholesale-Happ-Bar-Twins-25000-Puffs-Disposable-Vape-Eu-Warehouse-4.webp\" alt=\"Gro\u00dfhandel Happ Bar Zwillinge 25000 Puffs Einweg Vape Eu Warehouse 4\" width=\"800\" height=\"396\" srcset=\"https:\/\/www.vapeswholesaler.com\/wp-content\/uploads\/2025\/01\/Wholesale-Happ-Bar-Twins-25000-Puffs-Disposable-Vape-Eu-Warehouse-4.webp 800w, https:\/\/www.vapeswholesaler.com\/wp-content\/uploads\/2025\/01\/Wholesale-Happ-Bar-Twins-25000-Puffs-Disposable-Vape-Eu-Warehouse-4-300x149.webp 300w, https:\/\/www.vapeswholesaler.com\/wp-content\/uploads\/2025\/01\/Wholesale-Happ-Bar-Twins-25000-Puffs-Disposable-Vape-Eu-Warehouse-4-768x380.webp 768w, https:\/\/www.vapeswholesaler.com\/wp-content\/uploads\/2025\/01\/Wholesale-Happ-Bar-Twins-25000-Puffs-Disposable-Vape-Eu-Warehouse-4-18x9.webp 18w, https:\/\/www.vapeswholesaler.com\/wp-content\/uploads\/2025\/01\/Wholesale-Happ-Bar-Twins-25000-Puffs-Disposable-Vape-Eu-Warehouse-4-510x252.webp 510w\" sizes=\"auto, (max-width: 800px) 100vw, 800px\" \/><\/p>\n<p>&nbsp;<\/p>\n<figure id=\"attachment_21324\" aria-describedby=\"caption-attachment-21324\" style=\"width: 800px\" class=\"wp-caption alignnone\"><img loading=\"lazy\" decoding=\"async\" class=\"wp-image-21324 size-full\" title=\"Gro\u00dfhandel Happ Bar Zwillinge 25000 Puffs Einweg Vape Eu Warehouse 9\" src=\"https:\/\/www.vapeswholesaler.com\/wp-content\/uploads\/2025\/01\/Wholesale-Happ-Bar-Twins-25000-Puffs-Disposable-Vape-Eu-Warehouse-9.webp\" alt=\"Gro\u00dfhandel Happ Bar Zwillinge 25000 Puffs Einweg Vape Eu Warehouse 9\" width=\"800\" height=\"800\" srcset=\"https:\/\/www.vapeswholesaler.com\/wp-content\/uploads\/2025\/01\/Wholesale-Happ-Bar-Twins-25000-Puffs-Disposable-Vape-Eu-Warehouse-9.webp 800w, https:\/\/www.vapeswholesaler.com\/wp-content\/uploads\/2025\/01\/Wholesale-Happ-Bar-Twins-25000-Puffs-Disposable-Vape-Eu-Warehouse-9-300x300.webp 300w, https:\/\/www.vapeswholesaler.com\/wp-content\/uploads\/2025\/01\/Wholesale-Happ-Bar-Twins-25000-Puffs-Disposable-Vape-Eu-Warehouse-9-150x150.webp 150w, https:\/\/www.vapeswholesaler.com\/wp-content\/uploads\/2025\/01\/Wholesale-Happ-Bar-Twins-25000-Puffs-Disposable-Vape-Eu-Warehouse-9-768x768.webp 768w, https:\/\/www.vapeswholesaler.com\/wp-content\/uploads\/2025\/01\/Wholesale-Happ-Bar-Twins-25000-Puffs-Disposable-Vape-Eu-Warehouse-9-12x12.webp 12w, https:\/\/www.vapeswholesaler.com\/wp-content\/uploads\/2025\/01\/Wholesale-Happ-Bar-Twins-25000-Puffs-Disposable-Vape-Eu-Warehouse-9-247x247.webp 247w, https:\/\/www.vapeswholesaler.com\/wp-content\/uploads\/2025\/01\/Wholesale-Happ-Bar-Twins-25000-Puffs-Disposable-Vape-Eu-Warehouse-9-510x510.webp 510w, https:\/\/www.vapeswholesaler.com\/wp-content\/uploads\/2025\/01\/Wholesale-Happ-Bar-Twins-25000-Puffs-Disposable-Vape-Eu-Warehouse-9-100x100.webp 100w\" sizes=\"auto, (max-width: 800px) 100vw, 800px\" \/><figcaption id=\"caption-attachment-21324\" class=\"wp-caption-text\">Gro\u00dfhandel Happ Bar Zwillinge 25000 Puffs Einweg Vape Eu Warehouse 9<\/figcaption><\/figure>","protected":false},"excerpt":{"rendered":"<p>Mindestbestellmenge:\u00a0<strong>50St\u00fcck<\/strong>\u00a0(Geschmacksrichtungen mischen)\u00a0\u00a0<strong>Kostenloser Versand<\/strong><\/p>\n<p>(<strong>2%, 5% Nic<\/strong>) EU Warehouse Versandzeit 5-6 Arbeitstage<\/p>","protected":false},"featured_media":21316,"comment_status":"open","ping_status":"closed","template":"","meta":[],"product_cat":[15],"product_tag":[100,369,373,87],"class_list":{"0":"post-21336","1":"product","2":"type-product","3":"status-publish","4":"has-post-thumbnail","6":"product_cat-disposable-vape","7":"product_tag-20000-puffs","8":"product_tag-dual-flavors","9":"product_tag-europe-warehouse","10":"product_tag-vapsolo","11":"product_brand-happ-bar","13":"first","14":"outofstock","15":"shipping-taxable","16":"purchasable","17":"product-type-variable","18":"has-default-attributes"},"aioseo_notices":[],"_links":{"self":[{"href":"https:\/\/www.vapeswholesaler.com\/de\/wp-json\/wp\/v2\/product\/21336","targetHints":{"allow":["GET"]}}],"collection":[{"href":"https:\/\/www.vapeswholesaler.com\/de\/wp-json\/wp\/v2\/product"}],"about":[{"href":"https:\/\/www.vapeswholesaler.com\/de\/wp-json\/wp\/v2\/types\/product"}],"replies":[{"embeddable":true,"href":"https:\/\/www.vapeswholesaler.com\/de\/wp-json\/wp\/v2\/comments?post=21336"}],"wp:featuredmedia":[{"embeddable":true,"href":"https:\/\/www.vapeswholesaler.com\/de\/wp-json\/wp\/v2\/media\/21316"}],"wp:attachment":[{"href":"https:\/\/www.vapeswholesaler.com\/de\/wp-json\/wp\/v2\/media?parent=21336"}],"wp:term":[{"taxonomy":"product_cat","embeddable":true,"href":"https:\/\/www.vapeswholesaler.com\/de\/wp-json\/wp\/v2\/product_cat?post=21336"},{"taxonomy":"product_tag","embeddable":true,"href":"https:\/\/www.vapeswholesaler.com\/de\/wp-json\/wp\/v2\/product_tag?post=21336"}],"curies":[{"name":"wp","href":"https:\/\/api.w.org\/{rel}","templated":true}]}}