{"id":21293,"date":"2025-01-07T18:57:13","date_gmt":"2025-01-07T10:57:13","guid":{"rendered":"https:\/\/www.vapeswholesaler.com\/?post_type=product&#038;p=21293"},"modified":"2025-07-30T08:17:17","modified_gmt":"2025-07-30T00:17:17","slug":"groshandel-glucklich-bar-20000-puffs-einweg-vape-eu-lager","status":"publish","type":"product","link":"https:\/\/www.vapeswholesaler.com\/de\/produkt\/groshandel-glucklich-bar-20000-puffs-einweg-vape-eu-lager","title":{"rendered":"Gro\u00dfhandel Happ bar 20000 Puffs Einweg Vape Eu Lagerhaus"},"content":{"rendered":"<p><a href=\"https:\/\/www.vapeswholesaler.com\/de\/produkt_marke\/glucksbar\/\">Happ-Bar<\/a> 20000 Puffs Disposable Vape ist ein vertrauensw\u00fcrdiges Produkt aus der Marke exklusive private Form Produkte, um Mittelm\u00e4\u00dfigkeit zu beseitigen, das Aussehen der Acryl transparentes Material, so dass das Produkt mehr erfrischend, sauberer und hygienischer ist.<\/p>\n<p>Auf der anderen Seite ist es von 15000 Puffs aktualisiert, haben wir die Kapazit\u00e4t der Vape-Saft auf der urspr\u00fcnglichen Basis erh\u00f6ht, so dass die Kunden mehr lang anhaltende vaping Erfahrung zu bekommen, hat unsere Produkte von der Mehrheit der Kunden anerkannt worden, und jeder von ihnen hat uns gute Kommentare gegeben, sind wir zuversichtlich, dass diese devlce wird eine weitere brillante Zukunft zu schaffen, so dass unsere Partner k\u00f6nnen mehr Benutzer Erfahrung und Gesch\u00e4ftswert zu bekommen.<\/p>\n<p>Das Ger\u00e4t mit 25ml von vorgef\u00fcllten ejuice und 650mAh Batterie kommen, gibt es 18 Aromen zur Verf\u00fcgung und kann Typ-C-Anschluss zum Aufladen zu unterst\u00fctzen, so dass wir nicht mehr \u00fcber Macht Angst sorgen. Wir haben 1,0 Ohm Mesh-Coils, die vaping werden kann und erm\u00f6glicht eine angenehme Erfahrung f\u00fcr den Kunden. Dar\u00fcber hinaus sind unsere Produkte mit einer elektronischen Anzeige ausgestattet, die es Ihnen erm\u00f6glicht, den Status des Produkts jederzeit zu \u00fcberwachen.<\/p>\n<h2><strong><a href=\"https:\/\/www.facebook.com\/fred.luo.58\">Happ-Bar<\/a> 20000 Puffs Einweg Vape Eigenschaften:<\/strong><\/h2>\n<ul>\n<li>Puff: 20000puffsNikotingehalt: 2%, 5%<\/li>\n<li>Akku-Kapazit\u00e4t: 650mAh<\/li>\n<li>Wiederaufladbar oder nicht: TYPE-C-Ladeanschluss<\/li>\n<li>Widerstand: 1.0ohm<\/li>\n<li>Inhalt: 25ml *Geschmack: 18 Geschmacksrichtungen,<\/li>\n<\/ul>\n<h2><strong>Auflistung der Geschm\u00e4cker:<\/strong><\/h2>\n<ol>\n<li>Blauer Razz Gummib\u00e4rchen<\/li>\n<li>Heidelbeere Kirsche Cranberry<\/li>\n<li>Blaubeereis<\/li>\n<li>Heidelbeere-Himbeere<\/li>\n<li>Kirsche Eis<\/li>\n<li>Kokosnuss-Zitrone<\/li>\n<li>Hami Melone<\/li>\n<li>Kiwi Passionsfrucht Guave<\/li>\n<li>Zitronenhagel<\/li>\n<li>Monster Mango<\/li>\n<li>Ananas-Kokosnuss<\/li>\n<li>Himbeere Wassermelone<\/li>\n<li>Erdbeere-Banane<\/li>\n<li>Erdbeereis<\/li>\n<li>Erdbeer-Kiwi<\/li>\n<li>Erdbeere-Himbeere<\/li>\n<li>Erdbeer-Vanille-Cola<\/li>\n<li>Wassermelone Eis<\/li>\n<\/ol>\n<h2>Packliste:<\/h2>\n<p>1St\u00fcck pro Karton<br \/>\n10St\u00fcck pro Displaykarton<br \/>\n200St\u00fcck pro Karton<\/p>\n<figure id=\"attachment_21268\" aria-describedby=\"caption-attachment-21268\" style=\"width: 800px\" class=\"wp-caption alignnone\"><img loading=\"lazy\" decoding=\"async\" class=\"wp-image-21268 size-full\" title=\"Gro\u00dfhandel Happbar GR 20000 Puffs Einweg Vape 7\" src=\"https:\/\/www.vapeswholesaler.com\/wp-content\/uploads\/2025\/01\/Wholesale-Happbar-GR-20000-Puffs-Disposable-Vape-7.webp\" alt=\"Gro\u00dfhandel Happbar GR 20000 Puffs Einweg Vape 7\" width=\"800\" height=\"396\" srcset=\"https:\/\/www.vapeswholesaler.com\/wp-content\/uploads\/2025\/01\/Wholesale-Happbar-GR-20000-Puffs-Disposable-Vape-7.webp 800w, https:\/\/www.vapeswholesaler.com\/wp-content\/uploads\/2025\/01\/Wholesale-Happbar-GR-20000-Puffs-Disposable-Vape-7-300x149.webp 300w, https:\/\/www.vapeswholesaler.com\/wp-content\/uploads\/2025\/01\/Wholesale-Happbar-GR-20000-Puffs-Disposable-Vape-7-768x380.webp 768w, https:\/\/www.vapeswholesaler.com\/wp-content\/uploads\/2025\/01\/Wholesale-Happbar-GR-20000-Puffs-Disposable-Vape-7-18x9.webp 18w, https:\/\/www.vapeswholesaler.com\/wp-content\/uploads\/2025\/01\/Wholesale-Happbar-GR-20000-Puffs-Disposable-Vape-7-510x252.webp 510w\" sizes=\"auto, (max-width: 800px) 100vw, 800px\" \/><figcaption id=\"caption-attachment-21268\" class=\"wp-caption-text\">Gro\u00dfhandel Happ bar GR 20000 Puffs Disposable Vape<\/figcaption><\/figure>\n<figure id=\"attachment_21269\" aria-describedby=\"caption-attachment-21269\" style=\"width: 800px\" class=\"wp-caption alignnone\"><img loading=\"lazy\" decoding=\"async\" class=\"wp-image-21269 size-full\" title=\"Gro\u00dfhandel Happbar GR 20000 Puffs Einweg Vape 8\" src=\"https:\/\/www.vapeswholesaler.com\/wp-content\/uploads\/2025\/01\/Wholesale-Happbar-GR-20000-Puffs-Disposable-Vape-8.webp\" alt=\"Gro\u00dfhandel Happbar GR 20000 Puffs Einweg Vape 8\" width=\"800\" height=\"800\" srcset=\"https:\/\/www.vapeswholesaler.com\/wp-content\/uploads\/2025\/01\/Wholesale-Happbar-GR-20000-Puffs-Disposable-Vape-8.webp 800w, https:\/\/www.vapeswholesaler.com\/wp-content\/uploads\/2025\/01\/Wholesale-Happbar-GR-20000-Puffs-Disposable-Vape-8-300x300.webp 300w, https:\/\/www.vapeswholesaler.com\/wp-content\/uploads\/2025\/01\/Wholesale-Happbar-GR-20000-Puffs-Disposable-Vape-8-150x150.webp 150w, https:\/\/www.vapeswholesaler.com\/wp-content\/uploads\/2025\/01\/Wholesale-Happbar-GR-20000-Puffs-Disposable-Vape-8-768x768.webp 768w, https:\/\/www.vapeswholesaler.com\/wp-content\/uploads\/2025\/01\/Wholesale-Happbar-GR-20000-Puffs-Disposable-Vape-8-12x12.webp 12w, https:\/\/www.vapeswholesaler.com\/wp-content\/uploads\/2025\/01\/Wholesale-Happbar-GR-20000-Puffs-Disposable-Vape-8-247x247.webp 247w, https:\/\/www.vapeswholesaler.com\/wp-content\/uploads\/2025\/01\/Wholesale-Happbar-GR-20000-Puffs-Disposable-Vape-8-510x510.webp 510w, https:\/\/www.vapeswholesaler.com\/wp-content\/uploads\/2025\/01\/Wholesale-Happbar-GR-20000-Puffs-Disposable-Vape-8-100x100.webp 100w\" sizes=\"auto, (max-width: 800px) 100vw, 800px\" \/><figcaption id=\"caption-attachment-21269\" class=\"wp-caption-text\">Gro\u00dfhandel Happ bar GR 20000 Puffs Disposable Vape<\/figcaption><\/figure>\n<p>&nbsp;<\/p>\n<figure id=\"attachment_21273\" aria-describedby=\"caption-attachment-21273\" style=\"width: 800px\" class=\"wp-caption alignnone\"><img loading=\"lazy\" decoding=\"async\" class=\"wp-image-21273 size-full\" title=\"Gro\u00dfhandel Happbar GR 20000 Puffs Einweg Vape 12\" src=\"https:\/\/www.vapeswholesaler.com\/wp-content\/uploads\/2025\/01\/Wholesale-Happbar-GR-20000-Puffs-Disposable-Vape-12.webp\" alt=\"Gro\u00dfhandel Happbar GR 20000 Puffs Einweg Vape 12\" width=\"800\" height=\"800\" srcset=\"https:\/\/www.vapeswholesaler.com\/wp-content\/uploads\/2025\/01\/Wholesale-Happbar-GR-20000-Puffs-Disposable-Vape-12.webp 800w, https:\/\/www.vapeswholesaler.com\/wp-content\/uploads\/2025\/01\/Wholesale-Happbar-GR-20000-Puffs-Disposable-Vape-12-300x300.webp 300w, https:\/\/www.vapeswholesaler.com\/wp-content\/uploads\/2025\/01\/Wholesale-Happbar-GR-20000-Puffs-Disposable-Vape-12-150x150.webp 150w, https:\/\/www.vapeswholesaler.com\/wp-content\/uploads\/2025\/01\/Wholesale-Happbar-GR-20000-Puffs-Disposable-Vape-12-768x768.webp 768w, https:\/\/www.vapeswholesaler.com\/wp-content\/uploads\/2025\/01\/Wholesale-Happbar-GR-20000-Puffs-Disposable-Vape-12-12x12.webp 12w, https:\/\/www.vapeswholesaler.com\/wp-content\/uploads\/2025\/01\/Wholesale-Happbar-GR-20000-Puffs-Disposable-Vape-12-247x247.webp 247w, https:\/\/www.vapeswholesaler.com\/wp-content\/uploads\/2025\/01\/Wholesale-Happbar-GR-20000-Puffs-Disposable-Vape-12-510x510.webp 510w, https:\/\/www.vapeswholesaler.com\/wp-content\/uploads\/2025\/01\/Wholesale-Happbar-GR-20000-Puffs-Disposable-Vape-12-100x100.webp 100w\" sizes=\"auto, (max-width: 800px) 100vw, 800px\" \/><figcaption id=\"caption-attachment-21273\" class=\"wp-caption-text\">Gro\u00dfhandel Happ bar GR 20000 Puffs Disposable Vape<\/figcaption><\/figure>\n<p>&nbsp;<\/p>","protected":false},"excerpt":{"rendered":"<p>Mindestbestellmenge:\u00a0<strong>50St\u00fcck<\/strong>\u00a0(Geschmacksrichtungen mischen)\u00a0\u00a0<strong>Kostenloser Versand<\/strong><\/p>\n<p>(<strong>2%, 5% Nic<\/strong>) EU Warehouse Versandzeit 5-6 Werktage \"<em><strong>No hay ventas a Espa\u00f1a\"<\/strong><\/em><\/p>","protected":false},"featured_media":21262,"comment_status":"open","ping_status":"closed","template":"","meta":[],"product_cat":[15],"product_tag":[100,373,380],"class_list":{"0":"post-21293","1":"product","2":"type-product","3":"status-publish","4":"has-post-thumbnail","6":"product_cat-disposable-vape","7":"product_tag-20000-puffs","8":"product_tag-europe-warehouse","9":"product_tag-happ-bar","10":"product_brand-happ-bar","12":"first","13":"outofstock","14":"shipping-taxable","15":"purchasable","16":"product-type-variable","17":"has-default-attributes"},"aioseo_notices":[],"_links":{"self":[{"href":"https:\/\/www.vapeswholesaler.com\/de\/wp-json\/wp\/v2\/product\/21293","targetHints":{"allow":["GET"]}}],"collection":[{"href":"https:\/\/www.vapeswholesaler.com\/de\/wp-json\/wp\/v2\/product"}],"about":[{"href":"https:\/\/www.vapeswholesaler.com\/de\/wp-json\/wp\/v2\/types\/product"}],"replies":[{"embeddable":true,"href":"https:\/\/www.vapeswholesaler.com\/de\/wp-json\/wp\/v2\/comments?post=21293"}],"wp:featuredmedia":[{"embeddable":true,"href":"https:\/\/www.vapeswholesaler.com\/de\/wp-json\/wp\/v2\/media\/21262"}],"wp:attachment":[{"href":"https:\/\/www.vapeswholesaler.com\/de\/wp-json\/wp\/v2\/media?parent=21293"}],"wp:term":[{"taxonomy":"product_cat","embeddable":true,"href":"https:\/\/www.vapeswholesaler.com\/de\/wp-json\/wp\/v2\/product_cat?post=21293"},{"taxonomy":"product_tag","embeddable":true,"href":"https:\/\/www.vapeswholesaler.com\/de\/wp-json\/wp\/v2\/product_tag?post=21293"}],"curies":[{"name":"wp","href":"https:\/\/api.w.org\/{rel}","templated":true}]}}