{"id":21247,"date":"2025-01-04T15:31:47","date_gmt":"2025-01-04T07:31:47","guid":{"rendered":"https:\/\/www.vapeswholesaler.com\/?post_type=product&#038;p=21247"},"modified":"2025-08-13T15:14:08","modified_gmt":"2025-08-13T07:14:08","slug":"groshandel-vapsolo-galaxie-30k-einweg-vape","status":"publish","type":"product","link":"https:\/\/www.vapeswholesaler.com\/de\/produkt\/groshandel-vapsolo-galaxie-30k-einweg-vape","title":{"rendered":"Gro\u00dfhandel Vapsolo Galaxy 30K Einweg Vape"},"content":{"rendered":"<p><a href=\"https:\/\/www.vapeswholesaler.com\/de\/produkt_marke\/vapsolo\/\">Vapsolo<\/a> Galaxy 30k Disposable Vape weiterhin die super stabile Zuverl\u00e4ssigkeit der Marke Vapsolo, und das Aussehen ist \u00e4hnlich wie die hei\u00dfesten Verkauf Twins 20k, so dass unsere Kunden mehr Auswahl. Das Aussehen von mehr exquisite Harz Material, mehr innovative, von den Kunden geliebt.<\/p>\n<p>Das Einweg-Vape ist mit einem vollst\u00e4ndigen Touchscreen ausgestattet und verf\u00fcgt \u00fcber zwei Modi, aus denen man durch doppeltes Antippen des Fingerabdruck-Symbols auf dem Bildschirm zwischen dem normalen Modus und dem Turbomodus wechseln kann. Die LED's und so weiter blinken, w\u00e4hrend Sie rauchen, so dass es noch mehr Spa\u00df macht.<\/p>\n<p>Vapsolo Galaxy 30k Disposable Vape kommt mit 40ml vorinstallierten Vape-\u00d6l, das f\u00fcr etwa 30.000 Puffs verwendet werden kann, und kommt mit einer sehr guten Qualit\u00e4t 650mAh Akku, der mit einem Typ-C-Anschluss aufgeladen werden kann, so dass Sie nicht mehr \u00fcber die Lebensdauer der Batterie zu k\u00fcmmern, und es verwendet Mesh Coils, die einen Widerstandswert von 1.0\u03a9, die die Reduktion des \u00d6ls maximiert haben, so dass die Kunden das Beste aus dem Produkt zu bekommen. Kunden erhalten die beste Erfahrung vaping.<\/p>\n<h2><strong><a href=\"https:\/\/www.facebook.com\/fred.luo.58\">Vapsolo<\/a> Galaxy 30k Einweg Vape Eigenschaften:<\/strong><\/h2>\n<ul>\n<li>Puffs: 30000 Puffs<\/li>\n<li>LCD-Anzeige<\/li>\n<li>E-Liquid Kapazit\u00e4t: 40ml<\/li>\n<li>Batteriekapazit\u00e4t: 650MAH<\/li>\n<li>Maschenspule<\/li>\n<li>Spulenwiderstand: 1.0\u03a9<\/li>\n<li>Typ-C-Anschluss, wiederaufladbar<\/li>\n<li>12 Geschmacksrichtungen<\/li>\n<\/ul>\n<h2><strong>Liste der Geschmacksrichtungen:<\/strong><\/h2>\n<ol>\n<li>Wassermelone Eis<\/li>\n<li>Erdbeer-Kiwi<\/li>\n<li>Blauer Razzia<\/li>\n<li>Zitrone-Limette<\/li>\n<li>Zitrone Pfirsich<\/li>\n<li>Dreifache Melone<\/li>\n<li>Himbeere Wassermelone<\/li>\n<li>Ananas-Kokosnuss<\/li>\n<li>Erdbeer-Red Bull<\/li>\n<li>Erdbeer-Banane<\/li>\n<li>Erdbeer-Himbeer-Kirsch-Eis<\/li>\n<li>Schwarzes Eis Drachenfrucht-Erdbeere<\/li>\n<\/ol>\n<h2><strong>Packliste:<\/strong><\/h2>\n<p>1St\u00fcck pro Einzelkarton<br \/>\n10 St\u00fcck pro Displaykarton<br \/>\n200St\u00fcck\/ctn;<br \/>\nGewicht\uff1a120g\/St\u00fcck 24kg\/Ktn<br \/>\nGr\u00f6\u00dfe des Kartons: 44*43*26.5CM<\/p>\n<figure id=\"attachment_21234\" aria-describedby=\"caption-attachment-21234\" style=\"width: 800px\" class=\"wp-caption alignnone\"><img loading=\"lazy\" decoding=\"async\" class=\"wp-image-21234 size-full\" title=\"Gro\u00dfhandel Vapsolo Galaxy 30K Einweg Vape 5\" src=\"https:\/\/www.vapeswholesaler.com\/wp-content\/uploads\/2025\/01\/Wholesale-Vapsolo-Galaxy-30K-Disposable-Vape-5.jpg\" alt=\"Gro\u00dfhandel Vapsolo Galaxy 30K Einweg Vape 5\" width=\"800\" height=\"800\" srcset=\"https:\/\/www.vapeswholesaler.com\/wp-content\/uploads\/2025\/01\/Wholesale-Vapsolo-Galaxy-30K-Disposable-Vape-5.jpg 800w, https:\/\/www.vapeswholesaler.com\/wp-content\/uploads\/2025\/01\/Wholesale-Vapsolo-Galaxy-30K-Disposable-Vape-5-300x300.jpg 300w, https:\/\/www.vapeswholesaler.com\/wp-content\/uploads\/2025\/01\/Wholesale-Vapsolo-Galaxy-30K-Disposable-Vape-5-150x150.jpg 150w, https:\/\/www.vapeswholesaler.com\/wp-content\/uploads\/2025\/01\/Wholesale-Vapsolo-Galaxy-30K-Disposable-Vape-5-768x768.jpg 768w, https:\/\/www.vapeswholesaler.com\/wp-content\/uploads\/2025\/01\/Wholesale-Vapsolo-Galaxy-30K-Disposable-Vape-5-12x12.jpg 12w, https:\/\/www.vapeswholesaler.com\/wp-content\/uploads\/2025\/01\/Wholesale-Vapsolo-Galaxy-30K-Disposable-Vape-5-247x247.jpg 247w, https:\/\/www.vapeswholesaler.com\/wp-content\/uploads\/2025\/01\/Wholesale-Vapsolo-Galaxy-30K-Disposable-Vape-5-510x510.jpg 510w, https:\/\/www.vapeswholesaler.com\/wp-content\/uploads\/2025\/01\/Wholesale-Vapsolo-Galaxy-30K-Disposable-Vape-5-100x100.jpg 100w\" sizes=\"auto, (max-width: 800px) 100vw, 800px\" \/><figcaption id=\"caption-attachment-21234\" class=\"wp-caption-text\">Gro\u00dfhandel Vapsolo Galaxy 30K Einweg Vape<\/figcaption><\/figure>\n<p>&nbsp;<\/p>\n<p>&nbsp;<\/p>\n<p>&nbsp;<\/p>","protected":false},"excerpt":{"rendered":"<p>Mindestbestellmenge: <strong>50St\u00fcck<\/strong>\u00a0(Geschmacksrichtungen mischen)\u00a0<strong> Kostenloser Versand<\/strong><\/p>\n<p><strong>(2%, 5% Nic) EU-Lager Versandzeit 5-6 Arbeitstage<\/strong><\/p>","protected":false},"featured_media":21232,"comment_status":"open","ping_status":"closed","template":"","meta":[],"product_cat":[15],"product_tag":[373,374,87],"class_list":{"0":"post-21247","1":"product","2":"type-product","3":"status-publish","4":"has-post-thumbnail","6":"product_cat-disposable-vape","7":"product_tag-europe-warehouse","8":"product_tag-30000-puffs","9":"product_tag-vapsolo","10":"product_brand-vapsolo","12":"first","13":"outofstock","14":"shipping-taxable","15":"purchasable","16":"product-type-variable","17":"has-default-attributes"},"aioseo_notices":[],"_links":{"self":[{"href":"https:\/\/www.vapeswholesaler.com\/de\/wp-json\/wp\/v2\/product\/21247","targetHints":{"allow":["GET"]}}],"collection":[{"href":"https:\/\/www.vapeswholesaler.com\/de\/wp-json\/wp\/v2\/product"}],"about":[{"href":"https:\/\/www.vapeswholesaler.com\/de\/wp-json\/wp\/v2\/types\/product"}],"replies":[{"embeddable":true,"href":"https:\/\/www.vapeswholesaler.com\/de\/wp-json\/wp\/v2\/comments?post=21247"}],"wp:featuredmedia":[{"embeddable":true,"href":"https:\/\/www.vapeswholesaler.com\/de\/wp-json\/wp\/v2\/media\/21232"}],"wp:attachment":[{"href":"https:\/\/www.vapeswholesaler.com\/de\/wp-json\/wp\/v2\/media?parent=21247"}],"wp:term":[{"taxonomy":"product_cat","embeddable":true,"href":"https:\/\/www.vapeswholesaler.com\/de\/wp-json\/wp\/v2\/product_cat?post=21247"},{"taxonomy":"product_tag","embeddable":true,"href":"https:\/\/www.vapeswholesaler.com\/de\/wp-json\/wp\/v2\/product_tag?post=21247"}],"curies":[{"name":"wp","href":"https:\/\/api.w.org\/{rel}","templated":true}]}}