{"id":21174,"date":"2024-12-29T20:11:32","date_gmt":"2024-12-29T12:11:32","guid":{"rendered":"https:\/\/www.vapeswholesaler.com\/?post_type=product&#038;p=21174"},"modified":"2025-09-16T15:16:55","modified_gmt":"2025-09-16T07:16:55","slug":"groshandel-jnr-alien-10000-puffs-einweg-vape","status":"publish","type":"product","link":"https:\/\/www.vapeswholesaler.com\/de\/produkt\/groshandel-jnr-alien-10000-puffs-einweg-vape","title":{"rendered":"Gro\u00dfhandel JNR Alien 10000 Puffs Einweg Vape"},"content":{"rendered":"<p>Die <a title=\"JNR\" href=\"https:\/\/www.vapeswholesaler.com\/de\/produkt_marke\/jnr-einweg-vape\/\"><strong>JNR<\/strong><\/a> Alien 10000 Puffs Disposable Vape liefert eine glatte ziehen und geschmackvolle Dampf mit einem 1,2\u03a9 Spule, und es r\u00fchmt sich eine beeindruckende Kapazit\u00e4t von etwa 10000 Puffs, angetrieben von einem 850mAh Akku. Mit vorgef\u00fcllten 20ml e-Fl\u00fcssigkeit, bietet es eine vielf\u00e4ltige Palette von \u00fcber 30 Geschmacksrichtungen, von erfrischendem Eis zu k\u00f6stlichen Fr\u00fcchten. Die Bequemlichkeit eines Typ-C-Ladeanschlusses sorgt f\u00fcr schnelles und problemloses Aufladen.<\/p>\n<h2><strong>JNR Alien 10000 Puffs Features:<\/strong><\/h2>\n<ul>\n<li>Sportliches Design<\/li>\n<li>LED (RGB)-Leuchten,<\/li>\n<li>Ungef\u00e4hr 10.000 Z\u00fcge<\/li>\n<li>Beeindruckende Aromen<\/li>\n<li>Reibungsloses Dampferlebnis<\/li>\n<li>Erh\u00f6hte Zufriedenheit<\/li>\n<li>Mode-Stil<\/li>\n<li>Mit Trageriemen f\u00fcr die bequeme Mitnahme unterwegs<\/li>\n<li>Nikotin: 0% 2% 5%<\/li>\n<li>E-Fl\u00fcssigkeit Kapazit\u00e4t: 20ml<\/li>\n<li>Batteriekapazit\u00e4t:850mah<\/li>\n<li>Kern: 1.2ohm Mesh Spulen<\/li>\n<\/ul>\n<h2><strong>\u00a0<\/strong><strong>Verf\u00fcgbare Geschmacksrichtungen\uff1a<\/strong><\/h2>\n<ol>\n<li>Schwarzer Drache Eis<\/li>\n<li>Blaue Razzia-Kirsche<\/li>\n<li>Blaues Razzeis<\/li>\n<li>Heidelbeer-Kaugummi<\/li>\n<li>Heidelbeere Kirsche Cranberry<\/li>\n<li>Heidelbeere auf Eis<\/li>\n<li>Blaubeere-Sauer-Himbeere<\/li>\n<li>Sprudel-Kirsch-Cola<\/li>\n<li>Traubeneis<\/li>\n<li>Guave lce<\/li>\n<li>Kiwi Passionsfrucht Guave<\/li>\n<li>Erdbeer-Kiwi<\/li>\n<li>Gemischte Beere<\/li>\n<li>Herr Blau<\/li>\n<li>Passionsfrucht<\/li>\n<li>Pfirsich Beere<\/li>\n<li>Pfirsich-Blaubeer-Bonbon<\/li>\n<li>Pfirsich-Eis<\/li>\n<li>Pfirsich Mango Ananas<\/li>\n<li>Saurer Apfel<\/li>\n<li>Erdbeere-Banane<\/li>\n<li>Erdbeereis<\/li>\n<li>Erdbeer-Himbeer-Kirsch-Eis<\/li>\n<li>Erdbeer-Wassermelonen-Eis<\/li>\n<li>Erdbeer-Wassermelonen-Limonade<\/li>\n<li>Wassermelone Kaugummi<\/li>\n<li>Wassermelone Eis<\/li>\n<li>Bananeneis<\/li>\n<li>Heidelbeere-Kiwi<\/li>\n<li>Kirsche Beere<\/li>\n<li>Cola-Eis<\/li>\n<li>K\u00fchle Minze<\/li>\n<li>Doppelter Apfel<\/li>\n<li>Gummib\u00e4rchen<\/li>\n<li>\u00dcppiges Eis<\/li>\n<li>Himbeere Wassermelone<\/li>\n<li>Erdbeer-Bonboneis<\/li>\n<li>Erdbeer-Pinacolada<\/li>\n<li>Erdbeere-Granatapfel<\/li>\n<li>Erdbeer-Himbeer-Eis<\/li>\n<li>Tropischer Punsch<\/li>\n<li>Wassermelone Brazz-Eis<\/li>\n<li>Wassermelone-Litschi<\/li>\n<\/ol>\n<h2><strong>Packliste:<\/strong><\/h2>\n<p>1St\u00fcck pro Einzelkarton<br \/>\n10 St\u00fcck pro Displaykarton<br \/>\n200St\u00fcck pro Karton<\/p>\n<p><img loading=\"lazy\" decoding=\"async\" class=\"alignnone wp-image-21176 size-full\" title=\"Gro\u00dfhandel JNR Alien 10000 Puffs Einweg Vape 12\" src=\"https:\/\/www.vapeswholesaler.com\/wp-content\/uploads\/2024\/12\/Wholesale-JNR-Alien-10000-Puffs-Disposable-Vape-12.webp\" alt=\"Gro\u00dfhandel JNR Alien 10000 Puffs Einweg Vape 12\" width=\"800\" height=\"800\" srcset=\"https:\/\/www.vapeswholesaler.com\/wp-content\/uploads\/2024\/12\/Wholesale-JNR-Alien-10000-Puffs-Disposable-Vape-12.webp 800w, https:\/\/www.vapeswholesaler.com\/wp-content\/uploads\/2024\/12\/Wholesale-JNR-Alien-10000-Puffs-Disposable-Vape-12-300x300.webp 300w, https:\/\/www.vapeswholesaler.com\/wp-content\/uploads\/2024\/12\/Wholesale-JNR-Alien-10000-Puffs-Disposable-Vape-12-150x150.webp 150w, https:\/\/www.vapeswholesaler.com\/wp-content\/uploads\/2024\/12\/Wholesale-JNR-Alien-10000-Puffs-Disposable-Vape-12-768x768.webp 768w, https:\/\/www.vapeswholesaler.com\/wp-content\/uploads\/2024\/12\/Wholesale-JNR-Alien-10000-Puffs-Disposable-Vape-12-12x12.webp 12w, https:\/\/www.vapeswholesaler.com\/wp-content\/uploads\/2024\/12\/Wholesale-JNR-Alien-10000-Puffs-Disposable-Vape-12-247x247.webp 247w, https:\/\/www.vapeswholesaler.com\/wp-content\/uploads\/2024\/12\/Wholesale-JNR-Alien-10000-Puffs-Disposable-Vape-12-510x510.webp 510w, https:\/\/www.vapeswholesaler.com\/wp-content\/uploads\/2024\/12\/Wholesale-JNR-Alien-10000-Puffs-Disposable-Vape-12-100x100.webp 100w\" sizes=\"auto, (max-width: 800px) 100vw, 800px\" \/> <img loading=\"lazy\" decoding=\"async\" class=\"alignnone wp-image-21177 size-full\" title=\"Gro\u00dfhandel JNR Alien 10000 Puffs Einweg Vape 13\" src=\"https:\/\/www.vapeswholesaler.com\/wp-content\/uploads\/2024\/12\/Wholesale-JNR-Alien-10000-Puffs-Disposable-Vape-13.webp\" alt=\"Gro\u00dfhandel JNR Alien 10000 Puffs Einweg Vape 13\" width=\"800\" height=\"450\" srcset=\"https:\/\/www.vapeswholesaler.com\/wp-content\/uploads\/2024\/12\/Wholesale-JNR-Alien-10000-Puffs-Disposable-Vape-13.webp 800w, https:\/\/www.vapeswholesaler.com\/wp-content\/uploads\/2024\/12\/Wholesale-JNR-Alien-10000-Puffs-Disposable-Vape-13-300x169.webp 300w, https:\/\/www.vapeswholesaler.com\/wp-content\/uploads\/2024\/12\/Wholesale-JNR-Alien-10000-Puffs-Disposable-Vape-13-768x432.webp 768w, https:\/\/www.vapeswholesaler.com\/wp-content\/uploads\/2024\/12\/Wholesale-JNR-Alien-10000-Puffs-Disposable-Vape-13-18x10.webp 18w, https:\/\/www.vapeswholesaler.com\/wp-content\/uploads\/2024\/12\/Wholesale-JNR-Alien-10000-Puffs-Disposable-Vape-13-510x287.webp 510w\" sizes=\"auto, (max-width: 800px) 100vw, 800px\" \/><\/p>\n<p>&nbsp;<\/p>\n<p>&nbsp;<\/p>","protected":false},"excerpt":{"rendered":"<p>Mindestbestellmenge:\u00a0<strong>50St\u00fcck<\/strong>\u00a0(Geschmacksrichtungen mischen)<\/p>\n<p>\uff08 2%\uff0c5%\uff09<strong>Kostenloser Versand<\/strong><\/p>","protected":false},"featured_media":21172,"comment_status":"open","ping_status":"closed","template":"","meta":[],"product_cat":[15],"product_tag":[429,427,428],"class_list":{"0":"post-21174","1":"product","2":"type-product","3":"status-publish","4":"has-post-thumbnail","6":"product_cat-disposable-vape","7":"product_tag-jnr-10000-disposable-vape","8":"product_tag-jnr-10000-puffs","9":"product_tag-jnr-10000-vapes","10":"product_brand-jnr-disposable-vape","12":"first","13":"instock","14":"shipping-taxable","15":"purchasable","16":"product-type-variable","17":"has-default-attributes"},"aioseo_notices":[],"_links":{"self":[{"href":"https:\/\/www.vapeswholesaler.com\/de\/wp-json\/wp\/v2\/product\/21174","targetHints":{"allow":["GET"]}}],"collection":[{"href":"https:\/\/www.vapeswholesaler.com\/de\/wp-json\/wp\/v2\/product"}],"about":[{"href":"https:\/\/www.vapeswholesaler.com\/de\/wp-json\/wp\/v2\/types\/product"}],"replies":[{"embeddable":true,"href":"https:\/\/www.vapeswholesaler.com\/de\/wp-json\/wp\/v2\/comments?post=21174"}],"wp:featuredmedia":[{"embeddable":true,"href":"https:\/\/www.vapeswholesaler.com\/de\/wp-json\/wp\/v2\/media\/21172"}],"wp:attachment":[{"href":"https:\/\/www.vapeswholesaler.com\/de\/wp-json\/wp\/v2\/media?parent=21174"}],"wp:term":[{"taxonomy":"product_cat","embeddable":true,"href":"https:\/\/www.vapeswholesaler.com\/de\/wp-json\/wp\/v2\/product_cat?post=21174"},{"taxonomy":"product_tag","embeddable":true,"href":"https:\/\/www.vapeswholesaler.com\/de\/wp-json\/wp\/v2\/product_tag?post=21174"}],"curies":[{"name":"wp","href":"https:\/\/api.w.org\/{rel}","templated":true}]}}