{"id":21142,"date":"2024-12-27T16:55:33","date_gmt":"2024-12-27T08:55:33","guid":{"rendered":"https:\/\/www.vapeswholesaler.com\/?post_type=product&#038;p=21142"},"modified":"2025-08-12T11:57:44","modified_gmt":"2025-08-12T03:57:44","slug":"groshandel-jnr-mediamax-40000-zuge-einweg-vape","status":"publish","type":"product","link":"https:\/\/www.vapeswholesaler.com\/de\/produkt\/groshandel-jnr-mediamax-40000-zuge-einweg-vape","title":{"rendered":"Gro\u00dfhandel JNR MediaMax 40000 Puffs Einweg Vape"},"content":{"rendered":"<p>JNR MediaMax 40000 Puffs ist ein revolution\u00e4rer Einwegverdampfer, der die Grenzen des Geschmacks erweitert und Ihre Sinne weckt. Mit seiner 4-Zoll-Funktion HD-Bildschirm, genie\u00dfen Sie Ihre Augen auf eine visuelle, w\u00e4hrend mehrere Ausgangsleistung Modi zugeschnitten auf Ihre Vorlieben. Steuern Sie Ihr Erlebnis m\u00fchelos \u00fcber die App und die Bluetooth-Verbindung. Umarmen Sie die traditionelle Dual-Coil-Technologie mit einem Dual-Coil-Design, das die Leistung verdoppelt, um eine un\u00fcbertroffene vaping Erfahrung zu gew\u00e4hrleisten.<\/p>\n<p>Mit einer Batteriekapazit\u00e4t von 1000mAh bietet der JNR MediaMax 40000 Puffs eine lang anhaltende und reichhaltige Geschmacksreise. Treten Sie ein in eine Welt der verbesserten Geschmack und Ausdauer mit dem JNR MediaMax 40000 Puffs Disposable Vape wecken Sie Ihre Sinne heute.<\/p>\n<h2><strong><a href=\"https:\/\/www.vapeswholesaler.com\/de\/produkt_marke\/jnr-einweg-vape\/\">JNR<\/a> MediaMax 40000 Puffs Disposable Vape Eigenschaften:<\/strong><\/h2>\n<ul>\n<li>Vorgef\u00fcllte Kapazit\u00e4t: 21ml<\/li>\n<li>Batteriekapazit\u00e4t: 1000mAh<\/li>\n<li>Maximale Puffs: 20k (Pulsmodus) | 40k (Normalmodus)<\/li>\n<li>Nikotinst\u00e4rke: 5% (50mg)<\/li>\n<li>Betrieb: Zeichnungsaktivierung<\/li>\n<li>Heizelement: Dual Mesh Spulen<\/li>\n<li>Luftstrom: Festgelegt<\/li>\n<li>Bildschirm: Hd Display Bildschirm<\/li>\n<li>Aufladen: Usb Typ-C<\/li>\n<li>Anzeige der Batterielebensdauer<\/li>\n<li>E-Liquid-F\u00fcllstandsanzeiger<\/li>\n<\/ul>\n<h2><strong>JNR MediaMax 40000 Puffs Einweg-Vape-Aromen:<\/strong><\/h2>\n<ol>\n<li>Blaues Razzeis<\/li>\n<li>Heidelbeere Wassermelone<\/li>\n<li>Kirsche Erdbeere Himbeere<\/li>\n<li>Fcuking Fab<\/li>\n<li>Miami Mint<\/li>\n<li>Pfirsich Mango Wassermelone<\/li>\n<li>Saurer Apfel Eis<\/li>\n<li>Erdbeere-Banane<\/li>\n<li>Erdbeereis<\/li>\n<li>Wassermelone Eis<\/li>\n<\/ol>\n<h2><strong>Packliste:<\/strong><\/h2>\n<p>1St\u00fcck pro Einzelkarton<br \/>\n5St\u00fcck pro Displaybox<br \/>\n100St\u00fcck pro Karton<\/p>\n<p><img loading=\"lazy\" decoding=\"async\" class=\"alignnone wp-image-21136 size-full\" title=\"Gro\u00dfhandel JNR MediaMax 40000 Puffs Einweg Vape 5\" src=\"https:\/\/www.vapeswholesaler.com\/wp-content\/uploads\/2024\/12\/Wholesale-JNR-MediaMax-40000-Puffs-Disposable-Vape-5-scaled.jpg\" alt=\"Gro\u00dfhandel JNR MediaMax 40000 Puffs Einweg Vape 5\" width=\"650\" height=\"2560\" srcset=\"https:\/\/www.vapeswholesaler.com\/wp-content\/uploads\/2024\/12\/Wholesale-JNR-MediaMax-40000-Puffs-Disposable-Vape-5-scaled.jpg 650w, https:\/\/www.vapeswholesaler.com\/wp-content\/uploads\/2024\/12\/Wholesale-JNR-MediaMax-40000-Puffs-Disposable-Vape-5-76x300.jpg 76w, https:\/\/www.vapeswholesaler.com\/wp-content\/uploads\/2024\/12\/Wholesale-JNR-MediaMax-40000-Puffs-Disposable-Vape-5-260x1024.jpg 260w, https:\/\/www.vapeswholesaler.com\/wp-content\/uploads\/2024\/12\/Wholesale-JNR-MediaMax-40000-Puffs-Disposable-Vape-5-768x3024.jpg 768w, https:\/\/www.vapeswholesaler.com\/wp-content\/uploads\/2024\/12\/Wholesale-JNR-MediaMax-40000-Puffs-Disposable-Vape-5-390x1536.jpg 390w, https:\/\/www.vapeswholesaler.com\/wp-content\/uploads\/2024\/12\/Wholesale-JNR-MediaMax-40000-Puffs-Disposable-Vape-5-520x2048.jpg 520w, https:\/\/www.vapeswholesaler.com\/wp-content\/uploads\/2024\/12\/Wholesale-JNR-MediaMax-40000-Puffs-Disposable-Vape-5-3x12.jpg 3w, https:\/\/www.vapeswholesaler.com\/wp-content\/uploads\/2024\/12\/Wholesale-JNR-MediaMax-40000-Puffs-Disposable-Vape-5-510x2008.jpg 510w\" sizes=\"auto, (max-width: 650px) 100vw, 650px\" \/><\/p>","protected":false},"excerpt":{"rendered":"<p>Mindestbestellmenge:\u00a0<strong>50 STCK.<\/strong>\u00a0(Geschmacksrichtungen mischen)\u00a0\u00a0<strong>Kostenloser Versand<\/strong><\/p>\n<p>(<strong>5% Nic<\/strong>)<\/p>","protected":false},"featured_media":21138,"comment_status":"open","ping_status":"closed","template":"","meta":[],"product_cat":[15],"product_tag":[],"class_list":{"0":"post-21142","1":"product","2":"type-product","3":"status-publish","4":"has-post-thumbnail","6":"product_cat-disposable-vape","7":"product_brand-jnr-disposable-vape","9":"first","10":"instock","11":"shipping-taxable","12":"purchasable","13":"product-type-variable","14":"has-default-attributes"},"aioseo_notices":[],"_links":{"self":[{"href":"https:\/\/www.vapeswholesaler.com\/de\/wp-json\/wp\/v2\/product\/21142","targetHints":{"allow":["GET"]}}],"collection":[{"href":"https:\/\/www.vapeswholesaler.com\/de\/wp-json\/wp\/v2\/product"}],"about":[{"href":"https:\/\/www.vapeswholesaler.com\/de\/wp-json\/wp\/v2\/types\/product"}],"replies":[{"embeddable":true,"href":"https:\/\/www.vapeswholesaler.com\/de\/wp-json\/wp\/v2\/comments?post=21142"}],"wp:featuredmedia":[{"embeddable":true,"href":"https:\/\/www.vapeswholesaler.com\/de\/wp-json\/wp\/v2\/media\/21138"}],"wp:attachment":[{"href":"https:\/\/www.vapeswholesaler.com\/de\/wp-json\/wp\/v2\/media?parent=21142"}],"wp:term":[{"taxonomy":"product_cat","embeddable":true,"href":"https:\/\/www.vapeswholesaler.com\/de\/wp-json\/wp\/v2\/product_cat?post=21142"},{"taxonomy":"product_tag","embeddable":true,"href":"https:\/\/www.vapeswholesaler.com\/de\/wp-json\/wp\/v2\/product_tag?post=21142"}],"curies":[{"name":"wp","href":"https:\/\/api.w.org\/{rel}","templated":true}]}}