{"id":21120,"date":"2024-12-26T22:55:43","date_gmt":"2024-12-26T14:55:43","guid":{"rendered":"https:\/\/www.vapeswholesaler.com\/?post_type=product&#038;p=21120"},"modified":"2025-12-06T10:33:16","modified_gmt":"2025-12-06T02:33:16","slug":"groshandel-feemo-alpen-30000-puffs-einweg-vape","status":"publish","type":"product","link":"https:\/\/www.vapeswholesaler.com\/de\/produkt\/groshandel-feemo-alpen-30000-puffs-einweg-vape","title":{"rendered":"Gro\u00dfhandel Feemo Alpen 30000 Puffs Einweg Vape"},"content":{"rendered":"<p>Feemo Alps 30000 Puffs Disposable E-Zigarette ist eine brandneue, Sie k\u00f6nnen jetzt genie\u00dfen Sie bis zu 30.000 Puffs, w\u00e4hrend immer noch alle fantastischen Aromen und Funktionalit\u00e4t, die Einweg-E-Zigaretten zu bieten haben. Mit einer breiten Palette von Aromen und einstellbaren Einstellungen kann die Feemo Alps 30000 Disposable E-Zigarette alle Ihre vaping Bed\u00fcrfnisse erf\u00fcllen.<\/p>\n<p>Feemo Alps 30000 Puffs Disposable E-Zigarette, eine innovative, langlebige Ger\u00e4t, das eine volle 35 Milliliter 2% Nikotin e-Fl\u00fcssigkeit h\u00e4lt und kann bis zu 30.000 puffs.This E-Zigarette hat einen 850mAh Akku, unterst\u00fctzt USB-Typ-C-Ladung, und verf\u00fcgt \u00fcber Dual-Mesh-Spulen, eine einstellbare Luftstrom-System, und eine klare LCD-Bildschirm f\u00fcr eine personalisierte vaping Erfahrung. Holen Sie sich dieses funktionsreiche Gadget mit hoher Kapazit\u00e4t, um informiertes und erf\u00fcllendes Dampfen zu genie\u00dfen.<\/p>\n<p>Ausgestattet mit einem Sub Ohm 0,5 Ohm Spule, die Cloud Mountain ALPS 30000 Puffs liefert robuste Wolken und intensiven Geschmack mit jedem Zug, so dass eine befriedigende vaping Erfahrung. Feemo Alpen 30000 Einweg-E-Zigarette hat einen st\u00e4rkeren Geschmack und bietet eine hervorragende Balance. machen Sie eine tiefe Zuneigung f\u00fcr dieses Element zu entwickeln.<\/p>\n<h2><strong><a href=\"https:\/\/www.vapeswholesaler.com\/de\/produkt_marke\/feemo\/\">Feemo<\/a> Alps 30000 Puffs Disposable Vape Eigenschaften:<\/strong><\/h2>\n<ul>\n<li>850mAh wiederaufladbare Batterie<\/li>\n<li>35ml vorgef\u00fcllte e-Fl\u00fcssigkeit<\/li>\n<li>2% Nikotinst\u00e4rke<\/li>\n<li>Erreichen Sie bis zu 30000 Puffs<\/li>\n<li>0,5-Ohm-Mesh-Spule<\/li>\n<li>Typ-C-Ladeanschluss<\/li>\n<li>10 Geschmacksrichtungen verf\u00fcgbar<\/li>\n<\/ul>\n<h2><strong>Feemo Alpen 30000 Puffs Einweg-Vape-Aromen:<\/strong><\/h2>\n<ol>\n<li>Drache Melone<\/li>\n<li>Schwarzes Eis Drachenfrucht-Erdbeere<\/li>\n<li>Rosa Limonade<\/li>\n<li>Erdbeere Wassermelone<\/li>\n<li>Aloe Traube<\/li>\n<li>Erdbeere-Banane<\/li>\n<li>Heidelbeer-Kirsch-Cola<\/li>\n<li>Wassermelone<\/li>\n<li>Passionsfrucht-Kiwi<\/li>\n<li>Mango<\/li>\n<\/ol>\n<h2><strong>Packliste:<\/strong><\/h2>\n<p>1St\u00fcck pro Einzelkarton<br \/>\n10St\u00fcck pro Displaykarton<br \/>\n200St\u00fcck pro Karton<\/p>\n<p><img loading=\"lazy\" decoding=\"async\" class=\"alignnone wp-image-21117 size-full\" title=\"Gro\u00dfhandel Feemo Alpen 30000 Puffs Einweg Vape 8\" src=\"https:\/\/www.vapeswholesaler.com\/wp-content\/uploads\/2024\/12\/Wholesale-Feemo-Alps-30000-Puffs-Disposable-Vape-8.webp\" alt=\"Gro\u00dfhandel Feemo Alpen 30000 Puffs Einweg Vape 8\" width=\"800\" height=\"800\" srcset=\"https:\/\/www.vapeswholesaler.com\/wp-content\/uploads\/2024\/12\/Wholesale-Feemo-Alps-30000-Puffs-Disposable-Vape-8.webp 800w, https:\/\/www.vapeswholesaler.com\/wp-content\/uploads\/2024\/12\/Wholesale-Feemo-Alps-30000-Puffs-Disposable-Vape-8-300x300.webp 300w, https:\/\/www.vapeswholesaler.com\/wp-content\/uploads\/2024\/12\/Wholesale-Feemo-Alps-30000-Puffs-Disposable-Vape-8-150x150.webp 150w, https:\/\/www.vapeswholesaler.com\/wp-content\/uploads\/2024\/12\/Wholesale-Feemo-Alps-30000-Puffs-Disposable-Vape-8-768x768.webp 768w, https:\/\/www.vapeswholesaler.com\/wp-content\/uploads\/2024\/12\/Wholesale-Feemo-Alps-30000-Puffs-Disposable-Vape-8-12x12.webp 12w, https:\/\/www.vapeswholesaler.com\/wp-content\/uploads\/2024\/12\/Wholesale-Feemo-Alps-30000-Puffs-Disposable-Vape-8-247x247.webp 247w, https:\/\/www.vapeswholesaler.com\/wp-content\/uploads\/2024\/12\/Wholesale-Feemo-Alps-30000-Puffs-Disposable-Vape-8-510x510.webp 510w, https:\/\/www.vapeswholesaler.com\/wp-content\/uploads\/2024\/12\/Wholesale-Feemo-Alps-30000-Puffs-Disposable-Vape-8-100x100.webp 100w\" sizes=\"auto, (max-width: 800px) 100vw, 800px\" \/> <img loading=\"lazy\" decoding=\"async\" class=\"alignnone wp-image-21115 size-full\" title=\"Gro\u00dfhandel Feemo Alpen 30000 Puffs Einweg Vape 6\" src=\"https:\/\/www.vapeswholesaler.com\/wp-content\/uploads\/2024\/12\/Wholesale-Feemo-Alps-30000-Puffs-Disposable-Vape-6.webp\" alt=\"Gro\u00dfhandel Feemo Alpen 30000 Puffs Einweg Vape 6\" width=\"800\" height=\"800\" srcset=\"https:\/\/www.vapeswholesaler.com\/wp-content\/uploads\/2024\/12\/Wholesale-Feemo-Alps-30000-Puffs-Disposable-Vape-6.webp 800w, https:\/\/www.vapeswholesaler.com\/wp-content\/uploads\/2024\/12\/Wholesale-Feemo-Alps-30000-Puffs-Disposable-Vape-6-300x300.webp 300w, https:\/\/www.vapeswholesaler.com\/wp-content\/uploads\/2024\/12\/Wholesale-Feemo-Alps-30000-Puffs-Disposable-Vape-6-150x150.webp 150w, https:\/\/www.vapeswholesaler.com\/wp-content\/uploads\/2024\/12\/Wholesale-Feemo-Alps-30000-Puffs-Disposable-Vape-6-768x768.webp 768w, https:\/\/www.vapeswholesaler.com\/wp-content\/uploads\/2024\/12\/Wholesale-Feemo-Alps-30000-Puffs-Disposable-Vape-6-12x12.webp 12w, https:\/\/www.vapeswholesaler.com\/wp-content\/uploads\/2024\/12\/Wholesale-Feemo-Alps-30000-Puffs-Disposable-Vape-6-247x247.webp 247w, https:\/\/www.vapeswholesaler.com\/wp-content\/uploads\/2024\/12\/Wholesale-Feemo-Alps-30000-Puffs-Disposable-Vape-6-510x510.webp 510w, https:\/\/www.vapeswholesaler.com\/wp-content\/uploads\/2024\/12\/Wholesale-Feemo-Alps-30000-Puffs-Disposable-Vape-6-100x100.webp 100w\" sizes=\"auto, (max-width: 800px) 100vw, 800px\" \/> <img loading=\"lazy\" decoding=\"async\" class=\"alignnone wp-image-21116 size-full\" title=\"Gro\u00dfhandel Feemo Alpen 30000 Puffs Einweg Vape 7\" src=\"https:\/\/www.vapeswholesaler.com\/wp-content\/uploads\/2024\/12\/Wholesale-Feemo-Alps-30000-Puffs-Disposable-Vape-7.webp\" alt=\"Gro\u00dfhandel Feemo Alpen 30000 Puffs Einweg Vape 7\" width=\"800\" height=\"800\" srcset=\"https:\/\/www.vapeswholesaler.com\/wp-content\/uploads\/2024\/12\/Wholesale-Feemo-Alps-30000-Puffs-Disposable-Vape-7.webp 800w, https:\/\/www.vapeswholesaler.com\/wp-content\/uploads\/2024\/12\/Wholesale-Feemo-Alps-30000-Puffs-Disposable-Vape-7-300x300.webp 300w, https:\/\/www.vapeswholesaler.com\/wp-content\/uploads\/2024\/12\/Wholesale-Feemo-Alps-30000-Puffs-Disposable-Vape-7-150x150.webp 150w, https:\/\/www.vapeswholesaler.com\/wp-content\/uploads\/2024\/12\/Wholesale-Feemo-Alps-30000-Puffs-Disposable-Vape-7-768x768.webp 768w, https:\/\/www.vapeswholesaler.com\/wp-content\/uploads\/2024\/12\/Wholesale-Feemo-Alps-30000-Puffs-Disposable-Vape-7-12x12.webp 12w, https:\/\/www.vapeswholesaler.com\/wp-content\/uploads\/2024\/12\/Wholesale-Feemo-Alps-30000-Puffs-Disposable-Vape-7-247x247.webp 247w, https:\/\/www.vapeswholesaler.com\/wp-content\/uploads\/2024\/12\/Wholesale-Feemo-Alps-30000-Puffs-Disposable-Vape-7-510x510.webp 510w, https:\/\/www.vapeswholesaler.com\/wp-content\/uploads\/2024\/12\/Wholesale-Feemo-Alps-30000-Puffs-Disposable-Vape-7-100x100.webp 100w\" sizes=\"auto, (max-width: 800px) 100vw, 800px\" \/> <img loading=\"lazy\" decoding=\"async\" class=\"alignnone wp-image-21118 size-full\" title=\"Gro\u00dfhandel Feemo Alpen 30000 Puffs Einweg Vape 9\" src=\"https:\/\/www.vapeswholesaler.com\/wp-content\/uploads\/2024\/12\/Wholesale-Feemo-Alps-30000-Puffs-Disposable-Vape-9.webp\" alt=\"Gro\u00dfhandel Feemo Alpen 30000 Puffs Einweg Vape 9\" width=\"800\" height=\"800\" srcset=\"https:\/\/www.vapeswholesaler.com\/wp-content\/uploads\/2024\/12\/Wholesale-Feemo-Alps-30000-Puffs-Disposable-Vape-9.webp 800w, https:\/\/www.vapeswholesaler.com\/wp-content\/uploads\/2024\/12\/Wholesale-Feemo-Alps-30000-Puffs-Disposable-Vape-9-300x300.webp 300w, https:\/\/www.vapeswholesaler.com\/wp-content\/uploads\/2024\/12\/Wholesale-Feemo-Alps-30000-Puffs-Disposable-Vape-9-150x150.webp 150w, https:\/\/www.vapeswholesaler.com\/wp-content\/uploads\/2024\/12\/Wholesale-Feemo-Alps-30000-Puffs-Disposable-Vape-9-768x768.webp 768w, https:\/\/www.vapeswholesaler.com\/wp-content\/uploads\/2024\/12\/Wholesale-Feemo-Alps-30000-Puffs-Disposable-Vape-9-12x12.webp 12w, https:\/\/www.vapeswholesaler.com\/wp-content\/uploads\/2024\/12\/Wholesale-Feemo-Alps-30000-Puffs-Disposable-Vape-9-247x247.webp 247w, https:\/\/www.vapeswholesaler.com\/wp-content\/uploads\/2024\/12\/Wholesale-Feemo-Alps-30000-Puffs-Disposable-Vape-9-510x510.webp 510w, https:\/\/www.vapeswholesaler.com\/wp-content\/uploads\/2024\/12\/Wholesale-Feemo-Alps-30000-Puffs-Disposable-Vape-9-100x100.webp 100w\" sizes=\"auto, (max-width: 800px) 100vw, 800px\" \/> <img loading=\"lazy\" decoding=\"async\" class=\"alignnone wp-image-21119 size-full\" title=\"Gro\u00dfhandel Feemo Alpen 30000 Puffs Einweg Vape 10\" src=\"https:\/\/www.vapeswholesaler.com\/wp-content\/uploads\/2024\/12\/Wholesale-Feemo-Alps-30000-Puffs-Disposable-Vape-10.webp\" alt=\"Gro\u00dfhandel Feemo Alpen 30000 Puffs Einweg Vape 10\" width=\"800\" height=\"800\" srcset=\"https:\/\/www.vapeswholesaler.com\/wp-content\/uploads\/2024\/12\/Wholesale-Feemo-Alps-30000-Puffs-Disposable-Vape-10.webp 800w, https:\/\/www.vapeswholesaler.com\/wp-content\/uploads\/2024\/12\/Wholesale-Feemo-Alps-30000-Puffs-Disposable-Vape-10-300x300.webp 300w, https:\/\/www.vapeswholesaler.com\/wp-content\/uploads\/2024\/12\/Wholesale-Feemo-Alps-30000-Puffs-Disposable-Vape-10-150x150.webp 150w, https:\/\/www.vapeswholesaler.com\/wp-content\/uploads\/2024\/12\/Wholesale-Feemo-Alps-30000-Puffs-Disposable-Vape-10-768x768.webp 768w, https:\/\/www.vapeswholesaler.com\/wp-content\/uploads\/2024\/12\/Wholesale-Feemo-Alps-30000-Puffs-Disposable-Vape-10-12x12.webp 12w, https:\/\/www.vapeswholesaler.com\/wp-content\/uploads\/2024\/12\/Wholesale-Feemo-Alps-30000-Puffs-Disposable-Vape-10-247x247.webp 247w, https:\/\/www.vapeswholesaler.com\/wp-content\/uploads\/2024\/12\/Wholesale-Feemo-Alps-30000-Puffs-Disposable-Vape-10-510x510.webp 510w, https:\/\/www.vapeswholesaler.com\/wp-content\/uploads\/2024\/12\/Wholesale-Feemo-Alps-30000-Puffs-Disposable-Vape-10-100x100.webp 100w\" sizes=\"auto, (max-width: 800px) 100vw, 800px\" \/><\/p>","protected":false},"excerpt":{"rendered":"<p>Mindestbestellmenge: <strong>100 STCK.<\/strong> (Geschmacksrichtungen mischen)\u00a0 <strong>\u00a0Kostenloser Versand<\/strong><br \/>\n\uff082%\uff09<strong>EU Warehouse Versandzeit 4-5 Arbeitstage<\/strong><\/p>","protected":false},"featured_media":21113,"comment_status":"open","ping_status":"closed","template":"","meta":[],"product_cat":[15],"product_tag":[],"class_list":{"0":"post-21120","1":"product","2":"type-product","3":"status-publish","4":"has-post-thumbnail","6":"product_cat-disposable-vape","7":"product_brand-feemo","9":"first","10":"instock","11":"shipping-taxable","12":"purchasable","13":"product-type-variable","14":"has-default-attributes"},"aioseo_notices":[],"_links":{"self":[{"href":"https:\/\/www.vapeswholesaler.com\/de\/wp-json\/wp\/v2\/product\/21120","targetHints":{"allow":["GET"]}}],"collection":[{"href":"https:\/\/www.vapeswholesaler.com\/de\/wp-json\/wp\/v2\/product"}],"about":[{"href":"https:\/\/www.vapeswholesaler.com\/de\/wp-json\/wp\/v2\/types\/product"}],"replies":[{"embeddable":true,"href":"https:\/\/www.vapeswholesaler.com\/de\/wp-json\/wp\/v2\/comments?post=21120"}],"wp:featuredmedia":[{"embeddable":true,"href":"https:\/\/www.vapeswholesaler.com\/de\/wp-json\/wp\/v2\/media\/21113"}],"wp:attachment":[{"href":"https:\/\/www.vapeswholesaler.com\/de\/wp-json\/wp\/v2\/media?parent=21120"}],"wp:term":[{"taxonomy":"product_cat","embeddable":true,"href":"https:\/\/www.vapeswholesaler.com\/de\/wp-json\/wp\/v2\/product_cat?post=21120"},{"taxonomy":"product_tag","embeddable":true,"href":"https:\/\/www.vapeswholesaler.com\/de\/wp-json\/wp\/v2\/product_tag?post=21120"}],"curies":[{"name":"wp","href":"https:\/\/api.w.org\/{rel}","templated":true}]}}