{"id":21079,"date":"2024-12-26T21:39:17","date_gmt":"2024-12-26T13:39:17","guid":{"rendered":"https:\/\/www.vapeswholesaler.com\/?post_type=product&#038;p=21079"},"modified":"2025-09-16T15:38:26","modified_gmt":"2025-09-16T07:38:26","slug":"groshandel-jnr-falke-x-18000-puffs-einweg-vape","status":"publish","type":"product","link":"https:\/\/www.vapeswholesaler.com\/de\/produkt\/groshandel-jnr-falke-x-18000-puffs-einweg-vape","title":{"rendered":"Gro\u00dfhandel JNR Falcon-X 18000 Puffs Einweg Vape"},"content":{"rendered":"<p><a href=\"https:\/\/www.vapeswholesaler.com\/de\/produkt_marke\/jnr-einweg-vape\/\">JNR<\/a> Falcon-X 18000 Puffs come with 950mAh battery capacity, 24ml E-liquid. This device including the digital Display, keeping track of battery life and e-liquid information anytime. With dual-core control and alternating mesh coils, our product ensures consistent high flavor even when the battery is low.<\/p>\n<p>JNR Falcon-X 18000 Puffs erleben Sie ununterbrochene Zufriedenheit mit jedem Zug! Mit einer beeindruckenden Kapazit\u00e4t von etwa 18000 Z\u00fcgen. Gro\u00dfe Kapazit\u00e4t e-Fl\u00fcssigkeit mit 24ml, 950mAh Akku-Kapazit\u00e4t, bietet es eine vielf\u00e4ltige Palette von mehr als 20 Geschmacksrichtungen, von erfrischendem Eis zu k\u00f6stlichen Fr\u00fcchten. Die Bequemlichkeit eines Typ-C-Ladeanschlusses sorgt f\u00fcr schnelles und problemloses Aufladen zu jeder Zeit mit unserem Vollbild-Display.<\/p>\n<h2><strong>JNR Falcon-X 18000 Puffs Eigenschaften:<\/strong><\/h2>\n<ul>\n<li>Puffs:18000 Puffs<\/li>\n<li>Batteriekapazit\u00e4t: 950 mAh<\/li>\n<li>E-Fl\u00fcssigkeit Kapazit\u00e4t: 24ml<\/li>\n<li>Langlebige wiederaufladbare Batterie<\/li>\n<li>Anzeige f\u00fcr Batterie- und E-Liquid-F\u00fcllstand<\/li>\n<li>Vielfalt an Premium-Geschmacksrichtungen<\/li>\n<li>Kristallklares Design<\/li>\n<\/ul>\n<h2><strong>JNR Falcon-X 18000 Puffs Geschmacksrichtungen:<\/strong><\/h2>\n<ol>\n<li>Blaues Razzeis<\/li>\n<li>Heidelbeere-Himbeere<\/li>\n<li>K\u00fchle Minze<\/li>\n<li>Kiwi-Wassermelonen-Eis<\/li>\n<li>Traubeneis<\/li>\n<li>Erdbeer-Kiwi<\/li>\n<li>Erdbeer-Wassermelonen-Eis<\/li>\n<li>Wassermelone Eis<\/li>\n<li>Erdbeereis<\/li>\n<li>Gemischte Beeren<\/li>\n<li>Wassermelone Bubblegum<\/li>\n<li>Saurer Apfel Eis<\/li>\n<li>Pfirsich-Eis<\/li>\n<li>Berry Burst<\/li>\n<li>Heidelbeere-Himbeere-Kirsche<\/li>\n<li>Kirsche Beere<\/li>\n<li>Erdbeere-Banane<\/li>\n<li>Heidelbeere-Kiwi<\/li>\n<li>Passionsfrucht-Kiwi<\/li>\n<li>Wei\u00dfer Pfirsich Razz<\/li>\n<li>Blaue Razzia-Kirsche<\/li>\n<li>Kirsche Wassermelone Freeze<\/li>\n<li>Kirsche Cola<\/li>\n<li>Bananeneis<\/li>\n<li>Kegeln<\/li>\n<li>Dreifache Melone<\/li>\n<li>Herr Blau<\/li>\n<li>Kirsche Eis<\/li>\n<li>Wassermelone-Litschi<\/li>\n<\/ol>\n<h2><strong>Packliste:<\/strong><\/h2>\n<p>1St\u00fcck pro Einzelkarton<br \/>\n10St\u00fcck pro Displaykarton<br \/>\n200St\u00fcck pro Karton<\/p>\n<figure id=\"attachment_24196\" aria-describedby=\"caption-attachment-24196\" style=\"width: 1000px\" class=\"wp-caption alignnone\"><img loading=\"lazy\" decoding=\"async\" class=\"wp-image-24196 size-full\" title=\"Wholesale JNR Falcon X 18000 Puffs Disposable Vape 13\" src=\"https:\/\/www.vapeswholesaler.com\/wp-content\/uploads\/2024\/12\/Wholesale-JNR-Falcon-X-18000-Puffs-Disposable-Vape-13.jpg\" alt=\"Wholesale JNR Falcon X 18000 Puffs Disposable Vape 13\" width=\"1000\" height=\"1000\" srcset=\"https:\/\/www.vapeswholesaler.com\/wp-content\/uploads\/2024\/12\/Wholesale-JNR-Falcon-X-18000-Puffs-Disposable-Vape-13.jpg 1000w, https:\/\/www.vapeswholesaler.com\/wp-content\/uploads\/2024\/12\/Wholesale-JNR-Falcon-X-18000-Puffs-Disposable-Vape-13-300x300.jpg 300w, https:\/\/www.vapeswholesaler.com\/wp-content\/uploads\/2024\/12\/Wholesale-JNR-Falcon-X-18000-Puffs-Disposable-Vape-13-150x150.jpg 150w, https:\/\/www.vapeswholesaler.com\/wp-content\/uploads\/2024\/12\/Wholesale-JNR-Falcon-X-18000-Puffs-Disposable-Vape-13-768x768.jpg 768w, https:\/\/www.vapeswholesaler.com\/wp-content\/uploads\/2024\/12\/Wholesale-JNR-Falcon-X-18000-Puffs-Disposable-Vape-13-12x12.jpg 12w, https:\/\/www.vapeswholesaler.com\/wp-content\/uploads\/2024\/12\/Wholesale-JNR-Falcon-X-18000-Puffs-Disposable-Vape-13-247x247.jpg 247w, https:\/\/www.vapeswholesaler.com\/wp-content\/uploads\/2024\/12\/Wholesale-JNR-Falcon-X-18000-Puffs-Disposable-Vape-13-510x510.jpg 510w, https:\/\/www.vapeswholesaler.com\/wp-content\/uploads\/2024\/12\/Wholesale-JNR-Falcon-X-18000-Puffs-Disposable-Vape-13-100x100.jpg 100w\" sizes=\"auto, (max-width: 1000px) 100vw, 1000px\" \/><figcaption id=\"caption-attachment-24196\" class=\"wp-caption-text\">Wholesale JNR Falcon X 18000 Puffs Disposable Vape<\/figcaption><\/figure>","protected":false},"excerpt":{"rendered":"<p>Mindestbestellmenge:\u00a0<strong>50 STCK.<\/strong>\u00a0(Geschmacksrichtungen mischen)\u00a0\u00a0<strong>Kostenloser Versand<\/strong><\/p>\n<p>(<strong>2%, 5% Nic<\/strong>)<\/p>","protected":false},"featured_media":21078,"comment_status":"open","ping_status":"closed","template":"","meta":[],"product_cat":[15],"product_tag":[430,431,432],"class_list":{"0":"post-21079","1":"product","2":"type-product","3":"status-publish","4":"has-post-thumbnail","6":"product_cat-disposable-vape","7":"product_tag-jnr-disposable-vapes","8":"product_tag-jnr-vapes","9":"product_tag-jnr-18000-puffs","10":"product_brand-jnr-disposable-vape","12":"first","13":"instock","14":"shipping-taxable","15":"purchasable","16":"product-type-variable","17":"has-default-attributes"},"aioseo_notices":[],"_links":{"self":[{"href":"https:\/\/www.vapeswholesaler.com\/de\/wp-json\/wp\/v2\/product\/21079","targetHints":{"allow":["GET"]}}],"collection":[{"href":"https:\/\/www.vapeswholesaler.com\/de\/wp-json\/wp\/v2\/product"}],"about":[{"href":"https:\/\/www.vapeswholesaler.com\/de\/wp-json\/wp\/v2\/types\/product"}],"replies":[{"embeddable":true,"href":"https:\/\/www.vapeswholesaler.com\/de\/wp-json\/wp\/v2\/comments?post=21079"}],"wp:featuredmedia":[{"embeddable":true,"href":"https:\/\/www.vapeswholesaler.com\/de\/wp-json\/wp\/v2\/media\/21078"}],"wp:attachment":[{"href":"https:\/\/www.vapeswholesaler.com\/de\/wp-json\/wp\/v2\/media?parent=21079"}],"wp:term":[{"taxonomy":"product_cat","embeddable":true,"href":"https:\/\/www.vapeswholesaler.com\/de\/wp-json\/wp\/v2\/product_cat?post=21079"},{"taxonomy":"product_tag","embeddable":true,"href":"https:\/\/www.vapeswholesaler.com\/de\/wp-json\/wp\/v2\/product_tag?post=21079"}],"curies":[{"name":"wp","href":"https:\/\/api.w.org\/{rel}","templated":true}]}}