{"id":20649,"date":"2024-12-01T16:04:04","date_gmt":"2024-12-01T08:04:04","guid":{"rendered":"https:\/\/www.vapeswholesaler.com\/?post_type=product&#038;p=20649"},"modified":"2025-10-11T17:12:40","modified_gmt":"2025-10-11T09:12:40","slug":"groshandel-waspe-fx-30000-puffs-box-wegwerfbare-vape-2","status":"publish","type":"product","link":"https:\/\/www.vapeswholesaler.com\/de\/produkt\/groshandel-waspe-fx-30000-puffs-box-wegwerfbare-vape-2","title":{"rendered":"Gro\u00dfhandel WASPE FX 30000 PUFFS BOX Einweg Vape"},"content":{"rendered":"<p><a href=\"https:\/\/www.vapeswholesaler.com\/de\/produkt_marke\/waspe\/\">WASPE<\/a> FX 30000 PUFFS BOX Disposable Vape, entwickelt f\u00fcr Dampfer, die sich sowohl nach Qualit\u00e4t als auch nach Langlebigkeit sehnen. Dieses innovative Ger\u00e4t liefert beeindruckende 30000 Z\u00fcge im regul\u00e4ren Modus und 15000 Z\u00fcge im Pulsmodus, was ein verl\u00e4ngertes Dampferlebnis ohne h\u00e4ufiges Auswechseln gew\u00e4hrleistet.<\/p>\n<p>Das Produkt mit einer betr\u00e4chtlichen 28ml e-Fl\u00fcssigkeitskapazit\u00e4t bietet flexible Nikotinoptionen von 0%, 2% und 5%, die allen Vorlieben gerecht werden. Sein Dual-Mesh-Spulensystem (1ohm + 1ohm) verbessert die Geschmacksintensit\u00e4t und die Dampfproduktion und sorgt jedes Mal f\u00fcr ein befriedigendes Inhalieren. Der Waspe wird von einem 850mAh-Akku angetrieben, der bequem \u00fcber einen Typ-C-Anschluss f\u00fcr schnelles und effizientes Aufladen geladen wird. Mit dem einstellbaren Luftstrom k\u00f6nnen Sie Ihren Zug ganz einfach an Ihren Verdampfungsstil anpassen. Dar\u00fcber hinaus erm\u00f6glicht die eingebaute LED-Anzeige eine einfache \u00dcberwachung Ihrer Verdampfungsstatistiken, w\u00e4hrend das kompakte Design die Tragbarkeit gew\u00e4hrleistet.<\/p>\n<h2><strong><a href=\"https:\/\/www.facebook.com\/fred.luo.58\/\">WASPE<\/a> FX 30000 PUFFS BOX Einweg Vape Details:<\/strong><\/h2>\n<ul>\n<li>Regul\u00e4r: 30000 Puffs<\/li>\n<li>Puls: 15000 Puffs<\/li>\n<li>Dual Mesh Spule: 1ohm+1ohm<\/li>\n<li>E-Fl\u00fcssigkeit:28ml<\/li>\n<li>Nicotine:0%\/2%\/5%<\/li>\n<li>Akku:850mah<\/li>\n<li>Einstellbarer Luftstrom<\/li>\n<li>Wiederaufladbar:Typ-C<\/li>\n<li>LED-Anzeige<\/li>\n<li>Produktgr\u00f6\u00dfe: 61*31*115mm<\/li>\n<\/ul>\n<h2><strong>Auflistung der Geschm\u00e4cker:<\/strong><\/h2>\n<ol>\n<li>Erdbeer-Mango<\/li>\n<li>Gemischte Beere<\/li>\n<li>Wassermelone Eis<\/li>\n<li>Erdbeere Wassermelone<\/li>\n<li>Erdbeer-Red Bull<\/li>\n<li>Kiwi Passionsfrucht Guave<\/li>\n<li>Traubeneis<\/li>\n<li>Doppeltes Apfel-Eis<\/li>\n<li>Heidelbeere-Himbeere<\/li>\n<li>Wassermelone Mango Pfirsich<\/li>\n<li>Blaubeereis<\/li>\n<li>Pfirsich Beere<\/li>\n<li>Erdbeer-Kiwi<\/li>\n<li>Kirsche Eis<\/li>\n<li>Erdbeere-Himbeere-Kirsche<\/li>\n<li>Wassermelone Bubblegum<\/li>\n<\/ol>\n<h2><strong>Packliste:<\/strong><\/h2>\n<p>1St\u00fcck pro Einzelkarton<br \/>\n10 Stck. pro Mittelkarton<br \/>\nProduktgewicht: 107g\/St\u00fcck<br \/>\nMENGE: 200 St\u00fcck\/Ktn,<br \/>\nGr\u00f6\u00dfe des Kartons: 650*330*240mm<br \/>\nGewicht: 23 kg<\/p>\n<figure id=\"attachment_20651\" aria-describedby=\"caption-attachment-20651\" style=\"width: 800px\" class=\"wp-caption alignnone\"><img loading=\"lazy\" decoding=\"async\" class=\"wp-image-20651 size-full\" title=\"Gro\u00dfhandel WASPE FX 30000 PUFFS BOX Einweg Vape 2\" src=\"https:\/\/www.vapeswholesaler.com\/wp-content\/uploads\/2024\/12\/Wholesale-WASPE-FX-30000-PUFFS-BOX-Disposable-Vape-2.webp\" alt=\"Gro\u00dfhandel WASPE FX 30000 PUFFS BOX Einweg Vape 2\" width=\"800\" height=\"800\" srcset=\"https:\/\/www.vapeswholesaler.com\/wp-content\/uploads\/2024\/12\/Wholesale-WASPE-FX-30000-PUFFS-BOX-Disposable-Vape-2.webp 800w, https:\/\/www.vapeswholesaler.com\/wp-content\/uploads\/2024\/12\/Wholesale-WASPE-FX-30000-PUFFS-BOX-Disposable-Vape-2-300x300.webp 300w, https:\/\/www.vapeswholesaler.com\/wp-content\/uploads\/2024\/12\/Wholesale-WASPE-FX-30000-PUFFS-BOX-Disposable-Vape-2-150x150.webp 150w, https:\/\/www.vapeswholesaler.com\/wp-content\/uploads\/2024\/12\/Wholesale-WASPE-FX-30000-PUFFS-BOX-Disposable-Vape-2-768x768.webp 768w, https:\/\/www.vapeswholesaler.com\/wp-content\/uploads\/2024\/12\/Wholesale-WASPE-FX-30000-PUFFS-BOX-Disposable-Vape-2-12x12.webp 12w, https:\/\/www.vapeswholesaler.com\/wp-content\/uploads\/2024\/12\/Wholesale-WASPE-FX-30000-PUFFS-BOX-Disposable-Vape-2-247x247.webp 247w, https:\/\/www.vapeswholesaler.com\/wp-content\/uploads\/2024\/12\/Wholesale-WASPE-FX-30000-PUFFS-BOX-Disposable-Vape-2-510x510.webp 510w, https:\/\/www.vapeswholesaler.com\/wp-content\/uploads\/2024\/12\/Wholesale-WASPE-FX-30000-PUFFS-BOX-Disposable-Vape-2-100x100.webp 100w\" sizes=\"auto, (max-width: 800px) 100vw, 800px\" \/><figcaption id=\"caption-attachment-20651\" class=\"wp-caption-text\">Gro\u00dfhandel WASPE FX 30000 PUFFS BOX Einweg Vape<\/figcaption><\/figure>\n<figure id=\"attachment_20654\" aria-describedby=\"caption-attachment-20654\" style=\"width: 800px\" class=\"wp-caption alignnone\"><img loading=\"lazy\" decoding=\"async\" class=\"wp-image-20654 size-full\" title=\"Gro\u00dfhandel WASPE FX 30000 PUFFS BOX Einweg Vape 5\" src=\"https:\/\/www.vapeswholesaler.com\/wp-content\/uploads\/2024\/12\/Wholesale-WASPE-FX-30000-PUFFS-BOX-Disposable-Vape-5.webp\" alt=\"Gro\u00dfhandel WASPE FX 30000 PUFFS BOX Einweg Vape 5\" width=\"800\" height=\"776\" srcset=\"https:\/\/www.vapeswholesaler.com\/wp-content\/uploads\/2024\/12\/Wholesale-WASPE-FX-30000-PUFFS-BOX-Disposable-Vape-5.webp 800w, https:\/\/www.vapeswholesaler.com\/wp-content\/uploads\/2024\/12\/Wholesale-WASPE-FX-30000-PUFFS-BOX-Disposable-Vape-5-300x291.webp 300w, https:\/\/www.vapeswholesaler.com\/wp-content\/uploads\/2024\/12\/Wholesale-WASPE-FX-30000-PUFFS-BOX-Disposable-Vape-5-768x745.webp 768w, https:\/\/www.vapeswholesaler.com\/wp-content\/uploads\/2024\/12\/Wholesale-WASPE-FX-30000-PUFFS-BOX-Disposable-Vape-5-12x12.webp 12w, https:\/\/www.vapeswholesaler.com\/wp-content\/uploads\/2024\/12\/Wholesale-WASPE-FX-30000-PUFFS-BOX-Disposable-Vape-5-510x495.webp 510w\" sizes=\"auto, (max-width: 800px) 100vw, 800px\" \/><figcaption id=\"caption-attachment-20654\" class=\"wp-caption-text\">Gro\u00dfhandel WASPE FX 30000 PUFFS BOX Einweg Vape<\/figcaption><\/figure>","protected":false},"excerpt":{"rendered":"<p>Mindestbestellmenge:\u00a0<strong>50St\u00fcck <\/strong>(Geschmacksrichtungen mischen)<\/p>\n<p>\uff08 <strong>2%\uff0c5%<\/strong>\uff09<strong>Kostenloser Versand<\/strong><\/p>","protected":false},"featured_media":20650,"comment_status":"open","ping_status":"closed","template":"","meta":[],"product_cat":[15],"product_tag":[374,383],"class_list":{"0":"post-20649","1":"product","2":"type-product","3":"status-publish","4":"has-post-thumbnail","6":"product_cat-disposable-vape","7":"product_tag-30000-puffs","8":"product_tag-waspe","9":"product_brand-waspe","11":"first","12":"outofstock","13":"shipping-taxable","14":"purchasable","15":"product-type-variable","16":"has-default-attributes"},"aioseo_notices":[],"_links":{"self":[{"href":"https:\/\/www.vapeswholesaler.com\/de\/wp-json\/wp\/v2\/product\/20649","targetHints":{"allow":["GET"]}}],"collection":[{"href":"https:\/\/www.vapeswholesaler.com\/de\/wp-json\/wp\/v2\/product"}],"about":[{"href":"https:\/\/www.vapeswholesaler.com\/de\/wp-json\/wp\/v2\/types\/product"}],"replies":[{"embeddable":true,"href":"https:\/\/www.vapeswholesaler.com\/de\/wp-json\/wp\/v2\/comments?post=20649"}],"wp:featuredmedia":[{"embeddable":true,"href":"https:\/\/www.vapeswholesaler.com\/de\/wp-json\/wp\/v2\/media\/20650"}],"wp:attachment":[{"href":"https:\/\/www.vapeswholesaler.com\/de\/wp-json\/wp\/v2\/media?parent=20649"}],"wp:term":[{"taxonomy":"product_cat","embeddable":true,"href":"https:\/\/www.vapeswholesaler.com\/de\/wp-json\/wp\/v2\/product_cat?post=20649"},{"taxonomy":"product_tag","embeddable":true,"href":"https:\/\/www.vapeswholesaler.com\/de\/wp-json\/wp\/v2\/product_tag?post=20649"}],"curies":[{"name":"wp","href":"https:\/\/api.w.org\/{rel}","templated":true}]}}